{"id":20788,"date":"2024-02-05T12:00:48","date_gmt":"2024-02-05T11:00:48","guid":{"rendered":"https:\/\/budapestgaleria.hu\/_\/?page_id=20788"},"modified":"2025-10-14T12:37:27","modified_gmt":"2025-10-14T10:37:27","slug":"gyik","status":"publish","type":"page","link":"https:\/\/budapestgaleria.hu\/_\/muveszcsere-program\/gyik\/","title":{"rendered":"M\u0171v\u00e9szcsere program | GYIK"},"content":{"rendered":"<div class=\"wpb-content-wrapper\"><p>[vc_row css_animation=&#8221;&#8221; row_type=&#8221;row&#8221; use_row_as_full_screen_section=&#8221;no&#8221; type=&#8221;grid&#8221; angled_section=&#8221;no&#8221; text_align=&#8221;left&#8221; background_image_as_pattern=&#8221;without_pattern&#8221; template=&#8221;ism_template_1&#8243; ism_overlock=&#8221;default&#8221; sm_d_text=&#8221;<\/p>\n<h2>This content is locked<\/h2>\n<p>Share This Page To Unlock The Content!&#8221;][vc_column][vc_single_image image=&#8221;20611&#8243; img_size=&#8221;full&#8221; css=&#8221;&#8221; qode_css_animation=&#8221;&#8221;][vc_empty_space height=&#8221;10&#8243;][vc_column_text css=&#8221;&#8221;]<\/p>\n<p>Enteri\u0151r C\u00e9leste Richard Zimmermann: <em>Lost dog united<\/em> c\u00edm\u0171 ki\u00e1ll\u00edt\u00e1s\u00e1r\u00f3l | Fot\u00f3: a m\u0171v\u00e9sz j\u00f3volt\u00e1b\u00f3l<\/p>\n<p>[\/vc_column_text][\/vc_column][\/vc_row][vc_row css_animation=&#8221;&#8221; seperator_indeed_locker=&#8221;&#8221; lk_t=&#8221;ism_template_1&#8243; lk_io=&#8221;default&#8221; lk_dm=&#8221;0&#8243; lk_thm=&#8221;0&#8243; lk_tuo=&#8221;0&#8243; ru_on=&#8221;0&#8243; uhc_on=&#8221;0&#8243; ur_on=&#8221;0&#8243; ref_on=&#8221;0&#8243; row_type=&#8221;row&#8221; use_row_as_full_screen_section=&#8221;no&#8221; type=&#8221;grid&#8221; angled_section=&#8221;no&#8221; text_align=&#8221;left&#8221; background_image_as_pattern=&#8221;without_pattern&#8221;][vc_column][vc_empty_space height=&#8221;45px&#8221;][vc_column_text]<\/p>\n<h1 class=\"cim_1\">Gyakran ism\u00e9telt k\u00e9rd\u00e9sek<\/h1>\n<h1 class=\"alcim\">M\u0171v\u00e9szcsere program<\/h1>\n<p>[\/vc_column_text][vc_empty_space height=&#8221;45px&#8221;][\/vc_column][\/vc_row][vc_row css_animation=&#8221;&#8221; seperator_indeed_locker=&#8221;&#8221; lk_t=&#8221;ism_template_1&#8243; lk_io=&#8221;default&#8221; lk_dm=&#8221;0&#8243; lk_thm=&#8221;0&#8243; lk_tuo=&#8221;0&#8243; ru_on=&#8221;0&#8243; uhc_on=&#8221;0&#8243; ur_on=&#8221;0&#8243; ref_on=&#8221;0&#8243; row_type=&#8221;row&#8221; use_row_as_full_screen_section=&#8221;no&#8221; type=&#8221;grid&#8221; angled_section=&#8221;no&#8221; text_align=&#8221;left&#8221; background_image_as_pattern=&#8221;without_pattern&#8221;][vc_column][vc_column_text]<strong>Kik p\u00e1ly\u00e1zhatnak?<\/strong><br \/>\nA Budapest Gal\u00e9ria \u00e1ltal m\u0171v\u00e9szcsere program p\u00e1ly\u00e1zat vagy p\u00f3tp\u00e1ly\u00e1zat Budapesten \u00e9l\u0151 \u00e9s alkot\u00f3 k\u00e9pz\u0151m\u0171v\u00e9szeknek, bizonyos, a p\u00e1ly\u00e1zatban felt\u00fcntetett helysz\u00ednek eset\u00e9ben kur\u00e1toroknak sz\u00f3l.<\/p>\n<p><strong>Van p\u00e1ly\u00e1z\u00e1si d\u00edj? <\/strong><br \/>\nNincs.<\/p>\n<p><strong>Egyszer m\u00e1r elnyertem a Budapest Gal\u00e9ria m\u0171v\u00e9szcsere programj\u00e1t. P\u00e1ly\u00e1zhatok ism\u00e9t?<\/strong><br \/>\nIgen, egy m\u0171v\u00e9sz maximum k\u00e9tszer utazhat a Budapest Gal\u00e9ria m\u0171v\u00e9szcsere programj\u00e1nak keret\u00e9ben, \u00e9s a k\u00e9t \u00fat k\u00f6z\u00f6tt h\u00e1rom \u00e9vnek kell eltelnie. Ha ezeknek a felt\u00e9teleknek megfelelsz, jelentkezz b\u00e1tran!<\/p>\n<p><strong>Csal\u00e1dos\/kisgyerekes m\u0171v\u00e9szek is jelentkezhetnek? <\/strong><br \/>\nBizonyos partnereinkn\u00e9l van lehet\u0151s\u00e9g kisgyerekek, csal\u00e1dok, h\u00e1zi\u00e1llatok elsz\u00e1ll\u00e1sol\u00e1s\u00e1ra a residency ideje alatt, minden esetben \u00e9rdemes t\u00e1j\u00e9koz\u00f3dni a konkr\u00e9t partnerint\u00e9zm\u00e9nyek honlapj\u00e1n vagy a m\u0171v\u00e9szcsere koordin\u00e1torn\u00e1l.<\/p>\n<p><strong>Budapesti tart\u00f3zkod\u00e1s\u00fa m\u0171v\u00e9szek, kur\u00e1torok jelentkezhetnek, de nincs bejelentett budapesti lakc\u00edmem. Ez probl\u00e9ma? <\/strong><br \/>\nA p\u00e1ly\u00e1zat beny\u00fajt\u00e1sa sor\u00e1n nem sz\u00fcks\u00e9ges igazolni a budapesti bejelentett tart\u00f3zkod\u00e1si helyet, az akt\u00edv budapesti szakmai jelenl\u00e9tet azonban figyelembe veheti a zs\u0171ri az elb\u00edr\u00e1l\u00e1sn\u00e1l.<\/p>\n<p><strong>K\u00e9t helyre is beadom a jelentkez\u00e9semet, mi alapj\u00e1n \u00edrjam meg a motiv\u00e1ci\u00f3s levelemet? <\/strong><br \/>\nMivel a motiv\u00e1ci\u00f3s lev\u00e9l c\u00e9lja, hogy a zs\u0171ri \u2013 \u00e9s shortlist eset\u00e9n k\u00e9s\u0151bb a fogad\u00f3 int\u00e9zm\u00e9ny zs\u0171rije \u2013 l\u00e1ssa, mik a jelentkez\u0151 szem\u00e9lyes \u00e9s m\u0171v\u00e9szi motiv\u00e1ci\u00f3i a residency id\u0151szak\u00e1ra az adott helysz\u00ednen, \u00e9rdemes minden int\u00e9zm\u00e9nyre szabva k\u00fcl\u00f6n motiv\u00e1ci\u00f3s levelet fogalmazni.<\/p>\n<p><strong>Elnyertem a residency-t, de k\u00f6zbej\u00f6tt valami. \u00c9rkezhetek el\u0151bb vagy k\u00e9s\u0151bb, \u00e1ttehetem a residency id\u0151pontj\u00e1t? <\/strong><br \/>\nA residency-k beoszt\u00e1s\u00e1t alapvet\u0151en mindig a fogad\u00f3 int\u00e9zm\u00e9ny v\u00e9gzi, de \u00e9rdemes a k\u00f6vetkez\u0151kkel tervezni a jelentkez\u00e9sn\u00e9l:<br \/>\n\u2013 n\u00e9h\u00e1ny nap rugalmass\u00e1g a legt\u00f6bb residency-n\u00e9l belef\u00e9r, az \u00e9rkez\u00e9sn\u00e9l mindenk\u00e9ppen: ekkor a saj\u00e1t id\u0151db\u0151l veszel el. Ha a t\u00e1voz\u00e1st nem tudj\u00e1k rugalmasan kezelni, az az el\u0151re megtervezett, szoros \u00fctemez\u00e9s miatt lehet.<br \/>\n\u2013 extr\u00e9m esetben \u00e1ttehet\u0151 a residency id\u0151pontja a megbesz\u00e9lthez k\u00e9pest m\u00e1sik h\u00f3napra, \u00e1tcs\u00fasztathat\u00f3 m\u00e1sik \u00e9vre, de err\u0151l k\u00e9rlek, minden esetben inform\u00e1ld a k\u00fcld\u0151 int\u00e9zm\u00e9nyt is.[\/vc_column_text][vc_empty_space height=&#8221;45px&#8221;][\/vc_column][\/vc_row][vc_row css_animation=&#8221;&#8221; row_type=&#8221;row&#8221; use_row_as_full_screen_section=&#8221;no&#8221; type=&#8221;grid&#8221; angled_section=&#8221;no&#8221; text_align=&#8221;left&#8221; background_image_as_pattern=&#8221;without_pattern&#8221; template=&#8221;ism_template_1&#8243; ism_overlock=&#8221;default&#8221; sm_d_text=&#8221;<\/p>\n<h2>This content is locked<\/h2>\n<p>Share This Page To Unlock The Content!&#8221;][vc_column][vc_empty_space height=&#8221;45px&#8221;][\/vc_column][\/vc_row]<\/p>\n<\/div>","protected":false},"excerpt":{"rendered":"<p>[vc_row css_animation=&#8221;&#8221; row_type=&#8221;row&#8221; use_row_as_full_screen_section=&#8221;no&#8221; type=&#8221;grid&#8221; angled_section=&#8221;no&#8221; text_align=&#8221;left&#8221; background_image_as_pattern=&#8221;without_pattern&#8221; template=&#8221;ism_template_1&#8243; ism_overlock=&#8221;default&#8221; sm_d_text=&#8221; This content is locked&#8230;<\/p>\n","protected":false},"author":11,"featured_media":0,"parent":20587,"menu_order":0,"comment_status":"closed","ping_status":"closed","template":"full_width.php","meta":{"inline_featured_image":false,"loftloader_pro_show_once":"","loftloader_pro_page_shortcode":"","footnotes":""},"class_list":["post-20788","page","type-page","status-publish","hentry"],"_links":{"self":[{"href":"https:\/\/budapestgaleria.hu\/_\/wp-json\/wp\/v2\/pages\/20788","targetHints":{"allow":["GET"]}}],"collection":[{"href":"https:\/\/budapestgaleria.hu\/_\/wp-json\/wp\/v2\/pages"}],"about":[{"href":"https:\/\/budapestgaleria.hu\/_\/wp-json\/wp\/v2\/types\/page"}],"author":[{"embeddable":true,"href":"https:\/\/budapestgaleria.hu\/_\/wp-json\/wp\/v2\/users\/11"}],"replies":[{"embeddable":true,"href":"https:\/\/budapestgaleria.hu\/_\/wp-json\/wp\/v2\/comments?post=20788"}],"version-history":[{"count":2,"href":"https:\/\/budapestgaleria.hu\/_\/wp-json\/wp\/v2\/pages\/20788\/revisions"}],"predecessor-version":[{"id":24028,"href":"https:\/\/budapestgaleria.hu\/_\/wp-json\/wp\/v2\/pages\/20788\/revisions\/24028"}],"up":[{"embeddable":true,"href":"https:\/\/budapestgaleria.hu\/_\/wp-json\/wp\/v2\/pages\/20587"}],"wp:attachment":[{"href":"https:\/\/budapestgaleria.hu\/_\/wp-json\/wp\/v2\/media?parent=20788"}],"curies":[{"name":"wp","href":"https:\/\/api.w.org\/{rel}","templated":true}]}}