{"id":20839,"date":"2024-02-08T10:48:04","date_gmt":"2024-02-08T09:48:04","guid":{"rendered":"https:\/\/budapestgaleria.hu\/_\/?page_id=20839"},"modified":"2026-02-25T11:45:08","modified_gmt":"2026-02-25T10:45:08","slug":"iskolai-osztalyoknak","status":"publish","type":"page","link":"https:\/\/budapestgaleria.hu\/_\/muzeumpedagogia-budapest-galeria\/iskolai-osztalyoknak\/","title":{"rendered":"M\u00fazeumpedag\u00f3gia | Iskolai oszt\u00e1lyoknak"},"content":{"rendered":"<div class=\"wpb-content-wrapper\"><p>[vc_row css_animation=&#8221;&#8221; row_type=&#8221;row&#8221; use_row_as_full_screen_section=&#8221;no&#8221; type=&#8221;grid&#8221; angled_section=&#8221;no&#8221; text_align=&#8221;left&#8221; background_image_as_pattern=&#8221;without_pattern&#8221; template=&#8221;ism_template_1&#8243; ism_overlock=&#8221;default&#8221; sm_d_text=&#8221;<\/p>\n<h2>This content is locked<\/h2>\n<p>Share This Page To Unlock The Content!&#8221;][vc_column][vc_single_image image=&#8221;21239&#8243; img_size=&#8221;full&#8221; qode_css_animation=&#8221;&#8221;][\/vc_column][\/vc_row][vc_row css_animation=&#8221;&#8221; row_type=&#8221;row&#8221; use_row_as_full_screen_section=&#8221;no&#8221; type=&#8221;grid&#8221; angled_section=&#8221;no&#8221; text_align=&#8221;left&#8221; background_image_as_pattern=&#8221;without_pattern&#8221;][vc_column][vc_empty_space height=&#8221;45px&#8221;][vc_column_text]<\/p>\n<h1 class=\"cim_1\">M\u0171v\u00e9szetpedag\u00f3giai programok a Budapest Gal\u00e9ri\u00e1ban<\/h1>\n<h1 class=\"cim_1\">\u2013 Iskolai oszt\u00e1lyoknak<\/h1>\n<p>[\/vc_column_text][vc_empty_space height=&#8221;45px&#8221;][\/vc_column][\/vc_row][vc_row css_animation=&#8221;&#8221; seperator_indeed_locker=&#8221;&#8221; lk_t=&#8221;ism_template_1&#8243; lk_io=&#8221;default&#8221; lk_dm=&#8221;0&#8243; lk_thm=&#8221;0&#8243; lk_tuo=&#8221;0&#8243; ru_on=&#8221;0&#8243; uhc_on=&#8221;0&#8243; ur_on=&#8221;0&#8243; ref_on=&#8221;0&#8243; row_type=&#8221;row&#8221; use_row_as_full_screen_section=&#8221;no&#8221; type=&#8221;grid&#8221; angled_section=&#8221;no&#8221; text_align=&#8221;left&#8221; background_image_as_pattern=&#8221;without_pattern&#8221;][vc_column][vc_column_text css=&#8221;&#8221;]<\/p>\n<h4><strong>R\u00e9tegek<\/strong><\/h4>\n<p>2026. m\u00e1jus 3-ig l\u00e1that\u00f3 a Budapest Gal\u00e9ri\u00e1ban Nunkovics R\u00f3bert Flottilla \u2013 Jel\u00f6letlen jel\u00f6l\u0151 c\u00edm\u0171 ki\u00e1ll\u00edt\u00e1sa. A ki\u00e1ll\u00edt\u00f3m\u0171v\u00e9sz graffitisk\u00e9nt ment az \u00fajpesti Pet\u0151fi Laktany\u00e1ba, amelynek klubszob\u00e1j\u00e1ban haj\u00f3kat \u00e9s v\u00edzi jeleneteket \u00e1br\u00e1zol\u00f3 pirogr\u00e1fi\u00e1kat tal\u00e1lt. Az 1&#215;1 m\u00e9teres b\u00fatorlapokra k\u00e9sz\u00fclt alkot\u00e1sokat elhozta a pusztul\u00e1sra \u00edt\u00e9lt \u00e9p\u00fcletb\u0151l, hogy megmentse \u00e9s archiv\u00e1lja \u0151ket. A l\u00e1togat\u00f3k a gal\u00e9ri\u00e1ban nemcsak ezeket a k\u00e9peket tekinthetik meg, hanem meghallgathatj\u00e1k a Flottill\u00e1n\u00e1l szolg\u00e1l\u00f3 katon\u00e1k interj\u00fait is, amelyekben szem\u00e9lyes eml\u00e9keikr\u0151l mes\u00e9lnek. A m\u0171v\u00e9szetpedag\u00f3giai programon r\u00e9sztvev\u0151 fiatalok tal\u00e1lkozhatnak \u00e9s besz\u00e9lgethetnek Nunkovics R\u00f3berttel, majd k\u00f6z\u00f6s graffitit is k\u00e9sz\u00edthetnek vele.<\/p>\n<p><strong>Jelentkez\u00e9s \u00e9s tov\u00e1bbi inform\u00e1ci\u00f3<\/strong>: <a href=\"mailto:szabics.agnes@btm.hu\">szabics.agnes@btm.hu<\/a>, +36 20 9899 360<br \/>\n<strong>Aj\u00e1nlott koroszt\u00e1ly<\/strong>: 13-17 \u00e9vesek<br \/>\nBTM Budapest Gal\u00e9ria, 1036 Budapest, Lajos utca 158.<\/p>\n<p><strong>R\u00e9szv\u00e9teli d\u00edj:<\/strong> 1200 Ft\/f\u0151<br \/>\nA III. ker\u00fcleti \u00f3vod\u00e1kb\u00f3l \u00e9s iskol\u00e1kb\u00f3l \u00e9rkez\u0151 csoportoknak a Budapest Gal\u00e9ria m\u00fazeumpedag\u00f3giai foglalkoz\u00e1sai ingyenesek.<\/p>\n<p>&nbsp;<\/p>\n<h4><strong>Az ismeretlen t\u00e1rgy<\/strong><\/h4>\n<p>A Budapest Gal\u00e9ri\u00e1ba \u00e9rkez\u0151 oszt\u00e1lyokkal egy folyami flotta nyom\u00e1ba ered\u00fcnk. A matr\u00f3zok, mik\u00f6zben a tenger fel\u00e9 haj\u00f3znak, k\u00fcl\u00f6n\u00f6s k\u00fcldet\u00e9seket hajtanak v\u00e9gre; els\u00fcllyedt v\u00edzi j\u00e1rm\u0171veket \u00e9s kisebb nagyobb t\u00e1rgyakat emelnek ki a v\u00edz m\u00e9ly\u00e9r\u0151l. A m\u00e1sf\u00e9l \u00f3r\u00e1s m\u0171v\u00e9szetpedag\u00f3giai foglalkoz\u00e1son kider\u00fcl, hogy a haj\u00f3sok kikkel tal\u00e1lkoznak, milyen kalandokba keverednek, \u00e9s mi mindent tal\u00e1lnak a foly\u00f3mederben.<\/p>\n<p><strong>Jelentkez\u00e9s \u00e9s tov\u00e1bbi inform\u00e1ci\u00f3<\/strong>: <a href=\"mailto:szabics.agnes@btm.hu\">szabics.agnes@btm.hu<\/a>, +36 20 9899 360<br \/>\n<strong>Aj\u00e1nlott koroszt\u00e1ly<\/strong>: 9-12 \u00e9vesek<br \/>\nBTM Budapest Gal\u00e9ria, 1036 Budapest, Lajos utca 158.<\/p>\n<p><strong>R\u00e9szv\u00e9teli d\u00edj:<\/strong> 1200 Ft\/f\u0151<br \/>\nA III. ker\u00fcleti \u00f3vod\u00e1kb\u00f3l \u00e9s iskol\u00e1kb\u00f3l \u00e9rkez\u0151 csoportoknak a Budapest Gal\u00e9ria m\u00fazeumpedag\u00f3giai foglalkoz\u00e1sai ingyenesek<\/p>\n<div><\/div>\n<p>[\/vc_column_text][vc_empty_space][\/vc_column][\/vc_row][vc_row css_animation=&#8221;&#8221; row_type=&#8221;row&#8221; use_row_as_full_screen_section=&#8221;no&#8221; type=&#8221;grid&#8221; angled_section=&#8221;no&#8221; text_align=&#8221;left&#8221; background_image_as_pattern=&#8221;without_pattern&#8221; template=&#8221;ism_template_1&#8243; ism_overlock=&#8221;default&#8221; sm_d_text=&#8221;<\/p>\n<h2>This content is locked<\/h2>\n<p>Share This Page To Unlock The Content!&#8221;][vc_column][vc_empty_space height=&#8221;45px&#8221;][\/vc_column][\/vc_row]<\/p>\n<\/div>","protected":false},"excerpt":{"rendered":"<p>[vc_row css_animation=&#8221;&#8221; row_type=&#8221;row&#8221; use_row_as_full_screen_section=&#8221;no&#8221; type=&#8221;grid&#8221; angled_section=&#8221;no&#8221; text_align=&#8221;left&#8221; background_image_as_pattern=&#8221;without_pattern&#8221; template=&#8221;ism_template_1&#8243; ism_overlock=&#8221;default&#8221; sm_d_text=&#8221; This content is locked&#8230;<\/p>\n","protected":false},"author":11,"featured_media":0,"parent":20383,"menu_order":0,"comment_status":"closed","ping_status":"closed","template":"full_width.php","meta":{"inline_featured_image":false,"loftloader_pro_show_once":"","loftloader_pro_page_shortcode":"","footnotes":""},"class_list":["post-20839","page","type-page","status-publish","hentry"],"_links":{"self":[{"href":"https:\/\/budapestgaleria.hu\/_\/wp-json\/wp\/v2\/pages\/20839","targetHints":{"allow":["GET"]}}],"collection":[{"href":"https:\/\/budapestgaleria.hu\/_\/wp-json\/wp\/v2\/pages"}],"about":[{"href":"https:\/\/budapestgaleria.hu\/_\/wp-json\/wp\/v2\/types\/page"}],"author":[{"embeddable":true,"href":"https:\/\/budapestgaleria.hu\/_\/wp-json\/wp\/v2\/users\/11"}],"replies":[{"embeddable":true,"href":"https:\/\/budapestgaleria.hu\/_\/wp-json\/wp\/v2\/comments?post=20839"}],"version-history":[{"count":5,"href":"https:\/\/budapestgaleria.hu\/_\/wp-json\/wp\/v2\/pages\/20839\/revisions"}],"predecessor-version":[{"id":24685,"href":"https:\/\/budapestgaleria.hu\/_\/wp-json\/wp\/v2\/pages\/20839\/revisions\/24685"}],"up":[{"embeddable":true,"href":"https:\/\/budapestgaleria.hu\/_\/wp-json\/wp\/v2\/pages\/20383"}],"wp:attachment":[{"href":"https:\/\/budapestgaleria.hu\/_\/wp-json\/wp\/v2\/media?parent=20839"}],"curies":[{"name":"wp","href":"https:\/\/api.w.org\/{rel}","templated":true}]}}