{"id":20850,"date":"2024-02-08T14:56:39","date_gmt":"2024-02-08T13:56:39","guid":{"rendered":"https:\/\/budapestgaleria.hu\/_\/?page_id=20850"},"modified":"2026-02-25T11:41:20","modified_gmt":"2026-02-25T10:41:20","slug":"gyerekeknek","status":"publish","type":"page","link":"https:\/\/budapestgaleria.hu\/_\/muzeumpedagogia-budapest-galeria\/gyerekeknek\/","title":{"rendered":"M\u00fazeumpedag\u00f3gia | Gyerekeknek"},"content":{"rendered":"<div class=\"wpb-content-wrapper\"><p>[vc_row css_animation=&#8221;&#8221; row_type=&#8221;row&#8221; use_row_as_full_screen_section=&#8221;no&#8221; type=&#8221;grid&#8221; angled_section=&#8221;no&#8221; text_align=&#8221;left&#8221; background_image_as_pattern=&#8221;without_pattern&#8221; template=&#8221;ism_template_1&#8243; ism_overlock=&#8221;default&#8221; sm_d_text=&#8221;<\/p>\n<h2>This content is locked<\/h2>\n<p>Share This Page To Unlock The Content!&#8221;][vc_column][vc_single_image image=&#8221;20855&#8243; img_size=&#8221;full&#8221; qode_css_animation=&#8221;&#8221;][\/vc_column][\/vc_row][vc_row css_animation=&#8221;&#8221; row_type=&#8221;row&#8221; use_row_as_full_screen_section=&#8221;no&#8221; type=&#8221;grid&#8221; angled_section=&#8221;no&#8221; text_align=&#8221;left&#8221; background_image_as_pattern=&#8221;without_pattern&#8221;][vc_column][vc_empty_space height=&#8221;45px&#8221;][vc_column_text]<\/p>\n<h1 class=\"cim_1\">M\u0171v\u00e9szetpedag\u00f3giai programok a Budapest Gal\u00e9ri\u00e1ban<\/h1>\n<h1 class=\"cim_1\">\u2013 Gyerekeknek<\/h1>\n<p>[\/vc_column_text][vc_empty_space height=&#8221;45px&#8221;][\/vc_column][\/vc_row][vc_row css_animation=&#8221;&#8221; seperator_indeed_locker=&#8221;&#8221; lk_t=&#8221;ism_template_1&#8243; lk_io=&#8221;default&#8221; lk_dm=&#8221;0&#8243; lk_thm=&#8221;0&#8243; lk_tuo=&#8221;0&#8243; ru_on=&#8221;0&#8243; uhc_on=&#8221;0&#8243; ur_on=&#8221;0&#8243; ref_on=&#8221;0&#8243; row_type=&#8221;row&#8221; use_row_as_full_screen_section=&#8221;no&#8221; type=&#8221;grid&#8221; angled_section=&#8221;no&#8221; text_align=&#8221;left&#8221; background_image_as_pattern=&#8221;without_pattern&#8221;][vc_column][vc_empty_space][vc_column_text css=&#8221;&#8221;]<\/p>\n<h1 class=\"alcim\">SZEMAFOR \u2013 Szeml\u00e9let Alkot\u00e1s Forma<\/h1>\n<p><strong>K\u00e9pz\u0151m\u0171v\u00e9szeti m\u0171hely gyerekeknek<\/strong><\/p>\n<p>A Budapest Gal\u00e9ria minden ki\u00e1ll\u00edt\u00e1s\u00e1hoz hirdet m\u0171v\u00e9szetpedag\u00f3giai programokat 7-12 \u00e9ves gyerekek sz\u00e1m\u00e1ra. A SZEMAFOR foglalkoz\u00e1sokon az \u00e9ppen aktu\u00e1lis ki\u00e1ll\u00edt\u00e1s megtekint\u00e9se \u00e9s megbesz\u00e9l\u00e9se ut\u00e1n saj\u00e1t alkot\u00e1sokat is l\u00e9trehozhatnak a r\u00e9sztvev\u0151k: festhetnek, rajzolhatnak, mint\u00e1zhatnak vagy k\u00e9sz\u00edthetnek t\u00e9rk\u00e9peket is.<br \/>\nA Flottilla \u2013 Jel\u00f6letlen jel\u00f6l\u0151 \u00e9s a Hints Institute for Public Art c\u00edm\u0171 ki\u00e1ll\u00edt\u00e1son \u00f6t alkalommal szervez\u00fcnk SZEMAFOR foglalkoz\u00e1st:<\/p>\n<p><strong>Az idegen t\u00e1rgy<\/strong><br \/>\n2026. febru\u00e1r 14., szombat 11:00 \u2013 12:30<\/p>\n<p><strong>A j\u00f6v\u0151 v\u00e1ros<\/strong><br \/>\n2026. febru\u00e1r 28., szombat 11:00 \u2013 12:30<\/p>\n<p><strong>Titokt\u00e1sk\u00e1k<\/strong><br \/>\n2026. m\u00e1rcius 14., szombat 11:00 \u2013 12:30<\/p>\n<p><strong>V\u00edzrajz<\/strong><br \/>\n2026. m\u00e1rcius 28., szombat 11:00 \u2013 12:30<\/p>\n<p><strong>Haj\u00f3\u00fat<\/strong><br \/>\n2026. \u00e1prilis 18., szombat 11:00 \u2013 12:30<\/p>\n<p>&nbsp;<\/p>\n<p><strong>Koroszt\u00e1ly:<\/strong> 7-12 \u00e9vesek, max. l\u00e9tsz\u00e1m 10 f\u0151<br \/>\n<strong>R\u00e9szv\u00e9teli d\u00edj:<\/strong> 1200 Ft \/f\u0151<br \/>\nA program a III. ker\u00fcletben lak\u00f3 gyerekek sz\u00e1m\u00e1ra ingyenes.<br \/>\n<strong>Helysz\u00edn:<\/strong> BTM Budapest Gal\u00e9ria (1036 Budapest, Lajos utca 158.)<br \/>\nJelentkez\u00e9s \u00e9s tov\u00e1bbi inform\u00e1ci\u00f3: <a href=\"szabics.agnes@btm.hu\">szabics.agnes@btm.hu<\/a>, +36 20 9899 360[\/vc_column_text][vc_empty_space][\/vc_column][\/vc_row][vc_row css_animation=&#8221;&#8221; row_type=&#8221;row&#8221; use_row_as_full_screen_section=&#8221;no&#8221; type=&#8221;grid&#8221; angled_section=&#8221;no&#8221; text_align=&#8221;left&#8221; background_image_as_pattern=&#8221;without_pattern&#8221; template=&#8221;ism_template_1&#8243; ism_overlock=&#8221;default&#8221; sm_d_text=&#8221;<\/p>\n<h2>This content is locked<\/h2>\n<p>Share This Page To Unlock The Content!&#8221;][vc_column][vc_empty_space height=&#8221;45px&#8221;][\/vc_column][\/vc_row]<\/p>\n<\/div>","protected":false},"excerpt":{"rendered":"<p>[vc_row css_animation=&#8221;&#8221; row_type=&#8221;row&#8221; use_row_as_full_screen_section=&#8221;no&#8221; type=&#8221;grid&#8221; angled_section=&#8221;no&#8221; text_align=&#8221;left&#8221; background_image_as_pattern=&#8221;without_pattern&#8221; template=&#8221;ism_template_1&#8243; ism_overlock=&#8221;default&#8221; sm_d_text=&#8221; This content is locked&#8230;<\/p>\n","protected":false},"author":11,"featured_media":0,"parent":20383,"menu_order":0,"comment_status":"closed","ping_status":"closed","template":"full_width.php","meta":{"inline_featured_image":false,"loftloader_pro_show_once":"","loftloader_pro_page_shortcode":"","footnotes":""},"class_list":["post-20850","page","type-page","status-publish","hentry"],"_links":{"self":[{"href":"https:\/\/budapestgaleria.hu\/_\/wp-json\/wp\/v2\/pages\/20850","targetHints":{"allow":["GET"]}}],"collection":[{"href":"https:\/\/budapestgaleria.hu\/_\/wp-json\/wp\/v2\/pages"}],"about":[{"href":"https:\/\/budapestgaleria.hu\/_\/wp-json\/wp\/v2\/types\/page"}],"author":[{"embeddable":true,"href":"https:\/\/budapestgaleria.hu\/_\/wp-json\/wp\/v2\/users\/11"}],"replies":[{"embeddable":true,"href":"https:\/\/budapestgaleria.hu\/_\/wp-json\/wp\/v2\/comments?post=20850"}],"version-history":[{"count":4,"href":"https:\/\/budapestgaleria.hu\/_\/wp-json\/wp\/v2\/pages\/20850\/revisions"}],"predecessor-version":[{"id":24682,"href":"https:\/\/budapestgaleria.hu\/_\/wp-json\/wp\/v2\/pages\/20850\/revisions\/24682"}],"up":[{"embeddable":true,"href":"https:\/\/budapestgaleria.hu\/_\/wp-json\/wp\/v2\/pages\/20383"}],"wp:attachment":[{"href":"https:\/\/budapestgaleria.hu\/_\/wp-json\/wp\/v2\/media?parent=20850"}],"curies":[{"name":"wp","href":"https:\/\/api.w.org\/{rel}","templated":true}]}}