{"id":20860,"date":"2024-02-08T15:07:08","date_gmt":"2024-02-08T14:07:08","guid":{"rendered":"https:\/\/budapestgaleria.hu\/_\/?page_id=20860"},"modified":"2026-02-25T11:47:11","modified_gmt":"2026-02-25T10:47:11","slug":"ovodai-csoportoknak","status":"publish","type":"page","link":"https:\/\/budapestgaleria.hu\/_\/muzeumpedagogia-budapest-galeria\/ovodai-csoportoknak\/","title":{"rendered":"M\u00fazeumpedag\u00f3gia | \u00d3vodai csoportoknak"},"content":{"rendered":"<div class=\"wpb-content-wrapper\"><p>[vc_row css_animation=&#8221;&#8221; row_type=&#8221;row&#8221; use_row_as_full_screen_section=&#8221;no&#8221; type=&#8221;grid&#8221; angled_section=&#8221;no&#8221; text_align=&#8221;left&#8221; background_image_as_pattern=&#8221;without_pattern&#8221; template=&#8221;ism_template_1&#8243; ism_overlock=&#8221;default&#8221; sm_d_text=&#8221;<\/p>\n<h2>This content is locked<\/h2>\n<p>Share This Page To Unlock The Content!&#8221;][vc_column][vc_single_image image=&#8221;20861&#8243; img_size=&#8221;full&#8221; qode_css_animation=&#8221;&#8221;][\/vc_column][\/vc_row][vc_row css_animation=&#8221;&#8221; row_type=&#8221;row&#8221; use_row_as_full_screen_section=&#8221;no&#8221; type=&#8221;grid&#8221; angled_section=&#8221;no&#8221; text_align=&#8221;left&#8221; background_image_as_pattern=&#8221;without_pattern&#8221;][vc_column][vc_empty_space height=&#8221;45px&#8221;][vc_column_text]<\/p>\n<h1 class=\"cim_1\">M\u0171v\u00e9szetpedag\u00f3giai programok a Budapest Gal\u00e9ri\u00e1ban<\/h1>\n<h1 class=\"cim_1\">\u2013 \u00d3vodai csoportoknak<\/h1>\n<p>[\/vc_column_text][vc_empty_space height=&#8221;45px&#8221;][\/vc_column][\/vc_row][vc_row css_animation=&#8221;&#8221; seperator_indeed_locker=&#8221;&#8221; lk_t=&#8221;ism_template_1&#8243; lk_io=&#8221;default&#8221; lk_dm=&#8221;0&#8243; lk_thm=&#8221;0&#8243; lk_tuo=&#8221;0&#8243; ru_on=&#8221;0&#8243; uhc_on=&#8221;0&#8243; ur_on=&#8221;0&#8243; ref_on=&#8221;0&#8243; row_type=&#8221;row&#8221; use_row_as_full_screen_section=&#8221;no&#8221; type=&#8221;grid&#8221; angled_section=&#8221;no&#8221; text_align=&#8221;left&#8221; background_image_as_pattern=&#8221;without_pattern&#8221;][vc_column][vc_column_text css=&#8221;&#8221;]<\/p>\n<h4>V\u00edz alatti kincsek<\/h4>\n<p>A Budapest Gal\u00e9ri\u00e1ba \u00e9rkez\u0151 \u00f3vod\u00e1sokkal egy hossz\u00fa haj\u00f3\u00fatra indulunk. Mik\u00f6zben v\u00e9gig j\u00e1rjuk Nunkovics R\u00f3bert Flottilla \u2013 Jel\u00f6letlen jel\u00f6l\u0151 c\u00edm\u0171 ki\u00e1ll\u00edt\u00e1s\u00e1t folyami haj\u00f3sok kalandos utaz\u00e1s\u00e1t ismerhetj\u00fck meg. A gyerekek a t\u00f6rt\u00e9netben szerepl\u0151 szem\u00e9lyek, \u00e1llatok, t\u00e1rgyak rajzaival egy v\u00edz alatti vil\u00e1got jelen\u00edthetnek meg, amihez ceruz\u00e1k, tollak, kr\u00e9t\u00e1k \u00e9s sz\u00ednespap\u00edrok \u00e1llnak majd rendelkez\u00e9s\u00fckre.<\/p>\n<p><strong>Aj\u00e1nlott koroszt\u00e1ly<\/strong>: 4-7 \u00e9vesek<br \/>\n<strong>R\u00e9szv\u00e9teli d\u00edj:<\/strong> 1200 Ft\/f\u0151<br \/>\nA III. ker\u00fcleti \u00f3vod\u00e1kb\u00f3l \u00e9s iskol\u00e1kb\u00f3l \u00e9rkez\u0151 csoportoknak a Budapest Gal\u00e9ria m\u00fazeumpedag\u00f3giai foglalkoz\u00e1sai ingyenesek.<br \/>\n<strong>Helysz\u00edn:<\/strong> Budapest Gal\u00e9ria \u2013 1036 Budapest, Lajos utca 158.<br \/>\n<strong>Jelentkez\u00e9s \u00e9s tov\u00e1bbi inform\u00e1ci\u00f3: <\/strong>Szabics \u00c1gnes \u2013 <a href=\"mailto:szabics.agnes@btm.hu\">szabics.agnes@btm.hu<\/a>, +36 20 9899 360<\/p>\n<p>[\/vc_column_text][vc_empty_space][\/vc_column][\/vc_row][vc_row css_animation=&#8221;&#8221; row_type=&#8221;row&#8221; use_row_as_full_screen_section=&#8221;no&#8221; type=&#8221;grid&#8221; angled_section=&#8221;no&#8221; text_align=&#8221;left&#8221; background_image_as_pattern=&#8221;without_pattern&#8221; template=&#8221;ism_template_1&#8243; ism_overlock=&#8221;default&#8221; sm_d_text=&#8221;<\/p>\n<h2>This content is locked<\/h2>\n<p>Share This Page To Unlock The Content!&#8221;][vc_column][vc_empty_space height=&#8221;45px&#8221;][\/vc_column][\/vc_row]<\/p>\n<\/div>","protected":false},"excerpt":{"rendered":"<p>[vc_row css_animation=&#8221;&#8221; row_type=&#8221;row&#8221; use_row_as_full_screen_section=&#8221;no&#8221; type=&#8221;grid&#8221; angled_section=&#8221;no&#8221; text_align=&#8221;left&#8221; background_image_as_pattern=&#8221;without_pattern&#8221; template=&#8221;ism_template_1&#8243; ism_overlock=&#8221;default&#8221; sm_d_text=&#8221; This content is locked&#8230;<\/p>\n","protected":false},"author":11,"featured_media":0,"parent":20383,"menu_order":0,"comment_status":"closed","ping_status":"closed","template":"full_width.php","meta":{"inline_featured_image":false,"loftloader_pro_show_once":"","loftloader_pro_page_shortcode":"","footnotes":""},"class_list":["post-20860","page","type-page","status-publish","hentry"],"_links":{"self":[{"href":"https:\/\/budapestgaleria.hu\/_\/wp-json\/wp\/v2\/pages\/20860","targetHints":{"allow":["GET"]}}],"collection":[{"href":"https:\/\/budapestgaleria.hu\/_\/wp-json\/wp\/v2\/pages"}],"about":[{"href":"https:\/\/budapestgaleria.hu\/_\/wp-json\/wp\/v2\/types\/page"}],"author":[{"embeddable":true,"href":"https:\/\/budapestgaleria.hu\/_\/wp-json\/wp\/v2\/users\/11"}],"replies":[{"embeddable":true,"href":"https:\/\/budapestgaleria.hu\/_\/wp-json\/wp\/v2\/comments?post=20860"}],"version-history":[{"count":3,"href":"https:\/\/budapestgaleria.hu\/_\/wp-json\/wp\/v2\/pages\/20860\/revisions"}],"predecessor-version":[{"id":24687,"href":"https:\/\/budapestgaleria.hu\/_\/wp-json\/wp\/v2\/pages\/20860\/revisions\/24687"}],"up":[{"embeddable":true,"href":"https:\/\/budapestgaleria.hu\/_\/wp-json\/wp\/v2\/pages\/20383"}],"wp:attachment":[{"href":"https:\/\/budapestgaleria.hu\/_\/wp-json\/wp\/v2\/media?parent=20860"}],"curies":[{"name":"wp","href":"https:\/\/api.w.org\/{rel}","templated":true}]}}