{"id":21291,"date":"2024-06-12T15:47:25","date_gmt":"2024-06-12T13:47:25","guid":{"rendered":"https:\/\/budapestgaleria.hu\/_\/?page_id=21291"},"modified":"2025-04-23T14:44:23","modified_gmt":"2025-04-23T12:44:23","slug":"maleficae","status":"publish","type":"page","link":"https:\/\/budapestgaleria.hu\/_\/2024-kiallitasok\/maleficae\/","title":{"rendered":"Maleficae"},"content":{"rendered":"<div class=\"wpb-content-wrapper\"><p>[vc_row css_animation=&#8221;&#8221; seperator_indeed_locker=&#8221;&#8221; lk_t=&#8221;ism_template_1&#8243; lk_io=&#8221;default&#8221; lk_dm=&#8221;0&#8243; lk_thm=&#8221;0&#8243; lk_tuo=&#8221;0&#8243; ru_on=&#8221;0&#8243; uhc_on=&#8221;0&#8243; ur_on=&#8221;0&#8243; ref_on=&#8221;0&#8243; row_type=&#8221;row&#8221; use_row_as_full_screen_section=&#8221;no&#8221; type=&#8221;grid&#8221; angled_section=&#8221;no&#8221; text_align=&#8221;left&#8221; background_image_as_pattern=&#8221;without_pattern&#8221; template=&#8221;ism_template_1&#8243; ism_overlock=&#8221;default&#8221; sm_d_text=&#8221;<\/p>\n<h2>This content is locked<\/h2>\n<p>Share This Page To Unlock The Content!&#8221;][vc_column][vc_single_image image=&#8221;21292&#8243; img_size=&#8221;full&#8221; qode_css_animation=&#8221;&#8221;][\/vc_column][\/vc_row][vc_row css_animation=&#8221;&#8221; row_type=&#8221;row&#8221; use_row_as_full_screen_section=&#8221;no&#8221; type=&#8221;grid&#8221; angled_section=&#8221;no&#8221; text_align=&#8221;left&#8221; background_image_as_pattern=&#8221;without_pattern&#8221;][vc_column][vc_empty_space height=&#8221;45px&#8221;][vc_column_text]<\/p>\n<h1 class=\"cim_1\"><em>Maleficae<\/em><\/h1>\n<h1 class=\"alcim\">A m\u00e1gly\u00e1t\u00f3l az online var\u00e1zsl\u00e1sig<\/h1>\n<p>[\/vc_column_text][vc_empty_space height=&#8221;45px&#8221;][\/vc_column][\/vc_row][vc_row css_animation=&#8221;&#8221; row_type=&#8221;row&#8221; use_row_as_full_screen_section=&#8221;no&#8221; type=&#8221;grid&#8221; angled_section=&#8221;no&#8221; text_align=&#8221;left&#8221; background_image_as_pattern=&#8221;without_pattern&#8221; bgparallax=&#8221;parallax&#8221; contentwidth=&#8221;container&#8221; toppadding=&#8221;40&#8243; bottompadding=&#8221;10&#8243; border=&#8221;on&#8221; css=&#8221;.vc_custom_1420648296958{background-color: #ffffff !important;}&#8221;][vc_column width=&#8221;1\/3&#8243; css=&#8221;.vc_custom_1427029754112{padding-right: 25px !important;}&#8221; el_class=&#8221;full-1&#8243;][vc_column_text]<\/p>\n<p class=\"hely_bpgal\">Budapest Gal\u00e9ria<\/p>\n<p class=\"cim_bpgal\">1036 Budapest, Lajos utca 158.<\/p>\n<p class=\"datum_bpgal\">2024. j\u00fanius 21. \u2013 szeptember 8.<\/p>\n<p>[\/vc_column_text][vc_column_text]<\/p>\n<p class=\"kiemeles_bpgal\">Ki\u00e1ll\u00edt\u00f3 m\u0171v\u00e9szek:<\/p>\n<p class=\"verzal_bpgal\">Borsos L\u0151rinc, Nadine Byrne, Vala T. Foltyn, Gy\u0151ri Andrea \u00c9va, Kortmann J\u00e1ray Katalin &amp; Mendreczky Karina, K. Tak\u00e1cs M\u00e1rton &amp; Kazsim\u00e9r Soma, Shani Leseman, Ana Likar, Chlo\u00e9 Macary-Carney, Ginevra Petrozzi, Lucia Sekerkov\u00e1, Selma Selman, Simon Zsuzsi, Szab\u00f3 N\u00f3ra, Sz\u00e9csi No\u00e9mi, Jana Zatvarnick\u00e1<\/p>\n<p>[\/vc_column_text][vc_column_text]<\/p>\n<p class=\"kiemeles_bpgal\">A ki\u00e1ll\u00edt\u00e1s kur\u00e1torai:<\/p>\n<p class=\"verzal_bpgal\">Gad\u00f3 Fl\u00f3ra, Hermann J\u00falia, Koll\u00e1r Dalma Eszter<\/p>\n<p>[\/vc_column_text][vc_column_text]<\/p>\n<p class=\"kiemeles_bpgal\">Megnyit\u00f3:<\/p>\n<p class=\"datum_bpgal_2\">2024. j\u00fanius 20., (cs\u00fct\u00f6rt\u00f6k) 18:00<\/p>\n<p class=\"kiemeles_bpgal\">Zenei performansz:<\/p>\n<p class=\"verzal_bpgal\">Nyxa<\/p>\n<p>[\/vc_column_text][vc_column_text]<\/p>\n<p class=\"kiemeles_bpgal\">Grafika:<\/p>\n<p class=\"verzal_bpgal\">Imre R\u00e9ka<\/p>\n<p>[\/vc_column_text][vc_empty_space][\/vc_column][vc_column width=&#8221;2\/3&#8243; el_class=&#8221;full-2&#8243;][vc_column_text]Az elm\u00falt \u00e9vek k\u00fcl\u00f6nb\u00f6z\u0151 v\u00e1ls\u00e1ghelyzetei ism\u00e9t sokakat nyitottabb\u00e1 tettek a spiritualit\u00e1s fel\u00e9, az alternat\u00edv hitvil\u00e1gok \u00e9s kult\u00far\u00e1k ugyanis egyre t\u00f6bb embernek jelentenek egyfajta menek\u00fcl\u0151utat a val\u00f3s\u00e1gb\u00f3l, vagy k\u00edn\u00e1lnak megold\u00e1st az \u0151ket k\u00f6r\u00fclvev\u0151 esem\u00e9nyek feldolgoz\u00e1s\u00e1ra. Az Y \u00e9s Z gener\u00e1ci\u00f3 tagjai k\u00f6z\u00f6tt sz\u00e9lesk\u00f6rben elterjedtek a k\u00fcl\u00f6nb\u00f6z\u0151 spiritu\u00e1lis gyakorlatok, a k\u00e1rtyavet\u00e9st\u0151l a krist\u00e1lyok \u00e9s a n\u00f6v\u00e9nyek gy\u00f3gy\u00edt\u00f3 erej\u00e9n \u00e1t az asztrol\u00f3gi\u00e1ig.<\/p>\n<p>Aki ezeknek a jellemz\u0151en n\u0151i gyakorlatoknak a m\u00faltj\u00e1t, t\u00f6rt\u00e9netis\u00e9g\u00e9t kutatja, bizonyosan eljut a boszork\u00e1ny alakj\u00e1hoz. A boszork\u00e1ny mai szemmel n\u00e9zve (a popkult\u00fara sepr\u0171s-s\u00fcveges karakter\u00e9n t\u00fal) a kanoniz\u00e1latlan tud\u00e1soknak, a gy\u00f3gy\u00edt\u00e1s nem int\u00e9zm\u00e9nyes\u00fclt praxisainak k\u00e9pvisel\u0151jek\u00e9nt \u00e9s a feminizmus \u00fatt\u00f6r\u0151 alakjak\u00e9nt jelenik meg, aki nem alkalmazkodott az aktu\u00e1lis t\u00e1rsadalmi norm\u00e1khoz \u00e9s gyakran t\u00e1mogatta saj\u00e1t n\u0151t\u00e1rsait.<\/p>\n<p>A boszork\u00e1nys\u00e1g t\u00f6rt\u00e9net\u00e9nek kutat\u00e1s\u00e1hoz leggazdagabb forr\u00e1snak tal\u00e1n a 15. \u00e9s a 18. sz\u00e1zad k\u00f6z\u00f6tt lezajl\u00f3 boszork\u00e1ny\u00fcld\u00f6z\u00e9seket \u00e9s a boszork\u00e1nyperek dokument\u00e1ci\u00f3it tekinthetj\u00fck, amelyek sz\u00e1mos m\u0171v\u00e9sz munk\u00e1j\u00e1ban felbukkannak \u2013 t\u00f6bbek k\u00f6z\u00f6tt azon alkot\u00f3k eset\u00e9ben, akik a Budapest Gal\u00e9ria m\u0171v\u00e9szcsere programj\u00e1nak keret\u00e9ben \u00e9rkeznek haz\u00e1nkba a r\u00e9gi\u00f3ra jellemz\u0151, hosszan elny\u00fal\u00f3 \u00fcld\u00f6ztet\u00e9sek t\u00f6rt\u00e9net\u00e9t vizsg\u00e1lni.<\/p>\n<p>A Maleficae \u2013 A m\u00e1gly\u00e1t\u00f3l az online var\u00e1zsl\u00e1sig c\u00edm\u0171 ki\u00e1ll\u00edt\u00e1s ez\u00e9rt az \u00fcld\u00f6ztet\u00e9seket, a sz\u00e1mos koholt v\u00e1dat \u00e9s hal\u00e1los \u00edt\u00e9letet feleleven\u00edt\u0151 m\u0171vekkel indul, amelyek bemutatj\u00e1k a term\u00e9szethez k\u00f6t\u0151d\u0151 gy\u00f3gy\u00edt\u00f3 praxisokat \u00e9s a m\u00e1gikus er\u0151vel b\u00edr\u00f3 t\u00e1rgyakat is. Ezt k\u00f6vet\u0151en a n\u0151i spiritu\u00e1lis k\u00f6z\u00f6ss\u00e9gek egyre er\u0151sebb jelenl\u00e9t\u00e9n kereszt\u00fcl, a ki\u00e1ll\u00edt\u00e1s a ma \u00e9l\u0151 boszork\u00e1nyokt\u00f3l a jelenkori okkult gyakorlatokon \u00e1t a szegreg\u00e1lt t\u00e1rsadalmi csoportok spiritu\u00e1lis vil\u00e1g\u00e1ig jut el, kieg\u00e9sz\u00fclve az online teret is \u00e1tsz\u00f6v\u0151 var\u00e1zslattal, valamint a m\u00e1gia \u00e9s a technol\u00f3gia kapcsol\u00f3d\u00e1saival. A ki\u00e1ll\u00edt\u00e1s c\u00edme, amely latinul annyit tesz, \u201cboszork\u00e1nyok\u201d, az alc\u00edmmel kieg\u00e9sz\u00edtve erre a t\u00f6bb sz\u00e1z \u00e9ves t\u00f6rt\u00e9neti \u00edvre utal. [\/vc_column_text][vc_empty_space height=&#8221;45&#8243;][vc_separator type=&#8221;normal&#8221; color=&#8221;#c6c6c6&#8243; up=&#8221;10&#8243; down=&#8221;20&#8243;][vc_single_image image=&#8221;19992&#8243; img_size=&#8221;256&#215;125&#8243; onclick=&#8221;custom_link&#8221; img_link_target=&#8221;_blank&#8221; qode_css_animation=&#8221;&#8221; link=&#8221;http:\/\/www.nka.hu&#8221;][vc_empty_space][vc_single_image image=&#8221;19154&#8243; img_size=&#8221;266&#215;80&#8243; onclick=&#8221;custom_link&#8221; img_link_target=&#8221;_blank&#8221; qode_css_animation=&#8221;&#8221; link=&#8221;https:\/\/www.netherlandsworldwide.nl\/&#8221;][vc_empty_space][vc_separator type=&#8221;normal&#8221; color=&#8221;#c6c6c6&#8243; up=&#8221;10&#8243; down=&#8221;20&#8243;][vc_empty_space height=&#8221;45px&#8221;][vc_single_image image=&#8221;21788&#8243; img_size=&#8221;full&#8221; qode_css_animation=&#8221;&#8221;][vc_empty_space][vc_single_image image=&#8221;21790&#8243; img_size=&#8221;full&#8221; qode_css_animation=&#8221;&#8221;][vc_empty_space][vc_single_image image=&#8221;21792&#8243; img_size=&#8221;full&#8221; qode_css_animation=&#8221;&#8221;][vc_empty_space][vc_single_image image=&#8221;21794&#8243; img_size=&#8221;full&#8221; qode_css_animation=&#8221;&#8221;][vc_empty_space][vc_single_image image=&#8221;21796&#8243; img_size=&#8221;full&#8221; qode_css_animation=&#8221;&#8221;][vc_empty_space][vc_single_image image=&#8221;21798&#8243; img_size=&#8221;full&#8221; qode_css_animation=&#8221;&#8221;][vc_empty_space][vc_single_image image=&#8221;21800&#8243; img_size=&#8221;full&#8221; qode_css_animation=&#8221;&#8221;][vc_empty_space][vc_single_image image=&#8221;21802&#8243; img_size=&#8221;full&#8221; qode_css_animation=&#8221;&#8221;][vc_empty_space][vc_single_image image=&#8221;21804&#8243; img_size=&#8221;full&#8221; qode_css_animation=&#8221;&#8221;][vc_empty_space][vc_single_image image=&#8221;21806&#8243; img_size=&#8221;full&#8221; qode_css_animation=&#8221;&#8221;][vc_empty_space][vc_single_image image=&#8221;21808&#8243; img_size=&#8221;full&#8221; qode_css_animation=&#8221;&#8221;][vc_empty_space][vc_single_image image=&#8221;21810&#8243; img_size=&#8221;full&#8221; qode_css_animation=&#8221;&#8221;][vc_empty_space][vc_column_text]<\/p>\n<p class=\"kepalairas_cim_jobb\">Fot\u00f3k: Juh\u00e1sz G. Tam\u00e1s<\/p>\n<p>[\/vc_column_text][vc_empty_space][\/vc_column][\/vc_row][vc_row css_animation=&#8221;&#8221; row_type=&#8221;row&#8221; use_row_as_full_screen_section=&#8221;no&#8221; type=&#8221;grid&#8221; angled_section=&#8221;no&#8221; text_align=&#8221;left&#8221; background_image_as_pattern=&#8221;without_pattern&#8221; template=&#8221;ism_template_1&#8243; ism_overlock=&#8221;default&#8221; sm_d_text=&#8221;<\/p>\n<h2>This content is locked<\/h2>\n<p>Share This Page To Unlock The Content!&#8221;][vc_column][vc_empty_space height=&#8221;45px&#8221;][\/vc_column][\/vc_row]<\/p>\n<\/div>","protected":false},"excerpt":{"rendered":"<p>[vc_row css_animation=&#8221;&#8221; seperator_indeed_locker=&#8221;&#8221; lk_t=&#8221;ism_template_1&#8243; lk_io=&#8221;default&#8221; lk_dm=&#8221;0&#8243; lk_thm=&#8221;0&#8243; lk_tuo=&#8221;0&#8243; ru_on=&#8221;0&#8243; uhc_on=&#8221;0&#8243; ur_on=&#8221;0&#8243; ref_on=&#8221;0&#8243; row_type=&#8221;row&#8221; use_row_as_full_screen_section=&#8221;no&#8221; type=&#8221;grid&#8221;&#8230;<\/p>\n","protected":false},"author":11,"featured_media":0,"parent":20748,"menu_order":0,"comment_status":"closed","ping_status":"closed","template":"full_width.php","meta":{"inline_featured_image":false,"loftloader_pro_show_once":"","loftloader_pro_page_shortcode":"","footnotes":""},"class_list":["post-21291","page","type-page","status-publish","hentry"],"_links":{"self":[{"href":"https:\/\/budapestgaleria.hu\/_\/wp-json\/wp\/v2\/pages\/21291","targetHints":{"allow":["GET"]}}],"collection":[{"href":"https:\/\/budapestgaleria.hu\/_\/wp-json\/wp\/v2\/pages"}],"about":[{"href":"https:\/\/budapestgaleria.hu\/_\/wp-json\/wp\/v2\/types\/page"}],"author":[{"embeddable":true,"href":"https:\/\/budapestgaleria.hu\/_\/wp-json\/wp\/v2\/users\/11"}],"replies":[{"embeddable":true,"href":"https:\/\/budapestgaleria.hu\/_\/wp-json\/wp\/v2\/comments?post=21291"}],"version-history":[{"count":0,"href":"https:\/\/budapestgaleria.hu\/_\/wp-json\/wp\/v2\/pages\/21291\/revisions"}],"up":[{"embeddable":true,"href":"https:\/\/budapestgaleria.hu\/_\/wp-json\/wp\/v2\/pages\/20748"}],"wp:attachment":[{"href":"https:\/\/budapestgaleria.hu\/_\/wp-json\/wp\/v2\/media?parent=21291"}],"curies":[{"name":"wp","href":"https:\/\/api.w.org\/{rel}","templated":true}]}}