{"id":21597,"date":"2024-08-22T14:09:17","date_gmt":"2024-08-22T12:09:17","guid":{"rendered":"https:\/\/budapestgaleria.hu\/_\/?page_id=21597"},"modified":"2025-08-02T09:04:01","modified_gmt":"2025-08-02T07:04:01","slug":"salamander-somlo-hurrikan","status":"publish","type":"page","link":"https:\/\/budapestgaleria.hu\/_\/2024-kiallitasok\/salamander-somlo-hurrikan\/","title":{"rendered":"Salamander &#038; Soml\u00f3 | Hurrik\u00e1n"},"content":{"rendered":"<div class=\"wpb-content-wrapper\"><p>[vc_row css_animation=&#8221;&#8221; row_type=&#8221;row&#8221; use_row_as_full_screen_section=&#8221;no&#8221; type=&#8221;grid&#8221; angled_section=&#8221;no&#8221; text_align=&#8221;left&#8221; background_image_as_pattern=&#8221;without_pattern&#8221; template=&#8221;ism_template_1&#8243; ism_overlock=&#8221;default&#8221; sm_d_text=&#8221;<\/p>\n<h2>This content is locked<\/h2>\n<p>Share This Page To Unlock The Content!&#8221;][vc_column][vc_single_image image=&#8221;21669&#8243; img_size=&#8221;full&#8221; qode_css_animation=&#8221;&#8221;][\/vc_column][\/vc_row][vc_row css_animation=&#8221;&#8221; row_type=&#8221;row&#8221; use_row_as_full_screen_section=&#8221;no&#8221; type=&#8221;grid&#8221; angled_section=&#8221;no&#8221; text_align=&#8221;left&#8221; background_image_as_pattern=&#8221;without_pattern&#8221;][vc_column][vc_empty_space height=&#8221;45px&#8221;][vc_column_text]<\/p>\n<h1 class=\"cim_1\"><em>Hurrik\u00e1n<\/em><\/h1>\n<h1 class=\"alcim\">Miriam Salamander \u00e9s Soml\u00f3 D\u00e1vid ki\u00e1ll\u00edt\u00e1sa<\/h1>\n<p>[\/vc_column_text][vc_empty_space height=&#8221;45px&#8221;][\/vc_column][\/vc_row][vc_row css_animation=&#8221;&#8221; row_type=&#8221;row&#8221; use_row_as_full_screen_section=&#8221;no&#8221; type=&#8221;grid&#8221; angled_section=&#8221;no&#8221; text_align=&#8221;left&#8221; background_image_as_pattern=&#8221;without_pattern&#8221; bgparallax=&#8221;parallax&#8221; contentwidth=&#8221;container&#8221; toppadding=&#8221;40&#8243; bottompadding=&#8221;10&#8243; border=&#8221;on&#8221; css=&#8221;.vc_custom_1420648296958{background-color: #ffffff !important;}&#8221;][vc_column width=&#8221;1\/3&#8243; css=&#8221;.vc_custom_1427029754112{padding-right: 25px !important;}&#8221; el_class=&#8221;full-1&#8243;][vc_column_text]<\/p>\n<p class=\"hely_bpgal\">Budapest Gal\u00e9ria<\/p>\n<p class=\"cim_bpgal\">1036 Budapest, Lajos utca 158. (emelet)<\/p>\n<p class=\"datum_bpgal\">2024. szeptember 22. \u2013 november 10.<\/p>\n<p>[\/vc_column_text][vc_column_text]<\/p>\n<p class=\"kiemeles_bpgal\">Kur\u00e1tor:<\/p>\n<p class=\"verzal_bpgal\">Hermann J\u00falia<\/p>\n<p>[\/vc_column_text][vc_column_text]<\/p>\n<p class=\"kiemeles_bpgal\">Grafika:<\/p>\n<p class=\"verzal_bpgal\">Imre R\u00e9ka<\/p>\n<p>[\/vc_column_text][vc_empty_space][\/vc_column][vc_column width=&#8221;2\/3&#8243; el_class=&#8221;full-2&#8243;][vc_column_text]Miriam Salamander \u00e9s Soml\u00f3 D\u00e1vid egy lassan kibontakoz\u00f3 k\u00f6rnyezetbe invit\u00e1lja a k\u00f6z\u00f6ns\u00e9get, ahol t\u00f6bb \u00e9rz\u00e9kszervre hat\u00f3 benyom\u00e1sok fogadj\u00e1k a l\u00e1togat\u00f3kat. A Salamander k\u00e9sz\u00edtette l\u00e9gies pap\u00edrtestek vizu\u00e1lis t\u00e1j\u00e9koz\u00f3d\u00e1si pontokk\u00e9nt lebegnek, m\u00edg Soml\u00f3 ki\u00e1ll\u00edt\u00f3t\u00e9rre szabott hanginstall\u00e1ci\u00f3ja folyamatosan vibr\u00e1l\u00f3 k\u00f6zegk\u00e9nt vezeti a l\u00e1togat\u00f3t a Budapest Gal\u00e9ria fels\u0151 emeleti ter\u00e9ben. A k\u00e9t elemet a strat\u00e9giai pontokon elhelyezett, ventil\u00e1torokb\u00f3l \u00e1raml\u00f3, bizonyos id\u0151k\u00f6z\u00f6nk\u00e9nt ritmikusan pulz\u00e1l\u00f3 leveg\u0151 k\u00f6ti \u00f6ssze. Amellett, hogy a munk\u00e1kat a t\u00e9rben fizikailag is \u00f6sszekapcsolja a l\u00e9gmozg\u00e1s, k\u00fcl\u00f6n-k\u00fcl\u00f6n is meghat\u00e1rozza \u0151ket a leveg\u0151. M\u00edg Salamander v\u00e1szon- \u00e9s abakasz\u00e1lb\u00f3l, valamint f\u00e9mhuzalb\u00f3l k\u00e9sz\u00fclt pap\u00edrt\u00e1rgyai a meleg leveg\u0151ben sz\u00e1radva nyerik el v\u00e9gs\u0151 form\u00e1jukat, addig Soml\u00f3 a l\u00e9g\u00e1raml\u00e1st \u00e9s az ahhoz kapcsol\u00f3d\u00f3 k\u00fcl\u00f6nb\u00f6z\u0151 hangz\u00e1sokat veszi alapul munk\u00e1j\u00e1ban.<\/p>\n<p>A gerjesztett fuvallat a ki\u00e1ll\u00edt\u00e1s \u00e9s a l\u00e1togat\u00f3k <em>hat\u00e1rait<\/em> is megk\u00e9rd\u0151jelezi. A munk\u00e1k egym\u00e1ssal \u00e9s a t\u00e9rrel kialak\u00edtott \u00e9rz\u00e9keny kapcsol\u00f3d\u00e1sa, viszonyrendszere egyszerre vonja be a l\u00e1togat\u00f3kat a t\u00e9rben fizikailag is \u00e9rz\u00e9kelhet\u0151 kapcsolatba, \u00e9s k\u00edv\u00e1n r\u00e1mutatni a ki\u00e1ll\u00edt\u00f3t\u00e9ren k\u00edv\u00fcli, a l\u00e9gmozg\u00e1ssal \u00e9s h\u0151m\u00e9rs\u00e9kletv\u00e1ltoz\u00e1ssal \u00f6sszef\u00fcgg\u0151, egyre aggaszt\u00f3bb t\u00f6rt\u00e9n\u00e9sekre. Ez a lass\u00fa befogad\u00e1st egyszerre ig\u00e9nyl\u0151 \u00e9s k\u00edn\u00e1l\u00f3 ki\u00e1ll\u00edt\u00e1s ugyanakkor a t\u00e1gabb \u00f6sszef\u00fcgg\u00e9sek \u00e9rtelmez\u00e9s\u00e9nek is teret ad. A munk\u00e1k nem k\u00edn\u00e1lnak konkr\u00e9t v\u00e1laszokat a glob\u00e1lis felmeleged\u00e9sre; lehet\u0151s\u00e9get ny\u00fajtanak azonban arra, hogy egy\u00e9ni kapcsol\u00f3d\u00e1si pontokat fel\u00e1ll\u00edtva mindenki \u00e9rz\u00e9kenyebben reag\u00e1lhasson az \u0151t k\u00f6r\u00fclvev\u0151 v\u00e1ltoz\u00e1sokra.<\/p>\n<p>Miriam Salamander 2021-ben a Budapest Gal\u00e9ria \u00e9s a Schafhof &#8211; Europ\u00e4isches Kunstforum Oberbayern m\u0171v\u00e9szcsere programj\u00e1ban vett r\u00e9szt. [\/vc_column_text][vc_empty_space height=&#8221;45&#8243;][vc_separator type=&#8221;normal&#8221; color=&#8221;#c6c6c6&#8243; up=&#8221;10&#8243; down=&#8221;20&#8243;][vc_single_image image=&#8221;19992&#8243; img_size=&#8221;250&#215;120&#8243; onclick=&#8221;custom_link&#8221; img_link_target=&#8221;_blank&#8221; qode_css_animation=&#8221;&#8221; link=&#8221;http:\/\/www.nka.hu&#8221;][vc_empty_space][vc_separator type=&#8221;normal&#8221; color=&#8221;#c6c6c6&#8243; up=&#8221;10&#8243; down=&#8221;20&#8243;][vc_empty_space height=&#8221;45&#8243;][vc_video link=&#8221;https:\/\/youtu.be\/tTOiv8F2wlY?si=ZstU0wncNPka7GXp&#8221; align=&#8221;center&#8221;][vc_empty_space height=&#8221;45&#8243;][vc_single_image image=&#8221;22095&#8243; img_size=&#8221;full&#8221; onclick=&#8221;zoom&#8221; css=&#8221;&#8221; qode_css_animation=&#8221;&#8221;][vc_empty_space][vc_single_image image=&#8221;22097&#8243; img_size=&#8221;full&#8221; onclick=&#8221;link_image&#8221; css=&#8221;&#8221; qode_css_animation=&#8221;&#8221;][vc_empty_space][vc_single_image image=&#8221;22099&#8243; img_size=&#8221;full&#8221; onclick=&#8221;link_image&#8221; css=&#8221;&#8221; qode_css_animation=&#8221;&#8221;][vc_empty_space][vc_single_image image=&#8221;22101&#8243; img_size=&#8221;full&#8221; onclick=&#8221;link_image&#8221; css=&#8221;&#8221; qode_css_animation=&#8221;&#8221;][vc_empty_space][vc_single_image image=&#8221;22103&#8243; img_size=&#8221;full&#8221; onclick=&#8221;link_image&#8221; css=&#8221;&#8221; qode_css_animation=&#8221;&#8221;][vc_empty_space][vc_single_image image=&#8221;22105&#8243; img_size=&#8221;full&#8221; onclick=&#8221;link_image&#8221; css=&#8221;&#8221; qode_css_animation=&#8221;&#8221;][vc_empty_space][vc_single_image image=&#8221;22107&#8243; img_size=&#8221;full&#8221; onclick=&#8221;link_image&#8221; css=&#8221;&#8221; qode_css_animation=&#8221;&#8221;][vc_empty_space][vc_single_image image=&#8221;22109&#8243; img_size=&#8221;full&#8221; onclick=&#8221;link_image&#8221; css=&#8221;&#8221; qode_css_animation=&#8221;&#8221;][vc_empty_space][vc_single_image image=&#8221;22111&#8243; img_size=&#8221;full&#8221; onclick=&#8221;link_image&#8221; css=&#8221;&#8221; qode_css_animation=&#8221;&#8221;][vc_empty_space][vc_single_image image=&#8221;22113&#8243; img_size=&#8221;full&#8221; onclick=&#8221;link_image&#8221; css=&#8221;&#8221; qode_css_animation=&#8221;&#8221;][vc_empty_space][vc_column_text]<\/p>\n<p class=\"kepalairas_cim_jobb\">Fot\u00f3k: Juh\u00e1sz G. Tam\u00e1s<\/p>\n<p>[\/vc_column_text][\/vc_column][\/vc_row][vc_row css_animation=&#8221;&#8221; row_type=&#8221;row&#8221; use_row_as_full_screen_section=&#8221;no&#8221; type=&#8221;grid&#8221; angled_section=&#8221;no&#8221; text_align=&#8221;left&#8221; background_image_as_pattern=&#8221;without_pattern&#8221; template=&#8221;ism_template_1&#8243; ism_overlock=&#8221;default&#8221; sm_d_text=&#8221;<\/p>\n<h2>This content is locked<\/h2>\n<p>Share This Page To Unlock The Content!&#8221;][vc_column][vc_empty_space height=&#8221;45px&#8221;][\/vc_column][\/vc_row]<\/p>\n<\/div>","protected":false},"excerpt":{"rendered":"<p>[vc_row css_animation=&#8221;&#8221; row_type=&#8221;row&#8221; use_row_as_full_screen_section=&#8221;no&#8221; type=&#8221;grid&#8221; angled_section=&#8221;no&#8221; text_align=&#8221;left&#8221; background_image_as_pattern=&#8221;without_pattern&#8221; template=&#8221;ism_template_1&#8243; ism_overlock=&#8221;default&#8221; sm_d_text=&#8221; This content is locked&#8230;<\/p>\n","protected":false},"author":11,"featured_media":0,"parent":20748,"menu_order":0,"comment_status":"closed","ping_status":"closed","template":"full_width.php","meta":{"inline_featured_image":false,"loftloader_pro_show_once":"","loftloader_pro_page_shortcode":"","footnotes":""},"class_list":["post-21597","page","type-page","status-publish","hentry"],"_links":{"self":[{"href":"https:\/\/budapestgaleria.hu\/_\/wp-json\/wp\/v2\/pages\/21597","targetHints":{"allow":["GET"]}}],"collection":[{"href":"https:\/\/budapestgaleria.hu\/_\/wp-json\/wp\/v2\/pages"}],"about":[{"href":"https:\/\/budapestgaleria.hu\/_\/wp-json\/wp\/v2\/types\/page"}],"author":[{"embeddable":true,"href":"https:\/\/budapestgaleria.hu\/_\/wp-json\/wp\/v2\/users\/11"}],"replies":[{"embeddable":true,"href":"https:\/\/budapestgaleria.hu\/_\/wp-json\/wp\/v2\/comments?post=21597"}],"version-history":[{"count":0,"href":"https:\/\/budapestgaleria.hu\/_\/wp-json\/wp\/v2\/pages\/21597\/revisions"}],"up":[{"embeddable":true,"href":"https:\/\/budapestgaleria.hu\/_\/wp-json\/wp\/v2\/pages\/20748"}],"wp:attachment":[{"href":"https:\/\/budapestgaleria.hu\/_\/wp-json\/wp\/v2\/media?parent=21597"}],"curies":[{"name":"wp","href":"https:\/\/api.w.org\/{rel}","templated":true}]}}