{"id":21717,"date":"2024-09-25T12:52:57","date_gmt":"2024-09-25T10:52:57","guid":{"rendered":"https:\/\/budapestgaleria.hu\/_\/?page_id=21717"},"modified":"2025-10-11T09:45:46","modified_gmt":"2025-10-11T07:45:46","slug":"lorant-aniko-minden-szepbol-van","status":"publish","type":"page","link":"https:\/\/budapestgaleria.hu\/_\/2024-kiallitasok\/lorant-aniko-minden-szepbol-van\/","title":{"rendered":"Lor\u00e1nt Anik\u00f3 | Minden sz\u00e9pb\u0151l van"},"content":{"rendered":"<div class=\"wpb-content-wrapper\"><p>[vc_row css_animation=&#8221;&#8221; row_type=&#8221;row&#8221; use_row_as_full_screen_section=&#8221;no&#8221; type=&#8221;grid&#8221; angled_section=&#8221;no&#8221; text_align=&#8221;left&#8221; background_image_as_pattern=&#8221;without_pattern&#8221; template=&#8221;ism_template_1&#8243; ism_overlock=&#8221;default&#8221; sm_d_text=&#8221;<\/p>\n<h2>This content is locked<\/h2>\n<p>Share This Page To Unlock The Content!&#8221;][vc_column][vc_single_image image=&#8221;21931&#8243; img_size=&#8221;full&#8221; qode_css_animation=&#8221;&#8221;][\/vc_column][\/vc_row][vc_row css_animation=&#8221;&#8221; row_type=&#8221;row&#8221; use_row_as_full_screen_section=&#8221;no&#8221; type=&#8221;grid&#8221; angled_section=&#8221;no&#8221; text_align=&#8221;left&#8221; background_image_as_pattern=&#8221;without_pattern&#8221;][vc_column][vc_empty_space height=&#8221;45px&#8221;][vc_column_text]<\/p>\n<h1 class=\"cim_1\"><em>\u201eMinden sz\u00e9pb\u0151l van\u201d<\/em><\/h1>\n<h1 class=\"alcim\">Lor\u00e1nt Anik\u00f3 egy\u00e9ni ki\u00e1ll\u00edt\u00e1sa<\/h1>\n<p>[\/vc_column_text][vc_empty_space height=&#8221;45px&#8221;][\/vc_column][\/vc_row][vc_row css_animation=&#8221;&#8221; row_type=&#8221;row&#8221; use_row_as_full_screen_section=&#8221;no&#8221; type=&#8221;grid&#8221; angled_section=&#8221;no&#8221; text_align=&#8221;left&#8221; background_image_as_pattern=&#8221;without_pattern&#8221; bgparallax=&#8221;parallax&#8221; contentwidth=&#8221;container&#8221; toppadding=&#8221;40&#8243; bottompadding=&#8221;10&#8243; border=&#8221;on&#8221; css=&#8221;.vc_custom_1420648296958{background-color: #ffffff !important;}&#8221;][vc_column width=&#8221;1\/3&#8243; css=&#8221;.vc_custom_1427029754112{padding-right: 25px !important;}&#8221; el_class=&#8221;full-1&#8243;][vc_column_text]<\/p>\n<p class=\"hely_bpgal\">Budapest Gal\u00e9ria<\/p>\n<p class=\"cim_bpgal\">1036 Budapest, Lajos utca 158.<\/p>\n<p class=\"datum_bpgal\">2024. 11. 22. &#8211; 2025. 02. 02.<\/p>\n<p>[\/vc_column_text][vc_column_text]<\/p>\n<p class=\"kiemeles_bpgal\">Kur\u00e1tor:<\/p>\n<p class=\"verzal_bpgal\">P\u00e1ldi L\u00edvia<\/p>\n<p>[\/vc_column_text][vc_column_text]<\/p>\n<p class=\"kiemeles_bpgal\">Koncepci\u00f3:<\/p>\n<p class=\"verzal_bpgal\">Kasz\u00e1s Tam\u00e1s, Krist\u00f3f Kriszti\u00e1n, P\u00e1ldi L\u00edvia<\/p>\n<p class=\"kiemeles_bpgal\">Ki\u00e1ll\u00edt\u00e1si arculat:<\/p>\n<p class=\"verzal_bpgal\">Krist\u00f3f Kriszti\u00e1n<\/p>\n<p class=\"kiemeles_bpgal\">Kur\u00e1tor asszisztens:<\/p>\n<p class=\"verzal_bpgal\">Martincs\u00e1k Kata<\/p>\n<p class=\"kiemeles_bpgal\">Ki\u00e1ll\u00edt\u00e1si essz\u00e9:<\/p>\n<p class=\"verzal_bpgal\">Sz\u0171cs Teri<\/p>\n<p class=\"kiemeles_bpgal\">Szerkeszt\u00e9s:<\/p>\n<p class=\"verzal_bpgal\">P\u00e1ldi L\u00edvia, Lujza Sz\u00e1sz Anna<\/p>\n<p class=\"kiemeles_bpgal\">Angol ford\u00edt\u00e1s, lektor\u00e1l\u00e1s:<\/p>\n<p class=\"verzal_bpgal\">Orb\u00e1n Katalin<\/p>\n<p class=\"kiemeles_bpgal\">Olvas\u00f3szerkeszt\u00e9s:<\/p>\n<p class=\"verzal_bpgal\">Szekeres D\u00f3ra<\/p>\n<p class=\"kiemeles_bpgal\">M\u0171v\u00e9szetpedag\u00f3gia:<\/p>\n<p class=\"verzal_bpgal\">Szabics \u00c1gnes<\/p>\n<p class=\"kiemeles_bpgal\">Install\u00e1ci\u00f3:<\/p>\n<p class=\"verzal_bpgal\">Gyenei P\u00e9ter, Szakszon Imre, Petern\u00e1k Zsigmond<\/p>\n<p class=\"kiemeles_bpgal\">Sajt\u00f3:<\/p>\n<p class=\"verzal_bpgal\">G\u00e1m\u00e1n Zsuzsa<\/p>\n<p>[\/vc_column_text][vc_empty_space][vc_column_text]A ki\u00e1ll\u00edt\u00e1s a Budapest Gal\u00e9ria \u00e9s a Kiscelli M\u00fazeum &#8211; F\u0151v\u00e1rosi K\u00e9pt\u00e1r egy\u00fcttm\u0171k\u00f6d\u00e9s\u00e9ben j\u00f6n l\u00e9tre.[\/vc_column_text][vc_column_text]<\/p>\n<p class=\"kiemeles_bpgal\">Megnyit\u00f3:<\/p>\n<p class=\"datum_bpgal_2\">2024. november 21. 18h<\/p>\n<p class=\"bpgal\">P\u00e1ldi L\u00edvia \u00e9s Kasz\u00e1s Tam\u00e1s t\u00e1rlatvezet\u00e9se 16:30-kor<\/p>\n<p>[\/vc_column_text][vc_empty_space][\/vc_column][vc_column width=&#8221;2\/3&#8243; el_class=&#8221;full-2&#8243;][vc_column_text css=&#8221;&#8221;]<\/p>\n<p style=\"text-align: left;\">Lor\u00e1nt Anik\u00f3 (1977-2020) \u00e9letm\u0171v\u00e9t t\u00f6bb mint negyven v\u00e1ltoz\u00f3 m\u00e9ret\u0171 rajzmappa \u00e9s jegyzetf\u00fczet \u0151rzi. Ezek \u00e1ltal\u00e1ban szorosan egym\u00e1shoz kapcsol\u00f3d\u00f3, egy-egy az alkot\u00f3t foglalkoztat\u00f3 szimb\u00f3lum gazdag kibont\u00e1sai, napl\u00f3szer\u0171 bejegyz\u00e9sek, olvasm\u00e1nyokat elemz\u0151 r\u00f6vid sz\u00f6vegek \u00e9s install\u00e1ci\u00f3khoz k\u00e9sz\u00edtett rajzsorozatok. Anik\u00f3 p\u00e1rhuzamosan dolgozott a fenntarthat\u00f3s\u00e1gra, a l\u00e9tfenntart\u00e1si k\u00e9szs\u00e9gekre, a gazd\u00e1lkod\u00e1s t\u00f6rt\u00e9net\u00e9re, a gy\u0171jt\u00f6get\u00e9sre, a lass\u00fa \u00e9letm\u00f3dra, valamint a nem emberi vil\u00e1ggal val\u00f3 elv\u00e1laszthatatlan kapcsolatra is \u00f6sszpontos\u00edt\u00f3 projektjein. Az \u00e1ltal\u00e1ban vegyes technik\u00e1val k\u00e9sz\u00fclt, olykor haiku-szer\u0171 verseket is tartalmaz\u00f3 rajzokat a kapcsol\u00f3d\u00e1sok gazdag h\u00e1l\u00f3zata k\u00f6ti \u00f6ssze, egym\u00e1sba fon\u00f3d\u00f3 t\u00f6rt\u00e9netmes\u00e9l\u00e9si sz\u00e1lakkal, olvasm\u00e1nyaira, mindennapi k\u00eds\u00e9rleteire, megfigyel\u00e9seire \u00e9s felfedez\u00e9seire val\u00f3 utal\u00e1sokkal.<\/p>\n<p style=\"text-align: left;\">\u00c9let- \u00e9s alkot\u00f3t\u00e1rs\u00e1val, Kasz\u00e1s Tam\u00e1ssal \u00e9s Krist\u00f3f Kriszti\u00e1n k\u00e9pz\u0151m\u0171v\u00e9sszel (akik k\u00f6z\u00f6sen hozt\u00e1k l\u00e9tre a Randomroutines csoportot) arra v\u00e1llalkozunk, hogy a felt\u00e9rk\u00e9pez\u00e9s \u00e9s bemutat\u00e1s mellett egy t\u00e1gabb m\u0171v\u00e9szeti-m\u0171v\u00e9szett\u00f6rt\u00e9neti kontextusba is helyezz\u00fck Anik\u00f3 ezid\u00e1ig kev\u00e9ss\u00e9 ismert, illetve csup\u00e1n kollekt\u00edv keretben megmutatott gondolkod\u00e1s\u00e1t-munk\u00e1ss\u00e1g\u00e1t.<\/p>\n<p style=\"text-align: left;\">Lor\u00e1nt Anik\u00f3 2003-ban v\u00e9gzett a Magyar K\u00e9pz\u0151m\u0171v\u00e9szeti Egyetem Interm\u00e9dia szak\u00e1n. Alkot\u00f3i munk\u00e1j\u00e1nak alapvet\u0151 kereteit a sz\u00fcl\u0151v\u00e9 v\u00e1l\u00e1s tapasztalata, az emberi \u00e9letforma \u00fajragondol\u00e1sa, a kiterjesztett gondoskod\u00e1s \u00e9s fenntarthat\u00f3s\u00e1g k\u00e9rd\u00e9seihez kapcsol\u00f3d\u00f3 vizsg\u00e1latai alkott\u00e1k. Az egy\u00e9ni szinten is k\u00e9pviselt nemn\u00f6veked\u00e9s programj\u00e1t terjesztette ki az \u00f6kol\u00f3gia v\u00e1ls\u00e1g \u00e9s ehhez kapcsol\u00f3d\u00f3an a posztindusztri\u00e1lis t\u00e1rsadalmon k\u00edv\u00fcli l\u00e9tez\u00e9s lehets\u00e9ges kisk\u00f6z\u00f6ss\u00e9gi eszk\u00f6zt\u00e1r\u00e1nak kialak\u00edt\u00e1s\u00e1hoz.<\/p>\n<p>[\/vc_column_text][vc_column_text css=&#8221;&#8221;]<\/p>\n<p class=\"kiemeles_bpgal\">M\u0171t\u00e1rgyk\u00f6lcs\u00f6nz\u0151k:<\/p>\n<p>Alapdemokr\u00e1ci\u00e1\u00e9rt \u00e9s Alapj\u00f6vedelem\u00e9rt Alap\u00edtv\u00e1ny, St. Turba Tam\u00e1s \/ Bal\u00e1zs-D\u00e9nes Gy\u0171jtem\u00e9ny \/ BTM Kiscelli M\u00fazeum &#8211; F\u0151v\u00e1rosi K\u00e9pt\u00e1r, Budapest \/ c3 Alap\u00edtv\u00e1ny \/ Donka Di\u00e1na \/ Fiatal K\u00e9pz\u0151m\u0171v\u00e9szek St\u00fadi\u00f3ja Egyes\u00fclet, Budapest \/ Irok\u00e9z Kort\u00e1rs K\u00e9pz\u0151m\u0171v\u00e9szeti Gy\u0171jtem\u00e9ny \/ Kardos-Nagy Annam\u00e1ria \/ Kasz\u00e1s Tam\u00e1s \u00e9s Lor\u00e1nt Anik\u00f3 gyermekei \/ Kort\u00e1rs M\u0171v\u00e9szeti Int\u00e9zet, Duna\u00fajv\u00e1ros \/ Szent Istv\u00e1n Kir\u00e1ly M\u00fazeum, Sz\u00e9kesfeh\u00e9rv\u00e1r<\/p>\n<p class=\"kiemeles_bpgal\">K\u00fcl\u00f6n k\u00f6sz\u00f6net:<\/p>\n<p>Bal\u00e1zs \u00c1rp\u00e1d, Cs\u00f3ka Edina, D\u00e9nes Andrea, D\u00f3zsa Kamilla, Er\u0151ss Nikolett, Farkas Csaba, G\u00e1l Csaba, Hegyi D\u00f3ra, Honfi Zsolt, Kolesz\u00e1r G\u00e1bor, L\u00e9cfalvy Lilla, M\u0171csarnok &#8211; Budapest, Paksi Endre Lehel, P\u00e1sti Kati, Petern\u00e1k Mikl\u00f3s, Retkes-Kis Antal Farkas, St. Turba Tam\u00e1s, Sz\u00e1sz Anna Lujza, Sz\u00f6r\u00e9nyi Beatrix, V\u00e1g\u00e1ny Judit, Valk\u00f3 Margit, V\u00edgh J\u00e1nos \u00e9s a GABBA GABBA HEY varr\u00f3 workshop r\u00e9sztvev\u0151i: Hegyi D\u00f3ra, Hermann J\u00falia, Kasz\u00e1s Lehel, Kasz\u00e1s Tam\u00e1s, Koll\u00e1r Dalma Eszter, K\u0151v\u00e1ri J\u00falia, Krist\u00f3f Kriszti\u00e1n, L\u00e1z\u00e1r Eszter, Major Alexa, Martincs\u00e1k Kata, Nagy S\u00e1ra Vilma, P\u00e1ldi L\u00edvia, P\u00e1st Kati, Rathmann Juli, Nate Schastnev, Szakszon Imre, Szabics \u00c1gnes, Sz\u00e1sz Anna Lujza, Szikra Ren\u00e1ta, Sz\u0171cs Teri[\/vc_column_text][vc_empty_space height=&#8221;45&#8243;][vc_separator type=&#8221;normal&#8221; color=&#8221;#c6c6c6&#8243; up=&#8221;10&#8243; down=&#8221;20&#8243;][vc_empty_space][vc_single_image image=&#8221;21863&#8243; img_size=&#8221;1775&#215;455&#8243; alignment=&#8221;center&#8221; qode_css_animation=&#8221;&#8221;][vc_empty_space][vc_empty_space][vc_video link=&#8221;https:\/\/youtu.be\/3emuZ6taYPw?si=FV7O2vGU2iJqJCi4&#8243; align=&#8221;center&#8221;][vc_empty_space][vc_single_image image=&#8221;22773&#8243; img_size=&#8221;full&#8221; onclick=&#8221;link_image&#8221; css=&#8221;&#8221; qode_css_animation=&#8221;&#8221;][vc_empty_space][vc_single_image image=&#8221;22775&#8243; img_size=&#8221;full&#8221; qode_css_animation=&#8221;&#8221;][vc_empty_space][vc_single_image image=&#8221;22777&#8243; img_size=&#8221;full&#8221; qode_css_animation=&#8221;&#8221;][vc_empty_space][vc_single_image image=&#8221;22779&#8243; img_size=&#8221;full&#8221; qode_css_animation=&#8221;&#8221;][vc_empty_space][vc_single_image image=&#8221;22781&#8243; img_size=&#8221;full&#8221; qode_css_animation=&#8221;&#8221;][vc_empty_space][vc_single_image image=&#8221;22783&#8243; img_size=&#8221;full&#8221; qode_css_animation=&#8221;&#8221;][vc_empty_space][vc_single_image image=&#8221;22785&#8243; img_size=&#8221;full&#8221; qode_css_animation=&#8221;&#8221;][vc_empty_space][vc_single_image image=&#8221;22787&#8243; img_size=&#8221;full&#8221; qode_css_animation=&#8221;&#8221;][vc_empty_space][vc_single_image image=&#8221;22789&#8243; img_size=&#8221;full&#8221; qode_css_animation=&#8221;&#8221;][vc_empty_space][vc_single_image image=&#8221;22791&#8243; img_size=&#8221;full&#8221; qode_css_animation=&#8221;&#8221;][vc_empty_space][vc_single_image image=&#8221;22793&#8243; img_size=&#8221;full&#8221; qode_css_animation=&#8221;&#8221;][vc_empty_space][vc_single_image image=&#8221;22795&#8243; img_size=&#8221;full&#8221; qode_css_animation=&#8221;&#8221;][vc_empty_space][vc_single_image image=&#8221;22797&#8243; img_size=&#8221;full&#8221; qode_css_animation=&#8221;&#8221;][vc_empty_space][vc_single_image image=&#8221;22799&#8243; img_size=&#8221;full&#8221; qode_css_animation=&#8221;&#8221;][vc_empty_space][vc_single_image image=&#8221;22801&#8243; img_size=&#8221;full&#8221; qode_css_animation=&#8221;&#8221;][vc_empty_space][vc_single_image image=&#8221;22803&#8243; img_size=&#8221;full&#8221; qode_css_animation=&#8221;&#8221;][vc_empty_space][vc_single_image image=&#8221;22805&#8243; img_size=&#8221;full&#8221; qode_css_animation=&#8221;&#8221;][vc_empty_space][vc_single_image image=&#8221;22807&#8243; img_size=&#8221;full&#8221; qode_css_animation=&#8221;&#8221;][vc_empty_space][vc_single_image image=&#8221;22809&#8243; img_size=&#8221;full&#8221; qode_css_animation=&#8221;&#8221;][vc_empty_space][vc_single_image image=&#8221;22811&#8243; img_size=&#8221;full&#8221; qode_css_animation=&#8221;&#8221;][vc_empty_space][vc_single_image image=&#8221;22813&#8243; img_size=&#8221;full&#8221; onclick=&#8221;link_image&#8221; css=&#8221;&#8221; qode_css_animation=&#8221;&#8221;][vc_column_text]<\/p>\n<div class=\"vc_row wpb_row section vc_row-fluid vc_custom_1420648296958 grid_section\">\n<div class=\" section_inner clearfix\">\n<div class=\"section_inner_margin clearfix\">\n<div class=\"full-2 wpb_column vc_column_container vc_col-sm-8\">\n<div class=\"vc_column-inner\">\n<div class=\"wpb_wrapper\">\n<div class=\"wpb_text_column wpb_content_element \">\n<div class=\"wpb_wrapper\">\n<p>Enteri\u0151r fot\u00f3k: Juh\u00e1sz G. Tam\u00e1s<\/p><\/div>\n<\/div>\n<\/div>\n<\/div>\n<\/div>\n<\/div>\n<\/div>\n<\/div>\n<div class=\"vc_row wpb_row section vc_row-fluid grid_section\">\n<div class=\" section_inner clearfix\">\n<div class=\"section_inner_margin clearfix\">\n<div class=\"wpb_column vc_column_container vc_col-sm-12\">\n<div class=\"vc_column-inner\">\n<div class=\"wpb_wrapper\">\n<div class=\"vc_empty_space\"><\/div>\n<\/div>\n<\/div>\n<\/div>\n<\/div>\n<\/div>\n<\/div>\n<p>[\/vc_column_text][\/vc_column][\/vc_row][vc_row css_animation=&#8221;&#8221; row_type=&#8221;row&#8221; use_row_as_full_screen_section=&#8221;no&#8221; type=&#8221;grid&#8221; angled_section=&#8221;no&#8221; text_align=&#8221;left&#8221; background_image_as_pattern=&#8221;without_pattern&#8221; template=&#8221;ism_template_1&#8243; ism_overlock=&#8221;default&#8221; sm_d_text=&#8221;<\/p>\n<h2>This content is locked<\/h2>\n<p>Share This Page To Unlock The Content!&#8221;][vc_column][vc_empty_space height=&#8221;45px&#8221;][\/vc_column][\/vc_row]<\/p>\n<\/div>","protected":false},"excerpt":{"rendered":"<p>[vc_row css_animation=&#8221;&#8221; row_type=&#8221;row&#8221; use_row_as_full_screen_section=&#8221;no&#8221; type=&#8221;grid&#8221; angled_section=&#8221;no&#8221; text_align=&#8221;left&#8221; background_image_as_pattern=&#8221;without_pattern&#8221; template=&#8221;ism_template_1&#8243; ism_overlock=&#8221;default&#8221; sm_d_text=&#8221; This content is locked&#8230;<\/p>\n","protected":false},"author":11,"featured_media":0,"parent":20748,"menu_order":0,"comment_status":"closed","ping_status":"closed","template":"full_width.php","meta":{"inline_featured_image":false,"loftloader_pro_show_once":"","loftloader_pro_page_shortcode":"","footnotes":""},"class_list":["post-21717","page","type-page","status-publish","hentry"],"_links":{"self":[{"href":"https:\/\/budapestgaleria.hu\/_\/wp-json\/wp\/v2\/pages\/21717","targetHints":{"allow":["GET"]}}],"collection":[{"href":"https:\/\/budapestgaleria.hu\/_\/wp-json\/wp\/v2\/pages"}],"about":[{"href":"https:\/\/budapestgaleria.hu\/_\/wp-json\/wp\/v2\/types\/page"}],"author":[{"embeddable":true,"href":"https:\/\/budapestgaleria.hu\/_\/wp-json\/wp\/v2\/users\/11"}],"replies":[{"embeddable":true,"href":"https:\/\/budapestgaleria.hu\/_\/wp-json\/wp\/v2\/comments?post=21717"}],"version-history":[{"count":0,"href":"https:\/\/budapestgaleria.hu\/_\/wp-json\/wp\/v2\/pages\/21717\/revisions"}],"up":[{"embeddable":true,"href":"https:\/\/budapestgaleria.hu\/_\/wp-json\/wp\/v2\/pages\/20748"}],"wp:attachment":[{"href":"https:\/\/budapestgaleria.hu\/_\/wp-json\/wp\/v2\/media?parent=21717"}],"curies":[{"name":"wp","href":"https:\/\/api.w.org\/{rel}","templated":true}]}}