{"id":22251,"date":"2025-01-23T15:15:18","date_gmt":"2025-01-23T14:15:18","guid":{"rendered":"https:\/\/budapestgaleria.hu\/_\/?page_id=22251"},"modified":"2025-10-24T15:59:36","modified_gmt":"2025-10-24T13:59:36","slug":"fusz-matyas-hatarfeszultseg","status":"publish","type":"page","link":"https:\/\/budapestgaleria.hu\/_\/2025-kiallitasok\/fusz-matyas-hatarfeszultseg\/","title":{"rendered":"Fusz M\u00e1ty\u00e1s | Hat\u00e1rfesz\u00fclts\u00e9g"},"content":{"rendered":"<div class=\"wpb-content-wrapper\"><p>[vc_row css_animation=&#8221;&#8221; seperator_indeed_locker=&#8221;&#8221; lk_t=&#8221;ism_template_1&#8243; lk_io=&#8221;default&#8221; lk_dm=&#8221;0&#8243; lk_thm=&#8221;0&#8243; lk_tuo=&#8221;0&#8243; ru_on=&#8221;0&#8243; uhc_on=&#8221;0&#8243; ur_on=&#8221;0&#8243; ref_on=&#8221;0&#8243; row_type=&#8221;row&#8221; use_row_as_full_screen_section=&#8221;no&#8221; type=&#8221;grid&#8221; angled_section=&#8221;no&#8221; text_align=&#8221;left&#8221; background_image_as_pattern=&#8221;without_pattern&#8221; template=&#8221;ism_template_1&#8243; ism_overlock=&#8221;default&#8221; sm_d_text=&#8221;<\/p>\n<h2>This content is locked<\/h2>\n<p>Share This Page To Unlock The Content!&#8221;][vc_column][vc_single_image image=&#8221;22268&#8243; img_size=&#8221;full&#8221; qode_css_animation=&#8221;&#8221;][\/vc_column][\/vc_row][vc_row css_animation=&#8221;&#8221; row_type=&#8221;row&#8221; use_row_as_full_screen_section=&#8221;no&#8221; type=&#8221;grid&#8221; angled_section=&#8221;no&#8221; text_align=&#8221;left&#8221; background_image_as_pattern=&#8221;without_pattern&#8221;][vc_column][vc_empty_space height=&#8221;45px&#8221;][vc_column_text]<\/p>\n<h1 class=\"cim_1\"><em>Hat\u00e1rfesz\u00fclts\u00e9g<\/em><\/h1>\n<h1 class=\"alcim\">Fusz M\u00e1ty\u00e1s ki\u00e1ll\u00edt\u00e1sa<\/h1>\n<p>[\/vc_column_text][vc_empty_space height=&#8221;45px&#8221;][\/vc_column][\/vc_row][vc_row css_animation=&#8221;&#8221; row_type=&#8221;row&#8221; use_row_as_full_screen_section=&#8221;no&#8221; type=&#8221;grid&#8221; angled_section=&#8221;no&#8221; text_align=&#8221;left&#8221; background_image_as_pattern=&#8221;without_pattern&#8221; bgparallax=&#8221;parallax&#8221; contentwidth=&#8221;container&#8221; toppadding=&#8221;40&#8243; bottompadding=&#8221;10&#8243; border=&#8221;on&#8221; css=&#8221;.vc_custom_1420648296958{background-color: #ffffff !important;}&#8221;][vc_column width=&#8221;1\/3&#8243; css=&#8221;.vc_custom_1427029754112{padding-right: 25px !important;}&#8221; el_class=&#8221;full-1&#8243;][vc_column_text]<\/p>\n<p class=\"hely_bpgal\">Budapest Gal\u00e9ria<\/p>\n<p class=\"cim_bpgal\">1036 Budapest, Lajos utca 158. (emelet)<\/p>\n<p class=\"datum_bpgal\">2025. febru\u00e1r 14. \u2013 \u00e1prilis 13.<\/p>\n<p>[\/vc_column_text][vc_column_text]<\/p>\n<p class=\"kiemeles_bpgal\">Kur\u00e1tor:<\/p>\n<p class=\"verzal_bpgal\">Hermann J\u00falia<\/p>\n<p>[\/vc_column_text][vc_column_text]<\/p>\n<p class=\"kiemeles_bpgal\">Kur\u00e1tor asszisztens:<\/p>\n<p class=\"verzal_bpgal\">T\u00f3th Fanni<\/p>\n<p>[\/vc_column_text][vc_column_text]<\/p>\n<p class=\"kiemeles_bpgal\">Grafika:<\/p>\n<p class=\"verzal_bpgal\">Imre R\u00e9ka<\/p>\n<p>[\/vc_column_text][vc_column_text]<\/p>\n<p class=\"kiemeles_bpgal\">Megnyit\u00f3:<\/p>\n<p class=\"datum_bpgal_2\">2025. febru\u00e1r 13. (cs\u00fct\u00f6rt\u00f6k), 18:00<\/p>\n<p class=\"verzal_bpgal\">19:30-t\u00f3l Fusz M\u00e1ty\u00e1s tart t\u00e1rlatvezet\u00e9st<\/p>\n<p class=\"kiemeles_bpgal\">Zenei performansz:<\/p>\n<p class=\"verzal_bpgal\">LAU<\/p>\n<p>[\/vc_column_text][vc_empty_space][\/vc_column][vc_column width=&#8221;2\/3&#8243; el_class=&#8221;full-2&#8243;][vc_column_text]Az <em>\u00e9n<\/em> meghat\u00e1roz\u00e1s\u00e1nak jelent\u0151s r\u00e9sze emberi kapcsolatainkon, k\u00f6z\u00f6ss\u00e9gben val\u00f3 l\u00e9tez\u00e9s\u00fcnk\u00f6n kereszt\u00fcl, m\u00e1sokkal kialak\u00edtott viszonyrendszerekben t\u00f6rt\u00e9nik. A saj\u00e1t hat\u00e1raink fel\u00e1ll\u00edt\u00e1sa \u00e9s az err\u0151l val\u00f3 reflekt\u00edv gondolkod\u00e1s fontos l\u00e9p\u00e9s ahhoz, hogy egyens\u00falyt alak\u00edthassunk ki t\u00e1rsas k\u00f6t\u0151d\u00e9seinkben: ezek hi\u00e1nya gyakran vezet a konfliktusok t\u00e1ptalaj\u00e1t ad\u00f3 f\u00e9lre\u00e9rt\u00e9sekhez vagy hi\u00e1nyos kommunik\u00e1ci\u00f3hoz.<\/p>\n<p>Fusz M\u00e1ty\u00e1s munk\u00e1iban \u00e9vek \u00f3ta foglalkozik az emberi testet k\u00f6r\u00fclvev\u0151 t\u00e9r formai k\u00eds\u00e9rleteivel. <em>Hat\u00e1rfesz\u00fclts\u00e9g<\/em> c\u00edm\u0171 egy\u00e9ni ki\u00e1ll\u00edt\u00e1s\u00e1ban egy \u00faj emberi szervk\u00e9nt vizualiz\u00e1lja a l\u00e1t\u00e1s hat\u00e1r\u00e1t, amit egyben a szem\u00e9lyes t\u00e9r hat\u00e1r\u00e1val, annak kivet\u00fcl\u00e9s\u00e9vel is azonos\u00edt.<br \/>\nA v\u00e1ltozatos anyagokat felsorakoztat\u00f3 \u00e9s kultur\u00e1lis utal\u00e1sokban gazdag ki\u00e1ll\u00edt\u00e1s k\u00e9preg\u00e9ny-, s\u0151t, meseszer\u0171en rajzol fel egy t\u00f6rt\u00e9netet, melynek elej\u00e9n a f\u0151h\u0151s \u00e9s k\u00f6z\u00f6ss\u00e9ge k\u00f6z\u00f6tt egy, a hat\u00e1rok helytelen fel\u00e1ll\u00edt\u00e1s\u00e1b\u00f3l ered\u0151 konfliktus \u2013 fesz\u00fclts\u00e9g \u2013 keletkezik, de k\u00e9s\u0151bb a seg\u00edts\u00e9g elfogad\u00e1s\u00e1val \u00e9s \u00f6nreflexi\u00f3val siker\u00fcl azt feloldani.<br \/>\nFusz a m\u00e1r eml\u00edtett formai megold\u00e1ssal, a l\u00e1t\u00f3hat\u00e1r megjelen\u00edt\u00e9s\u00e9vel nyomat\u00e9kos\u00edtja a szerepl\u0151k k\u00f6zti er\u0151viszonyokat \u00e9s szoci\u00e1lpszichol\u00f3giai kapcsolatokat. A gall\u00e9rszer\u0171 mot\u00edvum miatt szokatlan, groteszk alakokat kelt \u00e9letre, akik mozdulatlans\u00e1gba meredve is mozgalmas \u00e9s mindenki sz\u00e1m\u00e1ra ismer\u0151s mozzanatokat rejt\u0151 t\u00f6rt\u00e9netet h\u00edvnak el\u0151.<\/p>\n<p>A c\u00edm, <em>Hat\u00e1rfesz\u00fclts\u00e9g<\/em>, fizikai m\u00e9r\u00e9sekb\u0151l k\u00f6lcs\u00f6nvett fogalom; az a mechanikai jellemz\u0151, amivel a terhelhet\u0151s\u00e9get fejezik ki, vagyis, hogy mi az a maxim\u00e1lis fesz\u00fclts\u00e9g, amit a terhel\u00e9s v\u00e9gtelen sz\u00e1m\u00fa ism\u00e9tl\u00e9se mellett is elvisel egy adott anyag. A fogalommal p\u00e1rhuzamban a ki\u00e1ll\u00edt\u00e1s is r\u00e1mutat, hogy az ember szem\u00e9lyes hat\u00e1rainak kijel\u00f6l\u00e9s\u00e9vel kit\u0171zheti c\u00e9lul a minim\u00e1lis s\u00e9r\u00fcl\u00e9sre val\u00f3 t\u00f6rekv\u00e9st.<\/p>\n<p>Fusz M\u00e1ty\u00e1s munk\u00e1ss\u00e1g\u00e1ban f\u0151k\u00e9nt szobrok, objektek \u00e9s install\u00e1ci\u00f3k jelennek meg m\u00e9diumk\u00e9nt, melyeken kereszt\u00fcl az ut\u00f3bbi \u00e9vekben az \u00e9szlel\u00e9s szubjekt\u00edv \u00e9s objekt\u00edv hat\u00e1rait vizsg\u00e1lja. A Leopold Bloom K\u00e9pz\u0151m\u0171v\u00e9szeti D\u00edj 2023-as nyertese, a Magyar K\u00e9pz\u0151m\u0171v\u00e9szeti Egyetem adjunktusa.[\/vc_column_text][vc_empty_space height=&#8221;45px&#8221;][vc_single_image image=&#8221;19992&#8243; img_size=&#8221;256&#215;125&#8243; onclick=&#8221;custom_link&#8221; img_link_target=&#8221;_blank&#8221; qode_css_animation=&#8221;&#8221; link=&#8221;http:\/\/www.nka.hu&#8221;][vc_empty_space height=&#8221;45px&#8221;][vc_empty_space height=&#8221;45px&#8221;][vc_separator type=&#8221;normal&#8221; color=&#8221;#c6c6c6&#8243; up=&#8221;10&#8243; down=&#8221;20&#8243;][vc_video link=&#8221;https:\/\/youtu.be\/2RhYfqFMI1E?si=LyLftEzUeiwGtsB2&#8243; align=&#8221;center&#8221;][vc_empty_space height=&#8221;45px&#8221;][vc_single_image image=&#8221;22858&#8243; img_size=&#8221;full&#8221; qode_css_animation=&#8221;&#8221;][vc_empty_space height=&#8221;45px&#8221;][vc_single_image image=&#8221;22860&#8243; img_size=&#8221;full&#8221; qode_css_animation=&#8221;&#8221;][vc_empty_space height=&#8221;45px&#8221;][vc_single_image image=&#8221;22862&#8243; img_size=&#8221;full&#8221; qode_css_animation=&#8221;&#8221;][vc_empty_space height=&#8221;45px&#8221;][vc_single_image image=&#8221;22864&#8243; img_size=&#8221;full&#8221; qode_css_animation=&#8221;&#8221;][vc_empty_space height=&#8221;45px&#8221;][vc_single_image image=&#8221;22866&#8243; img_size=&#8221;full&#8221; qode_css_animation=&#8221;&#8221;][vc_empty_space height=&#8221;45px&#8221;][vc_single_image image=&#8221;22868&#8243; img_size=&#8221;full&#8221; qode_css_animation=&#8221;&#8221;][vc_empty_space height=&#8221;45px&#8221;][vc_single_image image=&#8221;22870&#8243; img_size=&#8221;full&#8221; qode_css_animation=&#8221;&#8221;][vc_empty_space height=&#8221;45px&#8221;][vc_single_image image=&#8221;22872&#8243; img_size=&#8221;full&#8221; qode_css_animation=&#8221;&#8221;][vc_empty_space height=&#8221;45px&#8221;][vc_single_image image=&#8221;22874&#8243; img_size=&#8221;full&#8221; qode_css_animation=&#8221;&#8221;][vc_empty_space height=&#8221;45px&#8221;][vc_single_image image=&#8221;22876&#8243; img_size=&#8221;full&#8221; qode_css_animation=&#8221;&#8221;][vc_empty_space height=&#8221;45px&#8221;][vc_single_image image=&#8221;22878&#8243; img_size=&#8221;full&#8221; qode_css_animation=&#8221;&#8221;][vc_empty_space height=&#8221;45px&#8221;][vc_single_image image=&#8221;22880&#8243; img_size=&#8221;full&#8221; qode_css_animation=&#8221;&#8221;][vc_empty_space height=&#8221;45px&#8221;][vc_single_image image=&#8221;22882&#8243; img_size=&#8221;full&#8221; qode_css_animation=&#8221;&#8221;][vc_empty_space height=&#8221;45px&#8221;][vc_single_image image=&#8221;22884&#8243; img_size=&#8221;full&#8221; qode_css_animation=&#8221;&#8221;][vc_empty_space height=&#8221;45px&#8221;][vc_single_image image=&#8221;22886&#8243; img_size=&#8221;full&#8221; qode_css_animation=&#8221;&#8221;][vc_empty_space height=&#8221;45px&#8221;][vc_single_image image=&#8221;22888&#8243; img_size=&#8221;full&#8221; qode_css_animation=&#8221;&#8221;][vc_empty_space height=&#8221;45px&#8221;][vc_single_image image=&#8221;22890&#8243; img_size=&#8221;full&#8221; qode_css_animation=&#8221;&#8221;][vc_empty_space height=&#8221;45px&#8221;][vc_column_text css=&#8221;&#8221;]<\/p>\n<p class=\"kepalairas_cim_jobb\">Fot\u00f3k: Juh\u00e1sz G. Tam\u00e1s<\/p>\n<p>[\/vc_column_text][\/vc_column][\/vc_row]<\/p>\n<\/div>","protected":false},"excerpt":{"rendered":"<p>[vc_row css_animation=&#8221;&#8221; seperator_indeed_locker=&#8221;&#8221; lk_t=&#8221;ism_template_1&#8243; lk_io=&#8221;default&#8221; lk_dm=&#8221;0&#8243; lk_thm=&#8221;0&#8243; lk_tuo=&#8221;0&#8243; ru_on=&#8221;0&#8243; uhc_on=&#8221;0&#8243; ur_on=&#8221;0&#8243; ref_on=&#8221;0&#8243; row_type=&#8221;row&#8221; use_row_as_full_screen_section=&#8221;no&#8221; type=&#8221;grid&#8221;&#8230;<\/p>\n","protected":false},"author":11,"featured_media":0,"parent":22246,"menu_order":0,"comment_status":"closed","ping_status":"closed","template":"full_width.php","meta":{"inline_featured_image":false,"loftloader_pro_show_once":"","loftloader_pro_page_shortcode":"","footnotes":""},"class_list":["post-22251","page","type-page","status-publish","hentry"],"_links":{"self":[{"href":"https:\/\/budapestgaleria.hu\/_\/wp-json\/wp\/v2\/pages\/22251","targetHints":{"allow":["GET"]}}],"collection":[{"href":"https:\/\/budapestgaleria.hu\/_\/wp-json\/wp\/v2\/pages"}],"about":[{"href":"https:\/\/budapestgaleria.hu\/_\/wp-json\/wp\/v2\/types\/page"}],"author":[{"embeddable":true,"href":"https:\/\/budapestgaleria.hu\/_\/wp-json\/wp\/v2\/users\/11"}],"replies":[{"embeddable":true,"href":"https:\/\/budapestgaleria.hu\/_\/wp-json\/wp\/v2\/comments?post=22251"}],"version-history":[{"count":1,"href":"https:\/\/budapestgaleria.hu\/_\/wp-json\/wp\/v2\/pages\/22251\/revisions"}],"predecessor-version":[{"id":24120,"href":"https:\/\/budapestgaleria.hu\/_\/wp-json\/wp\/v2\/pages\/22251\/revisions\/24120"}],"up":[{"embeddable":true,"href":"https:\/\/budapestgaleria.hu\/_\/wp-json\/wp\/v2\/pages\/22246"}],"wp:attachment":[{"href":"https:\/\/budapestgaleria.hu\/_\/wp-json\/wp\/v2\/media?parent=22251"}],"curies":[{"name":"wp","href":"https:\/\/api.w.org\/{rel}","templated":true}]}}