{"id":22282,"date":"2025-01-29T15:17:17","date_gmt":"2025-01-29T14:17:17","guid":{"rendered":"https:\/\/budapestgaleria.hu\/_\/?page_id=22282"},"modified":"2025-10-24T16:02:04","modified_gmt":"2025-10-24T14:02:04","slug":"gyokerestul-kitepni","status":"publish","type":"page","link":"https:\/\/budapestgaleria.hu\/_\/2025-kiallitasok\/gyokerestul-kitepni\/","title":{"rendered":"Gy\u00f6kerest\u00fcl kit\u00e9pni"},"content":{"rendered":"<div class=\"wpb-content-wrapper\"><p>[vc_row css_animation=&#8221;&#8221; seperator_indeed_locker=&#8221;&#8221; lk_t=&#8221;ism_template_1&#8243; lk_io=&#8221;default&#8221; lk_dm=&#8221;0&#8243; lk_thm=&#8221;0&#8243; lk_tuo=&#8221;0&#8243; ru_on=&#8221;0&#8243; uhc_on=&#8221;0&#8243; ur_on=&#8221;0&#8243; ref_on=&#8221;0&#8243; row_type=&#8221;row&#8221; use_row_as_full_screen_section=&#8221;no&#8221; type=&#8221;grid&#8221; angled_section=&#8221;no&#8221; text_align=&#8221;left&#8221; background_image_as_pattern=&#8221;without_pattern&#8221; template=&#8221;ism_template_1&#8243; ism_overlock=&#8221;default&#8221; sm_d_text=&#8221;<\/p>\n<h2>This content is locked<\/h2>\n<p>Share This Page To Unlock The Content!&#8221;][vc_column][vc_single_image image=&#8221;22368&#8243; img_size=&#8221;full&#8221; qode_css_animation=&#8221;&#8221;][\/vc_column][\/vc_row][vc_row css_animation=&#8221;&#8221; row_type=&#8221;row&#8221; use_row_as_full_screen_section=&#8221;no&#8221; type=&#8221;grid&#8221; angled_section=&#8221;no&#8221; text_align=&#8221;left&#8221; background_image_as_pattern=&#8221;without_pattern&#8221;][vc_column][vc_empty_space height=&#8221;45px&#8221;][vc_column_text]<\/p>\n<h1 class=\"cim_1\"><em>Gy\u00f6kerest\u00fcl kit\u00e9pni<\/em><\/h1>\n<p>[\/vc_column_text][vc_empty_space height=&#8221;45px&#8221;][\/vc_column][\/vc_row][vc_row css_animation=&#8221;&#8221; row_type=&#8221;row&#8221; use_row_as_full_screen_section=&#8221;no&#8221; type=&#8221;grid&#8221; angled_section=&#8221;no&#8221; text_align=&#8221;left&#8221; background_image_as_pattern=&#8221;without_pattern&#8221; bgparallax=&#8221;parallax&#8221; contentwidth=&#8221;container&#8221; toppadding=&#8221;40&#8243; bottompadding=&#8221;10&#8243; border=&#8221;on&#8221; css=&#8221;.vc_custom_1420648296958{background-color: #ffffff !important;}&#8221;][vc_column width=&#8221;1\/3&#8243; css=&#8221;.vc_custom_1427029754112{padding-right: 25px !important;}&#8221; el_class=&#8221;full-1&#8243;][vc_column_text]<\/p>\n<p class=\"hely_bpgal\">Budapest Gal\u00e9ria<\/p>\n<p class=\"cim_bpgal\">1036 Budapest, Lajos utca 158. (f\u00f6ldszint)<\/p>\n<p class=\"datum_bpgal\">2025. febru\u00e1r 14. \u2013 \u00e1prilis 13.<\/p>\n<p>[\/vc_column_text][vc_column_text]<\/p>\n<p class=\"kiemeles_bpgal\">Ki\u00e1ll\u00edt\u00f3 m\u0171v\u00e9szek:<\/p>\n<p class=\"verzal_bpgal\">Pol Esteve Castell\u00f3 &#8211; Gerard Ort\u00edn Castellv\u00ed, Fuzzy Earth, Grinberg Daniella, M\u00e1t\u00e9 D\u00e1niel, S\u00fcveges Rita, Tom\u00e1\u0161 Uhn\u00e1k \u00e9s D\u00e9r Asia &#8211; Kasz\u00e1s Tam\u00e1s &#8211; Asunci\u00f3n Molinos Gordo<\/p>\n<p>[\/vc_column_text][vc_column_text]<\/p>\n<p class=\"kiemeles_bpgal\">Kur\u00e1tor:<\/p>\n<p class=\"verzal_bpgal\">Horv\u00e1th M\u00e1ty\u00e1s<\/p>\n<p>[\/vc_column_text][vc_column_text]<\/p>\n<p class=\"kiemeles_bpgal\">Konzulens:<\/p>\n<p class=\"verzal_bpgal\">L\u00e1z\u00e1r Eszter<\/p>\n<p>[\/vc_column_text][vc_column_text]<\/p>\n<p class=\"kiemeles_bpgal\">Szakmai tan\u00e1csad\u00f3:<\/p>\n<p class=\"verzal_bpgal\">Bruder M\u00e1rton<\/p>\n<p>[\/vc_column_text][vc_column_text]<\/p>\n<p class=\"kiemeles_bpgal\">Koordin\u00e1tor:<\/p>\n<p class=\"verzal_bpgal\">Koll\u00e1r Dalma Eszter<\/p>\n<p>[\/vc_column_text][vc_column_text]<\/p>\n<p class=\"kiemeles_bpgal\">Kur\u00e1tor asszisztens:<\/p>\n<p class=\"verzal_bpgal\">T\u00f3th Fanni<\/p>\n<p>[\/vc_column_text][vc_column_text]<\/p>\n<p class=\"kiemeles_bpgal\">Grafika:<\/p>\n<p class=\"verzal_bpgal\">Visnyai Zolt\u00e1n<\/p>\n<p>[\/vc_column_text][vc_column_text]<\/p>\n<p class=\"kiemeles_bpgal\">Megnyit\u00f3:<\/p>\n<p class=\"datum_bpgal_2\">2025. febru\u00e1r 13. (cs\u00fct\u00f6rt\u00f6k), 18:00<\/p>\n<p class=\"kiemeles_bpgal\">Zenei performansz:<\/p>\n<p class=\"verzal_bpgal\">LAU<\/p>\n<p>[\/vc_column_text][vc_empty_space][\/vc_column][vc_column width=&#8221;2\/3&#8243; el_class=&#8221;full-2&#8243;][vc_column_text]Hossz\u00fa utat tesz meg a k\u0151olaj a f\u00f6ld m\u00e9lyebb k\u0151zetr\u00e9tegeit\u0151l eg\u00e9szen az iparos\u00edtott mez\u0151gazdas\u00e1g termel\u00e9si rendszer\u00e9ig. Ugyanaz a g\u00e9pezet b\u00e1ny\u00e1ssza ki, amely azt\u00e1n \u00e1tutaztatja a f\u00e9l vil\u00e1gon, mik\u00f6zben a foly\u00e9kony nyersolajat \u00fczemanyagg\u00e1, m\u0171tr\u00e1gy\u00e1v\u00e1 \u00e9s rovarirt\u00f3szerr\u00e9 transzform\u00e1lja, hogy az ezek felhaszn\u00e1l\u00e1s\u00e1val megtermelt \u00e9lelmiszerek elad\u00e1s\u00e1n kereszt\u00fcl v\u00e9g\u00fcl felvegye v\u00e9gs\u0151 \u201ehalmaz\u00e1llapot\u00e1t\u201d a profit form\u00e1j\u00e1ban.<\/p>\n<p>A Gy\u00f6kerest\u00fcl kit\u00e9pni c\u00edm\u0171 ki\u00e1ll\u00edt\u00e1s k\u00eds\u00e9rletet tesz arra, hogy t\u00e1rsadalom-, term\u00e9szet- \u00e9s k\u00f6rnyezettudom\u00e1nyos n\u00e9z\u0151pontok vegy\u00edt\u00e9s\u00e9n kereszt\u00fcl \u00e9rz\u00e9keltesse a mez\u0151gazdas\u00e1g komplex termel\u00e9si rendszer\u00e9nek \u00f6sszef\u00fcgg\u00e9seit, a k\u00f6rnyezetre \u00e9s a t\u00e1rsadalomra gyakorolt hat\u00e1sait. A ki\u00e1ll\u00edt\u00f3 m\u0171v\u00e9szek egyr\u00e9szt saj\u00e1t kutat\u00e1saikat \u00e9s szem\u00e9lyes tapasztalataikat, vagy aktivista tev\u00e9kenys\u00e9g\u00fcket a m\u0171vekbe f\u0171zve k\u00f6zvet\u00edtik \u00e9rz\u00e9kletesen, vizu\u00e1lis eszk\u00f6z\u00f6kkel az \u00f6sszetett gazdas\u00e1gi diskurzust. M\u00e1sr\u00e9szt a m\u0171vek k\u00f6z\u00f6tt van olyan alkot\u00e1s is, amely bemutatja az ipari mez\u0151gazdas\u00e1g globaliz\u00e1lt rendszer\u00e9nek egyik lehets\u00e9ges, lok\u00e1lis alternat\u00edv\u00e1j\u00e1t is, az agro\u00f6kol\u00f3giai gazd\u00e1lkod\u00e1sban r\u00e9sztvev\u0151 farmerek bevon\u00e1s\u00e1val, akik a mez\u0151gazdas\u00e1gi termel\u00e9s\u00fcket az \u00f6kol\u00f3giai, t\u00e1rsadalmi \u00e9s gazdas\u00e1gi fenntarthat\u00f3s\u00e1g szempontjai szerint alak\u00edtj\u00e1k. A ki\u00e1ll\u00edt\u00e1s c\u00edme egyr\u00e9szt utal a gazdas\u00e1g \u00e1ltal okozott drasztikus k\u00f6rnyezetpuszt\u00edt\u00e1sra, m\u00e1sr\u00e9szt a m\u0171vekben k\u00f6rvonalaz\u00f3d\u00f3 \u00e9lhetetlen rendszer elleni radik\u00e1lis gesztusra, de ak\u00e1r a termel\u0151k \u00e1ltal v\u00e9gzett k\u00e9tkezi munk\u00e1ra is.<\/p>\n<p>A k\u0151olaj a hetvenes \u00e9vekben \u201esziv\u00e1rgott\u201d be a mez\u0151gadas\u00e1gi termel\u00e9sbe, petr\u00f3leum alap\u00fa m\u0171tr\u00e1gya \u00e9s rovarirt\u00f3szerek form\u00e1j\u00e1ban. Az \u00faj technol\u00f3giai m\u00f3dszer a termel\u00e9kenys\u00e9g cs\u00f6kken\u00e9s\u00e9t k\u00edv\u00e1nta kompenz\u00e1lni az intenz\u00edv monokultur\u00e1lis mez\u0151gazdas\u00e1gban elf\u00e1radt f\u00f6ldeken. A r\u00f6vid t\u00e1von megt\u00e9r\u00fcl\u0151 megold\u00e1s azonban hossz\u00fa t\u00e1von csak tov\u00e1bb n\u00f6velte azt a probl\u00e9m\u00e1t, amelynek orvosl\u00e1s\u00e1ra eredetileg l\u00e9trehozt\u00e1k, mivel az elj\u00e1r\u00e1s csak tov\u00e1bb rontotta a talaj szerkezet\u00e9t \u00e9s min\u0151s\u00e9g\u00e9t. \u00cdgy id\u0151vel t\u00f6bb \u00e9s t\u00f6bb befektetett energia volt sz\u00fcks\u00e9ges az azonos term\u00e9shozam fenntart\u00e1s\u00e1hoz. A k\u0151olaj, amely kor\u00e1bban csak a traktorokat, komb\u00e1jnokat \u00e9s teheraut\u00f3kat hajtotta, ett\u0151l fogva m\u00e1r a f\u00f6ldeket is \u00e9l\u00e9nk\u00edtette, ezzel v\u00e9g\u00e9rv\u00e9nyesen \u00f6sszekapcsolva az ipari mez\u0151gazdas\u00e1got a k\u0151olaj-kitermel\u00e9ssel. Az \u00edgy l\u00e9trej\u00f6v\u0151 petr\u00f3leum alap\u00fa mez\u0151gazdas\u00e1gra jelent\u0151sen kihat a k\u0151olaj t\u0151zsdei \u00e1r\u00e1nak ingadoz\u00e1sa, amely megjelenik az el\u0151\u00e1ll\u00edt\u00e1s \u00e9s a sz\u00e1ll\u00edt\u00e1s k\u00f6lts\u00e9geiben \u00e9s v\u00e9g\u00fcl az \u00e9lelmiszerek egyre n\u00f6vekv\u0151 bolti \u00e1raiban is.<\/p>\n<p>A ki\u00e1ll\u00edt\u00e1son szerepl\u0151 m\u0171vek egy r\u00e9sze az ipari mez\u0151gazdas\u00e1g \u00e1tfog\u00f3 jelens\u00e9geit, a t\u0151ke \u00e9s a technol\u00f3gia \u00f6sszefon\u00f3d\u00e1s\u00e1t helyezik k\u00f6z\u00e9ppontba. A termel\u00e9si, sz\u00e1ll\u00edt\u00e1si folyamatok \u00e9s az ezeket elfed\u0151 marketingstrat\u00e9gi\u00e1k felt\u00e1r\u00e1s\u00e1val r\u00e1vil\u00e1g\u00edtanak arra a gazdas\u00e1gi logik\u00e1ra, amely saj\u00e1t fenntarthatatlan rendszer\u00e9t igyekszik \u00e9letben tartani. A tov\u00e1bbi alkot\u00e1sok kiemelik azokat a k\u00e1ros hat\u00e1sokat is, amelyeket az intenz\u00edv petr\u00f3leum alap\u00fa gazd\u00e1lkod\u00e1s okoz a mez\u0151gazdas\u00e1gi ter\u00fcleteken \u00e9s a k\u00f6rnyezeten. Ugyanakkor bemutat\u00e1sra ker\u00fclnek azok a gazd\u00e1k is, akik f\u00f6ldjeik m\u0171vel\u00e9se sor\u00e1n a term\u00e9szetes \u00f6kosziszt\u00e9m\u00e1k m\u0171k\u00f6d\u00e9s\u00e9re \u00e9s a helyi er\u0151forr\u00e1sokra alapozva termelnek \u00e9lelmiszert. Ezek a termel\u0151k, gyakran komoly kih\u00edv\u00e1sokkal szembes\u00fclve, politikai t\u00e1mogat\u00e1s n\u00e9lk\u00fcl t\u00f6rekednek egy \u00e9lhet\u0151bb gazd\u00e1lkod\u00e1si gyakorlat megval\u00f3s\u00edt\u00e1s\u00e1ra. Ezen p\u00e9ld\u00e1k megismer\u00e9se lehet\u0151s\u00e9get ad arra, hogy \u00fajragondoljuk jelenlegi mez\u0151gazdas\u00e1gi rendszer\u00fcnk m\u0171k\u00f6d\u00e9s\u00e9t \u00e9s saj\u00e1t viszonyunkat hozz\u00e1, k\u00fcl\u00f6n\u00f6s tekintettel annak fenntarthat\u00f3s\u00e1g\u00e1ra \u00e9s a term\u00e9szettel val\u00f3 harmonikusabb egy\u00fcttm\u0171k\u00f6d\u00e9sre.[\/vc_column_text][vc_empty_space height=&#8221;45px&#8221;][vc_column_text]A ki\u00e1ll\u00edt\u00e1s Horv\u00e1th M\u00e1ty\u00e1s, a Magyar K\u00e9pz\u0151m\u0171v\u00e9szeti Egyetem K\u00e9pz\u0151m\u0171v\u00e9szet-elm\u00e9let Tansz\u00e9k hallgat\u00f3j\u00e1nak mesterszakos diplomamunk\u00e1ja.[\/vc_column_text][vc_empty_space height=&#8221;45&#8243;][vc_separator type=&#8221;normal&#8221; color=&#8221;#c6c6c6&#8243; up=&#8221;10&#8243; down=&#8221;20&#8243;][vc_single_image image=&#8221;22283&#8243; img_size=&#8221;118&#215;117&#8243; onclick=&#8221;custom_link&#8221; img_link_target=&#8221;_blank&#8221; qode_css_animation=&#8221;&#8221; link=&#8221;https:\/\/mke.hu\/index.php&#8221;][vc_empty_space][vc_single_image image=&#8221;22290&#8243; img_size=&#8221;105&#215;80&#8243; onclick=&#8221;custom_link&#8221; img_link_target=&#8221;_blank&#8221; qode_css_animation=&#8221;&#8221; link=&#8221;https:\/\/www.mke.hu\/kepzomuveszet_elmelet_tanszek\/index.php&#8221;][vc_empty_space][vc_single_image image=&#8221;22294&#8243; img_size=&#8221;192&#215;62&#8243; onclick=&#8221;custom_link&#8221; img_link_target=&#8221;_blank&#8221; qode_css_animation=&#8221;&#8221; link=&#8221;https:\/\/budapest.czechcentres.cz\/hu\/&#8221;][vc_empty_space height=&#8221;45px&#8221;][vc_empty_space height=&#8221;45px&#8221;][vc_video link=&#8221;https:\/\/youtu.be\/Jy10weCemTk?si=gtMHjYubz6nYN6HP&#8221; align=&#8221;center&#8221;][vc_empty_space height=&#8221;45px&#8221;][vc_single_image image=&#8221;22824&#8243; img_size=&#8221;full&#8221; qode_css_animation=&#8221;&#8221;][vc_empty_space height=&#8221;45px&#8221;][vc_single_image image=&#8221;22827&#8243; img_size=&#8221;full&#8221; qode_css_animation=&#8221;&#8221;][vc_empty_space height=&#8221;45px&#8221;][vc_single_image image=&#8221;22829&#8243; img_size=&#8221;full&#8221; qode_css_animation=&#8221;&#8221;][vc_empty_space height=&#8221;45px&#8221;][vc_single_image image=&#8221;22831&#8243; img_size=&#8221;full&#8221; qode_css_animation=&#8221;&#8221;][vc_empty_space height=&#8221;45px&#8221;][vc_single_image image=&#8221;22833&#8243; img_size=&#8221;full&#8221; qode_css_animation=&#8221;&#8221;][vc_empty_space height=&#8221;45px&#8221;][vc_single_image image=&#8221;22835&#8243; img_size=&#8221;full&#8221; qode_css_animation=&#8221;&#8221;][vc_empty_space height=&#8221;45px&#8221;][vc_single_image image=&#8221;22837&#8243; img_size=&#8221;full&#8221; qode_css_animation=&#8221;&#8221;][vc_empty_space height=&#8221;45px&#8221;][vc_single_image image=&#8221;22839&#8243; img_size=&#8221;full&#8221; qode_css_animation=&#8221;&#8221;][vc_empty_space height=&#8221;45px&#8221;][vc_single_image image=&#8221;22841&#8243; img_size=&#8221;full&#8221; qode_css_animation=&#8221;&#8221;][vc_empty_space height=&#8221;45px&#8221;][vc_single_image image=&#8221;22843&#8243; img_size=&#8221;full&#8221; qode_css_animation=&#8221;&#8221;][vc_empty_space height=&#8221;45px&#8221;][vc_single_image image=&#8221;22845&#8243; img_size=&#8221;full&#8221; qode_css_animation=&#8221;&#8221;][vc_empty_space height=&#8221;45px&#8221;][vc_single_image image=&#8221;22847&#8243; img_size=&#8221;full&#8221; qode_css_animation=&#8221;&#8221;][vc_empty_space height=&#8221;45px&#8221;][vc_column_text css=&#8221;&#8221;]<\/p>\n<p class=\"kepalairas_cim_jobb\">Fot\u00f3k: Juh\u00e1sz G. Tam\u00e1s<\/p>\n<p>[\/vc_column_text][\/vc_column][\/vc_row]<\/p>\n<\/div>","protected":false},"excerpt":{"rendered":"<p>[vc_row css_animation=&#8221;&#8221; seperator_indeed_locker=&#8221;&#8221; lk_t=&#8221;ism_template_1&#8243; lk_io=&#8221;default&#8221; lk_dm=&#8221;0&#8243; lk_thm=&#8221;0&#8243; lk_tuo=&#8221;0&#8243; ru_on=&#8221;0&#8243; uhc_on=&#8221;0&#8243; ur_on=&#8221;0&#8243; ref_on=&#8221;0&#8243; row_type=&#8221;row&#8221; use_row_as_full_screen_section=&#8221;no&#8221; type=&#8221;grid&#8221;&#8230;<\/p>\n","protected":false},"author":11,"featured_media":0,"parent":22246,"menu_order":0,"comment_status":"closed","ping_status":"closed","template":"full_width.php","meta":{"inline_featured_image":false,"loftloader_pro_show_once":"","loftloader_pro_page_shortcode":"","footnotes":""},"class_list":["post-22282","page","type-page","status-publish","hentry"],"_links":{"self":[{"href":"https:\/\/budapestgaleria.hu\/_\/wp-json\/wp\/v2\/pages\/22282","targetHints":{"allow":["GET"]}}],"collection":[{"href":"https:\/\/budapestgaleria.hu\/_\/wp-json\/wp\/v2\/pages"}],"about":[{"href":"https:\/\/budapestgaleria.hu\/_\/wp-json\/wp\/v2\/types\/page"}],"author":[{"embeddable":true,"href":"https:\/\/budapestgaleria.hu\/_\/wp-json\/wp\/v2\/users\/11"}],"replies":[{"embeddable":true,"href":"https:\/\/budapestgaleria.hu\/_\/wp-json\/wp\/v2\/comments?post=22282"}],"version-history":[{"count":1,"href":"https:\/\/budapestgaleria.hu\/_\/wp-json\/wp\/v2\/pages\/22282\/revisions"}],"predecessor-version":[{"id":24125,"href":"https:\/\/budapestgaleria.hu\/_\/wp-json\/wp\/v2\/pages\/22282\/revisions\/24125"}],"up":[{"embeddable":true,"href":"https:\/\/budapestgaleria.hu\/_\/wp-json\/wp\/v2\/pages\/22246"}],"wp:attachment":[{"href":"https:\/\/budapestgaleria.hu\/_\/wp-json\/wp\/v2\/media?parent=22282"}],"curies":[{"name":"wp","href":"https:\/\/api.w.org\/{rel}","templated":true}]}}