{"id":22667,"date":"2025-04-11T15:22:08","date_gmt":"2025-04-11T13:22:08","guid":{"rendered":"https:\/\/budapestgaleria.hu\/_\/?page_id=22667"},"modified":"2026-04-11T12:03:46","modified_gmt":"2026-04-11T10:03:46","slug":"miutan-idegenek-lettunk","status":"publish","type":"page","link":"https:\/\/budapestgaleria.hu\/_\/2025-kiallitasok\/miutan-idegenek-lettunk\/","title":{"rendered":"Miut\u00e1n idegenek lett\u00fcnk &#8211; V\u00e1logat\u00e1s az EKO 9 Trienn\u00e1le anyag\u00e1b\u00f3l"},"content":{"rendered":"<div class=\"wpb-content-wrapper\"><p>[vc_row css_animation=&#8221;&#8221; seperator_indeed_locker=&#8221;&#8221; lk_t=&#8221;ism_template_1&#8243; lk_io=&#8221;default&#8221; lk_dm=&#8221;0&#8243; lk_thm=&#8221;0&#8243; lk_tuo=&#8221;0&#8243; ru_on=&#8221;0&#8243; uhc_on=&#8221;0&#8243; ur_on=&#8221;0&#8243; ref_on=&#8221;0&#8243; row_type=&#8221;row&#8221; use_row_as_full_screen_section=&#8221;no&#8221; type=&#8221;grid&#8221; angled_section=&#8221;no&#8221; text_align=&#8221;left&#8221; background_image_as_pattern=&#8221;without_pattern&#8221; template=&#8221;ism_template_1&#8243; ism_overlock=&#8221;default&#8221; sm_d_text=&#8221;<\/p>\n<h2>This content is locked<\/h2>\n<p>Share This Page To Unlock The Content!&#8221;][vc_column][vc_single_image image=&#8221;22736&#8243; img_size=&#8221;full&#8221; qode_css_animation=&#8221;&#8221;][\/vc_column][\/vc_row][vc_row css_animation=&#8221;&#8221; row_type=&#8221;row&#8221; use_row_as_full_screen_section=&#8221;no&#8221; type=&#8221;grid&#8221; angled_section=&#8221;no&#8221; text_align=&#8221;left&#8221; background_image_as_pattern=&#8221;without_pattern&#8221;][vc_column][vc_empty_space height=&#8221;45px&#8221;][vc_column_text css=&#8221;&#8221;]<\/p>\n<h1 class=\"cim_1\"><em>Miut\u00e1n idegenek lett\u00fcnk<\/em><\/h1>\n<h1 class=\"alcim\"><em>V\u00e1logat\u00e1s az EKO 9 Trienn\u00e1le anyag\u00e1b\u00f3l<\/em><\/h1>\n<p>[\/vc_column_text][vc_empty_space height=&#8221;45px&#8221;][\/vc_column][\/vc_row][vc_row css_animation=&#8221;&#8221; row_type=&#8221;row&#8221; use_row_as_full_screen_section=&#8221;no&#8221; type=&#8221;grid&#8221; angled_section=&#8221;no&#8221; text_align=&#8221;left&#8221; background_image_as_pattern=&#8221;without_pattern&#8221; bgparallax=&#8221;parallax&#8221; contentwidth=&#8221;container&#8221; toppadding=&#8221;40&#8243; bottompadding=&#8221;10&#8243; border=&#8221;on&#8221; css=&#8221;.vc_custom_1420648296958{background-color: #ffffff !important;}&#8221;][vc_column width=&#8221;1\/3&#8243; css=&#8221;.vc_custom_1427029754112{padding-right: 25px !important;}&#8221; el_class=&#8221;full-1&#8243;][vc_column_text]<\/p>\n<p class=\"hely_bpgal\">Budapest Gal\u00e9ria<\/p>\n<p class=\"cim_bpgal\">1036 Budapest, Lajos utca 158.<\/p>\n<p class=\"datum_bpgal\">2025. \u00e1prilis 30. &#8211; j\u00falius 6.<\/p>\n<p>[\/vc_column_text][vc_column_text]<\/p>\n<p class=\"kiemeles_bpgal\">Ki\u00e1ll\u00edt\u00f3 m\u0171v\u00e9szek:<\/p>\n<p class=\"verzal_bpgal\">Ana \u010cavi\u0107, Ines Doujak, Mila Pani\u0107, Ana Pe\u010dar, Trapp Dominika, Ulbert \u00c1d\u00e1m<\/p>\n<p>[\/vc_column_text][vc_column_text]<\/p>\n<p class=\"kiemeles_bpgal\">A ki\u00e1ll\u00edt\u00e1s kur\u00e1torai:<\/p>\n<p class=\"verzal_bpgal\">Er\u0151ss Nikolett, Sz\u00e1sz Anna Lujza, T\u00f3th Fanni<\/p>\n<p>[\/vc_column_text][vc_column_text]<\/p>\n<p class=\"kiemeles_bpgal\">Megnyit\u00f3:<\/p>\n<p class=\"datum_bpgal_2\">2025. \u00e1prilis 29. (kedd), 18:00<\/p>\n<p>19 \u00f3r\u00e1t\u00f3l t\u00e1rlatvezet\u00e9s a m\u0171v\u00e9szekkel \u00e9s az EKO 9 Trienn\u00e1le m\u0171v\u00e9szeti vezet\u0151j\u00e9vel<\/p>\n<p class=\"kiemeles_bpgal\">Zenei performansz:<\/p>\n<p class=\"verzal_bpgal\">P\u00e1ndi Bal\u00e1zs<\/p>\n<p>[\/vc_column_text][vc_column_text]<\/p>\n<p class=\"kiemeles_bpgal\">Grafika:<\/p>\n<p class=\"verzal_bpgal\">Kardos Liza<\/p>\n<p>[\/vc_column_text][vc_empty_space][\/vc_column][vc_column width=&#8221;2\/3&#8243; el_class=&#8221;full-2&#8243;][vc_column_text]A n\u00e9phiedelem szerint a k\u00f6rny\u00e9ket egykor ben\u00e9pes\u00edt\u0151, \u00e1m az emberek t\u00e9rh\u00f3d\u00edt\u00e1sa miatt egyre megfogyatkoz\u00f3 \u00f3ri\u00e1sok k\u00f6z\u00fcl a legutols\u00f3r\u00f3l kapta nev\u00e9t a Balaton. Hossz\u00fa-hossz\u00fa ideig az \u00f3ri\u00e1sok \u00e9s az emberek b\u00e9k\u00e9ben \u00e9ltek a k\u00f6rnyez\u0151 erd\u0151kben. Mikor azonban Balaton, az \u00f3ri\u00e1s egyetlen le\u00e1ny\u00e1t \u00e9ppen egy ember cserbenhagy\u00e1sa miatt vesz\u00edtette el, \u0151 maga is elkeseredetts\u00e9g\u00e9ben odaveszett, \u00e9s az \u00f3ri\u00e1sok v\u00e9gleg elt\u0171ntek a vid\u00e9kr\u0151l. Az \u0151 elt\u0171n\u00e9s\u00fckkel azonban az emberi \u00e9s a term\u00e9szeti k\u00f6z\u00f6tti k\u00f6zvet\u00edt\u0151, az ezt a k\u00e9t szf\u00e9r\u00e1t egys\u00e9gben megtartani k\u00e9pes er\u0151 is elt\u0171nt. Az \u00e1ltala hagyott bet\u00f6ltetlen t\u00e9rbe pedig egy \u00fajfajta tapasztalat f\u00e9rk\u0151z\u00f6tt be: egy olyan idegens\u00e9g, amely t\u00f6bb teret hagy a k\u00f6t\u0151dni v\u00e1gy\u00e1snak, mint mag\u00e1nak a k\u00f6t\u0151d\u00e9snek.<\/p>\n<p>Ember \u00e9s term\u00e9szet egym\u00e1s mell\u00e9 rendelts\u00e9ge \u00e9s kapcsol\u00f3d\u00e1suk egy\u00e9rtelm\u0171s\u00e9ge \u00e9rv\u00e9ny\u00e9t vesztette a modernit\u00e1sban. Ebben az \u00e1llapotban &#8211; amiben mind a term\u00e9szett\u0151l val\u00f3 f\u00e9lelem megszelid\u00edt\u00e9se, mind a term\u00e9szettel val\u00f3 egys\u00e9g meg\u00e9l\u00e9s\u00e9nek teljess\u00e9ge kudarcot vall &#8211; sz\u00fcletik meg ember \u00e9s term\u00e9szet k\u00e9tp\u00f3lusoss\u00e1ga: az ember, s szemben a term\u00e9szet, mint M\u00e1sik. Az a M\u00e1sik, amelyet a term\u00e9szet jelent, saj\u00e1t v\u00e9gtelens\u00e9g\u00e9vel \u00e9s inherens m\u00e1ss\u00e1g\u00e1val ellenpontozza az ember v\u00e9gess\u00e9g\u00e9t \u00e9s megismerhet\u0151s\u00e9g\u00e9t. Ez az elk\u00fcl\u00f6n\u00fcl\u00e9s pedig id\u0151vel elidegened\u00e9ss\u00e9 form\u00e1l\u00f3dik. Ennek az elidegened\u00e9si folyamatnak az eredm\u00e9nye az, hogy a term\u00e9szetnek val\u00f3 kiszolg\u00e1ltatotts\u00e1g \u00e9rz\u00e9se, ami \u00e9vezredek \u00f3ta az ember saj\u00e1tja, f\u00e9lelemm\u00e9, szorong\u00e1ss\u00e1 m\u00f3dosul.<\/p>\n<p>Ezt tomp\u00edtand\u00f3, az ember megpr\u00f3b\u00e1l \u00fagy kapcsolatot teremteni a term\u00e9szettel, hogy \u00e1ltala el\u00e9rhet\u0151, megsz\u00f3l\u00edthat\u00f3 alakba hozza, m\u00e9g akkor is, ha ez az alak f\u00e9lelmetes \u00e9s kisz\u00e1m\u00edthatatlan. De legf\u0151k\u00e9ppen ismeretlen. A jelens\u00e9gek m\u00f6g\u00e9 helyezett szellemi er\u0151k ennek az ismeretlennek pr\u00f3b\u00e1lnak alakot adni, rajtuk kereszt\u00fcl pr\u00f3b\u00e1ljuk meg\u00e9rteni a vil\u00e1got \u00e9s magunkat, hogy tomp\u00edtsuk a bizonytalans\u00e1got, a szorongat\u00f3 f\u00e9lelmeket, de legal\u00e1bb megosszuk \u0151ket, \u00e9s e megoszt\u00e1sban tal\u00e1ljunk mened\u00e9ket. Annak a bizonyoss\u00e1ga, hogy nem vagyunk egyed\u00fcl a f\u00e9lelmeinkkel, a k\u00f6z\u00f6ss\u00e9g erej\u00e9t rendeli az egy\u00e9n mag\u00e1nya mell\u00e9. T\u00f6rt\u00e9neteket, mes\u00e9ket \u00edrunk \u00e9s olvasunk, amelyek ezt a megv\u00e1lt\u00f3 meg\u00e9rt\u00e9st, a f\u00e9lelmek felt\u00e1r\u00e1s\u00e1t, megoszt\u00e1s\u00e1t \u00e9s biztons\u00e1gos meg\u00e9l\u00e9s\u00e9t szolg\u00e1lj\u00e1k. Nem el\u0171zni akarjuk a f\u00e9lelmet, hanem ennek jelenl\u00e9t\u00e9ben megtapasztalni a biztons\u00e1got.<\/p>\n<p>A bolyg\u00f3 \u00e9s az ember j\u00f6v\u0151je feletti agg\u00f3d\u00e1s \u00fajabb jelens\u00e9g, annak a felismer\u00e9se sz\u00fclte, hogy a m\u00e9ltatlan b\u00e1n\u00e1sm\u00f3d visszaford\u00edthatatlan k\u00e1rokat okoz a F\u00f6ldnek, a lass\u00fa pusztul\u00e1s miatt \u00e9rzett tehetetlens\u00e9g pedig g\u00fazsba k\u00f6ti az emberi lelket. Amikor a cselekv\u00e9sre \u00f6szt\u00f6nz\u00e9s hi\u00e1baval\u00f3v\u00e1 v\u00e1lik, a vesztes\u00e9g felett \u00e9rzett gy\u00e1sz \u00e9s megrend\u00fcl\u00e9s lesz az elbesz\u00e9lt t\u00f6rt\u00e9netek k\u00f6z\u00f6s nevez\u0151je, amelyekt\u0151l m\u00e1r nem is szabadulni v\u00e1gyunk, hanem arra, hogy belakhassuk \u0151ket.<\/p>\n<p>A ki\u00e1ll\u00edt\u00e1s k\u00fclf\u00f6ldi \u00e9s magyar m\u0171v\u00e9szek munk\u00e1in kereszt\u00fcl p\u00e1szt\u00e1zza v\u00e9gig azt a t\u00e1vols\u00e1got, amely ember \u00e9s k\u00f6rnyezete k\u00f6zt fesz\u00fcl. A m\u0171vek ennek a viszonynak a megv\u00e1ltoz\u00e1s\u00e1ra reflekt\u00e1lnak, felmutatva azokat a megszelid\u00edt\u00e9si k\u00eds\u00e9rleteket is, amelyekkel ez a t\u00e1vols\u00e1g mindenek dac\u00e1ra m\u00e9gis intimit\u00e1ss\u00e1 form\u00e1l\u00f3dhat.<\/p>\n<p><a href=\"https:\/\/eko.ugm.si\/eng\/\">A <em>Miut\u00e1n idegenek lett\u00fcnk <\/em>az UGM | Maribor M\u0171v\u00e9szeti Gal\u00e9ria \u00e1ltal 2024-ben megrendezett EKO 9 Trienn\u00e1le<\/a> anyag\u00e1b\u00f3l k\u00e9sz\u00fclt v\u00e1logat\u00e1s \u00e9s \u00fajrarendez\u00e9s. A maribori Trienn\u00e1le az <em>Eyes in the Stone <\/em>c\u00edmet viselte, a szlov\u00e9n t\u00e1j egy emblematikus k\u00e9pz\u0151dm\u00e9ny\u00e9re, a Prisojnik-hegy szikl\u00e1ib\u00f3l kirajzol\u00f3d\u00f3 le\u00e1nyarcra utalva. A budapesti v\u00e1logat\u00e1s a hazai t\u00e1j hasonl\u00f3an mitiz\u00e1lt \u00e9s rengeteg k\u00e9pzetet mag\u00e1ba s\u0171r\u00edt\u0151 tav\u00e1t, a Balatont id\u00e9zi meg annak \u00e9rdek\u00e9ben, hogy a lok\u00e1lis kontextus \u00e9rz\u00e9kenys\u00e9geire is reflekt\u00e1ljon.<\/p>\n<p>Az EKO 9 Trienn\u00e1le m\u0171v\u00e9szeti vezet\u0151je: Jure Kirbi\u0161, UGM | Maribor M\u0171v\u00e9szeti Gal\u00e9ria[\/vc_column_text][vc_empty_space height=&#8221;45&#8243;][vc_video link=&#8221;https:\/\/youtu.be\/TdYQ4SFt9vs&#8221; align=&#8221;center&#8221; css=&#8221;&#8221;][vc_empty_space height=&#8221;45&#8243;][vc_single_image image=&#8221;23486&#8243; img_size=&#8221;full&#8221; alignment=&#8221;center&#8221; css=&#8221;&#8221; qode_css_animation=&#8221;&#8221;][vc_empty_space height=&#8221;45&#8243;][vc_single_image image=&#8221;23489&#8243; img_size=&#8221;full&#8221; alignment=&#8221;center&#8221; css=&#8221;&#8221; qode_css_animation=&#8221;&#8221;][vc_empty_space height=&#8221;45&#8243;][vc_single_image image=&#8221;23492&#8243; img_size=&#8221;full&#8221; alignment=&#8221;center&#8221; css=&#8221;&#8221; qode_css_animation=&#8221;&#8221;][vc_empty_space height=&#8221;45&#8243;][vc_single_image image=&#8221;23494&#8243; img_size=&#8221;full&#8221; alignment=&#8221;center&#8221; css=&#8221;&#8221; qode_css_animation=&#8221;&#8221;][vc_empty_space height=&#8221;45&#8243;][vc_single_image image=&#8221;23497&#8243; img_size=&#8221;full&#8221; alignment=&#8221;center&#8221; css=&#8221;&#8221; qode_css_animation=&#8221;&#8221;][vc_empty_space height=&#8221;45&#8243;][vc_single_image image=&#8221;23499&#8243; img_size=&#8221;full&#8221; alignment=&#8221;center&#8221; css=&#8221;&#8221; qode_css_animation=&#8221;&#8221;][vc_empty_space height=&#8221;45&#8243;][vc_single_image image=&#8221;23502&#8243; img_size=&#8221;full&#8221; alignment=&#8221;center&#8221; css=&#8221;&#8221; qode_css_animation=&#8221;&#8221;][vc_empty_space height=&#8221;45&#8243;][vc_single_image image=&#8221;23504&#8243; img_size=&#8221;full&#8221; alignment=&#8221;center&#8221; css=&#8221;&#8221; qode_css_animation=&#8221;&#8221;][vc_empty_space height=&#8221;45&#8243;][vc_single_image image=&#8221;23507&#8243; img_size=&#8221;full&#8221; alignment=&#8221;center&#8221; css=&#8221;&#8221; qode_css_animation=&#8221;&#8221;][vc_empty_space height=&#8221;45&#8243;][vc_single_image image=&#8221;23509&#8243; img_size=&#8221;full&#8221; alignment=&#8221;center&#8221; css=&#8221;&#8221; qode_css_animation=&#8221;&#8221;][vc_empty_space height=&#8221;45&#8243;][vc_single_image image=&#8221;23512&#8243; img_size=&#8221;full&#8221; alignment=&#8221;center&#8221; css=&#8221;&#8221; qode_css_animation=&#8221;&#8221;][vc_empty_space height=&#8221;45&#8243;][vc_single_image image=&#8221;23514&#8243; img_size=&#8221;full&#8221; alignment=&#8221;center&#8221; css=&#8221;&#8221; qode_css_animation=&#8221;&#8221;][vc_empty_space height=&#8221;45&#8243;][vc_single_image image=&#8221;23517&#8243; img_size=&#8221;full&#8221; alignment=&#8221;center&#8221; css=&#8221;&#8221; qode_css_animation=&#8221;&#8221;][vc_empty_space height=&#8221;45&#8243;][vc_single_image image=&#8221;23519&#8243; img_size=&#8221;full&#8221; alignment=&#8221;center&#8221; css=&#8221;&#8221; qode_css_animation=&#8221;&#8221;][vc_empty_space height=&#8221;45&#8243;][vc_single_image image=&#8221;23522&#8243; img_size=&#8221;full&#8221; alignment=&#8221;center&#8221; css=&#8221;&#8221; qode_css_animation=&#8221;&#8221;][vc_empty_space height=&#8221;45&#8243;][vc_single_image image=&#8221;23525&#8243; img_size=&#8221;full&#8221; alignment=&#8221;center&#8221; css=&#8221;&#8221; qode_css_animation=&#8221;&#8221;][vc_empty_space height=&#8221;20&#8243;][vc_column_text css=&#8221;&#8221;]<\/p>\n<p class=\"kepalairas_cim_jobb\">Fot\u00f3k: Juh\u00e1sz G. Tam\u00e1s<\/p>\n<p>[\/vc_column_text][vc_empty_space height=&#8221;45&#8243;][\/vc_column][\/vc_row][vc_row css_animation=&#8221;&#8221; row_type=&#8221;row&#8221; use_row_as_full_screen_section=&#8221;no&#8221; type=&#8221;full_width&#8221; angled_section=&#8221;no&#8221; text_align=&#8221;left&#8221; background_image_as_pattern=&#8221;without_pattern&#8221;][vc_column][\/vc_column][\/vc_row]<\/p>\n<\/div>","protected":false},"excerpt":{"rendered":"<p>[vc_row css_animation=&#8221;&#8221; seperator_indeed_locker=&#8221;&#8221; lk_t=&#8221;ism_template_1&#8243; lk_io=&#8221;default&#8221; lk_dm=&#8221;0&#8243; lk_thm=&#8221;0&#8243; lk_tuo=&#8221;0&#8243; ru_on=&#8221;0&#8243; uhc_on=&#8221;0&#8243; ur_on=&#8221;0&#8243; ref_on=&#8221;0&#8243; row_type=&#8221;row&#8221; use_row_as_full_screen_section=&#8221;no&#8221; type=&#8221;grid&#8221;&#8230;<\/p>\n","protected":false},"author":15,"featured_media":0,"parent":22246,"menu_order":0,"comment_status":"closed","ping_status":"closed","template":"full_width.php","meta":{"inline_featured_image":false,"loftloader_pro_show_once":"","loftloader_pro_page_shortcode":"","footnotes":""},"class_list":["post-22667","page","type-page","status-publish","hentry"],"_links":{"self":[{"href":"https:\/\/budapestgaleria.hu\/_\/wp-json\/wp\/v2\/pages\/22667","targetHints":{"allow":["GET"]}}],"collection":[{"href":"https:\/\/budapestgaleria.hu\/_\/wp-json\/wp\/v2\/pages"}],"about":[{"href":"https:\/\/budapestgaleria.hu\/_\/wp-json\/wp\/v2\/types\/page"}],"author":[{"embeddable":true,"href":"https:\/\/budapestgaleria.hu\/_\/wp-json\/wp\/v2\/users\/15"}],"replies":[{"embeddable":true,"href":"https:\/\/budapestgaleria.hu\/_\/wp-json\/wp\/v2\/comments?post=22667"}],"version-history":[{"count":3,"href":"https:\/\/budapestgaleria.hu\/_\/wp-json\/wp\/v2\/pages\/22667\/revisions"}],"predecessor-version":[{"id":24803,"href":"https:\/\/budapestgaleria.hu\/_\/wp-json\/wp\/v2\/pages\/22667\/revisions\/24803"}],"up":[{"embeddable":true,"href":"https:\/\/budapestgaleria.hu\/_\/wp-json\/wp\/v2\/pages\/22246"}],"wp:attachment":[{"href":"https:\/\/budapestgaleria.hu\/_\/wp-json\/wp\/v2\/media?parent=22667"}],"curies":[{"name":"wp","href":"https:\/\/api.w.org\/{rel}","templated":true}]}}