{"id":22683,"date":"2025-04-11T15:45:26","date_gmt":"2025-04-11T13:45:26","guid":{"rendered":"https:\/\/budapestgaleria.hu\/_\/?page_id=22683"},"modified":"2025-10-24T15:54:47","modified_gmt":"2025-10-24T13:54:47","slug":"pillanatnyi-elmek-dezso-tamas-es-szabo-nora-kiallitasa","status":"publish","type":"page","link":"https:\/\/budapestgaleria.hu\/_\/2025-kiallitasok\/pillanatnyi-elmek-dezso-tamas-es-szabo-nora-kiallitasa\/","title":{"rendered":"Pillanatnyi elm\u00e9k \u2013 Dezs\u0151 Tam\u00e1s \u00e9s Szab\u00f3 N\u00f3ra ki\u00e1ll\u00edt\u00e1sa"},"content":{"rendered":"<div class=\"wpb-content-wrapper\"><p>[vc_row css_animation=&#8221;&#8221; seperator_indeed_locker=&#8221;&#8221; lk_t=&#8221;ism_template_1&#8243; lk_io=&#8221;default&#8221; lk_dm=&#8221;0&#8243; lk_thm=&#8221;0&#8243; lk_tuo=&#8221;0&#8243; ru_on=&#8221;0&#8243; uhc_on=&#8221;0&#8243; ur_on=&#8221;0&#8243; ref_on=&#8221;0&#8243; row_type=&#8221;row&#8221; use_row_as_full_screen_section=&#8221;no&#8221; type=&#8221;grid&#8221; angled_section=&#8221;no&#8221; text_align=&#8221;left&#8221; background_image_as_pattern=&#8221;without_pattern&#8221; template=&#8221;ism_template_1&#8243; ism_overlock=&#8221;default&#8221; sm_d_text=&#8221;<\/p>\n<h2>This content is locked<\/h2>\n<p>Share This Page To Unlock The Content!&#8221;][vc_column][vc_single_image image=&#8221;22653&#8243; img_size=&#8221;full&#8221; qode_css_animation=&#8221;&#8221;][\/vc_column][\/vc_row][vc_row css_animation=&#8221;&#8221; row_type=&#8221;row&#8221; use_row_as_full_screen_section=&#8221;no&#8221; type=&#8221;grid&#8221; angled_section=&#8221;no&#8221; text_align=&#8221;left&#8221; background_image_as_pattern=&#8221;without_pattern&#8221;][vc_column][vc_empty_space height=&#8221;45px&#8221;][vc_column_text css=&#8221;&#8221;]<\/p>\n<h1 class=\"cim_1\"><em>Pillanatnyi elm\u00e9k<\/em><\/h1>\n<h1 class=\"alcim\">Dezs\u0151 Tam\u00e1s \u00e9s Szab\u00f3 N\u00f3ra ki\u00e1ll\u00edt\u00e1sa<\/h1>\n<p>[\/vc_column_text][vc_empty_space height=&#8221;45px&#8221;][\/vc_column][\/vc_row][vc_row css_animation=&#8221;&#8221; row_type=&#8221;row&#8221; use_row_as_full_screen_section=&#8221;no&#8221; type=&#8221;grid&#8221; angled_section=&#8221;no&#8221; text_align=&#8221;left&#8221; background_image_as_pattern=&#8221;without_pattern&#8221; bgparallax=&#8221;parallax&#8221; contentwidth=&#8221;container&#8221; toppadding=&#8221;40&#8243; bottompadding=&#8221;10&#8243; border=&#8221;on&#8221; css=&#8221;.vc_custom_1420648296958{background-color: #ffffff !important;}&#8221;][vc_column width=&#8221;1\/3&#8243; css=&#8221;.vc_custom_1427029754112{padding-right: 25px !important;}&#8221; el_class=&#8221;full-1&#8243;][vc_column_text]<\/p>\n<p class=\"hely_bpgal\">Budapest Gal\u00e9ria<\/p>\n<p class=\"cim_bpgal\">1036 Budapest, Lajos utca 158. (emelet)<\/p>\n<p class=\"datum_bpgal\">2025. 04. 30. \u2013 07. 06.<\/p>\n<p>[\/vc_column_text][vc_column_text]<\/p>\n<p class=\"kiemeles_bpgal\">Kur\u00e1tor:<\/p>\n<p class=\"verzal_bpgal\">Koll\u00e1r Dalma Eszter<\/p>\n<p>[\/vc_column_text][vc_column_text]<\/p>\n<p class=\"kiemeles_bpgal\">Kur\u00e1tor asszisztens:<\/p>\n<p class=\"verzal_bpgal\">T\u00f3th Fanni<\/p>\n<p>[\/vc_column_text][vc_column_text]<\/p>\n<p class=\"kiemeles_bpgal\">Grafika:<\/p>\n<p class=\"verzal_bpgal\">Visnyai Zolt\u00e1n<\/p>\n<p>[\/vc_column_text][vc_column_text]<\/p>\n<p class=\"kiemeles_bpgal\">Megnyit\u00f3:<\/p>\n<p class=\"datum_bpgal_2\">2025. \u00e1prilis 29. (kedd), 18:00<\/p>\n<p>17 \u00f3r\u00e1t\u00f3l t\u00e1rlatvezet\u00e9s a m\u0171v\u00e9szekkel<\/p>\n<p class=\"kiemeles_bpgal\">Zenei performansz:<\/p>\n<p class=\"verzal_bpgal\">P\u00e1ndi Bal\u00e1zs<\/p>\n<p>[\/vc_column_text][vc_empty_space][\/vc_column][vc_column width=&#8221;2\/3&#8243; el_class=&#8221;full-2&#8243;][vc_column_text]A term\u00e9szetr\u0151l szerzett tud\u00e1sunk mindig csak minket, vagyis az embert a k\u00f6z\u00e9ppontba helyezve \u00e9rtelmezhet\u0151. Saj\u00e1t t\u00e1rsadalmi m\u0171k\u00f6d\u00e9s\u00fcnkh\u00f6z viszony\u00edtva pr\u00f3b\u00e1ljuk megfejteni az \u00e1llatok egym\u00e1s k\u00f6zti kommunik\u00e1ci\u00f3j\u00e1t, saj\u00e1t test\u00fcnkh\u00f6z hasonl\u00edtjuk egy n\u00f6v\u00e9ny r\u00e9szeit. A nyugati filoz\u00f3fia hossz\u00fa id\u0151 alatt jutott el od\u00e1ig, hogy az \u00e1llatokra is \u00f6n\u00e1ll\u00f3 entit\u00e1sk\u00e9nt tekintsen, a n\u00f6v\u00e9nyek hasonl\u00f3 integr\u00e1l\u00e1s\u00e1ra pedig eg\u00e9szen friss kelet\u0171 k\u00eds\u00e9rletek vannak csup\u00e1n. Hi\u00e1ba p\u00e9ld\u00e1ul az elm\u00falt \u00e9vekben egyre elterjedtebb\u00e9 v\u00e1l\u00f3 poszthumanizmus elm\u00e9lete, az, hogy a term\u00e9szet minden alkot\u00f3elem\u00e9nek tudatoss\u00e1got tulajdon\u00edtsunk, egyel\u0151re nehezen elk\u00e9pzelhet\u0151.<\/p>\n<p>Dezs\u0151 Tam\u00e1s \u00e9s Szab\u00f3 N\u00f3ra mindketten a term\u00e9szet k\u00fcl\u00f6nb\u00f6z\u0151 jelens\u00e9geit kutatj\u00e1k, kutat\u00e1saik azonban feljegyz\u00e9sszer\u0171ek: nem hoznak \u00edt\u00e9letet vizsg\u00e1l\u00f3d\u00e1suk t\u00e1rgy\u00e1r\u00f3l, nem metaforak\u00e9nt haszn\u00e1lj\u00e1k a megfigyelt l\u00e9tform\u00e1kat \u00e9s nem tekintenek bels\u0151 t\u00e1jk\u00e9nt a term\u00e9szetre. Alapos \u00e9s koncentr\u00e1lt figyelem jellemz\u0151 alkot\u00e1si folyamatukra, amely \u2013 b\u00e1r szerves r\u00e9sz\u00e9t k\u00e9pezik filoz\u00f3fiai elm\u00e9letek \u00e9s eszt\u00e9tikai sz\u00f6vegek \u2013 az elk\u00e9sz\u00fclt m\u0171veknek szabad \u00e9rtelmez\u00e9si keretet hagy.<\/p>\n<p>A k\u00e9t m\u0171v\u00e9sz <em>Pillanatnyi elm\u00e9k<\/em> c\u00edm\u0171 k\u00f6z\u00f6s ki\u00e1ll\u00edt\u00e1sa r\u00e1mutat a term\u00e9szet legapr\u00f3bb, folyamatos v\u00e1ltoz\u00e1sban l\u00e9v\u0151, m\u00e9gis \u00e1lland\u00f3nak t\u0171n\u0151 jelens\u00e9geire, az \u0151sid\u0151kb\u0151l sz\u00e1rmaz\u00f3 form\u00e1k kialakul\u00e1s\u00e1ra \u00e9s arra, hogy az ember \u00e1ltal megismerhet\u0151 id\u0151 milyen csek\u00e9ly a F\u00f6ld teljes t\u00f6rt\u00e9net\u00e9hez k\u00e9pest. S ahogyan az \u00e9l\u0151l\u00e9nyek form\u00e1j\u00e1t \u00e9s m\u0171k\u00f6d\u00e9s\u00e9t is csak \u00f6nmagunkhoz m\u00e9rve tudjuk jellemezni, saj\u00e1t id\u0151szeml\u00e9let\u00fcnkt\u0151l is nehezen tudunk elvonatkoztatni. A minket k\u00f6r\u00fclvev\u0151 term\u00e9szet azonban nem ember\u00f6lt\u0151kben m\u00e9rend\u0151. Egy k\u00e9r\u00e9sz n\u00e9h\u00e1ny \u00f3ra alatt \u00e9li meg kifejlett rovar l\u00e9t\u00e9t, egy fa t\u00f6bb ezer \u00e9vig \u00e9lhet, a cseppk\u0151barlangok t\u00f6bb sz\u00e1z milli\u00f3 \u00e9vvel ezel\u0151tt keletkeztek \u00e9s az\u00f3ta is form\u00e1l\u00f3dnak. Ezek a szubjekt\u00edv id\u0151k teszik el\u00e9rhetetlenn\u00e9 az \u00edr\u00e1sos eml\u00e9keinket megel\u0151z\u0151 m\u00e9lyid\u0151t \u00e9s relativiz\u00e1lj\u00e1k a m\u00e9rhet\u0151 id\u0151r\u0151l alkotott, mesters\u00e9ges fogalmunkat.<\/p>\n<p>A ki\u00e1ll\u00edtott m\u0171vek alapj\u00e1ul szolg\u00e1l\u00f3 l\u00e9tform\u00e1k saj\u00e1t univerzumainak, valamint a m\u0171t\u00e1rgyak finom sz\u00f6ved\u00e9k\u00e9nek felt\u00e1r\u00e1s\u00e1hoz lelassul\u00e1s \u00e9s elm\u00e9ly\u00fclt figyelem sz\u00fcks\u00e9ges. De vajon tudjuk adapt\u00e1lni ezt a fajta figyelmet a ki\u00e1ll\u00edt\u00f3t\u00e9ren k\u00edv\u00fcl is?<\/p>\n<p>____<\/p>\n<p>A ki\u00e1ll\u00edt\u00e1s c\u00edme Gottfried Wilhelm Leibniz monadol\u00f3giai elm\u00e9let\u00e9re utal, amely szerint a vil\u00e1gon minden, a legkisebb elemig egyfajta elme (mon\u00e1sz), ami k\u00e9pes visszat\u00fckr\u00f6zni a vil\u00e1gegyetem eg\u00e9sz\u00e9t. Azonban az olyan egyszer\u0171 l\u00e9tez\u0151k, mint a n\u00f6v\u00e9nyek vagy a vegy\u00fcletek \u2013 szemben az emberrel \u2013 nem rendelkeznek eml\u00e9kezettel, nem k\u00e9pesek a gondolkod\u00e1sra, \u00edgy id\u0151tudatuk sincs, l\u00e9tez\u00e9s\u00fck \u00e9s t\u00f6rekv\u00e9s\u00fck pillanatnyi csup\u00e1n. A ki\u00e1ll\u00edt\u00e1s az ember id\u0151r\u0151l alkotott fogalm\u00e1nak pillanatnyis\u00e1g\u00e1t bizony\u00edtva igyekszik ezt megk\u00e9rd\u0151jelezni.[\/vc_column_text][vc_empty_space height=&#8221;45px&#8221;][vc_video link=&#8221;https:\/\/youtu.be\/SemPGrqf-Yg?si=7vVJe3LjtdUGDnIL&#8221; align=&#8221;center&#8221; css=&#8221;&#8221;][vc_empty_space height=&#8221;45px&#8221;][vc_single_image image=&#8221;23347&#8243; img_size=&#8221;full&#8221; onclick=&#8221;link_image&#8221; css=&#8221;&#8221; qode_css_animation=&#8221;&#8221;][vc_empty_space][vc_single_image image=&#8221;23349&#8243; img_size=&#8221;full&#8221; alignment=&#8221;center&#8221; onclick=&#8221;link_image&#8221; css=&#8221;&#8221; qode_css_animation=&#8221;&#8221;][vc_empty_space][vc_single_image image=&#8221;23351&#8243; img_size=&#8221;full&#8221; onclick=&#8221;link_image&#8221; css=&#8221;&#8221; qode_css_animation=&#8221;&#8221;][vc_empty_space][vc_single_image image=&#8221;23353&#8243; img_size=&#8221;full&#8221; alignment=&#8221;center&#8221; onclick=&#8221;link_image&#8221; css=&#8221;&#8221; qode_css_animation=&#8221;&#8221;][vc_empty_space][vc_single_image image=&#8221;23355&#8243; img_size=&#8221;full&#8221; alignment=&#8221;center&#8221; onclick=&#8221;link_image&#8221; css=&#8221;&#8221; qode_css_animation=&#8221;&#8221;][vc_empty_space][vc_single_image image=&#8221;23357&#8243; img_size=&#8221;full&#8221; alignment=&#8221;center&#8221; onclick=&#8221;link_image&#8221; css=&#8221;&#8221; qode_css_animation=&#8221;&#8221;][vc_empty_space][vc_single_image image=&#8221;23359&#8243; img_size=&#8221;full&#8221; alignment=&#8221;center&#8221; onclick=&#8221;link_image&#8221; css=&#8221;&#8221; qode_css_animation=&#8221;&#8221;][vc_empty_space][vc_single_image image=&#8221;23361&#8243; img_size=&#8221;full&#8221; alignment=&#8221;center&#8221; onclick=&#8221;link_image&#8221; css=&#8221;&#8221; qode_css_animation=&#8221;&#8221;][vc_empty_space][vc_single_image image=&#8221;23363&#8243; img_size=&#8221;full&#8221; alignment=&#8221;center&#8221; onclick=&#8221;link_image&#8221; css=&#8221;&#8221; qode_css_animation=&#8221;&#8221;][vc_empty_space][vc_single_image image=&#8221;23365&#8243; img_size=&#8221;full&#8221; alignment=&#8221;center&#8221; onclick=&#8221;link_image&#8221; css=&#8221;&#8221; qode_css_animation=&#8221;&#8221;][vc_empty_space][vc_single_image image=&#8221;23367&#8243; img_size=&#8221;full&#8221; alignment=&#8221;center&#8221; onclick=&#8221;link_image&#8221; css=&#8221;&#8221; qode_css_animation=&#8221;&#8221;][vc_empty_space][vc_single_image image=&#8221;23369&#8243; img_size=&#8221;full&#8221; alignment=&#8221;center&#8221; onclick=&#8221;link_image&#8221; css=&#8221;&#8221; qode_css_animation=&#8221;&#8221;][vc_empty_space][vc_single_image image=&#8221;23371&#8243; img_size=&#8221;f&#8221; alignment=&#8221;center&#8221; onclick=&#8221;link_image&#8221; css=&#8221;&#8221; qode_css_animation=&#8221;&#8221;][vc_empty_space][vc_single_image image=&#8221;23373&#8243; img_size=&#8221;full&#8221; alignment=&#8221;center&#8221; onclick=&#8221;link_image&#8221; css=&#8221;&#8221; qode_css_animation=&#8221;&#8221;][vc_empty_space][vc_single_image image=&#8221;23375&#8243; img_size=&#8221;full&#8221; alignment=&#8221;center&#8221; onclick=&#8221;link_image&#8221; css=&#8221;&#8221; qode_css_animation=&#8221;&#8221;][vc_empty_space][vc_single_image image=&#8221;23377&#8243; img_size=&#8221;full&#8221; alignment=&#8221;center&#8221; onclick=&#8221;link_image&#8221; css=&#8221;&#8221; qode_css_animation=&#8221;&#8221;][vc_column_text css=&#8221;&#8221;]<\/p>\n<p class=\"kepalairas_cim_jobb\">Fot\u00f3k: Juh\u00e1sz G. Tam\u00e1s<\/p>\n<p>[\/vc_column_text][vc_empty_space height=&#8221;45px&#8221;][\/vc_column][\/vc_row]<\/p>\n<\/div>","protected":false},"excerpt":{"rendered":"<p>[vc_row css_animation=&#8221;&#8221; seperator_indeed_locker=&#8221;&#8221; lk_t=&#8221;ism_template_1&#8243; lk_io=&#8221;default&#8221; lk_dm=&#8221;0&#8243; lk_thm=&#8221;0&#8243; lk_tuo=&#8221;0&#8243; ru_on=&#8221;0&#8243; uhc_on=&#8221;0&#8243; ur_on=&#8221;0&#8243; ref_on=&#8221;0&#8243; row_type=&#8221;row&#8221; use_row_as_full_screen_section=&#8221;no&#8221; type=&#8221;grid&#8221;&#8230;<\/p>\n","protected":false},"author":15,"featured_media":0,"parent":22246,"menu_order":0,"comment_status":"closed","ping_status":"closed","template":"full_width.php","meta":{"inline_featured_image":false,"loftloader_pro_show_once":"","loftloader_pro_page_shortcode":"","footnotes":""},"class_list":["post-22683","page","type-page","status-publish","hentry"],"_links":{"self":[{"href":"https:\/\/budapestgaleria.hu\/_\/wp-json\/wp\/v2\/pages\/22683","targetHints":{"allow":["GET"]}}],"collection":[{"href":"https:\/\/budapestgaleria.hu\/_\/wp-json\/wp\/v2\/pages"}],"about":[{"href":"https:\/\/budapestgaleria.hu\/_\/wp-json\/wp\/v2\/types\/page"}],"author":[{"embeddable":true,"href":"https:\/\/budapestgaleria.hu\/_\/wp-json\/wp\/v2\/users\/15"}],"replies":[{"embeddable":true,"href":"https:\/\/budapestgaleria.hu\/_\/wp-json\/wp\/v2\/comments?post=22683"}],"version-history":[{"count":2,"href":"https:\/\/budapestgaleria.hu\/_\/wp-json\/wp\/v2\/pages\/22683\/revisions"}],"predecessor-version":[{"id":24115,"href":"https:\/\/budapestgaleria.hu\/_\/wp-json\/wp\/v2\/pages\/22683\/revisions\/24115"}],"up":[{"embeddable":true,"href":"https:\/\/budapestgaleria.hu\/_\/wp-json\/wp\/v2\/pages\/22246"}],"wp:attachment":[{"href":"https:\/\/budapestgaleria.hu\/_\/wp-json\/wp\/v2\/media?parent=22683"}],"curies":[{"name":"wp","href":"https:\/\/api.w.org\/{rel}","templated":true}]}}