{"id":22934,"date":"2025-05-15T10:55:47","date_gmt":"2025-05-15T08:55:47","guid":{"rendered":"https:\/\/budapestgaleria.hu\/_\/?page_id=22934"},"modified":"2025-06-19T12:52:51","modified_gmt":"2025-06-19T10:52:51","slug":"muzeumok-ejszakaja-2025","status":"publish","type":"page","link":"https:\/\/budapestgaleria.hu\/_\/muzeumok-ejszakaja-2025\/","title":{"rendered":"M\u00fazeumok \u00c9jszak\u00e1ja 2025"},"content":{"rendered":"<div class=\"wpb-content-wrapper\"><p>[vc_row css_animation=&#8221;&#8221; row_type=&#8221;row&#8221; use_row_as_full_screen_section=&#8221;no&#8221; type=&#8221;full_width&#8221; angled_section=&#8221;no&#8221; text_align=&#8221;left&#8221; background_image_as_pattern=&#8221;without_pattern&#8221;][vc_column][vc_single_image image=&#8221;23064&#8243; img_size=&#8221;full&#8221; alignment=&#8221;center&#8221; qode_css_animation=&#8221;&#8221;][vc_empty_space][vc_empty_space][\/vc_column][\/vc_row][vc_row css_animation=&#8221;&#8221; row_type=&#8221;row&#8221; use_row_as_full_screen_section=&#8221;no&#8221; type=&#8221;full_width&#8221; angled_section=&#8221;no&#8221; text_align=&#8221;left&#8221; background_image_as_pattern=&#8221;without_pattern&#8221;][vc_column]<a  itemprop=\"url\" href=\"https:\/\/jegymester.hu\/production\/58874\/_\/8294224\" target=\"_self\"  class=\"qbutton  medium default\" style=\"color: #a81a95; \">JEGYEK<i class=\"qode_icon_font_awesome fa fa-500px qode_button_icon_element\" style=\"color: #8e168a\"><\/i><\/a>[vc_empty_space][vc_column_text]<\/p>\n<h4>F\u00c9NYJ\u00c1T\u00c9K<\/h4>\n<h3>M\u00fazeumok \u00c9jszak\u00e1ja BTM Budapest Gal\u00e9ri\u00e1ban 16:00-22:30<\/h3>\n<p>A Budapest Gal\u00e9ria izgalmas ki\u00e1ll\u00edt\u00e1sokkal, kreat\u00edv foglalkoz\u00e1sokkal \u00e9s hangulatos kerthelyis\u00e9ggel v\u00e1rja a l\u00e1togat\u00f3kat 2025. j\u00fanius 21-\u00e9n a M\u00fazeumok \u00c9jszak\u00e1j\u00e1n! Az idei esem\u00e9ny tematik\u00e1j\u00e1hoz h\u0171en \u2013 F\u00c9NYJ\u00c1T\u00c9K \u2013 a gal\u00e9ria ki\u00e1ll\u00edt\u00f3tereiben, titokzatos pinc\u00e9j\u00e9ben \u00e9s kerthelyis\u00e9g\u00e9ben egyar\u00e1nt a f\u00e9ny, \u00e1rny\u00e9k \u00e9s kreativit\u00e1s ker\u00fcl k\u00f6z\u00e9ppontba. A k\u00fcl\u00f6nleges este sor\u00e1n kicsik \u00e9s nagyok egyar\u00e1nt r\u00e9szt vehetnek t\u00e1rlatvezet\u00e9seken, m\u0171v\u00e9szeti workshopokon \u00e9s k\u00f6z\u00f6ss\u00e9gi alkot\u00f3munk\u00e1kban. A sz\u00e1mtalan program mellett \u00d3buda egyik legz\u00f6ldebb kertj\u00e9ben \u00e9l\u0151zen\u00e9vel, k\u00e1v\u00e9val, h\u0171s\u00edt\u0151 limon\u00e1d\u00e9kkal, k\u00f6nyv- \u00e9s n\u00f6v\u00e9ny \u00f6r\u00f6kbefogad\u00e1ssal kapcsol\u00f3dhatnak ki a programok k\u00f6z\u00f6tt a l\u00e1togat\u00f3k. A Budapest Gal\u00e9ria \u00fajra megnyitja a k\u00f6z\u00f6ns\u00e9g sz\u00e1m\u00e1ra hossz\u00fa \u00e9vek \u00f3ta nem l\u00e1togathat\u00f3, a k\u00e9s\u0151bbiekben pedig \u00e1lland\u00f3 \u00e9p\u00fclett\u00f6rt\u00e9neti ki\u00e1ll\u00edt\u00e1snak otthont ad\u00f3 f\u00f6ld alatti ki\u00e1ll\u00edt\u00f3ter\u00e9t is, ahol k\u00fcl\u00f6nleges zen\u00e9s \u00e1rnyj\u00e1t\u00e9kkal \u00e9s fotogram workshoppal is k\u00e9sz\u00fcl\u00fcnk!<\/p>\n<p><strong>J\u00fanius 21-\u00e9n 16:00-22:30 k\u00f6z\u00f6tt a Budapest Gal\u00e9ria kiz\u00e1r\u00f3lag a M\u00fazeumok \u00c9jszak\u00e1ja karszalaggal l\u00e1togathat\u00f3, amely a jegyp\u00e9nzt\u00e1runkban is megv\u00e1s\u00e1rolhat\u00f3.<\/strong><\/p>\n<p>&nbsp;<\/p>\n<p><strong>16:00 \u2013 18:30 Jelmez, l\u00e1mp\u00e1s, diakoll\u00e1zs<\/strong><br \/>\nAlkot\u00f3m\u0171hely gyerekeknek<\/p>\n<p><strong>Helysz\u00edn:<\/strong> Udvar \u00e9s el\u0151t\u00e9r<\/p>\n<p>A M\u00fazeumok \u00c9jszak\u00e1j\u00e1n a Budapest Gal\u00e9ri\u00e1ba \u00e9rkez\u0151 l\u00e1togat\u00f3k 17 \u00f3r\u00e1t\u00f3l egy \u00e1rnyj\u00e1t\u00e9kot adhatnak el\u0151. Az el\u0151ad\u00e1s el\u0151k\u00e9sz\u00fcletek\u00e9nt 16 \u00f3r\u00e1t\u00f3l mindenki r\u00e9szt vehet a jelmezek, kell\u00e9kek, kalapok, l\u00e1mp\u00e1sok \u00e9s b\u00e1bok k\u00e9sz\u00edt\u00e9s\u00e9ben, amelyeket az el\u0151ad\u00e1s ut\u00e1n haza lehet vinni. A t\u00f6rt\u00e9net d\u00edszlet\u00e9t \u00e9s h\u00e1tter\u00e9t is a r\u00e9sztvev\u0151k alak\u00edtj\u00e1k \u00fagy, hogy sz\u00ednes f\u00f3li\u00e1kb\u00f3l, pauszb\u00f3l \u00e9s c\u00e9rnasz\u00e1lakb\u00f3l kivet\u00edthet\u0151 diakoll\u00e1zst k\u00e9sz\u00edtenek Geisb\u00fchl T\u00fcnde, V\u00e1radi Emese \u00e9s Szabics \u00c1gnes m\u0171v\u00e9szetpedag\u00f3gusok seg\u00edts\u00e9g\u00e9vel, a gal\u00e9ria udvar\u00e1n \u00e9s az el\u0151t\u00e9rben.<\/p>\n<p>&nbsp;<\/p>\n<p><strong>17:00 \u2013 18:30 \u00c1rnyj\u00e1t\u00e9k<\/strong><br \/>\nZen\u00e9s, mes\u00e9s \u00e1rnyj\u00e1t\u00e9k a Budapest Gal\u00e9ria pinc\u00e9j\u00e9ben<\/p>\n<p><strong>Helysz\u00edn<\/strong>: Pince<\/p>\n<p>A Budapest Gal\u00e9ria udvar\u00e1n a r\u00e9sztvev\u0151k 16-18 \u00f3r\u00e1ig folyamatosan k\u00e9sz\u00edthetnek jelmezeket, kell\u00e9keket, b\u00e1bokat, l\u00e1mp\u00e1sokat, amelyekkel a programra \u00e9rkez\u0151k egy r\u00f6gt\u00f6nz\u00f6tt \u00e1rnyj\u00e1t\u00e9kot adhatnak el\u0151 a gal\u00e9ria titokzatos pinc\u00e9j\u00e9ben. A l\u00e1togat\u00f3k, akik lehetnek az el\u0151ad\u00e1s szerepl\u0151i, b\u00e1bosai \u00e9s n\u00e9z\u0151i is, folyamatosan alak\u00edthatj\u00e1k a mes\u00e9t; megv\u00e1ltoztathatj\u00e1k a helysz\u00edneket, eld\u00f6nthetik, hogy a szerepl\u0151k merre folytass\u00e1k \u00fatjukat, de meghat\u00e1rozhatj\u00e1k a mese befejez\u00e9s\u00e9t is.<br \/>\nA programon k\u00f6zrem\u0171k\u00f6dik: Luk\u00e1cs Andrea sz\u00edn\u00e9sz, dr\u00e1mapedag\u00f3gus \u00e9s Keresztes Magor Szabolcs \u00fct\u0151hangszeres zen\u00e9sz<\/p>\n<p>&nbsp;<\/p>\n<p><strong>18:00 \u2013 18:30\u00a0 T\u00e1rlatvezet\u00e9s a \u201eMiut\u00e1n idegenek lett\u00fcnk&#8221; c\u00edm\u0171 ki\u00e1ll\u00edt\u00e1son<\/strong><\/p>\n<p>T\u00e1rlatvezet\u00e9s a ki\u00e1ll\u00edt\u00e1s kur\u00e1toraival a Budapest Gal\u00e9ria Miut\u00e1n idegenek lett\u00fcnk c\u00edm\u0171 ki\u00e1ll\u00edt\u00e1s\u00e1n.<\/p>\n<p><strong>Helysz\u00edn:<\/strong> Budapest Gal\u00e9ria f\u00f6ldszint<\/p>\n<p>A t\u00e1rlatvezet\u00e9sre a ki\u00e1ll\u00edt\u00e1s adotts\u00e1gai miatt limit\u00e1lt l\u00e9tsz\u00e1mban tudunk l\u00e1togat\u00f3kat fogadni, ez\u00e9rt el\u0151zetes regisztr\u00e1ci\u00f3 sz\u00fcks\u00e9ges: <a href=\"https:\/\/docs.google.com\/forms\/d\/1bli0kbPTPW9YopqYLCaX4Pu_GCxBqgTsrGLKnixMY1g\/edit\">https:\/\/docs.google.com\/forms\/d\/1bli0kbPTPW9YopqYLCaX4Pu_GCxBqgTsrGLKnixMY1g\/edit<\/a><\/p>\n<p>&nbsp;<\/p>\n<p><strong>18:30 \u2013 19:00 T\u00e1rlatvezet\u00e9s a \u201ePillanatnyi elm\u00e9k&#8221; c\u00edm\u0171 ki\u00e1ll\u00edt\u00e1son<\/strong><\/p>\n<p>T\u00e1rlatvezet\u00e9s Koll\u00e1r Dalma Eszterrel, a ki\u00e1ll\u00edt\u00e1s kur\u00e1tor\u00e1val a Budapest Gal\u00e9ria Pillanatnyi elm\u00e9k c\u00edm\u0171 ki\u00e1ll\u00edt\u00e1s\u00e1n.<\/p>\n<p><strong>Helysz\u00edn:<\/strong> Budapest Gal\u00e9ria emelet<\/p>\n<p>A t\u00e1rlatvezet\u00e9sre a ki\u00e1ll\u00edt\u00e1s adotts\u00e1gai miatt limit\u00e1lt l\u00e9tsz\u00e1mban tudunk l\u00e1togat\u00f3kat fogadni, ez\u00e9rt el\u0151zetes regisztr\u00e1ci\u00f3 sz\u00fcks\u00e9ges:<\/p>\n<p><a href=\"https:\/\/docs.google.com\/forms\/d\/1S9YExgqCyVUTYxG0tPJi8tI65NGVIkPGFxbKISJmYOk\/edit\">https:\/\/docs.google.com\/forms\/d\/1S9YExgqCyVUTYxG0tPJi8tI65NGVIkPGFxbKISJmYOk\/edit<\/a><\/p>\n<p>&nbsp;<\/p>\n<p><strong>19:00 \u2013 20:00 \u00c1rnyk\u00e9plenyomatok \/ BETELT!<\/strong><br \/>\nAlkot\u00f3m\u0171hely feln\u0151tteknek<\/p>\n<p><strong>Helysz\u00edn: <\/strong>pince<\/p>\n<p>A gal\u00e9ri\u00e1ba \u00e9rkez\u0151 vend\u00e9gek 19 \u00f3r\u00e1t\u00f3l leporell\u00f3kat, t\u00e9rbeli k\u00e9peslapokat, sz\u00ednes f\u00f3liak\u00e9peket \u00e9s pausznegat\u00edvokat hajtogathatnak \u00e9s vagdoshatnak, melyek felhaszn\u00e1l\u00e1s\u00e1val mindenki k\u00e9sz\u00edthet egy saj\u00e1t \u201efot\u00f3t\u201d, egy fekete-feh\u00e9r fotogramot. A fotogram elnevez\u00e9s Moholy-Nagy L\u00e1szl\u00f3t\u00f3l ered, aki az 1920-as \u00e9vek elej\u00e9n kezdte k\u00eds\u00e9rleteit a k\u00f6zvetlen f\u00e9nyform\u00e1l\u00e1s, f\u00e9ny modul\u00e1l\u00e1s jegy\u00e9ben. Eleinte k\u00e9tdimenzi\u00f3s t\u00e1rgyakat, pap\u00edr- \u00e9s \u00fcveglapokat, fogaskerekeket, majd k\u00e9s\u0151bb k\u00fcl\u00f6nb\u00f6z\u0151 transzparens anyagokat helyezett a fot\u00f3pap\u00edrra. A M\u00fazeumok \u00c9jszak\u00e1j\u00e1n ezt a technik\u00e1t pr\u00f3b\u00e1lhatj\u00e1k ki az \u00e9rdekl\u0151d\u0151k, akik miel\u0151tt hazaviszik pap\u00edrt\u00e1rgyaikat, f\u00e9nylenyomatot k\u00e9sz\u00edthetnek r\u00f3luk.<\/p>\n<p>A program regisztr\u00e1ci\u00f3hoz k\u00f6t\u00f6tt! \/ BETELT!<\/p>\n<p>&nbsp;<\/p>\n<p><strong>21:00 \u2013 21:30 T\u00e1rlatvezet\u00e9s a \u201eMiut\u00e1n idegenek lett\u00fcnk&#8221; c\u00edm\u0171 ki\u00e1ll\u00edt\u00e1son<\/strong><\/p>\n<p>T\u00e1rlatvezet\u00e9s a ki\u00e1ll\u00edt\u00e1s kur\u00e1toraival a Budapest Gal\u00e9ria Miut\u00e1n idegenek lett\u00fcnk c\u00edm\u0171 ki\u00e1ll\u00edt\u00e1s\u00e1n.<\/p>\n<p><strong>Helysz\u00edn:<\/strong> Budapest Gal\u00e9ria f\u00f6ldszint<\/p>\n<p>A t\u00e1rlatvezet\u00e9sre a ki\u00e1ll\u00edt\u00e1s adotts\u00e1gai miatt limit\u00e1lt l\u00e9tsz\u00e1mban tudunk l\u00e1togat\u00f3kat fogadni, ez\u00e9rt el\u0151zetes regisztr\u00e1ci\u00f3 sz\u00fcks\u00e9ges:\u00a0<a href=\"https:\/\/docs.google.com\/forms\/d\/1jA7IeQFgLOUOUd_TQ5v8yY6KF08eMTueIcAvI1iFU0Q\/edit\">https:\/\/docs.google.com\/forms\/d\/1jA7IeQFgLOUOUd_TQ5v8yY6KF08eMTueIcAvI1iFU0Q\/edit<\/a><\/p>\n<p>&nbsp;<\/p>\n<p><strong>21:30 \u2013 22:00 T\u00e1rlatvezet\u00e9s a \u201ePillanatnyi elm\u00e9k&#8221; c\u00edm\u0171 ki\u00e1ll\u00edt\u00e1son<\/strong><\/p>\n<p>T\u00e1rlatvezet\u00e9s Koll\u00e1r Dalma Eszterrel, a ki\u00e1ll\u00edt\u00e1s kur\u00e1tor\u00e1val a Budapest Gal\u00e9ria Pillanatnyi elm\u00e9k c\u00edm\u0171 ki\u00e1ll\u00edt\u00e1s\u00e1n.<\/p>\n<p><strong>Helysz\u00edn:<\/strong> Budapest Gal\u00e9ria emelet<\/p>\n<p>A t\u00e1rlatvezet\u00e9sre a ki\u00e1ll\u00edt\u00e1s adotts\u00e1gai miatt limit\u00e1lt l\u00e9tsz\u00e1mban tudunk l\u00e1togat\u00f3kat fogadni, ez\u00e9rt el\u0151zetes regisztr\u00e1ci\u00f3 sz\u00fcks\u00e9ges:\u00a0<a href=\"https:\/\/docs.google.com\/forms\/d\/1XwX_8XnN0MBf4AvRtjxReObGSX7W-SKXKNDoWDfoBK4\/edit\">https:\/\/docs.google.com\/forms\/d\/1XwX_8XnN0MBf4AvRtjxReObGSX7W-SKXKNDoWDfoBK4\/edit<\/a><\/p>\n<p>&nbsp;<\/p>\n<p><strong>Lajos utca 158. | M\u00e9sz\u00e1rsz\u00e9kt\u0151l a gal\u00e9ri\u00e1ig<\/strong><\/p>\n<p>\u00c1lland\u00f3 ki\u00e1ll\u00edt\u00e1s a Budapest Gal\u00e9ri\u00e1ban<\/p>\n<p><strong>Helysz\u00edn:<\/strong> el\u0151t\u00e9r &#8211; udvar<\/p>\n<p>\u00d3buda legr\u00e9gebbi, k\u00f6z\u00e9pkori h\u00e1za ma a jelen h\u00edrn\u00f6kek\u00e9nt a kort\u00e1rs m\u0171v\u00e9szet otthon\u00e1ul szolg\u00e1l \u2013 de vajon mit mes\u00e9l a m\u00faltr\u00f3l? A M\u00fazeumok \u00c9jszak\u00e1ja alkalm\u00e1b\u00f3l kiny\u00edlnak e k\u00fcl\u00f6nleges h\u00e1z titokzatos pinc\u00e9j\u00e9nek kapui, \u00e9s egy\u00fattal felfedezhet\u0151v\u00e9 v\u00e1lik t\u00f6rt\u00e9nete is. Nem csak a h\u00e1z falai mes\u00e9lnek, de maga \u00d3buda is: a v\u00e1rosr\u00e9sz kelta \u00f6r\u00f6ks\u00e9g\u00e9t\u0151l eg\u00e9szen napjainkig utazunk. L\u00e1togat\u00f3inkat k\u00e9pzeletben visszarep\u00edtj\u00fck a 14-15. sz\u00e1zadba, amikor a h\u00e1z el\u0151tti piact\u00e9r volt a k\u00f6z\u00e9pkori \u00d3buda egyik ny\u00fczsg\u0151 k\u00f6zpontja, ahol f\u00e9rfiak \u00e9s n\u0151k, polg\u00e1rok \u00e9s parasztok, gazdagok \u00e9s szeg\u00e9nyek tal\u00e1lkoztak, a szomsz\u00e9dban pedig a klarissza ap\u00e1c\u00e1k hatalmas \u00e9p\u00fcletkomplexuma \u00e1llt, melyhez az \u00e9p\u00fclet egyik tulajdonos\u00e1nak is k\u00f6ze volt. A kanyarg\u00f3s Lajos utc\u00e1nak a sz\u00e1zadok sor\u00e1n viselt neveire is f\u00e9ny der\u00fcl.<br \/>\nA ki\u00e1ll\u00edt\u00e1s bemutatja az 1969-t\u0151l t\u00f6bb \u00fctemben foly\u00f3 r\u00e9g\u00e9szeti felt\u00e1r\u00e1sok dokument\u00e1ci\u00f3j\u00e1t, fot\u00f3kkal \u00e9s alaprajzokkal. Hol folytak az \u00e1sat\u00e1sok \u00e9s falkutat\u00e1sok? Mit mes\u00e9lnek sz\u00e1munkra a g\u00f3tikus kapuk \u00e9s ablakkeretek? Mikor \u00e9s hogyan \u00e9p\u00edtett\u00e9k \u00e1t az \u00e9p\u00fcletet \u00e9s mik estek \u00e1ldozatul az 1970-es \u00e9vek bont\u00e1sainak?<br \/>\nAz \u00e9p\u00fclett\u00f6rt\u00e9neten t\u00fal a h\u00e1z k\u00fcl\u00f6nb\u00f6z\u0151 korokban bet\u00f6lt\u00f6tt funkci\u00f3it is megismerhetj\u00fck: volt itt a k\u00f6z\u00e9pkorban m\u00e9sz\u00e1rsz\u00e9k, majd a t\u00f6r\u00f6k kor ut\u00e1n a Zichy csal\u00e1d uradalmi \u201eSerf\u0151z\u0151h\u00e1za\u201d is. Ut\u00f3bbi kapcs\u00e1n bepillant\u00e1st nyerhet\u00fcnk egy vit\u00e1ba is, amely a gr\u00f3fi csal\u00e1d \u00e9s b\u00e9rl\u0151je k\u00f6z\u00f6tt pattant ki. V\u00e9g\u00fcl az \u00e9p\u00fclet 19. \u00e9s 20. sz\u00e1zadi tulajdonosi viszonyai is felt\u00e1rulnak el\u0151tt\u00fcnk \u2013 a boltok \u00e9s lak\u00e1sok meglep\u0151en sz\u00ednes sokas\u00e1ga.[\/vc_column_text][\/vc_column][\/vc_row][vc_row css_animation=&#8221;&#8221; row_type=&#8221;row&#8221; use_row_as_full_screen_section=&#8221;no&#8221; type=&#8221;full_width&#8221; angled_section=&#8221;no&#8221; text_align=&#8221;left&#8221; background_image_as_pattern=&#8221;without_pattern&#8221;][vc_column][vc_empty_space][vc_gallery type=&#8221;image_grid&#8221; images=&#8221;22949,22976,22981,22954&#8243; onclick=&#8221;&#8221; column_number=&#8221;4&#8243; grayscale=&#8221;no&#8221; images_space=&#8221;gallery_without_space&#8221;][vc_empty_space][vc_empty_space][vc_empty_space][\/vc_column][\/vc_row][vc_row css_animation=&#8221;&#8221; row_type=&#8221;row&#8221; use_row_as_full_screen_section=&#8221;no&#8221; type=&#8221;full_width&#8221; angled_section=&#8221;no&#8221; text_align=&#8221;left&#8221; background_image_as_pattern=&#8221;without_pattern&#8221;][vc_column][vc_empty_space][vc_empty_space][\/vc_column][\/vc_row][vc_row css_animation=&#8221;&#8221; row_type=&#8221;row&#8221; use_row_as_full_screen_section=&#8221;no&#8221; type=&#8221;full_width&#8221; angled_section=&#8221;no&#8221; text_align=&#8221;left&#8221; background_image_as_pattern=&#8221;without_pattern&#8221;][vc_column][vc_empty_space][\/vc_column][\/vc_row][vc_row css_animation=&#8221;&#8221; row_type=&#8221;row&#8221; use_row_as_full_screen_section=&#8221;no&#8221; type=&#8221;full_width&#8221; angled_section=&#8221;no&#8221; text_align=&#8221;left&#8221; background_image_as_pattern=&#8221;without_pattern&#8221;][vc_column][vc_empty_space][\/vc_column][\/vc_row]<\/p>\n<\/div>","protected":false},"excerpt":{"rendered":"<p>[vc_row css_animation=&#8221;&#8221; row_type=&#8221;row&#8221; use_row_as_full_screen_section=&#8221;no&#8221; type=&#8221;full_width&#8221; angled_section=&#8221;no&#8221; text_align=&#8221;left&#8221; background_image_as_pattern=&#8221;without_pattern&#8221;][vc_column][vc_single_image image=&#8221;23064&#8243; img_size=&#8221;full&#8221; alignment=&#8221;center&#8221; qode_css_animation=&#8221;&#8221;][vc_empty_space][vc_empty_space][\/vc_column][\/vc_row][vc_row css_animation=&#8221;&#8221; row_type=&#8221;row&#8221; use_row_as_full_screen_section=&#8221;no&#8221;&#8230;<\/p>\n","protected":false},"author":15,"featured_media":0,"parent":0,"menu_order":0,"comment_status":"closed","ping_status":"closed","template":"","meta":{"inline_featured_image":false,"loftloader_pro_show_once":"","loftloader_pro_page_shortcode":"","footnotes":""},"class_list":["post-22934","page","type-page","status-publish","hentry"],"_links":{"self":[{"href":"https:\/\/budapestgaleria.hu\/_\/wp-json\/wp\/v2\/pages\/22934","targetHints":{"allow":["GET"]}}],"collection":[{"href":"https:\/\/budapestgaleria.hu\/_\/wp-json\/wp\/v2\/pages"}],"about":[{"href":"https:\/\/budapestgaleria.hu\/_\/wp-json\/wp\/v2\/types\/page"}],"author":[{"embeddable":true,"href":"https:\/\/budapestgaleria.hu\/_\/wp-json\/wp\/v2\/users\/15"}],"replies":[{"embeddable":true,"href":"https:\/\/budapestgaleria.hu\/_\/wp-json\/wp\/v2\/comments?post=22934"}],"version-history":[{"count":0,"href":"https:\/\/budapestgaleria.hu\/_\/wp-json\/wp\/v2\/pages\/22934\/revisions"}],"wp:attachment":[{"href":"https:\/\/budapestgaleria.hu\/_\/wp-json\/wp\/v2\/media?parent=22934"}],"curies":[{"name":"wp","href":"https:\/\/api.w.org\/{rel}","templated":true}]}}