{"id":24087,"date":"2025-10-23T11:45:44","date_gmt":"2025-10-23T09:45:44","guid":{"rendered":"https:\/\/budapestgaleria.hu\/_\/?page_id=24087"},"modified":"2026-05-07T13:28:51","modified_gmt":"2026-05-07T11:28:51","slug":"a-neurodiverzitasrol","status":"publish","type":"page","link":"https:\/\/budapestgaleria.hu\/_\/2025-kiallitasok\/a-neurodiverzitasrol\/","title":{"rendered":"A neurodiverzit\u00e1sr\u00f3l"},"content":{"rendered":"<div class=\"wpb-content-wrapper\"><p>[vc_row css_animation=&#8221;&#8221; seperator_indeed_locker=&#8221;&#8221; lk_t=&#8221;ism_template_1&#8243; lk_io=&#8221;default&#8221; lk_dm=&#8221;0&#8243; lk_thm=&#8221;0&#8243; lk_tuo=&#8221;0&#8243; ru_on=&#8221;0&#8243; uhc_on=&#8221;0&#8243; ur_on=&#8221;0&#8243; ref_on=&#8221;0&#8243; row_type=&#8221;row&#8221; use_row_as_full_screen_section=&#8221;no&#8221; type=&#8221;grid&#8221; angled_section=&#8221;no&#8221; text_align=&#8221;left&#8221; background_image_as_pattern=&#8221;without_pattern&#8221; template=&#8221;ism_template_1&#8243; ism_overlock=&#8221;default&#8221; sm_d_text=&#8221;<\/p>\n<h2>This content is locked<\/h2>\n<p>Share This Page To Unlock The Content!&#8221;][vc_column][vc_single_image image=&#8221;24053&#8243; img_size=&#8221;full&#8221; css=&#8221;&#8221; qode_css_animation=&#8221;&#8221;][\/vc_column][\/vc_row][vc_row css_animation=&#8221;&#8221; row_type=&#8221;row&#8221; use_row_as_full_screen_section=&#8221;no&#8221; type=&#8221;grid&#8221; angled_section=&#8221;no&#8221; text_align=&#8221;left&#8221; background_image_as_pattern=&#8221;without_pattern&#8221;][vc_column][vc_empty_space height=&#8221;45px&#8221;][vc_column_text css=&#8221;&#8221;]<\/p>\n<h1 class=\"cim_1\"><em>A neurodiverzit\u00e1sr\u00f3l<\/em><\/h1>\n<p>[\/vc_column_text][vc_empty_space height=&#8221;45px&#8221;][\/vc_column][\/vc_row][vc_row css_animation=&#8221;&#8221; row_type=&#8221;row&#8221; use_row_as_full_screen_section=&#8221;no&#8221; type=&#8221;grid&#8221; angled_section=&#8221;no&#8221; text_align=&#8221;left&#8221; background_image_as_pattern=&#8221;without_pattern&#8221; bgparallax=&#8221;parallax&#8221; contentwidth=&#8221;container&#8221; toppadding=&#8221;40&#8243; bottompadding=&#8221;10&#8243; border=&#8221;on&#8221; css=&#8221;.vc_custom_1420648296958{background-color: #ffffff !important;}&#8221;][vc_column width=&#8221;1\/3&#8243; css=&#8221;.vc_custom_1427029754112{padding-right: 25px !important;}&#8221; el_class=&#8221;full-1&#8243;][vc_column_text css=&#8221;&#8221;]<\/p>\n<p class=\"hely_bpgal\">Budapest Gal\u00e9ria<\/p>\n<p class=\"cim_bpgal\">1036 Budapest, Lajos utca 158.<\/p>\n<p class=\"datum_bpgal\">2025. november 12. \u2013 2026. febru\u00e1r 1.<\/p>\n<p>[\/vc_column_text][vc_column_text css=&#8221;&#8221;]<\/p>\n<p class=\"kiemeles_bpgal\">Ki\u00e1ll\u00edt\u00f3 m\u0171v\u00e9szek:<\/p>\n<p class=\"verzal_bpgal\">D\u00f3ra Emese, Francsics Gy\u00f6rgyi, Gyarmati Zsuzsi, N\u00e9meth D\u00f3ra, P. Szathm\u00e1ry Istv\u00e1n, Rub\u00f3czki Benedek, Turch\u00e1nyi Zs\u00f3fia, Velegi Csaba<\/p>\n<p>[\/vc_column_text][vc_column_text css=&#8221;&#8221;]<\/p>\n<p class=\"kiemeles_bpgal\">A ki\u00e1ll\u00edt\u00e1s kur\u00e1torai:<\/p>\n<p class=\"verzal_bpgal\">Hermann J\u00falia, Koll\u00e1r Dalma Eszter<\/p>\n<p>[\/vc_column_text][vc_column_text css=&#8221;&#8221;]<\/p>\n<p class=\"kiemeles_bpgal\">Szakmai k\u00f6zrem\u0171k\u00f6d\u0151k:<\/p>\n<p class=\"verzal_bpgal\">Dr. Madarassy-Sz\u00fccs Anna, V\u00e9tek Zs\u00f3fia (Neurodiverz M\u0171hely)<\/p>\n<p>[\/vc_column_text][vc_column_text css=&#8221;&#8221;]<\/p>\n<p class=\"kiemeles_bpgal\">M\u0171v\u00e9szeti mentor:<\/p>\n<p class=\"verzal_bpgal\">Erd\u00e9ly Jakab<\/p>\n<p>[\/vc_column_text][vc_column_text css=&#8221;&#8221;]<\/p>\n<p class=\"kiemeles_bpgal\">Megnyit\u00f3:<\/p>\n<p class=\"datum_bpgal_2\">2025. november 11., (kedd) 15:00-t\u00f3l<\/p>\n<p class=\"kiemeles_bpgal\">15:00-16:00<\/p>\n<p class=\"datum_bpgal_2\">Csendes megnyit\u00f3<\/p>\n<p class=\"kiemeles_bpgal\">16:00-18:00<\/p>\n<p class=\"datum_bpgal_2\">\u00c9l\u0151 K\u00f6nyvt\u00e1r<\/p>\n<p class=\"kiemeles_bpgal\">18:30<\/p>\n<p class=\"datum_bpgal_2\">Turch\u00e1nyi Zs\u00f3fia performansza<\/p>\n<p>[\/vc_column_text][vc_column_text css=&#8221;&#8221;]<\/p>\n<p class=\"kiemeles_bpgal\">Grafika:<\/p>\n<p class=\"verzal_bpgal\">M\u00e1t\u00e9 D\u00e1niel<\/p>\n<p>[\/vc_column_text][vc_empty_space][\/vc_column][vc_column width=&#8221;2\/3&#8243; el_class=&#8221;full-2&#8243;][vc_column_text css=&#8221;&#8221;]Neurodiverzit\u00e1s alatt \u00e1ltal\u00e1noss\u00e1gban az atipikus idegrendszeri m\u0171k\u00f6d\u00e9st \u00e9s az ahhoz k\u00f6thet\u0151 folyamatokat, jelens\u00e9geket, \u00e1llapotokat \u00e9rti a k\u00f6znyelv. Van, akin\u00e9l ez az \u00e1tlagt\u00f3l elt\u00e9r\u0151, felismerhet\u0151 mint\u00e1zatokban jelenik meg, amit p\u00e9ld\u00e1ul autizmusk\u00e9nt vagy ADHD-k\u00e9nt ismer\u00fcnk. A neurodiverzit\u00e1s flexibilit\u00e1s\u00e1t \u00e9s inkluzivit\u00e1s\u00e1t mutatja, hogy val\u00f3j\u00e1ban mag\u00e1ban foglal mindenkit, akinek van idegrendszere. Ahogy nincs k\u00e9t egyforma agy, \u00fagy nincs k\u00e9t egyforma ember sem. A kifejez\u00e9s nemcsak az elt\u00e9r\u0151 m\u0171k\u00f6d\u00e9s le\u00edr\u00e1s\u00e1t jelenti, hanem azt is, hogy mindenkinek joga van a biztons\u00e1ghoz, a tiszteletteljes b\u00e1n\u00e1sm\u00f3dhoz. A neurodiverzit\u00e1s mozgalomhoz ez\u00e9rt kapcsol\u00f3dik az \u00e9rdek\u00e9rv\u00e9nyes\u00edt\u00e9s \u00e9s a m\u00e9lt\u00e1nyos t\u00e1rsadalmi r\u00e9szv\u00e9tel is.<\/p>\n<p>A Budapest Gal\u00e9ria 2025 m\u00e1rcius\u00e1ban \u00edrta ki neurodivergens alkot\u00f3knak sz\u00f3l\u00f3 ny\u00edlt p\u00e1ly\u00e1zat\u00e1t, amelynek eredm\u00e9nyek\u00e9ppen nyolc m\u0171v\u00e9sz \u2013 D\u00f3ra Emese, Francsics Gy\u00f6rgyi, Gyarmati Zsuzsi, N\u00e9meth D\u00f3ra, P. Szathm\u00e1ry Istv\u00e1n, Rub\u00f3czki Benedek, Turch\u00e1nyi Zs\u00f3fia \u00e9s Velegi Csaba \u2013 ker\u00fclt kiv\u00e1laszt\u00e1sra a felk\u00e9sz\u00edt\u0151 workshopokon \u00e9s a 2025. november 11-\u00e9n ny\u00edl\u00f3 ki\u00e1ll\u00edt\u00e1son val\u00f3 r\u00e9szv\u00e9telre. Az el\u0151k\u00e9sz\u00edt\u0151 id\u0151szak sor\u00e1n a r\u00e9sztvev\u0151k, a kur\u00e1torok \u00e9s az egy\u00fcttm\u0171k\u00f6d\u0151 partnerk\u00e9nt megh\u00edvott Neurodiverz M\u0171hely k\u00e9pvisel\u0151i p\u00e1rbesz\u00e9det folytatva alak\u00edtott\u00e1k a k\u00f6z\u00f6s munka kereteit, a ki\u00e1ll\u00edt\u00e1s f\u0151 sarokpontjait \u00e9s r\u00e9szleteit, amelynek nyom\u00e1n minden bemutatott m\u0171 kifejezetten a ki\u00e1ll\u00edt\u00e1sra k\u00e9sz\u00fclt.<\/p>\n<p>A ki\u00e1ll\u00edt\u00e1son az alkot\u00f3k saj\u00e1t \u00e9lm\u00e9nyein kereszt\u00fcl jelennek meg a neurodivergens l\u00e9t tapasztalatai: a mindennapi neh\u00e9zs\u00e9gek, bels\u0151 folyamatok, valamint a t\u00e1rsadalmi k\u00f6rnyezethez val\u00f3 viszony. A m\u0171vekben kifejez\u00e9sre jut\u00f3 tapasztalatokhoz t\u00e1mpontokat ny\u00fajt, \u00e9s kieg\u00e9sz\u00edt\u00e9st ad t\u00f6bb, a neurodiverzit\u00e1shoz \u00e9s a neurodivergens \u00e9lethez k\u00f6thet\u0151 fogalom, amelyek sokszor egym\u00e1ssal \u00f6sszef\u00fcgg\u00e9sben \u00e9rtelmezve, a ki\u00e1ll\u00edt\u00f3t\u00e9r falain magyar\u00e1znak el pszichol\u00f3giai \u00e9s szociol\u00f3giai folyamatokat. A val\u00f3s \u00e9lm\u00e9nyeken alapul\u00f3 alkot\u00e1sokkal p\u00e1rhuzamosan a ki\u00e1ll\u00edt\u00e1s olyan informat\u00edv anyagokat is bemutat, amelyek \u00e1tfog\u00f3bb k\u00e9pet adnak a neurodivergens szem\u00e9lyek tapasztalatair\u00f3l, neh\u00e9zs\u00e9geir\u0151l.<\/p>\n<p>A projektet v\u00e9gigk\u00eds\u00e9r\u0151 alapvet\u00e9s a p\u00e1rbesz\u00e9d: egyr\u00e9szr\u0151l a ki\u00e1ll\u00edt\u00e1st \u00e9s az el\u0151k\u00e9sz\u00edt\u0151 id\u0151szakot a r\u00e9sztvev\u0151k k\u00f6z\u00f6sen alak\u00edtott\u00e1k, \u00edgy val\u00f3di, akt\u00edv odafigyel\u00e9sen alapul\u00f3 egy\u00fcttm\u0171k\u00f6d\u00e9s j\u00f6hetett l\u00e9tre. M\u00e1sr\u00e9szr\u0151l pedig a ki\u00e1ll\u00edt\u00e1s a t\u00e1rsadalom eg\u00e9sz\u00e9nek felel\u0151ss\u00e9g\u00e9t hangs\u00falyozva \u00e9s az \u00fan. neuroaffirmat\u00edv szeml\u00e9let (vagyis a neurodiverzit\u00e1st \u00e9rt\u00e9kk\u00e9nt elismer\u0151, az identit\u00e1s biztons\u00e1gos kibontakoz\u00e1s\u00e1t t\u00e1mogat\u00f3 megk\u00f6zel\u00edt\u00e9s) ment\u00e9n k\u00edv\u00e1n diskurzust kezdem\u00e9nyezni. A neurotipikus, t\u00f6bbs\u00e9gi t\u00e1rsadalom t\u00e1j\u00e9koz\u00f3d\u00e1ssal, \u00e9rz\u00e9keny odafigyel\u00e9ssel \u00e9s kis l\u00e9p\u00e9sekkel rengeteget tehet az\u00e9rt, hogy a k\u00fcl\u00f6nb\u00f6z\u0151s\u00e9geket ne h\u00e1tr\u00e1nyk\u00e9nt, hanem az emberi sokf\u00e9les\u00e9g r\u00e9szek\u00e9nt l\u00e1ssuk.[\/vc_column_text][vc_empty_space height=&#8221;45&#8243;][vc_separator type=&#8221;normal&#8221; color=&#8221;#c6c6c6&#8243; up=&#8221;10&#8243; down=&#8221;20&#8243;][vc_empty_space height=&#8221;45&#8243;][vc_single_image image=&#8221;24380&#8243; img_size=&#8221;141&#215;140&#8243; onclick=&#8221;custom_link&#8221; img_link_target=&#8221;_blank&#8221; css=&#8221;&#8221; qode_css_animation=&#8221;&#8221;][vc_empty_space height=&#8221;20px&#8221;][vc_column_text css=&#8221;&#8221;]<strong>K\u00f6nnyen \u00c9rthet\u0151 Kommunik\u00e1ci\u00f3<\/strong>[\/vc_column_text][vc_empty_space][vc_column_text css=&#8221;&#8221;]<strong>Neurodiverzit\u00e1s<\/strong><\/p>\n<p>A neurodiverzit\u00e1s azt jelenti,<br \/>\nhogy az emberek agya sokf\u00e9lek\u00e9ppen m\u0171k\u00f6dik.<br \/>\nMinden ember m\u00e1shogy gondolkodik.<br \/>\nSok ember agya megszokottan m\u0171k\u00f6dik.<br \/>\nSok ember agya szokatlanul m\u0171k\u00f6dik.<br \/>\nSzokatlan agym\u0171k\u00f6d\u00e9s p\u00e9ld\u00e1ul<br \/>\naz autizmus vagy az ADHD.<br \/>\nAz ADHD magyar neve: figyelemhi\u00e1nyos hiperaktivit\u00e1s-zavar.<br \/>\nAz autizmus \u00e9s az ADHD sokf\u00e9le t\u00fcnetet mutat.<\/p>\n<p>A neurodiverzit\u00e1s az elt\u00e9r\u0151 agyak tisztelet\u00e9t is jelenti.<br \/>\nMinden ember agya \u00e9rt\u00e9kes.<br \/>\nA szokatlan agy \u00e9rt\u00e9kes.<br \/>\nA tipikus agy is \u00e9rt\u00e9kes.<br \/>\nAz emberek elt\u00e9r\u0151ek \u00e9s a gondolataik is elt\u00e9r\u0151ek.<\/p>\n<p>Minden embernek joga van a biztons\u00e1ghoz \u00e9s a tisztelethez.<br \/>\nA neurodiverzit\u00e1s egy mozgalom.<br \/>\nA mozgalom k\u00fczd az egyenl\u0151s\u00e9g\u00e9rt \u00e9s a tisztelet\u00e9rt.<\/p>\n<p><strong>Budapest Gal\u00e9ria p\u00e1ly\u00e1zata<\/strong><\/p>\n<p>A Budapest Gal\u00e9ria 2025 m\u00e1rcius\u00e1ban p\u00e1ly\u00e1zatot hirdetett.<br \/>\nNeurodivergens alkot\u00f3k jelentkezhettek a p\u00e1ly\u00e1zatra.<br \/>\nA neurodivergens sz\u00f3 azt jelenti,<br \/>\nhogy az ember agya szokatlanul m\u0171k\u00f6dik.<br \/>\nA p\u00e1ly\u00e1z\u00f3 m\u0171v\u00e9szek szokatlan gondolkod\u00e1s\u00faak.<\/p>\n<p>A p\u00e1ly\u00e1zat ut\u00e1n 8 m\u0171v\u00e9szt v\u00e1lasztottak ki:<br \/>\n&#8211; D\u00f3ra Emese,<br \/>\n&#8211; Francsics Gy\u00f6rgyi,<br \/>\n&#8211; Gyarmati Zsuzsi,<br \/>\n&#8211; N\u00e9meth D\u00f3ra,<br \/>\n&#8211; P. Szathm\u00e1ry Istv\u00e1n,<br \/>\n&#8211; Rub\u00f3czki Benedek,<br \/>\n&#8211; Turch\u00e1nyi Zs\u00f3fia<br \/>\n&#8211; Velegi Csaba.<\/p>\n<p>A m\u0171v\u00e9szek r\u00e9szt vettek felk\u00e9sz\u00edt\u0151 foglalkoz\u00e1sokon.<br \/>\nA m\u0171v\u00e9szek bemutatj\u00e1k m\u0171veiket egy ki\u00e1ll\u00edt\u00e1son.<br \/>\nA ki\u00e1ll\u00edt\u00e1s 2025. november 11-\u00e9n ny\u00edlik.<\/p>\n<p>A m\u0171v\u00e9szek a felk\u00e9sz\u00fcl\u00e9skor sok szakemberrel dolgoztak.<br \/>\nP\u00e9ld\u00e1ul dolgoztak a Neurodiverz M\u0171hely szakembereivel.<br \/>\nMegbesz\u00e9lt\u00e9k a ki\u00e1ll\u00edt\u00e1st.<br \/>\nMegbesz\u00e9lt\u00e9k az alkot\u00e1saik bemutat\u00e1s\u00e1t a ki\u00e1ll\u00edt\u00e1son.<br \/>\nA m\u0171v\u00e9szek az alkot\u00e1sokat a ki\u00e1ll\u00edt\u00e1sra k\u00e9sz\u00edtett\u00e9k.<\/p>\n<p><strong>Mir\u0151l sz\u00f3l a ki\u00e1ll\u00edt\u00e1s?<\/strong><\/p>\n<p>A m\u0171v\u00e9szek saj\u00e1t \u00e9lm\u00e9nyeiket mutatj\u00e1k be.<br \/>\nA m\u0171v\u00e9szek bemutatj\u00e1k a neh\u00e9zs\u00e9geiket, az \u00e9rz\u00e9seiket.<br \/>\nA m\u0171v\u00e9szek bemutatj\u00e1k<br \/>\na t\u00e1rsadalom gondolatait a neurodivergens emberekr\u0151l.<\/p>\n<p>Magyar\u00e1z\u00f3 sz\u00f6vegeket olvashat a ki\u00e1ll\u00edt\u00e1son.<br \/>\nA sz\u00f6vegek seg\u00edtenek meg\u00e9rteni a m\u0171v\u00e9szek \u00e9rz\u00e9seit.<br \/>\nA sz\u00f6vegek pszichol\u00f3giai \u00e9s szociol\u00f3giai folyamatokat \u00edrnak le.<\/p>\n<p>A ki\u00e1ll\u00edt\u00e1s c\u00e9lja,<br \/>\nhogy a l\u00e1togat\u00f3k megismerj\u00e9k a neurodivergens embereket.<\/p>\n<p><strong>P\u00e1rbesz\u00e9d \u00e9s elfogad\u00e1s<\/strong><\/p>\n<p>A programban fontos volt a p\u00e1rbesz\u00e9d.<br \/>\nA r\u00e9sztvev\u0151k meghallgatt\u00e1k \u00e9s seg\u00edtett\u00e9k egym\u00e1st.<br \/>\nA r\u00e9sztvev\u0151k besz\u00e9lgettek a ki\u00e1ll\u00edt\u00e1sr\u00f3l a felk\u00e9sz\u00fcl\u00e9skor.<br \/>\nA r\u00e9sztvev\u0151k egy\u00fcttm\u0171k\u00f6dtek.<\/p>\n<p>A ki\u00e1ll\u00edt\u00e1s \u00fczen a l\u00e1togat\u00f3nak.<br \/>\nP\u00e9ld\u00e1ul a t\u00e1rsadalom felel\u0151s az elfogad\u00e1s\u00e9rt.<br \/>\nFontos a neuroaffirmat\u00edv szeml\u00e9let.<br \/>\nA neuroaffirmat\u00edv szeml\u00e9let azt jelenti,<br \/>\nhogy a k\u00fcl\u00f6nb\u00f6z\u0151s\u00e9get \u00e9rt\u00e9knek tekintj\u00fck.<br \/>\nA szeml\u00e9let t\u00e1mogatja a k\u00fcl\u00f6nb\u00f6z\u0151 emberek biztons\u00e1g\u00e1t.<\/p>\n<p>Az emberek t\u00e1j\u00e9koz\u00f3djanak a szokatlan gondolkod\u00e1sr\u00f3l.<br \/>\nA k\u00fcl\u00f6nb\u00f6z\u0151s\u00e9g nem h\u00e1tr\u00e1ny.<br \/>\nL\u00e1ssuk meg az emberi sokf\u00e9les\u00e9get![\/vc_column_text][vc_empty_space height=&#8221;45&#8243;][vc_column_text css=&#8221;&#8221;]<\/p>\n<p class=\"kepalairas_cim_bal\">A k\u00f6nnyen \u00e9rthet\u0151 sz\u00f6veget k\u00e9sz\u00edtette Farkasn\u00e9 dr. G\u00f6nczi Rita<\/p>\n<p class=\"kepalairas_cim_bal\">A k\u00f6nnyen \u00e9rthet\u0151 sz\u00f6veget lektor\u00e1lta Bern\u00e1th Borb\u00e1la tapasztalati szak\u00e9rt\u0151.<\/p>\n<p class=\"kepalairas_cim_bal\">A k\u00f6nnyen \u00e9rthet\u0151 kommunik\u00e1ci\u00f3r\u00f3l t\u00f6bbet olvashat a www.konnyenertheto.gonczirita.hu oldalon.<\/p>\n<p>[\/vc_column_text][vc_empty_space height=&#8221;45&#8243;][vc_separator type=&#8221;normal&#8221; color=&#8221;#c6c6c6&#8243; up=&#8221;10&#8243; down=&#8221;20&#8243;][vc_single_image image=&#8221;24056&#8243; img_size=&#8221;150&#215;150&#8243; onclick=&#8221;custom_link&#8221; img_link_target=&#8221;_blank&#8221; css=&#8221;&#8221; qode_css_animation=&#8221;&#8221; link=&#8221;https:\/\/www.neurodiverzmuhely.hu\/#about&#8221;][vc_empty_space height=&#8221;45&#8243;][vc_single_image image=&#8221;19992&#8243; img_size=&#8221;204&#215;100&#8243; onclick=&#8221;custom_link&#8221; img_link_target=&#8221;_blank&#8221; css=&#8221;&#8221; qode_css_animation=&#8221;&#8221; link=&#8221;https:\/\/nka.hu\/&#8221;][vc_empty_space height=&#8221;45&#8243;][vc_empty_space height=&#8221;45&#8243;][vc_video link=&#8221;https:\/\/youtu.be\/LEKWNMrAwk8?si=E-8xbJZ7reoiLA3l&#8221; align=&#8221;center&#8221;][vc_empty_space height=&#8221;45&#8243;][vc_single_image image=&#8221;24529&#8243; img_size=&#8221;full&#8221; css=&#8221;&#8221; qode_css_animation=&#8221;&#8221;][vc_empty_space height=&#8221;45&#8243;][vc_single_image image=&#8221;24534&#8243; img_size=&#8221;full&#8221; css=&#8221;&#8221; qode_css_animation=&#8221;&#8221;][vc_empty_space height=&#8221;45&#8243;][vc_single_image image=&#8221;24537&#8243; img_size=&#8221;full&#8221; css=&#8221;&#8221; qode_css_animation=&#8221;&#8221;][vc_empty_space height=&#8221;45&#8243;][vc_single_image image=&#8221;24539&#8243; img_size=&#8221;full&#8221; css=&#8221;&#8221; qode_css_animation=&#8221;&#8221;][vc_empty_space height=&#8221;45&#8243;][vc_single_image image=&#8221;24542&#8243; img_size=&#8221;full&#8221; css=&#8221;&#8221; qode_css_animation=&#8221;&#8221;][vc_empty_space height=&#8221;45&#8243;][vc_single_image image=&#8221;24544&#8243; img_size=&#8221;full&#8221; css=&#8221;&#8221; qode_css_animation=&#8221;&#8221;][vc_empty_space height=&#8221;45&#8243;][vc_single_image image=&#8221;24547&#8243; img_size=&#8221;full&#8221; css=&#8221;&#8221; qode_css_animation=&#8221;&#8221;][vc_empty_space height=&#8221;45&#8243;][vc_single_image image=&#8221;24550&#8243; img_size=&#8221;full&#8221; css=&#8221;&#8221; qode_css_animation=&#8221;&#8221;][vc_empty_space height=&#8221;45&#8243;][vc_single_image image=&#8221;24553&#8243; img_size=&#8221;full&#8221; css=&#8221;&#8221; qode_css_animation=&#8221;&#8221;][vc_empty_space height=&#8221;45&#8243;][vc_single_image image=&#8221;24555&#8243; img_size=&#8221;full&#8221; css=&#8221;&#8221; qode_css_animation=&#8221;&#8221;][vc_empty_space height=&#8221;45&#8243;][vc_single_image image=&#8221;24557&#8243; img_size=&#8221;full&#8221; css=&#8221;&#8221; qode_css_animation=&#8221;&#8221;][vc_empty_space height=&#8221;45&#8243;][vc_single_image image=&#8221;24805&#8243; img_size=&#8221;full&#8221; css=&#8221;&#8221; qode_css_animation=&#8221;&#8221;][vc_empty_space height=&#8221;45&#8243;][vc_single_image image=&#8221;24807&#8243; img_size=&#8221;full&#8221; css=&#8221;&#8221; qode_css_animation=&#8221;&#8221;][vc_empty_space height=&#8221;45&#8243;][vc_single_image image=&#8221;24811&#8243; img_size=&#8221;full&#8221; css=&#8221;&#8221; qode_css_animation=&#8221;&#8221;][vc_empty_space height=&#8221;45&#8243;][vc_single_image image=&#8221;24809&#8243; img_size=&#8221;full&#8221; css=&#8221;&#8221; qode_css_animation=&#8221;&#8221; el_class=&#8221;full-img&#8221;][vc_empty_space height=&#8221;20&#8243;][vc_column_text css=&#8221;&#8221;]<\/p>\n<p class=\"kepalairas_cim_jobb\">Fot\u00f3k: Juh\u00e1sz G. Tam\u00e1s<\/p>\n<p>[\/vc_column_text][vc_empty_space height=&#8221;45&#8243;][\/vc_column][\/vc_row][vc_row css_animation=&#8221;&#8221; row_type=&#8221;row&#8221; use_row_as_full_screen_section=&#8221;no&#8221; type=&#8221;grid&#8221; angled_section=&#8221;no&#8221; text_align=&#8221;left&#8221; background_image_as_pattern=&#8221;without_pattern&#8221; template=&#8221;ism_template_1&#8243; ism_overlock=&#8221;default&#8221; sm_d_text=&#8221;<\/p>\n<h2>This content is locked<\/h2>\n<p>Share This Page To Unlock The Content!&#8221;][vc_column][vc_empty_space height=&#8221;45px&#8221;][\/vc_column][\/vc_row]<\/p>\n<\/div>","protected":false},"excerpt":{"rendered":"<p>[vc_row css_animation=&#8221;&#8221; seperator_indeed_locker=&#8221;&#8221; lk_t=&#8221;ism_template_1&#8243; lk_io=&#8221;default&#8221; lk_dm=&#8221;0&#8243; lk_thm=&#8221;0&#8243; lk_tuo=&#8221;0&#8243; ru_on=&#8221;0&#8243; uhc_on=&#8221;0&#8243; ur_on=&#8221;0&#8243; ref_on=&#8221;0&#8243; row_type=&#8221;row&#8221; use_row_as_full_screen_section=&#8221;no&#8221; type=&#8221;grid&#8221;&#8230;<\/p>\n","protected":false},"author":1,"featured_media":0,"parent":22246,"menu_order":0,"comment_status":"closed","ping_status":"closed","template":"full_width.php","meta":{"inline_featured_image":false,"loftloader_pro_show_once":"","loftloader_pro_page_shortcode":"","footnotes":""},"class_list":["post-24087","page","type-page","status-publish","hentry"],"_links":{"self":[{"href":"https:\/\/budapestgaleria.hu\/_\/wp-json\/wp\/v2\/pages\/24087","targetHints":{"allow":["GET"]}}],"collection":[{"href":"https:\/\/budapestgaleria.hu\/_\/wp-json\/wp\/v2\/pages"}],"about":[{"href":"https:\/\/budapestgaleria.hu\/_\/wp-json\/wp\/v2\/types\/page"}],"author":[{"embeddable":true,"href":"https:\/\/budapestgaleria.hu\/_\/wp-json\/wp\/v2\/users\/1"}],"replies":[{"embeddable":true,"href":"https:\/\/budapestgaleria.hu\/_\/wp-json\/wp\/v2\/comments?post=24087"}],"version-history":[{"count":32,"href":"https:\/\/budapestgaleria.hu\/_\/wp-json\/wp\/v2\/pages\/24087\/revisions"}],"predecessor-version":[{"id":24903,"href":"https:\/\/budapestgaleria.hu\/_\/wp-json\/wp\/v2\/pages\/24087\/revisions\/24903"}],"up":[{"embeddable":true,"href":"https:\/\/budapestgaleria.hu\/_\/wp-json\/wp\/v2\/pages\/22246"}],"wp:attachment":[{"href":"https:\/\/budapestgaleria.hu\/_\/wp-json\/wp\/v2\/media?parent=24087"}],"curies":[{"name":"wp","href":"https:\/\/api.w.org\/{rel}","templated":true}]}}