{"id":24415,"date":"2025-12-03T15:29:40","date_gmt":"2025-12-03T14:29:40","guid":{"rendered":"https:\/\/budapestgaleria.hu\/_\/?page_id=24415"},"modified":"2025-12-03T16:45:54","modified_gmt":"2025-12-03T15:45:54","slug":"open-call-2026-center-europeen-dactions-artistiques-contemporaines-ceaac-strasbourg","status":"publish","type":"page","link":"https:\/\/budapestgaleria.hu\/_\/open-call-2026-center-europeen-dactions-artistiques-contemporaines-ceaac-strasbourg\/","title":{"rendered":"Open Call 2026 \/ Center europ\u00e9en d\u2019actions artistiques contemporaines (CEAAC), Strasbourg"},"content":{"rendered":"<div class=\"wpb-content-wrapper\"><p>[vc_row css_animation=&#8221;&#8221; row_type=&#8221;row&#8221; use_row_as_full_screen_section=&#8221;no&#8221; type=&#8221;full_width&#8221; angled_section=&#8221;no&#8221; text_align=&#8221;left&#8221; background_image_as_pattern=&#8221;without_pattern&#8221;][vc_column][vc_single_image image=&#8221;24416&#8243; img_size=&#8221;full&#8221; qode_css_animation=&#8221;&#8221;][vc_empty_space][vc_empty_space][vc_column_text css=&#8221;&#8221;]<\/p>\n<h4>Open Call 2026 \/ Center europ\u00e9en d\u2019actions artistiques contemporaines (CEAAC), Strasbourg<\/h4>\n<p>&nbsp;<\/p>\n<p>On behalf of the Municipality of Budapest, the BHM Budapest Gallery and the <a href=\"https:\/\/ceaac.org\/en\/residence\/strasbourg-2\/\"><strong>Centre europ\u00e9en d\u2019actions artistiques contemporaines (CEAAC) in Strasbourg<\/strong><\/a> jointly announce a call for artists living and working in Budapest for the year 2026, for creative, professional and artistic networking opportunities.<\/p>\n<p><strong>Residency period:<\/strong> 1 April \u2013 30 April 2026<\/p>\n<p>The CEAAC will provide the winning applicant:<\/p>\n<p>-fully equipped accomodation and studio in the center of Strasbourg nearby the CEAAC<\/p>\n<p>-A financial support of 1000 \u20ac (providing an invoice is necessary)<\/p>\n<p>-professional support as required and a public event at the end of the residency<\/p>\n<p><strong>Application requirements:<\/strong><\/p>\n<p>Applications are invited from those who have won this competition up to once and travelled before 2022. The CEAAC and BHM Budapest Gallery also expect applicants who can speak English and\/or French at an adequate level about their work and professional issues.<\/p>\n<p>We expect a written professional report, including photos, from the successful applicant after the trip abroad. Participants are asked to occasionally support the Budapest Gallery&#8217;s artist exchange programme, so that foreign artists coming to Budapest can get a better understanding of the capital&#8217;s art scene and future domestic applicants can get a more complete picture of the exchange programme.<\/p>\n<p><strong>How to apply:<\/strong><\/p>\n<p>Applications must be sent electronically to <a href=\"mailto:hermann.julia@btm.hu\">hermann.julia@btm.hu<\/a><\/p>\n<p><strong>The subject of the message<\/strong> should be CEAAC2025<\/p>\n<p><strong>Deadline:<\/strong> 10 December 2025<\/p>\n<p><strong>The application must include: <\/strong><\/p>\n<p>&#8211; a registration form and a declaration of consent to personal data processing, which can be downloaded at the bottom of the page<\/p>\n<p>&#8211; a curriculum vitae and work portfolio in one PDF file, in the maximum size of 20 MB<\/p>\n<p>&#8211; and a cover letter of up to 2-2 thousand characters in Hungarian and English<\/p>\n<p>Applications will be judged by a professional jury invited by the Budapest Gallery. The jury will select a<strong> shortlist<\/strong> from which the host institution will choose the winner.<\/p>\n<p>The jury for the 2026 artist exchange competition will be composed of Tam\u00e1s Don, Fl\u00f3ra Gad\u00f3, J\u00falia Hermann, Emese Mucsi, Lea Nov\u00e1k.<\/p>\n<p><strong>Deadline for the final result:<\/strong> January 2026<\/p>\n<p>For further information, please contact Budapest Gallery Exhibition Department, J\u00falia Hermann <a href=\"mailto:hermann.julia@btm.hu\">hermann.julia@btm.hu<\/a><\/p>\n<p>&nbsp;<\/p>\n<p>[\/vc_column_text][vc_column_text]<a href=\"https:\/\/budapestgaleria.hu\/_\/wp-content\/uploads\/2025\/12\/REGISTRATION-FORM_2025_CEAAC.pdf\">REGISTRATION FORM_2025_CEAAC<\/a>[\/vc_column_text][vc_empty_space][vc_empty_space][\/vc_column][\/vc_row]<\/p>\n<\/div>","protected":false},"excerpt":{"rendered":"<p>[vc_row css_animation=&#8221;&#8221; row_type=&#8221;row&#8221; use_row_as_full_screen_section=&#8221;no&#8221; type=&#8221;full_width&#8221; angled_section=&#8221;no&#8221; text_align=&#8221;left&#8221; background_image_as_pattern=&#8221;without_pattern&#8221;][vc_column][vc_single_image image=&#8221;24416&#8243; img_size=&#8221;full&#8221; qode_css_animation=&#8221;&#8221;][vc_empty_space][vc_empty_space][vc_column_text css=&#8221;&#8221;] Open Call 2026&#8230;<\/p>\n","protected":false},"author":15,"featured_media":0,"parent":0,"menu_order":0,"comment_status":"closed","ping_status":"closed","template":"","meta":{"inline_featured_image":false,"loftloader_pro_show_once":"","loftloader_pro_page_shortcode":"","footnotes":""},"class_list":["post-24415","page","type-page","status-publish","hentry"],"_links":{"self":[{"href":"https:\/\/budapestgaleria.hu\/_\/wp-json\/wp\/v2\/pages\/24415","targetHints":{"allow":["GET"]}}],"collection":[{"href":"https:\/\/budapestgaleria.hu\/_\/wp-json\/wp\/v2\/pages"}],"about":[{"href":"https:\/\/budapestgaleria.hu\/_\/wp-json\/wp\/v2\/types\/page"}],"author":[{"embeddable":true,"href":"https:\/\/budapestgaleria.hu\/_\/wp-json\/wp\/v2\/users\/15"}],"replies":[{"embeddable":true,"href":"https:\/\/budapestgaleria.hu\/_\/wp-json\/wp\/v2\/comments?post=24415"}],"version-history":[{"count":2,"href":"https:\/\/budapestgaleria.hu\/_\/wp-json\/wp\/v2\/pages\/24415\/revisions"}],"predecessor-version":[{"id":24442,"href":"https:\/\/budapestgaleria.hu\/_\/wp-json\/wp\/v2\/pages\/24415\/revisions\/24442"}],"wp:attachment":[{"href":"https:\/\/budapestgaleria.hu\/_\/wp-json\/wp\/v2\/media?parent=24415"}],"curies":[{"name":"wp","href":"https:\/\/api.w.org\/{rel}","templated":true}]}}