{"id":24712,"date":"2026-03-09T13:27:24","date_gmt":"2026-03-09T12:27:24","guid":{"rendered":"https:\/\/budapestgaleria.hu\/_\/?page_id=24712"},"modified":"2026-03-09T13:42:10","modified_gmt":"2026-03-09T12:42:10","slug":"biralatok","status":"publish","type":"page","link":"https:\/\/budapestgaleria.hu\/_\/biralatok\/","title":{"rendered":"B\u00edr\u00e1latok"},"content":{"rendered":"<div class=\"wpb-content-wrapper\"><p>[vc_row css_animation=&#8221;&#8221; row_type=&#8221;row&#8221; use_row_as_full_screen_section=&#8221;no&#8221; type=&#8221;full_width&#8221; angled_section=&#8221;no&#8221; text_align=&#8221;left&#8221; background_image_as_pattern=&#8221;without_pattern&#8221;][vc_column][vc_single_image image=&#8221;24706&#8243; img_size=&#8221;full&#8221; alignment=&#8221;center&#8221; css=&#8221;&#8221; qode_css_animation=&#8221;&#8221;][vc_empty_space][vc_column_text css=&#8221;&#8221;]<\/p>\n<h4>B\u00edr\u00e1latok<\/h4>\n<p>[\/vc_column_text][vc_empty_space][vc_column_text css=&#8221;&#8221;]<strong>2026. febru\u00e1r 9.<\/strong><\/p>\n<p><a href=\"https:\/\/budapestgaleria.hu\/_\/wp-content\/uploads\/2026\/03\/Kepzomuveszeti-szakertoi-allasfoglalas-Rubik-kocka-installacio-2.pdf\">K\u00e9pz\u0151m\u0171v\u00e9szeti szak\u00e9rt\u0151i \u00e1ll\u00e1sfoglal\u00e1s &#8211; Rubik-kocka install\u00e1ci\u00f3<\/a>[\/vc_column_text][vc_empty_space][vc_separator type=&#8221;normal&#8221;][vc_empty_space][vc_empty_space][vc_empty_space][\/vc_column][\/vc_row]<\/p>\n<\/div>","protected":false},"excerpt":{"rendered":"<p>[vc_row css_animation=&#8221;&#8221; row_type=&#8221;row&#8221; use_row_as_full_screen_section=&#8221;no&#8221; type=&#8221;full_width&#8221; angled_section=&#8221;no&#8221; text_align=&#8221;left&#8221; background_image_as_pattern=&#8221;without_pattern&#8221;][vc_column][vc_single_image image=&#8221;24706&#8243; img_size=&#8221;full&#8221; alignment=&#8221;center&#8221; css=&#8221;&#8221; qode_css_animation=&#8221;&#8221;][vc_empty_space][vc_column_text css=&#8221;&#8221;] B\u00edr\u00e1latok&#8230;<\/p>\n","protected":false},"author":15,"featured_media":0,"parent":0,"menu_order":0,"comment_status":"closed","ping_status":"closed","template":"","meta":{"inline_featured_image":false,"loftloader_pro_show_once":"","loftloader_pro_page_shortcode":"","footnotes":""},"class_list":["post-24712","page","type-page","status-publish","hentry"],"_links":{"self":[{"href":"https:\/\/budapestgaleria.hu\/_\/wp-json\/wp\/v2\/pages\/24712","targetHints":{"allow":["GET"]}}],"collection":[{"href":"https:\/\/budapestgaleria.hu\/_\/wp-json\/wp\/v2\/pages"}],"about":[{"href":"https:\/\/budapestgaleria.hu\/_\/wp-json\/wp\/v2\/types\/page"}],"author":[{"embeddable":true,"href":"https:\/\/budapestgaleria.hu\/_\/wp-json\/wp\/v2\/users\/15"}],"replies":[{"embeddable":true,"href":"https:\/\/budapestgaleria.hu\/_\/wp-json\/wp\/v2\/comments?post=24712"}],"version-history":[{"count":7,"href":"https:\/\/budapestgaleria.hu\/_\/wp-json\/wp\/v2\/pages\/24712\/revisions"}],"predecessor-version":[{"id":24728,"href":"https:\/\/budapestgaleria.hu\/_\/wp-json\/wp\/v2\/pages\/24712\/revisions\/24728"}],"wp:attachment":[{"href":"https:\/\/budapestgaleria.hu\/_\/wp-json\/wp\/v2\/media?parent=24712"}],"curies":[{"name":"wp","href":"https:\/\/api.w.org\/{rel}","templated":true}]}}