{"id":24773,"date":"2026-03-10T15:07:35","date_gmt":"2026-03-10T14:07:35","guid":{"rendered":"https:\/\/budapestgaleria.hu\/_\/?page_id=24773"},"modified":"2026-03-10T15:08:38","modified_gmt":"2026-03-10T14:08:38","slug":"budapest-galeria-palyazatok","status":"publish","type":"page","link":"https:\/\/budapestgaleria.hu\/_\/budapest-galeria-palyazatok\/","title":{"rendered":"Budapest Gal\u00e9ria P\u00e1ly\u00e1zatok"},"content":{"rendered":"<div class=\"wpb-content-wrapper\"><p>[vc_row css_animation=&#8221;&#8221; row_type=&#8221;row&#8221; use_row_as_full_screen_section=&#8221;no&#8221; type=&#8221;full_width&#8221; angled_section=&#8221;no&#8221; text_align=&#8221;left&#8221; background_image_as_pattern=&#8221;without_pattern&#8221;][vc_column][vc_empty_space][vc_accordion active_tab=&#8221;1&#8243; style=&#8221;accordion&#8221; title=&#8221;2026&#8243;][vc_accordion_tab title=&#8221;2026&#8243;][vc_column_text css=&#8221;&#8221;]https:\/\/budapestgaleria.hu\/_\/muveszcsere-program\/palyazat-2026\/<\/p>\n<p>https:\/\/budapestgaleria.hu\/_\/palyazat-kiallitas-megvalositasara\/[\/vc_column_text][\/vc_accordion_tab][\/vc_accordion][vc_empty_space][vc_empty_space][vc_empty_space][\/vc_column][\/vc_row]<\/p>\n<\/div>","protected":false},"excerpt":{"rendered":"<p>[vc_row css_animation=&#8221;&#8221; row_type=&#8221;row&#8221; use_row_as_full_screen_section=&#8221;no&#8221; type=&#8221;full_width&#8221; angled_section=&#8221;no&#8221; text_align=&#8221;left&#8221; background_image_as_pattern=&#8221;without_pattern&#8221;][vc_column][vc_empty_space][vc_accordion active_tab=&#8221;1&#8243; style=&#8221;accordion&#8221; title=&#8221;2026&#8243;][vc_accordion_tab title=&#8221;2026&#8243;][vc_column_text css=&#8221;&#8221;]https:\/\/budapestgaleria.hu\/_\/muveszcsere-program\/palyazat-2026\/ https:\/\/budapestgaleria.hu\/_\/palyazat-kiallitas-megvalositasara\/[\/vc_column_text][\/vc_accordion_tab][\/vc_accordion][vc_empty_space][vc_empty_space][vc_empty_space][\/vc_column][\/vc_row]<\/p>\n","protected":false},"author":15,"featured_media":0,"parent":0,"menu_order":0,"comment_status":"closed","ping_status":"closed","template":"","meta":{"inline_featured_image":false,"loftloader_pro_show_once":"","loftloader_pro_page_shortcode":"","footnotes":""},"class_list":["post-24773","page","type-page","status-publish","hentry"],"_links":{"self":[{"href":"https:\/\/budapestgaleria.hu\/_\/wp-json\/wp\/v2\/pages\/24773","targetHints":{"allow":["GET"]}}],"collection":[{"href":"https:\/\/budapestgaleria.hu\/_\/wp-json\/wp\/v2\/pages"}],"about":[{"href":"https:\/\/budapestgaleria.hu\/_\/wp-json\/wp\/v2\/types\/page"}],"author":[{"embeddable":true,"href":"https:\/\/budapestgaleria.hu\/_\/wp-json\/wp\/v2\/users\/15"}],"replies":[{"embeddable":true,"href":"https:\/\/budapestgaleria.hu\/_\/wp-json\/wp\/v2\/comments?post=24773"}],"version-history":[{"count":2,"href":"https:\/\/budapestgaleria.hu\/_\/wp-json\/wp\/v2\/pages\/24773\/revisions"}],"predecessor-version":[{"id":24775,"href":"https:\/\/budapestgaleria.hu\/_\/wp-json\/wp\/v2\/pages\/24773\/revisions\/24775"}],"wp:attachment":[{"href":"https:\/\/budapestgaleria.hu\/_\/wp-json\/wp\/v2\/media?parent=24773"}],"curies":[{"name":"wp","href":"https:\/\/api.w.org\/{rel}","templated":true}]}}