{"id":24829,"date":"2026-04-23T15:31:21","date_gmt":"2026-04-23T13:31:21","guid":{"rendered":"https:\/\/budapestgaleria.hu\/_\/?page_id=24829"},"modified":"2026-04-23T16:24:58","modified_gmt":"2026-04-23T14:24:58","slug":"flaszter-2-palyazati-kiiras","status":"publish","type":"page","link":"https:\/\/budapestgaleria.hu\/_\/flaszter-2-palyazati-kiiras\/","title":{"rendered":"flaszter 2. | P\u00e1ly\u00e1zati ki\u00edr\u00e1s"},"content":{"rendered":"<div class=\"wpb-content-wrapper\"><p>[vc_row css_animation=&#8221;&#8221; row_type=&#8221;row&#8221; use_row_as_full_screen_section=&#8221;no&#8221; type=&#8221;full_width&#8221; angled_section=&#8221;no&#8221; text_align=&#8221;left&#8221; background_image_as_pattern=&#8221;without_pattern&#8221;][vc_column][vc_single_image image=&#8221;24830&#8243; img_size=&#8221;full&#8221; alignment=&#8221;center&#8221; qode_css_animation=&#8221;&#8221;][vc_empty_space height=&#8221;45px&#8221;][vc_column_text css=&#8221;&#8221;]<\/p>\n<h1 style=\"text-align: center;\">flaszter 2.<\/h1>\n<h4><\/h4>\n<h4 style=\"text-align: center;\">2. Budapesti K\u00f6zt\u00e9ri Kort\u00e1rs M\u0171v\u00e9szeti Fesztiv\u00e1l<\/h4>\n<p style=\"text-align: center;\">Budapest, 2027. szeptember 24. \u2013 2027. okt\u00f3ber 31.<\/p>\n<h4 style=\"text-align: center;\"><\/h4>\n<p>[\/vc_column_text][vc_empty_space height=&#8221;45px&#8221;][vc_empty_space height=&#8221;45px&#8221;][vc_column_text css=&#8221;&#8221;]<\/p>\n<h4 style=\"text-align: center;\">P\u00c1LY\u00c1ZATI KI\u00cdR\u00c1S<\/h4>\n<p>&nbsp;<\/p>\n<p style=\"text-align: center;\"><strong>A Budapesti T\u00f6rt\u00e9neti M\u00fazeum\u00a0<\/strong><\/p>\n<p style=\"text-align: center;\"><strong>nyilv\u00e1nos p\u00e1ly\u00e1zatot \u00edr ki<\/strong><strong>\u00a0<\/strong><\/p>\n<p style=\"text-align: center;\"><strong>a FLASZTER \u2013 Budapesti K\u00f6zt\u00e9ri Kort\u00e1rs M\u0171v\u00e9szeti Fesztiv\u00e1lon (2027 szeptember \u2013 okt\u00f3ber) m\u0171v\u00e9szeti alkot\u00e1sokkal \u00e9s projektekkel val\u00f3 r\u00e9szv\u00e9tel megval\u00f3s\u00edt\u00e1s\u00e1ra<\/strong><\/p>\n<p><strong>\u00a0<\/strong><\/p>\n<p><strong>1. A ki\u00edr\u00e1s h\u00e1ttere<\/strong><\/p>\n<p>Pest, Buda \u00e9s \u00d3buda egyes\u00edt\u00e9s\u00e9nek 150. \u00e9vfordul\u00f3ja alkalm\u00e1b\u00f3l 2023-ban Budapest F\u0151v\u00e1ros \u00d6nkorm\u00e1nyzata k\u00f6zt\u00e9ri m\u0171v\u00e9szeti projektet kezdem\u00e9nyezett, amely FLASZTER n\u00e9ven 2023. szeptember 22. \u00e9s okt\u00f3ber 23. k\u00f6z\u00f6tt val\u00f3sult meg a Budapesti T\u00f6rt\u00e9neti M\u00fazeum \u2013 Budapest Gal\u00e9ria szervez\u00e9s\u00e9ben.<\/p>\n<p>A FLASZTER projektjei \u2013 ideiglenes k\u00f6zt\u00e9ri alkot\u00e1sok \u00e9s esem\u00e9nyek \u2013 a F\u0151v\u00e1ros \u00e1rny\u00e9kt\u00f6rt\u00e9neteire figyeltek: olyan, nem kanoniz\u00e1lt narrat\u00edv\u00e1kra, amelyek kimaradtak a domin\u00e1ns t\u00f6rt\u00e9neti elbesz\u00e9l\u00e9sb\u0151l. A FLASZTER keret\u00e9ben l\u00e9trej\u00f6tt t\u00edz munka emellett a k\u00f6zterek hozz\u00e1f\u00e9rhet\u0151s\u00e9g\u00e9vel, sz\u00fcks\u00e9gszer\u0171en konfliktusos term\u00e9szet\u00e9vel \u00e9s lehet\u0151s\u00e9geivel foglalkozott. K\u00f6z\u00fcl\u00fck t\u00f6bb sz\u00e9lesedett k\u00e9s\u0151bb olyan projektt\u00e9, amely messze meghaladta a FLASZTER ideigleness\u00e9ge ny\u00fajtotta lehet\u0151s\u00e9geket.<\/p>\n<p>2027 \u0151sz\u00e9n a FLASZTER \u00faj kiad\u00e1sa val\u00f3sul meg, ennek keret\u00e9ben ism\u00e9t t\u00edz projekt megval\u00f3sul\u00e1s\u00e1ra \u00e9s bemutat\u00e1s\u00e1ra van lehet\u0151s\u00e9g.<\/p>\n<p><strong>2. A p\u00e1ly\u00e1zat ki\u00edr\u00f3ja:<\/strong><\/p>\n<p>A p\u00e1ly\u00e1zatot Budapest F\u0151v\u00e1ros \u00d6nkorm\u00e1nyzata kezdem\u00e9nyez\u00e9s\u00e9re a Budapesti T\u00f6rt\u00e9neti M\u00fazeum (1014 Budapest, Szent Gy\u00f6rgy t\u00e9r 2., a tov\u00e1bbiakban: BTM) \u00edrja ki. A p\u00e1ly\u00e1zat lebonyol\u00edt\u00f3ja a BTM. A p\u00e1ly\u00e1zat szakmai programgazd\u00e1ja a BTM Budapest Gal\u00e9ria.<\/p>\n<p><strong>3. A p\u00e1ly\u00e1zat jellege:<\/strong> nyilv\u00e1nos<\/p>\n<p><strong>4. A p\u00e1ly\u00e1zat c\u00e9lja:<\/strong><\/p>\n<p>A m\u00falt nemcsak narrat\u00edv\u00e1kban, hanem t\u00e9rben is szervez\u0151dik: a k\u00f6zterek a kollekt\u00edv eml\u00e9kezet materializ\u00e1lt form\u00e1i. Amit egy t\u00e1rsadalom megnevez, az beker\u00fcl a l\u00e1that\u00f3 t\u00f6rt\u00e9nelembe, lehet\u0151s\u00e9get kap a jelen alak\u00edt\u00e1s\u00e1ra. Vannak azonban elfelejtett vagy elhallgatott t\u00f6rt\u00e9netek, olyanok, amelyek \u00fagy fon\u00f3dtak be a t\u00f6rt\u00e9nelembe, hogy nem hagytak l\u00e1that\u00f3 jeleket, nyomokat, vagy csak nagyon keveset, kevesek sz\u00e1m\u00e1ra l\u00e1that\u00f3t. Az ilyen \u00e1rny\u00e9kt\u00f6rt\u00e9netek ennek megfelel\u0151en nem kapnak t\u00e9rbeli reprezent\u00e1ci\u00f3t, fennmarad\u00e1suk esetleges, eml\u00e9k\u00fck halv\u00e1ny, anyaguk leggyakrabban a sz\u00f3belis\u00e9g, vagy s\u00e9r\u00fcl\u00e9keny \u00e9s felt\u00e1ratlan dokumentumok \u0151rzik l\u00e9t\u00fcket.<\/p>\n<p>A k\u00f6zterekhez val\u00f3 hozz\u00e1f\u00e9r\u00e9s nemcsak fizikai, hanem szimbolikus k\u00e9rd\u00e9s is: a terek ak\u00e1r ideiglenes \u201celfoglal\u00e1sa\u201d olyan strat\u00e9gi\u00e1t k\u00edn\u00e1l, amely az adott t\u00e9r t\u00f6rt\u00e9net\u00e9nek r\u00e9sz\u00e9v\u00e9 v\u00e1lva lehet\u0151s\u00e9get ny\u00fajt nem csak az eml\u00e9kez\u00e9s \u00e9s \u00e9rtelmez\u00e9s t\u00e9m\u00e1inak, de azok m\u00f3djainak b\u0151v\u00edt\u00e9s\u00e9re is.<\/p>\n<p>Annak \u00e9rdek\u00e9ben, hogy megszokott \u00fatvonalainkat elt\u00e9r\u00edts\u00fck, a f\u0151v\u00e1ros k\u00f6ztereinek t\u00f6bbsz\u00f3lam\u00fas\u00e1g\u00e1t kiemelj\u00fck, \u00e9s hogy elfeledett vagy marginaliz\u00e1lt hangok is lehet\u0151s\u00e9get kapjanak a megsz\u00f3lal\u00e1sra, valamint, hogy k\u00f6ztereink sokr\u00e9t\u0171 k\u00f6z\u00f6ss\u00e9gi haszn\u00e1lat\u00e1t er\u0151s\u00edts\u00fck, a p\u00e1ly\u00e1zatra olyan k\u00f6zt\u00e9ri m\u0171vek \u00f6tleteit v\u00e1rjuk, amelyek a jelen perspekt\u00edv\u00e1j\u00e1b\u00f3l fogalmaznak meg vagy t\u00f6ltenek be valamely hi\u00e1nyt, emelnek ki, tesznek l\u00e1that\u00f3v\u00e1 kev\u00e9ss\u00e9 ismert esem\u00e9nyeket, szem\u00e9lyeket, k\u00f6z\u00f6ss\u00e9geket stb.<\/p>\n<p>Olyan ideiglenes \u2013 vagy ak\u00e1r hosszabb t\u00e1von is m\u0171k\u00f6dtethet\u0151 \u2013 egy\u00fcttm\u0171k\u00f6d\u00e9sek l\u00e9trej\u00f6tt\u00e9t is szeretn\u00e9 a p\u00e1ly\u00e1zat t\u00e1mogatni, amelyek k\u00f6z\u00f6s gondolkod\u00e1st \u00e9s cselekv\u00e9st kezdem\u00e9nyeznek adott helyek k\u00f6z\u00f6ss\u00e9geivel, \u00e9s szervesebb\u00e9 teszik azoknak a v\u00e1rosi k\u00f6zterekhez, \u00e9s ez\u00e1ltal a v\u00e1roshoz is, mint a mindennapok gyakorlataiban folyamatosan alakul\u00f3 t\u00e1rsadalmi \u00e9s kultur\u00e1lis t\u00e9rhez f\u0171z\u0151d\u0151 kapcsolat\u00e1t.<\/p>\n<p>Emellett t\u00e1mogatjuk olyan munk\u00e1k \u00e9s projektek megval\u00f3sul\u00e1s\u00e1t, amelyek hozz\u00e1j\u00e1rulnak a fiatal (els\u0151sorban k\u00f6z\u00e9piskol\u00e1s) koroszt\u00e1ly t\u00e1rsadalmi \u00e9rz\u00e9keny\u00edt\u00e9s\u00e9hez, a v\u00e1roshoz kapcsol\u00f3d\u00f3 tud\u00e1suk sz\u00e9les\u00edt\u00e9s\u00e9hez, valamint a v\u00e1roshoz \u00e9s egyes ter\u00fcleteihez val\u00f3 k\u00f6t\u0151d\u00e9s\u00fck elm\u00e9ly\u00edt\u00e9s\u00e9hez.<br \/>\nA p\u00e1ly\u00e1zat nyertes m\u0171vei k\u00e9pezik a 2027. szeptember v\u00e9g\u00e9t\u0151l okt\u00f3ber v\u00e9g\u00e9ig tart\u00f3 FLASZTER tartalm\u00e1t.<\/p>\n<p><strong>5. P\u00e1ly\u00e1zni lehet:<\/strong><\/p>\n<p>&#8211; Ideiglenes (a rendezv\u00e9ny egy h\u00f3napj\u00e1ra tervezett, k\u00f6zt\u00e9ren fel\u00e1ll\u00edthat\u00f3, bemutathat\u00f3, majd elbonthat\u00f3) k\u00f6zt\u00e9ri szoborral, falk\u00e9ppel, install\u00e1ci\u00f3val, performansszal, el\u0151ad\u00e1ssal, esem\u00e9nnyel, k\u00f6z\u00f6ss\u00e9gi projekttel, workshoppal stb. (tov\u00e1bbiakban egy\u00fctt: m\u0171v\u00e9szeti alkot\u00e1s\/projekt) \u00e9s korl\u00e1toz\u00e1s n\u00e9lk\u00fcl m\u00e1s m\u0171fajhoz tartoz\u00f3 m\u0171vekkel is.<\/p>\n<p>&#8211; Performat\u00edv m\u0171vek eset\u00e9ben el\u0151nyt \u00e9lveznek azok, amelyeket legal\u00e1bb h\u00e1rom alkalommal be lehet mutatni, annak \u00e9rdek\u00e9ben, hogy min\u00e9l sz\u00e9lesebb k\u00f6z\u00f6ns\u00e9ghez sz\u00f3ljanak. Az ism\u00e9telt bemutat\u00e1sok k\u00f6lts\u00e9geit a k\u00f6lts\u00e9gvet\u00e9sben tervezni kell.<\/p>\n<p><strong>6. A megval\u00f3s\u00edtand\u00f3 m\u0171v\u00e9szeti alkot\u00e1s\/projekt helysz\u00edne<\/strong><\/p>\n<p>A megval\u00f3s\u00edtand\u00f3 m\u0171v\u00e9szeti alkot\u00e1sok\/projektek helysz\u00ednei lehetnek Budapest k\u00f6zigazgat\u00e1si ter\u00fclet\u00e9n tal\u00e1lhat\u00f3 k\u00f6zter\u00fcletek vagy olyan k\u00f6z\u00f6ss\u00e9gi terek, amelyek a projekt megval\u00f3s\u00edt\u00e1sa idej\u00e9re szabadon l\u00e1togathat\u00f3v\u00e1 tehet\u0151k.<\/p>\n<p>A p\u00e1ly\u00e1zatnak tartalmaznia kell a tervezett helysz\u00edn\/helysz\u00ednek pontos megnevez\u00e9s\u00e9t \u00e9s a helysz\u00ednv\u00e1laszt\u00e1s indokl\u00e1s\u00e1t, az adott helysz\u00edn t\u00e1rsadalmi \u00e9s t\u00f6rt\u00e9neti kontextusaira val\u00f3 reflexi\u00f3t.<\/p>\n<p>Az elb\u00edr\u00e1l\u00e1s sor\u00e1n el\u0151nyt \u00e9lveznek azok a p\u00e1lyam\u0171vek, amelyek nem a v\u00e1rosk\u00f6zpontban val\u00f3sulnak meg, hanem a v\u00e1ros kev\u00e9sb\u00e9 frekvent\u00e1lt ter\u00fcleteire ir\u00e1nyulnak, ez\u00e1ltal olyan helysz\u00edneket emelnek f\u00f3kuszba, \u00e9s olyan helyi k\u00f6z\u00f6ss\u00e9geket, illetve v\u00e1roslak\u00f3kat sz\u00f3l\u00edtanak meg, akik ritk\u00e1bban kapcsol\u00f3dnak a belv\u00e1rosi kultur\u00e1lis \u00e9s t\u00e1rsadalmi \u00e9lethez.<\/p>\n<p><strong>7. A p\u00e1ly\u00e1zaton val\u00f3 r\u00e9szv\u00e9tel felt\u00e9telei<\/strong><\/p>\n<p><strong>P\u00e1ly\u00e1z\u00f3k k\u00f6re:<\/strong><br \/>\nP\u00e1ly\u00e1zatot ny\u00fajthat be \u00e1llampolg\u00e1rs\u00e1g\u00e1ra tekintet n\u00e9lk\u00fcl b\u00e1rmely 18. \u00e9let\u00e9v\u00e9t bet\u00f6lt\u00f6tt term\u00e9szetes szem\u00e9ly (csoport k\u00e9pviselet\u00e9ben is) vagy jogi szem\u00e9ly.<\/p>\n<p>Term\u00e9szetes szem\u00e9ly kiz\u00e1r\u00f3lag magyarorsz\u00e1gi p\u00e9nz\u00fcgyi lebonyol\u00edt\u00f3 megnevez\u00e9s\u00e9vel ny\u00fajthat be p\u00e1ly\u00e1zatot. (Magyarorsz\u00e1gi egy\u00e9ni v\u00e1llalkoz\u00f3 eset\u00e9ben p\u00e9nz\u00fcgyi lebonyol\u00edt\u00f3 nem sz\u00fcks\u00e9ges.) P\u00e9nz\u00fcgyi lebonyol\u00edt\u00f3k\u00e9nt kiz\u00e1r\u00f3lag Magyarorsz\u00e1gon bejegyzett jogi szem\u00e9ly jel\u00f6lhet\u0151 meg.<\/p>\n<p>Nem indulhat a p\u00e1ly\u00e1zaton az a term\u00e9szetes szem\u00e9ly, aki a p\u00e1ly\u00e1zatok elb\u00edr\u00e1l\u00e1s\u00e1ban r\u00e9szt vesz, annak k\u00f6zvetlen hozz\u00e1tartoz\u00f3ja, vagy aki a p\u00e1ly\u00e1zat ki\u00edr\u00f3j\u00e1val vagy annak fenntart\u00f3j\u00e1val \u00e1ll munkaviszonyban vagy munkav\u00e9gz\u00e9sre ir\u00e1nyul\u00f3 egy\u00e9b jogviszonyban, illetve ugyanilyen gazd\u00e1lkod\u00f3 szervezetben tulajdoni r\u00e9szesed\u00e9ssel rendelkezik.<br \/>\nEgy p\u00e1ly\u00e1z\u00f3 t\u00f6bb p\u00e1ly\u00e1zatot is beny\u00fajthat.<\/p>\n<p>A nyertes p\u00e1ly\u00e1z\u00f3 a p\u00e1lyamunka kapcs\u00e1n ingyenes felhaszn\u00e1l\u00e1si jogot enged a p\u00e1ly\u00e1zat Ki\u00edr\u00f3ja r\u00e9sz\u00e9re. A nyertes p\u00e1ly\u00e1z\u00f3 a szerz\u0151i jogr\u00f3l sz\u00f3l\u00f3 t\u00f6rv\u00e9nyben biztos\u00edtott szem\u00e9lyhez f\u0171z\u0151d\u0151 jogokon k\u00edv\u00fcl egy\u00e9b ig\u00e9ny \u00e9rv\u00e9nyes\u00edt\u00e9s\u00e9re nem jogosult.<\/p>\n<p><strong>8. Enged\u00e9lyekkel \u00f6sszef\u00fcgg\u0151 felt\u00e9telek:<\/strong><\/p>\n<p>A helysz\u00ednek haszn\u00e1lat\u00e1hoz az adott ter\u00fclethez k\u00f6t\u0151d\u0151 tulajdonosi enged\u00e9lyek, d\u00f6nt\u00e9sek sz\u00fcks\u00e9gesek, amelyek beszerz\u00e9se \u00e9s a megval\u00f3s\u00edt\u00e1shoz val\u00f3 biztos\u00edt\u00e1sa a p\u00e1ly\u00e1z\u00f3 feladata \u00e9s felel\u0151ss\u00e9ge.<\/p>\n<p>A k\u00f6zt\u00e9ri m\u0171v\u00e9szeti alkot\u00e1sok\/projektek megval\u00f3s\u00edt\u00e1s\u00e1hoz sz\u00fcks\u00e9ges ter\u00fcletfoglal\u00e1si enged\u00e9lyek beszerz\u00e9s\u00e9t a BTM \u2013 Budapest Gal\u00e9ria abban az esetben v\u00e1llalja, ha az enged\u00e9lyez\u00e9si k\u00e9relem beny\u00fajt\u00e1s\u00e1t megel\u0151z\u0151en, az \u00e1ltala meghat\u00e1rozott hat\u00e1rid\u0151re, hi\u00e1nytalanul \u00e9s teljesk\u00f6r\u0171en k\u00e9zhez kapja a nyertes p\u00e1ly\u00e1z\u00f3t\u00f3l valamennyi, az enged\u00e9lyeztet\u00e9shez sz\u00fcks\u00e9ges adatot, dokumentumot. Az enged\u00e9ly beszerz\u00e9s\u00e9hez sz\u00fcks\u00e9ges el\u0151zetes egyeztet\u00e9st a BTM \u2013 Budapest Gal\u00e9ria kezdem\u00e9nyezi a d\u00f6nt\u00e9sr\u0151l sz\u00f3l\u00f3 \u00e9rtes\u00edt\u00e9s megk\u00fcld\u00e9s\u00e9t k\u00f6vet\u0151en.<\/p>\n<p>A ter\u00fcletfoglal\u00e1si enged\u00e9lyen t\u00fal valamennyi egy\u00e9b enged\u00e9ly beszerz\u00e9se (projektt\u0151l f\u00fcgg\u0151en: zajkibocs\u00e1t\u00e1si hat\u00e1r\u00e9rt\u00e9k meg\u00e1llap\u00edt\u00e1s\u00e1ra ir\u00e1nyul\u00f3 k\u00e9relem, t\u0171zolt\u00f3s\u00e1gi hozz\u00e1j\u00e1rul\u00e1s, \u00c1NTSZ enged\u00e9lyek stb.) \u00e9s finansz\u00edroz\u00e1sa a p\u00e1ly\u00e1z\u00f3 feladata.<\/p>\n<p><strong>9. A rendelkez\u00e9sre \u00e1ll\u00f3 forr\u00e1s:<\/strong><\/p>\n<p>A nyertes p\u00e1ly\u00e1zatok megval\u00f3s\u00edt\u00e1s\u00e1ra \u00f6sszesen 25,0 milli\u00f3 Ft \u00e1ll rendelkez\u00e9sre.<\/p>\n<p><strong>A p\u00e1ly\u00e1zhat\u00f3 egy\u00e9ni k\u00f6lts\u00e9gkeret:<\/strong><br \/>\nA p\u00e1ly\u00e1zaton maxim\u00e1lisan ig\u00e9nyelhet\u0151 \u00f6sszeg brutt\u00f3 2,5 milli\u00f3 Ft.<\/p>\n<p><strong>Saj\u00e1t forr\u00e1s:<\/strong> nem sz\u00fcks\u00e9ges<\/p>\n<p><strong>P\u00e1ly\u00e1zati d\u00edj:<\/strong> nincs<\/p>\n<p><strong>A p\u00e1ly\u00e1zati c\u00e9l megval\u00f3s\u00edt\u00e1si id\u0151szaka:<\/strong> 2027. szeptember 24. &#8211; 2027. okt\u00f3ber 31.<\/p>\n<p>1<strong>0. P\u00e1ly\u00e1zati k\u00f6vetelm\u00e9nyek<\/strong><\/p>\n<p>A p\u00e1ly\u00e1zatnak tartalmaznia kell:<\/p>\n<ul>\n<li>koncepci\u00f3-le\u00edr\u00e1st maximum 8000 le\u00fct\u00e9s terjedelemben<\/li>\n<li>m\u0171t\u00e1rgy \/ install\u00e1ci\u00f3 eset\u00e9ben l\u00e1tv\u00e1nytervet, performat\u00edv munka eset\u00e9ben sz\u00f6veges m\u0171le\u00edr\u00e1st, id\u0151tartamot, ism\u00e9tl\u0151d\u00e9s eset\u00e9n annak id\u0151beoszt\u00e1s\u00e1t<\/li>\n<li>a helysz\u00ednv\u00e1laszt\u00e1s indokl\u00e1s\u00e1t a ki\u00edr\u00e1snak megfelel\u0151en<\/li>\n<li>k\u00f6lts\u00e9gvet\u00e9st<\/li>\n<li>\u00fctemez\u00e9st<\/li>\n<li>online referenci\u00e1kat, weboldalt vagy digit\u00e1lis portf\u00f3li\u00f3t<\/li>\n<li>a p\u00e1ly\u00e1z\u00f3 el\u00e9rhet\u0151s\u00e9geit (e-mail c\u00edm, telefonsz\u00e1m)<\/li>\n<li>a p\u00e1ly\u00e1z\u00f3 adatainak kezel\u00e9s\u00e9hez val\u00f3 hozz\u00e1j\u00e1rul\u00e1st \u00e9s szerz\u0151i nyilatkozatot [l\u00e1sd mell\u00e9klet]<\/li>\n<li>p\u00e9nz\u00fcgyi lebonyol\u00edt\u00f3 nyilatkozat\u00e1t (term\u00e9szetes szem\u00e9ly \u00e1ltal beny\u00fajtott p\u00e1ly\u00e1zat eset\u00e9n) [l\u00e1sd mell\u00e9klet]<\/li>\n<\/ul>\n<p>&nbsp;<\/p>\n<p>A p\u00e1ly\u00e1zat k\u00f6lts\u00e9gvet\u00e9s\u00e9nek tervez\u00e9sekor brutt\u00f3 \u00f6sszegeket kell forintban felt\u00fcntetni.<\/p>\n<p>A m\u0171 fenntart\u00e1s\u00e1nak, \u00fczemeltet\u00e9s\u00e9nek esetleges k\u00f6lts\u00e9geit a p\u00e1ly\u00e1zatban szerepeltetni kell. K\u00e9rj\u00fck a p\u00e1ly\u00e1z\u00f3kat, hogy az anyagv\u00e1laszt\u00e1s tervez\u00e9sekor r\u00e9szes\u00edts\u00e9k el\u0151nyben a kevesebb k\u00f6rnyezeti terhel\u00e9st jelent\u0151 technol\u00f3gi\u00e1kat \u00e9s anyagokat.<\/p>\n<p>A nyertes p\u00e1ly\u00e1z\u00f3val (\u00e9s p\u00e9nz\u00fcgyi lebonyol\u00edt\u00f3j\u00e1val) a megval\u00f3s\u00edt\u00e1sr\u00f3l a BTM k\u00f6t szerz\u0151d\u00e9st, \u00e9s a k\u00f6lts\u00e9gvet\u00e9s\u00e9nek els\u0151 r\u00e9szlet\u00e9t &#8211; maximum nett\u00f3 1,5 milli\u00f3 Ft keret\u00f6sszegig el\u0151leg form\u00e1ban &#8211; sz\u00e1mla ellen\u00e9ben a szerz\u0151d\u00e9sk\u00f6t\u00e9st k\u00f6vet\u0151 30 napon bel\u00fcl a rendelkez\u00e9s\u00e9re bocs\u00e1tja. A fennmarad\u00f3 \u00f6sszeget az esem\u00e9ny megnyit\u00f3j\u00e1t, \u00e9s egy 3 g\u00e9pelt oldal terjedelm\u0171 szakmai besz\u00e1mol\u00f3 beny\u00fajt\u00e1s\u00e1t k\u00f6vet\u0151 15 napon bel\u00fcl foly\u00f3s\u00edtja a BTM.<\/p>\n<p><strong>11. A p\u00e1ly\u00e1zat beny\u00fajt\u00e1s\u00e1nak m\u00f3dja, hat\u00e1rideje <\/strong><br \/>\nAz elk\u00e9sz\u00edtett p\u00e1ly\u00e1zat dokumentumait digit\u00e1lis form\u00e1ban, egybef\u0171zve (max. 10 MB f\u00e1jlnagys\u00e1g, PDF dokumentum, al\u00e1\u00edrva) <strong>2026. 06. 21-\u00e9n 24:00 \u00f3r\u00e1ig<\/strong> kell elk\u00fcldeni e-mailben a <a href=\"mailto:flaszter@btm.hu\">flaszter@btm.hu<\/a> email c\u00edmre. A m\u0171le\u00edr\u00e1st k\u00e9rj\u00fck Word form\u00e1tumban is elk\u00fcldeni.<\/p>\n<p>A p\u00e1ly\u00e1zat be\u00e9rkez\u00e9s\u00e9r\u0151l legk\u00e9s\u0151bb 2026. 06. 30. 24:00 \u00f3r\u00e1ig a p\u00e1ly\u00e1zat ki\u00edr\u00f3ja elektronikus \u00faton visszajelz\u00e9st k\u00fcld. Amennyiben a beny\u00fajt\u00e1si hat\u00e1rid\u0151n bel\u00fcl be\u00e9rkezett p\u00e1ly\u00e1zat hi\u00e1nyos, a p\u00e1ly\u00e1zat ki\u00edr\u00f3ja felh\u00edvja a p\u00e1ly\u00e1z\u00f3 figyelm\u00e9t a hi\u00e1nyok p\u00f3tl\u00e1s\u00e1ra \u00e9s a p\u00f3tl\u00e1s hat\u00e1ridej\u00e9re. Hi\u00e1nyp\u00f3tl\u00e1sra egyszeri alkalommal van lehet\u0151s\u00e9g.<\/p>\n<p>A p\u00e1ly\u00e1zat sor\u00e1n megadott szem\u00e9lyes adatokat a p\u00e1ly\u00e1zat ki\u00edr\u00f3ja jelen ki\u00edr\u00e1s szerint \u00e9s kiz\u00e1r\u00f3lag a p\u00e1ly\u00e1zat lebonyol\u00edt\u00e1sa c\u00e9lj\u00e1b\u00f3l \u00e9s annak id\u0151tartama alatt kezeli.<\/p>\n<p><strong>12. A p\u00e1lyam\u0171vek elb\u00edr\u00e1l\u00e1sa, eredm\u00e9nyhirdet\u00e9s<\/strong><\/p>\n<p>A p\u00e1ly\u00e1zatokr\u00f3l a B\u00edr\u00e1l\u00f3 Bizotts\u00e1g d\u00f6nt.<\/p>\n<p>A B\u00edr\u00e1l\u00f3 Bizotts\u00e1g tagjai:<\/p>\n<ul>\n<li>Er\u0151 Zolt\u00e1n, Budapest f\u0151\u00e9p\u00edt\u00e9sze<\/li>\n<li>Kelemen Krist\u00f3f, rendez\u0151, \u00edr\u00f3, dramaturg<\/li>\n<li>Borsos Luca, sz\u00ednh\u00e1zi alkot\u00f3, dr\u00e1mainstruktor<\/li>\n<li>Klaniczay J\u00e1nos, \u00e9p\u00edt\u00e9sz, urbanista<\/li>\n<li>Benedek Kata, m\u0171v\u00e9szett\u00f6rt\u00e9n\u00e9sz<\/li>\n<li>A Budapest Gal\u00e9ria kur\u00e1tori csapat\u00e1nak k\u00e9pvisel\u0151je<\/li>\n<\/ul>\n<p>&nbsp;<\/p>\n<p>A B\u00edr\u00e1l\u00f3 Bizotts\u00e1g munk\u00e1ja nem nyilv\u00e1nos. A B\u00edr\u00e1l\u00f3 Bizotts\u00e1g a b\u00edr\u00e1lati munk\u00e1r\u00f3l, \u00e9rt\u00e9kel\u00e9s\u00e9r\u0151l, a p\u00e1lyam\u0171vek rangsorol\u00e1s\u00e1r\u00f3l hozott d\u00f6nt\u00e9sekr\u0151l folyamatos jegyz\u0151k\u00f6nyvet \u00e9s \u00edr\u00e1sbeli \u00f6sszegz\u00e9sk\u00e9nt z\u00e1r\u00f3 jelent\u00e9st k\u00e9sz\u00edt. A B\u00edr\u00e1l\u00f3 Bizotts\u00e1g a b\u00edr\u00e1latb\u00f3l kiz\u00e1rja a hat\u00e1rid\u0151n t\u00fal \u00e9rkez\u0151, a formai k\u00f6vetelm\u00e9nyeket nem teljes\u00edt\u0151 vagy a hi\u00e1nyos p\u00e1lyam\u0171veket.<\/p>\n<p>A b\u00edr\u00e1lat szempontrendszere:<\/p>\n<ul>\n<li>a tervezett p\u00e1lyam\u0171 m\u0171v\u00e9szi sz\u00ednvonala, eredetis\u00e9ge<\/li>\n<li>a p\u00e1lyam\u0171vek a ki\u00edr\u00e1s t\u00e1rgy\u00e1hoz \u00e9s a helysz\u00ednhez val\u00f3 kapcsol\u00f3d\u00e1s\u00e1nak m\u00e9rt\u00e9ke, szervess\u00e9ge, dial\u00f3gusk\u00e9pess\u00e9ge<\/li>\n<li>helyi k\u00f6z\u00f6ss\u00e9gekkel val\u00f3 kapcsolatteremt\u00e9s lehet\u0151s\u00e9ge, a projekt eredm\u00e9nyeinek hosszabb t\u00e1v\u00fa hasznos\u00edt\u00e1sa<\/li>\n<li>a projekt bevonhat\u00f3s\u00e1ga az oktat\u00e1sba, a k\u00f6z\u00e9piskol\u00e1s koroszt\u00e1ly \u00e9rz\u00e9keny\u00edt\u00e9s\u00e9nek lehet\u0151s\u00e9ge<\/li>\n<li>a megval\u00f3s\u00edthat\u00f3s\u00e1g, az anyaghaszn\u00e1lat, a k\u00f6lts\u00e9gek \u00e9s az id\u0151z\u00edt\u00e9s racionalit\u00e1sa<\/li>\n<\/ul>\n<p>&nbsp;<\/p>\n<p>A p\u00e1ly\u00e1zat eredm\u00e9ny\u00e9r\u0151l a ki\u00edr\u00f3 \u00edr\u00e1sban \u00e9rtes\u00edti a p\u00e1ly\u00e1z\u00f3kat.<\/p>\n<p><strong>13. A p\u00e1ly\u00e1zattal kapcsolatos hat\u00e1rid\u0151k<\/strong><\/p>\n<ul>\n<li>p\u00e1lyam\u0171vek bek\u00fcld\u00e9s\u00e9nek hat\u00e1rideje: 2026. j\u00fanius 21.<\/li>\n<li>p\u00e1ly\u00e1z\u00f3k \u00e9rtes\u00edt\u00e9se a p\u00e1ly\u00e1zat be\u00e9rkez\u00e9s\u00e9r\u0151l: 2026. j\u00fanius 30.<\/li>\n<li>nyilv\u00e1nos eredm\u00e9nyhirdet\u00e9s: 2026. szeptember 2.<\/li>\n<li>szerz\u0151d\u00e9sek megk\u00f6t\u00e9se: 2026. november<\/li>\n<li>kivitelez\u00e9s: 2026. november \u2013 2027. augusztus<\/li>\n<li>p\u00e1lyam\u0171vek bemutat\u00e1sa a k\u00f6z\u00f6ns\u00e9g sz\u00e1m\u00e1ra: 2027. szeptember 24. \u2013 2027. okt\u00f3ber 31.<\/li>\n<li>p\u00e1lyam\u0171vek elbont\u00e1sa: 2027. november 10-ig<\/li>\n<li>a p\u00e1ly\u00e1z\u00f3 \u00e1ltal \u00edrt szakmai besz\u00e1mol\u00f3 beny\u00fajt\u00e1sa: 2027. november 30.<\/li>\n<\/ul>\n<p>&nbsp;<\/p>\n<p>A p\u00e1ly\u00e1zat k\u00f6zz\u00e9t\u00e9telre ker\u00fcl 2026. \u00e1prilis 23-\u00e1n a BTM Budapest Gal\u00e9ria honlapj\u00e1n, valamint a flaszter.hu weboldalon.<\/p>\n<p>A p\u00e1ly\u00e1zattal kapcsolatos tov\u00e1bbi inform\u00e1ci\u00f3 a kapcsolattart\u00f3t\u00f3l k\u00e9rhet\u0151:<br \/>\nP\u00e1lv\u00f6lgyi Zs\u00f3fia, irodavezet\u0151, BTM Budapest Gal\u00e9ria<br \/>\n<a href=\"mailto:galeria@btm.hu\">galeria@btm.hu<\/a>[\/vc_column_text][vc_empty_space][vc_empty_space][vc_accordion style=&#8221;accordion&#8221;][vc_accordion_tab title=&#8221;Mell\u00e9kletek&#8221;][vc_column_text css=&#8221;&#8221;]<a href=\"https:\/\/budapestgaleria.hu\/_\/wp-content\/uploads\/2026\/04\/Szerzoi-nyilatkozat.pdf\">Szerz\u0151i nyilatkozat<\/a><\/p>\n<p><a href=\"https:\/\/budapestgaleria.hu\/_\/wp-content\/uploads\/2026\/04\/Penzugyi-nyilatkozat.pdf\">P\u00e9nz\u00fcgyi nyilatkozat<\/a>[\/vc_column_text][\/vc_accordion_tab][\/vc_accordion][\/vc_column][\/vc_row][vc_row css_animation=&#8221;&#8221; row_type=&#8221;row&#8221; use_row_as_full_screen_section=&#8221;no&#8221; type=&#8221;full_width&#8221; angled_section=&#8221;no&#8221; text_align=&#8221;left&#8221; background_image_as_pattern=&#8221;without_pattern&#8221;][vc_column][vc_empty_space][vc_empty_space][\/vc_column][\/vc_row]<\/p>\n<\/div>","protected":false},"excerpt":{"rendered":"<p>[vc_row css_animation=&#8221;&#8221; row_type=&#8221;row&#8221; use_row_as_full_screen_section=&#8221;no&#8221; type=&#8221;full_width&#8221; angled_section=&#8221;no&#8221; text_align=&#8221;left&#8221; background_image_as_pattern=&#8221;without_pattern&#8221;][vc_column][vc_single_image image=&#8221;24830&#8243; img_size=&#8221;full&#8221; alignment=&#8221;center&#8221; qode_css_animation=&#8221;&#8221;][vc_empty_space height=&#8221;45px&#8221;][vc_column_text css=&#8221;&#8221;] flaszter&#8230;<\/p>\n","protected":false},"author":15,"featured_media":0,"parent":0,"menu_order":0,"comment_status":"closed","ping_status":"closed","template":"","meta":{"inline_featured_image":false,"loftloader_pro_show_once":"","loftloader_pro_page_shortcode":"","footnotes":""},"class_list":["post-24829","page","type-page","status-publish","hentry"],"_links":{"self":[{"href":"https:\/\/budapestgaleria.hu\/_\/wp-json\/wp\/v2\/pages\/24829","targetHints":{"allow":["GET"]}}],"collection":[{"href":"https:\/\/budapestgaleria.hu\/_\/wp-json\/wp\/v2\/pages"}],"about":[{"href":"https:\/\/budapestgaleria.hu\/_\/wp-json\/wp\/v2\/types\/page"}],"author":[{"embeddable":true,"href":"https:\/\/budapestgaleria.hu\/_\/wp-json\/wp\/v2\/users\/15"}],"replies":[{"embeddable":true,"href":"https:\/\/budapestgaleria.hu\/_\/wp-json\/wp\/v2\/comments?post=24829"}],"version-history":[{"count":13,"href":"https:\/\/budapestgaleria.hu\/_\/wp-json\/wp\/v2\/pages\/24829\/revisions"}],"predecessor-version":[{"id":24851,"href":"https:\/\/budapestgaleria.hu\/_\/wp-json\/wp\/v2\/pages\/24829\/revisions\/24851"}],"wp:attachment":[{"href":"https:\/\/budapestgaleria.hu\/_\/wp-json\/wp\/v2\/media?parent=24829"}],"curies":[{"name":"wp","href":"https:\/\/api.w.org\/{rel}","templated":true}]}}