{"id":24970,"date":"2026-05-08T11:37:41","date_gmt":"2026-05-08T09:37:41","guid":{"rendered":"https:\/\/budapestgaleria.hu\/_\/?page_id=24970"},"modified":"2026-05-08T13:20:30","modified_gmt":"2026-05-08T11:20:30","slug":"nyari-alkotomuhely","status":"publish","type":"page","link":"https:\/\/budapestgaleria.hu\/_\/nyari-alkotomuhely\/","title":{"rendered":"Ny\u00e1ri k\u00e9pz\u0151m\u0171v\u00e9szeti alkot\u00f3m\u0171hely a Budapest Gal\u00e9ri\u00e1ban"},"content":{"rendered":"<div class=\"wpb-content-wrapper\"><p>[vc_row css_animation=&#8221;&#8221; seperator_indeed_locker=&#8221;&#8221; lk_t=&#8221;ism_template_1&#8243; lk_io=&#8221;default&#8221; lk_dm=&#8221;0&#8243; lk_thm=&#8221;0&#8243; lk_tuo=&#8221;0&#8243; ru_on=&#8221;0&#8243; uhc_on=&#8221;0&#8243; ur_on=&#8221;0&#8243; ref_on=&#8221;0&#8243; row_type=&#8221;row&#8221; use_row_as_full_screen_section=&#8221;no&#8221; type=&#8221;grid&#8221; angled_section=&#8221;no&#8221; text_align=&#8221;left&#8221; background_image_as_pattern=&#8221;without_pattern&#8221; z_index=&#8221;&#8221;][vc_column][vc_single_image image=&#8221;24960&#8243; img_size=&#8221;full&#8221; alignment=&#8221;center&#8221; css=&#8221;&#8221; qode_css_animation=&#8221;&#8221; el_class=&#8221;full-img&#8221;][vc_empty_space][vc_column_text css=&#8221;&#8221;]<\/p>\n<h3>Ny\u00e1ri k\u00e9pz\u0151m\u0171v\u00e9szeti alkot\u00f3m\u0171hely a Budapest Gal\u00e9ri\u00e1ban<\/h3>\n<p>&nbsp;<\/p>\n<h4>Sz\u00f6vev\u00e9nyes t\u00f6rt\u00e9netek &#8211; Betelt!<\/h4>\n<p><strong>2026. j\u00fanius 22-26-ig<\/strong><br \/>\nBTM Budapest Gal\u00e9ria &#8211; 1036 Budapest, Lajos utca 158.<\/p>\n<p>A Budapest Gal\u00e9ria ebben az \u00e9vben is szervez ny\u00e1ri alkot\u00f3m\u0171helyt j\u00fanius 22-26-ig. A foglalkoz\u00e1sokat reggel 9-t\u0151l d\u00e9lut\u00e1n 16 \u00f3r\u00e1ig tartjuk a ki\u00e1ll\u00edt\u00f3termekben illetve a gal\u00e9ria udvar\u00e1n. A gyerekekkel fest\u00fcnk, rajzolunk, agyagozunk, nyomatokat \u00e9s maketteket k\u00e9sz\u00edt\u00fcnk.<\/p>\n<p>A program minden nap reggel 9:00-t\u0151l d\u00e9lut\u00e1n 16:00-ig tart. Az eb\u00e9det, valamint az alkot\u00e1shoz sz\u00fcks\u00e9ges anyagokat \u00e9s eszk\u00f6z\u00f6ket a Budapest Gal\u00e9ria biztos\u00edtja.<\/p>\n<p><strong>Helysz\u00edn:<\/strong> BTM &#8211; Budapest Gal\u00e9ria, 1036 Budapest, Lajos utca 158.<br \/>\n<strong>Koroszt\u00e1ly:<\/strong> 8-10 \u00e9vesek<br \/>\n<strong>R\u00e9sztvev\u0151k sz\u00e1ma:<\/strong> 12 f\u0151<br \/>\n<strong>R\u00e9szv\u00e9teli d\u00edj:<\/strong> 52 000 Ft, testv\u00e9reknek 46 000 Ft<\/p>\n<p><strong>Jelentkez\u00e9s \u00e9s tov\u00e1bbi inform\u00e1ci\u00f3:<\/strong> <a href=\"mailto:szabics.agnes@btm.hu\">szabics.agnes@btm.hu<\/a>, +36 20 9899 360<\/p>\n<p>&nbsp;<\/p>\n<p>[\/vc_column_text][vc_separator type=&#8221;normal&#8221;][vc_empty_space][vc_column_text css=&#8221;&#8221;]<\/p>\n<h4>P\u00e1rbesz\u00e9d<\/h4>\n<p><strong>2026. j\u00falius 6-10-ig<\/strong><br \/>\nBTM Budapest Gal\u00e9ria &#8211; 1036 Budapest, Lajos utca 158.<\/p>\n<p>A 2026. j\u00falius 6-\u00e1n kezd\u0151d\u0151 ny\u00e1ri m\u0171hely r\u00e9sztvev\u0151ivel n\u00e9gy k\u00e9pz\u0151m\u0171v\u00e9sz m\u0171term\u00e9be l\u00e1togatunk el, hogy megismerj\u00fck alkot\u00e1saikat, munkam\u00f3dszer\u00fcket, \u00e9s megtudjuk, milyen k\u00e9rd\u00e9sek foglalkoztatj\u00e1k \u0151ket. Tov\u00e1bbgondolva m\u0171veiket mi is k\u00e9sz\u00edt\u00fcnk festm\u00e9nyeket, grafik\u00e1kat, szobrokat, maketteket \u00e9s install\u00e1ci\u00f3kat.<\/p>\n<p>A program minden nap reggel 9:00-t\u0151l d\u00e9lut\u00e1n 16:30-ig tart. Az eb\u00e9det, valamint az alkot\u00e1shoz sz\u00fcks\u00e9ges anyagokat \u00e9s eszk\u00f6z\u00f6ket a Budapest Gal\u00e9ria biztos\u00edtja.<\/p>\n<p><strong>Koroszt\u00e1ly:<\/strong> 11-14 \u00e9vesek<br \/>\n<strong>R\u00e9sztvev\u0151k sz\u00e1ma:<\/strong> 12 f\u0151<br \/>\n<strong>R\u00e9szv\u00e9teli d\u00edj:<\/strong> 52 000 Ft, testv\u00e9reknek 46 000 Ft<\/p>\n<p><strong>Jelentkez\u00e9s \u00e9s tov\u00e1bbi inform\u00e1ci\u00f3:<\/strong> <a href=\"mailto:szabics.agnes@btm.hu\">szabics.agnes@btm.hu<\/a>, +36 20 9899 360<\/p>\n<p>[\/vc_column_text][vc_empty_space][vc_empty_space][\/vc_column][\/vc_row]<\/p>\n<\/div>","protected":false},"excerpt":{"rendered":"<p>[vc_row css_animation=&#8221;&#8221; seperator_indeed_locker=&#8221;&#8221; lk_t=&#8221;ism_template_1&#8243; lk_io=&#8221;default&#8221; lk_dm=&#8221;0&#8243; lk_thm=&#8221;0&#8243; lk_tuo=&#8221;0&#8243; ru_on=&#8221;0&#8243; uhc_on=&#8221;0&#8243; ur_on=&#8221;0&#8243; ref_on=&#8221;0&#8243; row_type=&#8221;row&#8221; use_row_as_full_screen_section=&#8221;no&#8221; type=&#8221;grid&#8221;&#8230;<\/p>\n","protected":false},"author":15,"featured_media":0,"parent":0,"menu_order":0,"comment_status":"closed","ping_status":"closed","template":"","meta":{"inline_featured_image":false,"loftloader_pro_show_once":"","loftloader_pro_page_shortcode":"","footnotes":""},"class_list":["post-24970","page","type-page","status-publish","hentry"],"_links":{"self":[{"href":"https:\/\/budapestgaleria.hu\/_\/wp-json\/wp\/v2\/pages\/24970","targetHints":{"allow":["GET"]}}],"collection":[{"href":"https:\/\/budapestgaleria.hu\/_\/wp-json\/wp\/v2\/pages"}],"about":[{"href":"https:\/\/budapestgaleria.hu\/_\/wp-json\/wp\/v2\/types\/page"}],"author":[{"embeddable":true,"href":"https:\/\/budapestgaleria.hu\/_\/wp-json\/wp\/v2\/users\/15"}],"replies":[{"embeddable":true,"href":"https:\/\/budapestgaleria.hu\/_\/wp-json\/wp\/v2\/comments?post=24970"}],"version-history":[{"count":7,"href":"https:\/\/budapestgaleria.hu\/_\/wp-json\/wp\/v2\/pages\/24970\/revisions"}],"predecessor-version":[{"id":24996,"href":"https:\/\/budapestgaleria.hu\/_\/wp-json\/wp\/v2\/pages\/24970\/revisions\/24996"}],"wp:attachment":[{"href":"https:\/\/budapestgaleria.hu\/_\/wp-json\/wp\/v2\/media?parent=24970"}],"curies":[{"name":"wp","href":"https:\/\/api.w.org\/{rel}","templated":true}]}}