{"id":6723,"date":"2014-09-01T19:20:51","date_gmt":"2014-09-01T19:20:51","guid":{"rendered":"http:\/\/budapestgaleria.hu\/uj\/?page_id=6723"},"modified":"2026-04-17T14:05:52","modified_gmt":"2026-04-17T12:05:52","slug":"munkatarsak","status":"publish","type":"page","link":"https:\/\/budapestgaleria.hu\/_\/munkatarsak\/","title":{"rendered":"Munkat\u00e1rsak"},"content":{"rendered":"<div class=\"wpb-content-wrapper\"><p>[vc_row css_animation=&#8221;&#8221; seperator_indeed_locker=&#8221;&#8221; row_type=&#8221;row&#8221; use_row_as_full_screen_section=&#8221;no&#8221; type=&#8221;grid&#8221; angled_section=&#8221;no&#8221; text_align=&#8221;left&#8221; background_image_as_pattern=&#8221;without_pattern&#8221; template=&#8221;ism_template_1&#8243; ism_overlock=&#8221;default&#8221; sm_d_text=&#8221;<\/p>\n<h2>This content is locked<\/h2>\n<p>Share This Page To Unlock The Content!&#8221; z_index=&#8221;&#8221;][vc_column][vc_single_image image=&#8221;21693&#8243; img_size=&#8221;full&#8221; qode_css_animation=&#8221;&#8221;][vc_empty_space height=&#8221;10px&#8221;][vc_column_text]<\/p>\n<p class=\"kepalairas_cim_jobb\">Shani Leseman: <em>Talizm\u00e1gia<\/em> 2022, enteri\u0151rk\u00e9p a <em>Maleficae &#8211; A m\u00e1gly\u00e1t\u00f3l az online var\u00e1zsl\u00e1sig<\/em> ki\u00e1ll\u00edt\u00e1sr\u00f3l<\/p>\n<p>[\/vc_column_text][vc_empty_space height=&#8221;30px&#8221;][\/vc_column][\/vc_row][vc_row css_animation=&#8221;&#8221; row_type=&#8221;row&#8221; use_row_as_full_screen_section=&#8221;no&#8221; type=&#8221;grid&#8221; angled_section=&#8221;no&#8221; text_align=&#8221;left&#8221; background_image_as_pattern=&#8221;without_pattern&#8221; template=&#8221;ism_template_1&#8243; ism_overlock=&#8221;default&#8221; sm_d_text=&#8221;<\/p>\n<h2>This content is locked<\/h2>\n<p>Share This Page To Unlock The Content!&#8221; bgparallax=&#8221;parallax&#8221; contentwidth=&#8221;container&#8221; toppadding=&#8221;40&#8243; bottompadding=&#8221;10&#8243; border=&#8221;on&#8221; css=&#8221;.vc_custom_1427028434187{background-color: #ffffff !important;}&#8221;][vc_column width=&#8221;1\/2&#8243; el_class=&#8221;full-1&#8243;][vc_empty_space height=&#8221;25px&#8221;][vc_column_text css=&#8221;&#8221;]<\/p>\n<p class=\"brand_1\">BUDAPEST GAL\u00c9RIA<\/p>\n<p>1036 Budapest, Lajos u. 158.<\/p>\n<p>Telefon: +36\/1-487-8840<br \/>\nkedd &#8211; vas\u00e1rnap 10-17 \u00f3ra k\u00f6z\u00f6tt[\/vc_column_text]<span data-type=\"normal\" data-hover-icon-color=\"#d651b2\" class=\"qode_icon_shortcode  q_font_awsome_icon fa-lg  \" style=\" \"><a  itemprop=\"url\" href=\"mailto:info@budapestgaleria.hu\" target=\"_blank\"><i class=\"qode_icon_font_awesome fa fa-envelope qode_icon_element\" style=\"color: #9c0a7d;\" ><\/i><\/a><\/span>[vc_empty_space height=&#8221;25px&#8221; el_class=&#8221;hide&#8221;][\/vc_column][vc_column width=&#8221;1\/2&#8243; el_class=&#8221;full-2&#8243;][vc_column_text]<\/p>\n<p class=\"munkatars\">Er\u0151ss Nikolett<\/p>\n<p>f\u0151oszt\u00e1lyvezet\u0151, m\u0171v\u00e9szett\u00f6rt\u00e9n\u00e9sz, kur\u00e1tor[\/vc_column_text][vc_empty_space height=&#8221;10px&#8221;]<span data-type=\"normal\" data-hover-icon-color=\"#d651b2\" class=\"qode_icon_shortcode  q_font_awsome_icon fa-lg  \" style=\" \"><a  itemprop=\"url\" href=\"mailto:eross.nikolett@btm.hu\" target=\"_blank\"><i class=\"qode_icon_font_awesome fa fa-envelope qode_icon_element\" style=\"color: #9c0a7d;\" ><\/i><\/a><\/span>[vc_empty_space][vc_empty_space][\/vc_column][\/vc_row][vc_row css_animation=&#8221;&#8221; row_type=&#8221;row&#8221; use_row_as_full_screen_section=&#8221;no&#8221; type=&#8221;grid&#8221; angled_section=&#8221;no&#8221; text_align=&#8221;left&#8221; background_image_as_pattern=&#8221;without_pattern&#8221; template=&#8221;ism_template_1&#8243; ism_overlock=&#8221;default&#8221; sm_d_text=&#8221;<\/p>\n<h2>This content is locked<\/h2>\n<p>Share This Page To Unlock The Content!&#8221;][vc_column][vc_separator type=&#8221;normal&#8221; color=&#8221;#000000&#8243;][\/vc_column][\/vc_row][vc_row css_animation=&#8221;&#8221; row_type=&#8221;row&#8221; use_row_as_full_screen_section=&#8221;no&#8221; type=&#8221;grid&#8221; angled_section=&#8221;no&#8221; text_align=&#8221;left&#8221; background_image_as_pattern=&#8221;without_pattern&#8221; bgparallax=&#8221;parallax&#8221; contentwidth=&#8221;container&#8221; toppadding=&#8221;40&#8243; bottompadding=&#8221;10&#8243; border=&#8221;on&#8221; css=&#8221;.vc_custom_1421938508377{background-color: #ffffff !important;}&#8221;][vc_column width=&#8221;1\/2&#8243; el_class=&#8221;full-1&#8243;][vc_empty_space height=&#8221;25px&#8221;][vc_column_text]<\/p>\n<p class=\"brand_3\">Iroda<\/p>\n<p>[\/vc_column_text]<span data-type=\"normal\" data-hover-icon-color=\"#d651b2\" class=\"qode_icon_shortcode  q_font_awsome_icon fa-lg  \" style=\" \"><a  itemprop=\"url\" href=\"mailto:galeria@btm.hu\" target=\"_blank\"><i class=\"qode_icon_font_awesome fa fa-envelope qode_icon_element\" style=\"color: #9c0a7d;\" ><\/i><\/a><\/span>[vc_empty_space height=&#8221;25px&#8221; el_class=&#8221;hide&#8221;][\/vc_column][vc_column width=&#8221;1\/2&#8243; el_class=&#8221;full-2&#8243;][vc_column_text]<\/p>\n<p class=\"munkatars\">P\u00e1lv\u00f6lgyi Zs\u00f3fia<\/p>\n<p>irodavezet\u0151, m\u0171v\u00e9szett\u00f6rt\u00e9n\u00e9sz[\/vc_column_text]<span data-type=\"normal\" data-hover-icon-color=\"#d651b2\" class=\"qode_icon_shortcode  q_font_awsome_icon fa-lg  \" style=\" \"><a  itemprop=\"url\" href=\"mailto:palvolgyi.zsofia@btm.hu\" target=\"_blank\"><i class=\"qode_icon_font_awesome fa fa-envelope qode_icon_element\" style=\"color: #9c0a7d;\" ><\/i><\/a><\/span>[vc_empty_space height=&#8221;45px&#8221;][\/vc_column][\/vc_row][vc_row css_animation=&#8221;&#8221; row_type=&#8221;row&#8221; use_row_as_full_screen_section=&#8221;no&#8221; type=&#8221;grid&#8221; angled_section=&#8221;no&#8221; text_align=&#8221;left&#8221; background_image_as_pattern=&#8221;without_pattern&#8221; template=&#8221;ism_template_1&#8243; ism_overlock=&#8221;default&#8221; sm_d_text=&#8221;<\/p>\n<h2>This content is locked<\/h2>\n<p>Share This Page To Unlock The Content!&#8221;][vc_column][vc_separator type=&#8221;normal&#8221; color=&#8221;#000000&#8243;][\/vc_column][\/vc_row][vc_row css_animation=&#8221;&#8221; row_type=&#8221;row&#8221; use_row_as_full_screen_section=&#8221;no&#8221; type=&#8221;grid&#8221; angled_section=&#8221;no&#8221; text_align=&#8221;left&#8221; background_image_as_pattern=&#8221;without_pattern&#8221; bgparallax=&#8221;parallax&#8221; contentwidth=&#8221;container&#8221; toppadding=&#8221;40&#8243; bottompadding=&#8221;10&#8243; border=&#8221;on&#8221; css=&#8221;.vc_custom_1421938508377{background-color: #ffffff !important;}&#8221;][vc_column width=&#8221;1\/2&#8243; el_class=&#8221;full-1&#8243;][vc_empty_space height=&#8221;25px&#8221;][vc_column_text]<\/p>\n<p class=\"brand_3\">Ki\u00e1ll\u00edt\u00e1si Oszt\u00e1ly<\/p>\n<p>[\/vc_column_text][vc_empty_space height=&#8221;25px&#8221; el_class=&#8221;hide&#8221;][\/vc_column][vc_column width=&#8221;1\/2&#8243; el_class=&#8221;full-2&#8243;]<span data-type=\"normal\" data-hover-icon-color=\"#d651b2\" class=\"qode_icon_shortcode  q_font_awsome_icon fa-lg  \" style=\" \"><i class=\"qode_icon_font_awesome fa  qode_icon_element\" style=\"color: #9c0a7d;\" ><\/i><\/span>[vc_column_text]<\/p>\n<p class=\"munkatars\">Koll\u00e1r Dalma Eszter<\/p>\n<p>kur\u00e1tor[\/vc_column_text]<span data-type=\"normal\" data-hover-icon-color=\"#d651b2\" class=\"qode_icon_shortcode  q_font_awsome_icon fa-lg  \" style=\" \"><a  itemprop=\"url\" href=\"mailto:kollar.dalma@btm.hu\" target=\"_blank\"><i class=\"qode_icon_font_awesome fa fa-envelope qode_icon_element\" style=\"color: #9c0a7d;\" ><\/i><\/a><\/span>[vc_column_text]<\/p>\n<p class=\"munkatars\">Sz\u00e1sz Anna Lujza<\/p>\n<p>kur\u00e1tor, szociol\u00f3gus[\/vc_column_text]<span data-type=\"normal\" data-hover-icon-color=\"#d651b2\" class=\"qode_icon_shortcode  q_font_awsome_icon fa-lg  \" style=\" \"><a  itemprop=\"url\" href=\"mailto:szasz.anna@btm.hu\" target=\"_blank\"><i class=\"qode_icon_font_awesome fa fa-envelope qode_icon_element\" style=\"color: #9c0a7d;\" ><\/i><\/a><\/span>[vc_column_text css=&#8221;&#8221;]<\/p>\n<p class=\"munkatars\"><strong>T\u00f3th Fanni<\/strong><\/p>\n<p>kur\u00e1tor asszisztens, m\u0171v\u00e9szett\u00f6rt\u00e9n\u00e9sz[\/vc_column_text]<span data-type=\"normal\" data-hover-icon-color=\"#d651b2\" class=\"qode_icon_shortcode  q_font_awsome_icon fa-lg  \" style=\" \"><a  itemprop=\"url\" href=\"mailto:toth.fanni@btm.hu\" target=\"_blank\"><i class=\"qode_icon_font_awesome fa fa-envelope qode_icon_element\" style=\"color: #9c0a7d;\" ><\/i><\/a><\/span>[vc_column_text]<\/p>\n<p class=\"munkatars\">Szabics \u00c1gnes<\/p>\n<p>m\u0171v\u00e9szetpedag\u00f3gus[\/vc_column_text]<span data-type=\"normal\" data-hover-icon-color=\"#d651b2\" class=\"qode_icon_shortcode  q_font_awsome_icon fa-lg  \" style=\" \"><a  itemprop=\"url\" href=\"mailto:szabics.agnes@btm.hu\" target=\"_blank\"><i class=\"qode_icon_font_awesome fa fa-envelope qode_icon_element\" style=\"color: #9c0a7d;\" ><\/i><\/a><\/span>[vc_column_text]<\/p>\n<p class=\"munkatars\">T\u00f3th Anna<\/p>\n<p>m\u00fazeumpedag\u00f3gus[\/vc_column_text]<span data-type=\"normal\" data-hover-icon-color=\"#d651b2\" class=\"qode_icon_shortcode  q_font_awsome_icon fa-lg  \" style=\" \"><a  itemprop=\"url\" href=\"mailto:muzeumpedagogia@budapestgaleria.hu\" target=\"_blank\"><i class=\"qode_icon_font_awesome fa fa-envelope qode_icon_element\" style=\"color: #9c0a7d;\" ><\/i><\/a><\/span>[vc_column_text]<\/p>\n<p class=\"munkatars\"><strong>G\u00e1m\u00e1n Zsuzsanna<\/strong><\/p>\n<p>kommunik\u00e1ci\u00f3s \u00e9s k\u00f6z\u00f6ns\u00e9gkapcsolati munkat\u00e1rs[\/vc_column_text]<span data-type=\"normal\" data-hover-icon-color=\"#d651b2\" class=\"qode_icon_shortcode  q_font_awsome_icon fa-lg  \" style=\" \"><a  itemprop=\"url\" href=\"mailto:%20gaman.zsuzsanna@btm.hu\" target=\"_blank\"><i class=\"qode_icon_font_awesome fa fa-envelope qode_icon_element\" style=\"color: #9c0a7d;\" ><\/i><\/a><\/span>[vc_column_text]<\/p>\n<p class=\"munkatars\">Gyenei P\u00e9ter<\/p>\n<p>ki\u00e1ll\u00edt\u00e1s rendez\u0151[\/vc_column_text][vc_column_text]<\/p>\n<p class=\"munkatars\">Petern\u00e1k Zsigmond<\/p>\n<p>technikus[\/vc_column_text][vc_column_text]<\/p>\n<p class=\"munkatars\">Szakszon Imre<\/p>\n<p>ki\u00e1ll\u00edt\u00e1stechnikus[\/vc_column_text][vc_empty_space height=&#8221;45px&#8221;][\/vc_column][\/vc_row][vc_row css_animation=&#8221;&#8221; row_type=&#8221;row&#8221; use_row_as_full_screen_section=&#8221;no&#8221; type=&#8221;grid&#8221; angled_section=&#8221;no&#8221; text_align=&#8221;left&#8221; background_image_as_pattern=&#8221;without_pattern&#8221; template=&#8221;ism_template_1&#8243; ism_overlock=&#8221;default&#8221; sm_d_text=&#8221;<\/p>\n<h2>This content is locked<\/h2>\n<p>Share This Page To Unlock The Content!&#8221;][vc_column][vc_separator type=&#8221;normal&#8221; color=&#8221;#000000&#8243;][\/vc_column][\/vc_row][vc_row css_animation=&#8221;&#8221; row_type=&#8221;row&#8221; use_row_as_full_screen_section=&#8221;no&#8221; type=&#8221;grid&#8221; angled_section=&#8221;no&#8221; text_align=&#8221;left&#8221; background_image_as_pattern=&#8221;without_pattern&#8221; bgparallax=&#8221;parallax&#8221; contentwidth=&#8221;container&#8221; toppadding=&#8221;40&#8243; bottompadding=&#8221;10&#8243; border=&#8221;on&#8221; css=&#8221;.vc_custom_1421938508377{background-color: #ffffff !important;}&#8221;][vc_column width=&#8221;1\/2&#8243; el_class=&#8221;full-1&#8243;][vc_empty_space height=&#8221;25px&#8221; el_class=&#8221;hide&#8221;][vc_column_text]<\/p>\n<p class=\"brand_3\">M\u0171v\u00e9szcsere program<\/p>\n<p>[\/vc_column_text][vc_empty_space height=&#8221;25px&#8221; el_class=&#8221;hide&#8221;][vc_empty_space height=&#8221;25px&#8221; el_class=&#8221;hide&#8221;][vc_empty_space height=&#8221;25px&#8221; el_class=&#8221;hide&#8221;][vc_empty_space height=&#8221;25px&#8221; el_class=&#8221;hide&#8221;][\/vc_column][vc_column width=&#8221;1\/2&#8243; el_class=&#8221;full&#8221;][vc_column_text css=&#8221;&#8221;]<\/p>\n<p class=\"munkatars\">Keszegh \u00c1gnes<\/p>\n<p>[\/vc_column_text]<span data-type=\"normal\" data-hover-icon-color=\"#d651b2\" class=\"qode_icon_shortcode  q_font_awsome_icon fa-lg  \" style=\" \"><a  itemprop=\"url\" href=\"mailto:keszegh.agnes@btm.hu\" target=\"_blank\"><i class=\"qode_icon_font_awesome fa fa-envelope qode_icon_element\" style=\"color: #9c0a7d;\" ><\/i><\/a><\/span>[\/vc_column][\/vc_row][vc_row css_animation=&#8221;&#8221; row_type=&#8221;row&#8221; use_row_as_full_screen_section=&#8221;no&#8221; type=&#8221;grid&#8221; angled_section=&#8221;no&#8221; text_align=&#8221;left&#8221; background_image_as_pattern=&#8221;without_pattern&#8221; template=&#8221;ism_template_1&#8243; ism_overlock=&#8221;default&#8221; sm_d_text=&#8221;<\/p>\n<h2>This content is locked<\/h2>\n<p>Share This Page To Unlock The Content!&#8221;][vc_column][vc_separator type=&#8221;normal&#8221; color=&#8221;#000000&#8243;][\/vc_column][\/vc_row][vc_row css_animation=&#8221;&#8221; row_type=&#8221;row&#8221; use_row_as_full_screen_section=&#8221;no&#8221; type=&#8221;grid&#8221; angled_section=&#8221;no&#8221; text_align=&#8221;left&#8221; background_image_as_pattern=&#8221;without_pattern&#8221; bgparallax=&#8221;parallax&#8221; contentwidth=&#8221;container&#8221; toppadding=&#8221;40&#8243; bottompadding=&#8221;10&#8243; border=&#8221;on&#8221; css=&#8221;.vc_custom_1421938508377{background-color: #ffffff !important;}&#8221;][vc_column width=&#8221;1\/2&#8243; el_class=&#8221;full-1&#8243;][vc_empty_space height=&#8221;25px&#8221;][vc_column_text]<\/p>\n<p class=\"brand_3\">K\u00f6zt\u00e9ri M\u0171v\u00e9szeti Alkot\u00e1sok Oszt\u00e1lya<\/p>\n<p>Telefon: +36\/1-487-8840[\/vc_column_text][vc_empty_space height=&#8221;25px&#8221; el_class=&#8221;hide&#8221;][\/vc_column][vc_column width=&#8221;1\/2&#8243; el_class=&#8221;full&#8221;][vc_column_text]<\/p>\n<p class=\"munkatars\">Dr. Szerdahelyi M\u00e1rk<\/p>\n<p>oszt\u00e1lyvezet\u0151, m\u0171v\u00e9szett\u00f6rt\u00e9n\u00e9sz[\/vc_column_text]<span data-type=\"normal\" data-hover-icon-color=\"#d651b2\" class=\"qode_icon_shortcode  q_font_awsome_icon fa-lg  \" style=\" \"><a  itemprop=\"url\" href=\"mailto:szerdahelyi.mark@btm.hu\" target=\"_blank\"><i class=\"qode_icon_font_awesome fa fa-envelope qode_icon_element\" style=\"color: #9c0a7d;\" ><\/i><\/a><\/span>[vc_column_text]<\/p>\n<p class=\"munkatars\">Dr. Schmidt P\u00e9ter<\/p>\n<p>kultur\u00e1lis \u00fcgyint\u00e9z\u0151, a Varga Imre Gy\u0171jtem\u00e9ny szakmai vezet\u0151je[\/vc_column_text]<span data-type=\"normal\" data-hover-icon-color=\"#d651b2\" class=\"qode_icon_shortcode  q_font_awsome_icon fa-lg  \" style=\" \"><a  itemprop=\"url\" href=\"mailto:schmidt.peter@btm.hu\" target=\"_blank\"><i class=\"qode_icon_font_awesome fa fa-envelope qode_icon_element\" style=\"color: #9c0a7d;\" ><\/i><\/a><\/span>[vc_column_text]<\/p>\n<p class=\"munkatars\">Matzonn\u00e9 Gerg\u00f3 Gertrud<\/p>\n<p>m\u00e9rn\u00f6k[\/vc_column_text]<span data-type=\"normal\" data-hover-icon-color=\"#d651b2\" class=\"qode_icon_shortcode  q_font_awsome_icon fa-lg  \" style=\" \"><a  itemprop=\"url\" href=\"mailto:matzon.gertrud@btm.hu\" target=\"_blank\"><i class=\"qode_icon_font_awesome fa fa-envelope qode_icon_element\" style=\"color: #9c0a7d;\" ><\/i><\/a><\/span>[vc_column_text css=&#8221;&#8221;]<\/p>\n<p class=\"munkatars\">K\u00e1d\u00e1r Zs\u00f3fia<\/p>\n<p>m\u0171v\u00e9szett\u00f6rt\u00e9n\u00e9sz, kultur\u00e1lis referens[\/vc_column_text]<span data-type=\"normal\" data-hover-icon-color=\"#d651b2\" class=\"qode_icon_shortcode  q_font_awsome_icon fa-lg  \" style=\" \"><a  itemprop=\"url\" href=\"mailto:%20kadar.zsofia@btm.hu\" target=\"_blank\"><i class=\"qode_icon_font_awesome fa fa-envelope qode_icon_element\" style=\"color: #9c0a7d;\" ><\/i><\/a><\/span>[vc_column_text]<\/p>\n<p class=\"munkatars\">Benda Bogl\u00e1rka<\/p>\n<p>asszisztens[\/vc_column_text]<span data-type=\"normal\" data-hover-icon-color=\"#d651b2\" class=\"qode_icon_shortcode  q_font_awsome_icon fa-lg  \" style=\" \"><a  itemprop=\"url\" href=\"mailto:benda.boglarka@btm.hu\" target=\"_blank\"><i class=\"qode_icon_font_awesome fa fa-envelope qode_icon_element\" style=\"color: #9c0a7d;\" ><\/i><\/a><\/span>[vc_column_text]<\/p>\n<p class=\"munkatars\">L\u00e9r\u00e1nt Zsuzsanna<\/p>\n<p>asszisztens[\/vc_column_text]<span data-type=\"normal\" data-hover-icon-color=\"#d651b2\" class=\"qode_icon_shortcode  q_font_awsome_icon fa-lg  \" style=\" \"><a  itemprop=\"url\" href=\"mailto:lerant.zsuzsanna@btm.hu\" target=\"_blank\"><i class=\"qode_icon_font_awesome fa fa-envelope qode_icon_element\" style=\"color: #9c0a7d;\" ><\/i><\/a><\/span>[vc_empty_space height=&#8221;45px&#8221;][\/vc_column][\/vc_row][vc_row css_animation=&#8221;&#8221; row_type=&#8221;row&#8221; use_row_as_full_screen_section=&#8221;no&#8221; type=&#8221;grid&#8221; angled_section=&#8221;no&#8221; text_align=&#8221;left&#8221; background_image_as_pattern=&#8221;without_pattern&#8221; template=&#8221;ism_template_1&#8243; ism_overlock=&#8221;default&#8221; sm_d_text=&#8221;<\/p>\n<h2>This content is locked<\/h2>\n<p>Share This Page To Unlock The Content!&#8221;][vc_column][vc_separator type=&#8221;normal&#8221; color=&#8221;#000000&#8243;][\/vc_column][\/vc_row][vc_row css_animation=&#8221;&#8221; row_type=&#8221;row&#8221; use_row_as_full_screen_section=&#8221;no&#8221; type=&#8221;grid&#8221; angled_section=&#8221;no&#8221; text_align=&#8221;left&#8221; background_image_as_pattern=&#8221;without_pattern&#8221; bgparallax=&#8221;parallax&#8221; contentwidth=&#8221;container&#8221; toppadding=&#8221;40&#8243; bottompadding=&#8221;10&#8243; border=&#8221;on&#8221; css=&#8221;.vc_custom_1421938508377{background-color: #ffffff !important;}&#8221;][vc_column width=&#8221;1\/2&#8243; el_class=&#8221;full-1&#8243;][vc_empty_space height=&#8221;25px&#8221; el_class=&#8221;hide&#8221;][vc_column_text]<\/p>\n<p class=\"brand_3\">K\u00f6z\u00f6ns\u00e9gkapcsolati munkat\u00e1rsak<\/p>\n<p>[\/vc_column_text][vc_empty_space height=&#8221;25px&#8221; el_class=&#8221;hide&#8221;][\/vc_column][vc_column width=&#8221;1\/2&#8243; el_class=&#8221;full&#8221;][vc_column_text]<\/p>\n<p class=\"munkatars\">Borb\u00e9ly \u00c1gnes, B\u00f6gi Dia, Holl\u00f3si Laura, Kov\u00e1ts Roz\u00e1lia, K\u0151v\u00e1ri J\u00falia, Tompa G\u00e1bor<\/p>\n<p>[\/vc_column_text][vc_empty_space height=&#8221;45px&#8221;][\/vc_column][\/vc_row][vc_row css_animation=&#8221;&#8221; row_type=&#8221;row&#8221; use_row_as_full_screen_section=&#8221;no&#8221; type=&#8221;grid&#8221; angled_section=&#8221;no&#8221; text_align=&#8221;left&#8221; background_image_as_pattern=&#8221;without_pattern&#8221; template=&#8221;ism_template_1&#8243; ism_overlock=&#8221;default&#8221; sm_d_text=&#8221;<\/p>\n<h2>This content is locked<\/h2>\n<p>Share This Page To Unlock The Content!&#8221;][vc_column][vc_separator type=&#8221;normal&#8221; color=&#8221;#000000&#8243;][\/vc_column][\/vc_row][vc_row css_animation=&#8221;&#8221; row_type=&#8221;row&#8221; use_row_as_full_screen_section=&#8221;no&#8221; type=&#8221;grid&#8221; angled_section=&#8221;no&#8221; text_align=&#8221;left&#8221; background_image_as_pattern=&#8221;without_pattern&#8221; bgparallax=&#8221;parallax&#8221; contentwidth=&#8221;container&#8221; toppadding=&#8221;40&#8243; bottompadding=&#8221;10&#8243; border=&#8221;on&#8221; css=&#8221;.vc_custom_1421938508377{background-color: #ffffff !important;}&#8221;][vc_column width=&#8221;1\/2&#8243; el_class=&#8221;full-1&#8243;][vc_empty_space height=&#8221;25px&#8221; el_class=&#8221;hide&#8221;][vc_column_text]<\/p>\n<p class=\"brand_3\">\u00dczemeltet\u00e9si vezet\u0151<\/p>\n<p>[\/vc_column_text][vc_empty_space height=&#8221;25px&#8221; el_class=&#8221;hide&#8221;][vc_empty_space height=&#8221;25px&#8221; el_class=&#8221;hide&#8221;][vc_column_text]<\/p>\n<p class=\"brand_3\">\u00dczemeltet\u00e9si munkat\u00e1rsak<\/p>\n<p>[\/vc_column_text][vc_empty_space height=&#8221;25px&#8221; el_class=&#8221;hide&#8221;][\/vc_column][vc_column width=&#8221;1\/2&#8243; el_class=&#8221;full&#8221;][vc_column_text]<\/p>\n<p class=\"munkatars\">B\u00f6gi Imre<\/p>\n<p>[\/vc_column_text][vc_empty_space height=&#8221;45px&#8221;][vc_column_text]<\/p>\n<p class=\"munkatars\">Grega Tiborn\u00e9, V\u00edghn\u00e9 G\u00e1sp\u00e1r Cec\u00edlia<\/p>\n<p>[\/vc_column_text][vc_empty_space height=&#8221;45px&#8221;][\/vc_column][\/vc_row][vc_row css_animation=&#8221;&#8221; row_type=&#8221;row&#8221; use_row_as_full_screen_section=&#8221;no&#8221; type=&#8221;grid&#8221; angled_section=&#8221;no&#8221; text_align=&#8221;left&#8221; background_image_as_pattern=&#8221;without_pattern&#8221; template=&#8221;ism_template_1&#8243; ism_overlock=&#8221;default&#8221; sm_d_text=&#8221;<\/p>\n<h2>This content is locked<\/h2>\n<p>Share This Page To Unlock The Content!&#8221;][vc_column][vc_empty_space height=&#8221;25px&#8221; el_class=&#8221;hide&#8221;][vc_empty_space height=&#8221;25px&#8221; el_class=&#8221;hide&#8221;][\/vc_column][\/vc_row][vc_row css_animation=&#8221;&#8221; row_type=&#8221;row&#8221; use_row_as_full_screen_section=&#8221;no&#8221; type=&#8221;grid&#8221; angled_section=&#8221;no&#8221; text_align=&#8221;left&#8221; background_image_as_pattern=&#8221;without_pattern&#8221; template=&#8221;ism_template_1&#8243; ism_overlock=&#8221;default&#8221; sm_d_text=&#8221;<\/p>\n<h2>This content is locked<\/h2>\n<p>Share This Page To Unlock The Content!&#8221;][vc_column][\/vc_column][\/vc_row]<\/p>\n<\/div>","protected":false},"excerpt":{"rendered":"<p>[vc_row css_animation=&#8221;&#8221; seperator_indeed_locker=&#8221;&#8221; row_type=&#8221;row&#8221; use_row_as_full_screen_section=&#8221;no&#8221; type=&#8221;grid&#8221; angled_section=&#8221;no&#8221; text_align=&#8221;left&#8221; background_image_as_pattern=&#8221;without_pattern&#8221; template=&#8221;ism_template_1&#8243; ism_overlock=&#8221;default&#8221; sm_d_text=&#8221; This content is&#8230;<\/p>\n","protected":false},"author":1,"featured_media":0,"parent":0,"menu_order":68,"comment_status":"closed","ping_status":"closed","template":"full_width.php","meta":{"inline_featured_image":false,"loftloader_pro_show_once":"","loftloader_pro_page_shortcode":"","footnotes":""},"class_list":["post-6723","page","type-page","status-publish","hentry"],"_links":{"self":[{"href":"https:\/\/budapestgaleria.hu\/_\/wp-json\/wp\/v2\/pages\/6723","targetHints":{"allow":["GET"]}}],"collection":[{"href":"https:\/\/budapestgaleria.hu\/_\/wp-json\/wp\/v2\/pages"}],"about":[{"href":"https:\/\/budapestgaleria.hu\/_\/wp-json\/wp\/v2\/types\/page"}],"author":[{"embeddable":true,"href":"https:\/\/budapestgaleria.hu\/_\/wp-json\/wp\/v2\/users\/1"}],"replies":[{"embeddable":true,"href":"https:\/\/budapestgaleria.hu\/_\/wp-json\/wp\/v2\/comments?post=6723"}],"version-history":[{"count":13,"href":"https:\/\/budapestgaleria.hu\/_\/wp-json\/wp\/v2\/pages\/6723\/revisions"}],"predecessor-version":[{"id":24824,"href":"https:\/\/budapestgaleria.hu\/_\/wp-json\/wp\/v2\/pages\/6723\/revisions\/24824"}],"wp:attachment":[{"href":"https:\/\/budapestgaleria.hu\/_\/wp-json\/wp\/v2\/media?parent=6723"}],"curies":[{"name":"wp","href":"https:\/\/api.w.org\/{rel}","templated":true}]}}