{"id":7039,"date":"2014-09-22T06:53:30","date_gmt":"2014-09-22T06:53:30","guid":{"rendered":"http:\/\/budapestgaleria.hu\/uj\/?page_id=7039"},"modified":"2025-12-03T10:05:11","modified_gmt":"2025-12-03T09:05:11","slug":"palyazat-2026","status":"publish","type":"page","link":"https:\/\/budapestgaleria.hu\/_\/muveszcsere-program\/palyazat-2026\/","title":{"rendered":"M\u0171v\u00e9szcsere program p\u00e1ly\u00e1zat 2026"},"content":{"rendered":"<div class=\"wpb-content-wrapper\"><p>[vc_row css_animation=&#8221;&#8221; row_type=&#8221;row&#8221; use_row_as_full_screen_section=&#8221;no&#8221; type=&#8221;grid&#8221; angled_section=&#8221;no&#8221; text_align=&#8221;left&#8221; background_image_as_pattern=&#8221;without_pattern&#8221; bgparallax=&#8221;parallax&#8221; contentwidth=&#8221;container&#8221; toppadding=&#8221;35&#8243; bottompadding=&#8221;50&#8243; border=&#8221;on&#8221; css=&#8221;.vc_custom_1421190070445{background-color: #ffffff !important;}&#8221;][vc_column][vc_single_image image=&#8221;23631&#8243; img_size=&#8221;full&#8221; alignment=&#8221;center&#8221; css=&#8221;&#8221; qode_css_animation=&#8221;&#8221;][vc_empty_space height=&#8221;45&#8243;][vc_column_text css=&#8221;&#8221;]<\/p>\n<h1 class=\"cim_1\">M\u0171v\u00e9szcsere program p\u00e1ly\u00e1zat 2026<\/h1>\n<p>[\/vc_column_text][vc_empty_space height=&#8221;45&#8243;][vc_column_text css=&#8221;&#8221;]<strong>Budapest F\u0151v\u00e1ros \u00d6nkorm\u00e1nyzata megb\u00edz\u00e1s\u00e1b\u00f3l a BTM Budapest Gal\u00e9ria p\u00e1ly\u00e1zatot hirdet a f\u0151v\u00e1rosban \u00e9l\u0151 \u00e9s alkot\u00f3 m\u0171v\u00e9szek (bizonyos helyekre kur\u00e1torok) sz\u00e1m\u00e1ra a 2026-os \u00e9vre, alkot\u00e1si, szakmai \u00e9s m\u0171v\u00e9szeti kapcsolat\u00e9p\u00edt\u00e9si lehet\u0151s\u00e9gre a k\u00f6vetkez\u0151 helyekre.<\/strong><\/p>\n<p>A p\u00e1ly\u00e1zat elnyer\u00e9s\u00e9vel a kiutaz\u00f3 p\u00e1ly\u00e1z\u00f3 sz\u00e1ll\u00e1st, m\u0171termet \u00e9s napid\u00edjat kap a vend\u00e9gl\u00e1t\u00f3 v\u00e1rost\u00f3l. A kiutaz\u00f3 p\u00e1ly\u00e1z\u00f3kra vonatkoz\u00f3 felt\u00e9telek \u2013 a partnerv\u00e1rosok k\u00e9r\u00e9s\u00e9re \u2013 egyedileg szab\u00e1lyozottak.<\/p>\n<p>&nbsp;<\/p>\n<table style=\"height: 1344px;\" width=\"1159\">\n<tbody>\n<tr>\n<td width=\"79\"><strong>V\u00e1ros<\/strong><\/td>\n<td width=\"120\">Int\u00e9zm\u00e9ny<\/td>\n<td width=\"85\">Rezidencia id\u0151szaka<\/td>\n<td width=\"106\">Megp\u00e1ly\u00e1zhat\u00f3 helyek sz\u00e1ma<\/td>\n<td width=\"120\">\u00d6szt\u00f6nd\u00edj<\/td>\n<td width=\"100\">K\u00eds\u00e9r\u0151\/vend\u00e9g mehet<\/td>\n<td style=\"text-align: center;\" width=\"114\">Megjegyz\u00e9s<\/td>\n<td style=\"text-align: center;\" width=\"96\">P\u00e1ly\u00e1zati fordul\u00f3k sz\u00e1ma<\/td>\n<\/tr>\n<tr>\n<td width=\"79\"><strong>Krems, Ausztria<\/strong><\/td>\n<td width=\"120\"><a href=\"https:\/\/www.kunstmeile.at\/de\/institutionen\/artist-in-residence\">ARTIST IN RESIDENCE Nieder\u00f6sterreich<\/a><\/td>\n<td width=\"85\">febru\u00e1r 23 &#8211; m\u00e1rcius 29.<\/td>\n<td width=\"106\">1 f\u0151<\/td>\n<td width=\"120\">1950 \u20ac<\/td>\n<td width=\"100\">nem<\/td>\n<td width=\"114\">ki\u00e1ll\u00edt\u00e1si lehet\u0151s\u00e9g<\/td>\n<td width=\"96\">\u00a0 \u00a0 \u00a0 \u00a0 \u00a02<\/td>\n<\/tr>\n<tr>\n<td width=\"79\"><strong>Lisszabon, Portug\u00e1lia<\/strong><\/td>\n<td width=\"120\"><a href=\"https:\/\/www.lisboa.pt\/\">C\u00e2mara Municipal de Lisboa \u00a0<\/a><\/td>\n<td width=\"85\">j\u00fanius 1 &#8211; j\u00fanius 30.<\/td>\n<td width=\"106\">1 f\u0151<\/td>\n<td width=\"120\">1000 \u20ac<\/td>\n<td width=\"100\">igen<\/td>\n<td width=\"114\">kur\u00e1torok is jelentkezhetnek<\/td>\n<td width=\"96\">\u00a0 \u00a0 \u00a0 \u00a0 \u00a01<\/td>\n<\/tr>\n<tr>\n<td width=\"79\"><strong>Lisszabon, Portug\u00e1lia<\/strong><\/td>\n<td width=\"120\"><a href=\"https:\/\/www.lisboa.pt\/\">C\u00e2mara Municipal de Lisboa \u00a0<\/a><\/td>\n<td width=\"85\">j\u00falius 1. &#8211; j\u00falius 31.<\/td>\n<td width=\"106\">1 f\u0151<\/td>\n<td width=\"120\">1000 \u20ac<\/td>\n<td width=\"100\">igen<\/td>\n<td width=\"114\">kur\u00e1torok is jelentkezhetnek<\/td>\n<td width=\"96\">\u00a0 \u00a0 \u00a0 \u00a0 \u00a01<\/td>\n<\/tr>\n<tr>\n<td width=\"79\"><strong>Salzburg Stadt<\/strong><\/td>\n<td width=\"120\"><a href=\"https:\/\/www.stadt-salzburg.at\/orte\/stadtatelier-im-kuenstlerhaus\">STADT:SALZBURG<\/a><\/td>\n<td width=\"85\">m\u00e1rcius 1. &#8211; m\u00e1rcius 31.<\/td>\n<td width=\"106\">1 f\u0151<\/td>\n<td width=\"120\">800 \u20ac<\/td>\n<td width=\"100\">igen<\/td>\n<td width=\"114\">ki\u00e1ll\u00edt\u00e1si lehet\u0151s\u00e9g<\/td>\n<td width=\"96\">\u00a0 \u00a0 \u00a0 \u00a0 \u00a01<\/td>\n<\/tr>\n<tr>\n<td width=\"79\"><strong>Salzburg Land<\/strong><\/td>\n<td width=\"120\"><a href=\"https:\/\/www.traklhaus.at\/\">Kunst im Traklhaus<\/a><\/td>\n<td width=\"85\">szeptember 1. &#8211; szeptember 30.<\/td>\n<td width=\"106\">1 f\u0151<\/td>\n<td width=\"120\">1000 \u20ac<\/td>\n<td width=\"100\"><\/td>\n<td width=\"igen&lt;\/td&gt; &lt;td width=\">ki\u00e1ll\u00edt\u00e1si lehet\u0151s\u00e9g<\/td>\n<td width=\"96\">\u00a0 \u00a0 \u00a0 \u00a0 \u00a01<\/td>\n<\/tr>\n<tr>\n<td width=\"79\"><strong>Salzburg Land<\/strong><\/td>\n<td width=\"120\"><a href=\"https:\/\/www.traklhaus.at\/\">Kunst im Traklhaus<\/a><\/td>\n<td width=\"85\">okt\u00f3ber 1. &#8211; okt\u00f3ber 31.<\/td>\n<td width=\"106\">1 f\u0151<\/td>\n<td width=\"120\">1000 \u20ac<\/td>\n<td width=\"100\">igen<\/td>\n<td width=\"114\">ki\u00e1ll\u00edt\u00e1si lehet\u0151s\u00e9g<\/td>\n<td width=\"96\">\u00a0 \u00a0 \u00a0 \u00a0 \u00a01<\/td>\n<\/tr>\n<tr>\n<td width=\"79\"><strong>Strasbourg<\/strong><\/td>\n<td width=\"120\"><a href=\"https:\/\/ceaac.org\/en\/\">CEAAC<\/a><\/td>\n<td width=\"85\">\u00e1prilis 1. &#8211; \u00e1prilis 30.<\/td>\n<td width=\"106\">1 f\u0151<\/td>\n<td width=\"120\">1000 \u20ac<\/p>\n<p>&nbsp;<\/td>\n<td width=\"100\">igen<\/td>\n<td width=\"114\">kur\u00e1torok is, \u00f6szt\u00f6nd\u00edj sz\u00e1mla ellen\u00e9ben, bemutatkoz\u00e1si lehet\u0151s\u00e9g<\/td>\n<td width=\"96\">\u00a0 \u00a0 \u00a0 \u00a0 \u00a02<\/td>\n<td width=\"96\">(vide\u00f3interj\u00fa)<\/td>\n<\/tr>\n<tr>\n<td width=\"79\"><strong>Frankfurt<\/strong><\/td>\n<td width=\"120\"><a href=\"https:\/\/www.basis-frankfurt.de\/\">basis e.v.<\/a><\/td>\n<td width=\"85\">m\u00e1jus 1. &#8211; j\u00fanius 30.<\/td>\n<td width=\"106\">1 f\u0151<\/td>\n<td width=\"120\">1000 \u20ac\/ h\u00f3<\/td>\n<td width=\"100\">igen<\/td>\n<td width=\"114\">ki\u00e1ll\u00edt\u00e1si lehet\u0151s\u00e9g, kur\u00e1torok is jelentkezhetnek<\/td>\n<td width=\"96\">\u00a0 \u00a0 \u00a0 \u00a0 2<\/td>\n<\/tr>\n<tr>\n<td width=\"79\"><strong>P\u00e1rizs<\/strong><\/td>\n<td width=\"120\"><a href=\"https:\/\/www.citedesartsparis.net\/\">Cit\u00e9 internationale des arts<\/a><\/td>\n<td width=\"85\">szeptember 1. &#8211; okt\u00f3ber 31.<\/td>\n<td width=\"106\">1 f\u0151<\/td>\n<td width=\"120\">1500 \u20ac\/ h\u00f3<\/td>\n<td width=\"100\">igen<\/td>\n<td width=\"114\">bemutatkoz\u00e1si lehet\u0151s\u00e9g, kur\u00e1torok is jelentkezhetnek<\/td>\n<td width=\"96\">\u00a0 \u00a0 \u00a0 \u00a0 2<\/td>\n<\/tr>\n<tr>\n<td style=\"text-align: left;\" width=\"79\"><strong>Kassa<\/strong>*<\/td>\n<td width=\"120\"><a href=\"https:\/\/www.kair.sk\/residency\/\">K.A.I.R.<\/a><\/td>\n<td width=\"85\">j\u00falius 1. &#8211; augusztus 31.<\/td>\n<td width=\"106\">1 f\u0151<\/td>\n<td width=\"120\">500 \u20ac honor\u00e1rium + 500 \u20ac anyagk\u00f6lts\u00e9g<\/td>\n<td width=\"100\">igen<\/td>\n<td width=\"114\">ki\u00e1ll\u00edt\u00e1si lehet\u0151s\u00e9g<\/td>\n<td width=\"96\">\u00a0 \u00a0 \u00a0 \u00a0 2<\/td>\n<\/tr>\n<tr>\n<td style=\"text-align: left;\" width=\"79\"><strong>Freising<\/strong><\/td>\n<td width=\"120\"><a href=\"https:\/\/www.schafhof-kunstforum.de\/?La=2\">Schafhof \u2013 European Art Forum Upper Bavaria<\/a><\/td>\n<td width=\"85\">m\u00e1rcius 1. &#8211; \u00e1prilis 30.<\/td>\n<td width=\"106\">1 f\u0151<\/td>\n<td width=\"120\">800 \u20ac\/ h\u00f3 + \u00fatik\u00f6lts\u00e9g<\/td>\n<td width=\"100\">igen<\/td>\n<td width=\"114\">ki\u00e1ll\u00edt\u00e1si lehet\u0151s\u00e9g<\/td>\n<td width=\"96\">\u00a0 \u00a0 \u00a0 \u00a0 2<\/td>\n<\/tr>\n<tr>\n<td width=\"79\"><strong>Celje<\/strong><\/td>\n<td width=\"120\"><a href=\"https:\/\/csu.si\/en\/\">Center for Contermporary Arts Celje<\/a><\/td>\n<td width=\"85\">j\u00falius 1. &#8211; augusztus 31.<\/td>\n<td width=\"106\">1 f\u0151<\/td>\n<td width=\"120\">1000 \u20ac\/h\u00f3<\/td>\n<td width=\"100\">igen<\/td>\n<td width=\"114\">ki\u00e1ll\u00edt\u00e1si lehet\u0151s\u00e9g, kur\u00e1torok is jelentkezhetnek, \u00f6szt\u00f6nd\u00edj sz\u00e1mla ellen\u00e9ben<\/td>\n<td width=\"96\">\u00a0 \u00a0 \u00a0 \u00a0 2<\/td>\n<\/tr>\n<tr>\n<td width=\"79\"><strong>Reykjav\u00edk<\/strong><\/td>\n<td width=\"120\"><a href=\"https:\/\/www.sim-residency.info\/\">S\u00cdM residency<\/a><\/td>\n<td width=\"85\">j\u00fanius 1. &#8211; j\u00fanius 30.<\/td>\n<td width=\"106\">1 f\u0151<\/td>\n<td width=\"120\">1000 \u20ac<\/td>\n<td width=\"100\">nem<\/td>\n<td width=\"114\">bemutatkoz\u00e1si lehet\u0151s\u00e9g<\/td>\n<td width=\"96\">\u00a0 \u00a0 \u00a0 \u00a0 2<\/td>\n<\/tr>\n<tr>\n<td width=\"79\"><strong>H\u00e1ga<\/strong><\/td>\n<td width=\"120\"><a href=\"https:\/\/1646.nl\/\">1646 Experimental Art Space<\/a><\/td>\n<td width=\"85\">j\u00fanius 8. &#8211; j\u00falius 8.<\/td>\n<td width=\"106\">1 f\u0151<\/td>\n<td width=\"120\">1000 \u20ac honor\u00e1rium + 750 \u20ac produkci\u00f3s k\u00f6lts\u00e9gt\u00e1mogat\u00e1s+ 300 \u20ac \u00fatik\u00f6lts\u00e9g<\/td>\n<td width=\"100\">igen<\/td>\n<td width=\"114\">bemutatkoz\u00e1si lehet\u0151s\u00e9g<\/td>\n<td width=\"96\">\u00a0 \u00a0 \u00a0 \u00a0 \u00a02<\/td>\n<\/tr>\n<\/tbody>\n<\/table>\n<p>&nbsp;<\/p>\n<p><em>* Felh\u00edvjuk figyelm\u00e9t, hogy a szlov\u00e1k kultur\u00e1lis politika jelenlegi kih\u00edv\u00e1sai miatt v\u00e1ltoz\u00e1sok l\u00e9phetnek fel. A jelentkez\u00e9si \u00e9s elb\u00edr\u00e1l\u00e1si folyamat sor\u00e1n az esetleges v\u00e1ltoz\u00e1sokr\u00f3l \u00e1tl\u00e1that\u00f3 kommunik\u00e1ci\u00f3t biztos\u00edtunk.<\/em><\/p>\n<p>&nbsp;<\/p>\n<p>K\u00e9r\u00fcnk minden jelentkez\u0151t, hogy tov\u00e1bbi inform\u00e1ci\u00f3 ig\u00e9nye eset\u00e9n a p\u00e1ly\u00e1zat bead\u00e1sa <u>el\u0151tt<\/u> vegye fel a kapcsolatot a BTM Budapest Gal\u00e9ria m\u0171v\u00e9szcsere program koordin\u00e1tor\u00e1val az al\u00e1bbi el\u00e9rhet\u0151s\u00e9gen: <a href=\"mailto:hermann.julia@btm.hu\">hermann.julia@btm.hu<\/a><\/p>\n<p><strong>A jelentkez\u00e9s felt\u00e9telei:<\/strong><\/p>\n<p>Azok jelentkez\u00e9s\u00e9t v\u00e1rjuk, akik eddig legfeljebb egyszer nyertek ezen a p\u00e1ly\u00e1zaton, \u00e9s utaz\u00e1suk 2023 el\u0151tt volt. A partnerv\u00e1rosok \u00e9s Budapest is elv\u00e1rja, hogy olyan p\u00e1ly\u00e1z\u00f3k jelentkezzenek, akik megfelel\u0151 szinten tudnak besz\u00e9lni a munk\u00e1jukr\u00f3l \u00e9s szakmai k\u00e9rd\u00e9sekr\u0151l angolul vagy az adott orsz\u00e1g nyelv\u00e9n. K\u00e9rj\u00fck, hogy nyelvtud\u00e1sukr\u00f3l a regisztr\u00e1ci\u00f3s adatlapon felel\u0151ss\u00e9ggel nyilatkozzanak.<\/p>\n<p>A p\u00e1ly\u00e1zat nyerteseit\u0151l a k\u00fclf\u00f6ldi \u00fat ut\u00e1n fot\u00f3kkal kieg\u00e9sz\u00edtett, \u00edr\u00e1sos szakmai besz\u00e1mol\u00f3t v\u00e1runk. A r\u00e9sztvev\u0151ket arra k\u00e9rj\u00fck, hogy alkalmank\u00e9nt seg\u00edts\u00e9k a Budapest Gal\u00e9ria m\u0171v\u00e9szcsere programj\u00e1t, hogy a Budapestre \u00e9rkez\u0151 k\u00fclf\u00f6ldi m\u0171v\u00e9szek t\u00e1j\u00e9koz\u00f3dni tudjanak a f\u0151v\u00e1ros m\u0171v\u00e9szeti \u00e9let\u00e9ben, valamint a k\u00e9s\u0151bbi hazai p\u00e1ly\u00e1z\u00f3k teljesebb k\u00e9pet kaphassanak a csereprogramr\u00f3l.<\/p>\n<p><strong>A p\u00e1ly\u00e1zat menete:<\/strong><\/p>\n<p>Jelentkezni csak elektronikus \u00faton lehet a <a href=\"mailto:hermann.julia@btm.hu\">hermann.julia@btm.hu<\/a> e-mail c\u00edmen.<\/p>\n<p>Egy p\u00e1ly\u00e1zatban maximum k\u00e9t hely megjel\u00f6l\u00e9se lehets\u00e9ges.<\/p>\n<p>Az \u00fczenet t\u00e1rgya M\u0171v\u00e9szcsere2026 legyen.<\/p>\n<p>Hat\u00e1rid\u0151: 2025. okt\u00f3ber 31. (p\u00e9ntek) 16:00<\/p>\n<p><strong>A p\u00e1ly\u00e1zatnak tartalmaznia kell: <\/strong><\/p>\n<p>\u2013 a regisztr\u00e1ci\u00f3s adatlapot \u00e9s szem\u00e9lyes adatkezel\u00e9shez hozz\u00e1j\u00e1rul\u00f3 nyilatkozatot, mely let\u00f6lthet\u0151 az oldal alj\u00e1n<\/p>\n<p>\u2013 a szakmai \u00f6n\u00e9letrajzot \u00e9s portf\u00f3li\u00f3t bemutat\u00f3 dokument\u00e1ci\u00f3t egy PDF-ben \u00f6sszef\u0171zve<\/p>\n<p>\u2013 valamint maximum 2-2 ezer karakteres, magyar \u00e9s angol nyelv\u0171 motiv\u00e1ci\u00f3s levelet a helysz\u00edn indokl\u00e1s\u00e1r\u00f3l (K\u00e9t helysz\u00edn megjel\u00f6l\u00e9se eset\u00e9n helysz\u00ednenk\u00e9nt k\u00fcl\u00f6n motiv\u00e1ci\u00f3s levelek csatol\u00e1sa sz\u00fcks\u00e9ges).<\/p>\n<p>A p\u00e1ly\u00e1zatokat a Budapest Gal\u00e9ria \u00e1ltal megh\u00edvott szakmai zs\u0171ri b\u00edr\u00e1lja el.<\/p>\n<p>A 2025-ben meghirdetett m\u0171v\u00e9szcsere p\u00e1ly\u00e1zat szakmai zs\u0171ri tagjai: Don Tam\u00e1s, Gad\u00f3 Fl\u00f3ra, Hermann J\u00falia, Mucsi Emese, Nov\u00e1k Lea<\/p>\n<p>A p\u00e1ly\u00e1z\u00f3k a p\u00e1ly\u00e1zatok be\u00e9rkez\u00e9s\u00e9r\u0151l \u00e9s a hi\u00e1nyp\u00f3tl\u00e1s sz\u00fcks\u00e9gess\u00e9g\u00e9r\u0151l \u00edr\u00e1sban kapnak \u00e9rtes\u00edt\u00e9st.<\/p>\n<p>A p\u00e1ly\u00e1zat elb\u00edr\u00e1l\u00e1s\u00e1nak v\u00e1rhat\u00f3 hat\u00e1rideje a fordul\u00f3k sz\u00e1m\u00e1t\u00f3l f\u00fcgg\u0151en november v\u00e9ge \u2013 december k\u00f6zepe.<\/p>\n<p>Tov\u00e1bbi inform\u00e1ci\u00f3: Budapest Gal\u00e9ria Ki\u00e1ll\u00edt\u00e1si Oszt\u00e1lya, Hermann J\u00falia (<a href=\"mailto:hermann.julia@btm.hu\">hermann.julia@btm.hu<\/a> )<\/p>\n<p><strong>A 2026-os p\u00e1ly\u00e1zat nyertesei <a href=\"https:\/\/budapestgaleria.hu\/_\/muveszcsere-program\/palyazat-2026-nyertesek\/\">itt<\/a> olvashat\u00f3ak!<\/strong><\/p>\n<p>[\/vc_column_text][vc_empty_space height=&#8221;32&#8243;][vc_column_text css=&#8221;&#8221;]\n            <div \n                class=\"elfsight-widget-file-embed elfsight-widget\" \n                data-elfsight-file-embed-options=\"%7B%22files%22%3A%5B%7B%22link%22%3A%22https%3A%5C%2F%5C%2Fbudapestgaleria.hu%5C%2F_%5C%2Fwp-content%5C%2Fuploads%5C%2F2025%5C%2F09%5C%2FREGISZTRACIOS-ADATLAP_2025.pdf%22%2C%22name%22%3A%22Regisztr%5Cu00e1ci%5Cu00f3s%20adatlap%22%2C%22previewImage%22%3A%22https%3A%5C%2F%5C%2Fbudapestgaleria.hu%5C%2F_%5C%2Fwp-content%5C%2Fuploads%5C%2F2025%5C%2F09%5C%2FREGISZTRACIOS-ADATLAP_2025.pdf%22%7D%5D%2C%22widgetTitle%22%3A%22%22%2C%22layout%22%3A%22viewer%22%2C%22showIcon%22%3Atrue%2C%22previewImageSize%22%3A30%2C%22showDownloadLink%22%3Atrue%2C%22downloadLinkText%22%3A%22Let%5Cu00f6lt%5Cu00e9s%22%2C%22width%22%3A%22100%25%22%2C%22nameColor%22%3A%22rgb%2817%2C%2017%2C%2017%29%22%2C%22downloadColor%22%3A%22rgb%2828%2C%20145%2C%20255%29%22%2C%22backgroundColor%22%3A%22rgb%28255%2C%20255%2C%20255%29%22%2C%22fileBackgroundColor%22%3A%22rgb%28255%2C%20255%2C%20255%29%22%2C%22widgetTitleColor%22%3A%22rgb%280%2C%200%2C%200%29%22%2C%22iconColor%22%3A%22%22%2C%22nameFontSize%22%3A16%2C%22downloadFontSize%22%3A16%2C%22widgetTitleFontSize%22%3A23%2C%22widgetId%22%3A%222%22%7D\" \n                data-elfsight-file-embed-version=\"1.1.1\"\n                data-elfsight-widget-id=\"elfsight-file-embed-2\">\n            <\/div>\n            [\/vc_column_text][vc_empty_space height=&#8221;45&#8243;][\/vc_column][\/vc_row]<\/p>\n<\/div>","protected":false},"excerpt":{"rendered":"<p>[vc_row css_animation=&#8221;&#8221; row_type=&#8221;row&#8221; use_row_as_full_screen_section=&#8221;no&#8221; type=&#8221;grid&#8221; angled_section=&#8221;no&#8221; text_align=&#8221;left&#8221; background_image_as_pattern=&#8221;without_pattern&#8221; bgparallax=&#8221;parallax&#8221; contentwidth=&#8221;container&#8221; toppadding=&#8221;35&#8243; bottompadding=&#8221;50&#8243; border=&#8221;on&#8221; css=&#8221;.vc_custom_1421190070445{background-color: #ffffff&#8230;<\/p>\n","protected":false},"author":1,"featured_media":0,"parent":20587,"menu_order":31,"comment_status":"closed","ping_status":"closed","template":"full_width.php","meta":{"inline_featured_image":false,"loftloader_pro_show_once":"","loftloader_pro_page_shortcode":"","footnotes":""},"class_list":["post-7039","page","type-page","status-publish","hentry"],"_links":{"self":[{"href":"https:\/\/budapestgaleria.hu\/_\/wp-json\/wp\/v2\/pages\/7039","targetHints":{"allow":["GET"]}}],"collection":[{"href":"https:\/\/budapestgaleria.hu\/_\/wp-json\/wp\/v2\/pages"}],"about":[{"href":"https:\/\/budapestgaleria.hu\/_\/wp-json\/wp\/v2\/types\/page"}],"author":[{"embeddable":true,"href":"https:\/\/budapestgaleria.hu\/_\/wp-json\/wp\/v2\/users\/1"}],"replies":[{"embeddable":true,"href":"https:\/\/budapestgaleria.hu\/_\/wp-json\/wp\/v2\/comments?post=7039"}],"version-history":[{"count":5,"href":"https:\/\/budapestgaleria.hu\/_\/wp-json\/wp\/v2\/pages\/7039\/revisions"}],"predecessor-version":[{"id":24399,"href":"https:\/\/budapestgaleria.hu\/_\/wp-json\/wp\/v2\/pages\/7039\/revisions\/24399"}],"up":[{"embeddable":true,"href":"https:\/\/budapestgaleria.hu\/_\/wp-json\/wp\/v2\/pages\/20587"}],"wp:attachment":[{"href":"https:\/\/budapestgaleria.hu\/_\/wp-json\/wp\/v2\/media?parent=7039"}],"curies":[{"name":"wp","href":"https:\/\/api.w.org\/{rel}","templated":true}]}}