{"id":8508,"date":"2015-01-16T12:45:53","date_gmt":"2015-01-16T12:45:53","guid":{"rendered":"http:\/\/budapestgaleria.hu\/_\/?page_id=8508"},"modified":"2015-03-25T14:37:47","modified_gmt":"2015-03-25T14:37:47","slug":"ioan-bunus","status":"publish","type":"page","link":"https:\/\/budapestgaleria.hu\/_\/2014-kiallitasok\/ioan-bunus\/","title":{"rendered":"Ioan Bunus | Bunus"},"content":{"rendered":"<div class=\"wpb-content-wrapper\"><p>[vc_row row_type=&#8221;row&#8221; use_row_as_full_screen_section=&#8221;no&#8221; type=&#8221;grid&#8221; text_align=&#8221;left&#8221; background_image_as_pattern=&#8221;without_pattern&#8221;][vc_column width=&#8221;1\/1&#8243;][vc_empty_space height=&#8221;40px&#8221;][vc_column_text]<\/p>\n<h2 class=\"cim_1\">IOAN BUNUS | BUNUS<\/h2>\n<p>[\/vc_column_text][vc_empty_space height=&#8221;32px&#8221;][\/vc_column][\/vc_row][vc_row bgparallax=&#8221;parallax&#8221; contentwidth=&#8221;container&#8221; toppadding=&#8221;40&#8243; bottompadding=&#8221;10&#8243; border=&#8221;on&#8221; css=&#8221;.vc_custom_1420648296958{background-color: #ffffff !important;}&#8221; row_type=&#8221;row&#8221; use_row_as_full_screen_section=&#8221;no&#8221; type=&#8221;grid&#8221; text_align=&#8221;left&#8221; background_image_as_pattern=&#8221;without_pattern&#8221;][vc_column width=&#8221;1\/3&#8243; css=&#8221;.vc_custom_1427033234000{padding-right: 25px !important;}&#8221; el_class=&#8221;full-1&#8243;][vc_column_text]<\/p>\n<p class=\"hely_bpgal\">Budapest Gal\u00e9ria<\/p>\n<p class=\"cim_bpgal\">1036 Budapest, Lajos utca 158.<\/p>\n<p class=\"datum_bpgal\">2014. szeptember 5 \u2013 okt\u00f3ber 5.<\/p>\n<p>[\/vc_column_text][vc_column_text]<\/p>\n<p class=\"kiemeles_bpgal\">A ki\u00e1ll\u00edt\u00e1s kur\u00e1tora:<\/p>\n<p class=\"verzal_bpgal\">Konkoly \u00c1gnes<\/p>\n<p>[\/vc_column_text][vc_column_text][vc_empty_space height=&#8221;32px&#8221;][\/vc_column][vc_column width=&#8221;2\/3&#8243; el_class=&#8221;full-2&#8243;][vc_column_text]<\/p>\n<p class=\"idezet\">\u201eKitart\u00f3an dolgozom h\u00fasz \u00e9ve: t\u00edzet otthon Erd\u00e9lyben (1973-ban ker\u00fcltem a kolozsv\u00e1ri m\u0171v\u00e9szeti f\u0151iskol\u00e1ra), t\u00edzet Nyugat-Eur\u00f3p\u00e1ban 1982 \u0151sze \u00f3ta. Tegy\u00fck fel, ha m\u0171v\u00e9szked\u00e9s helyett h\u00fasz \u00e9ve szilvap\u00e1link\u00e1t f\u0151ztem volna, az eredm\u00e9ny sokkal n\u00e9pszer\u0171bb \u00e9s \u00e9rt\u00e9kelhet\u0151bb lenne. \u00c9ber megfigyel\u0151 l\u00e9v\u00e9n munk\u00e1mhoz \u00e9n m\u00e1st, k\u00e9pi adatokat desztill\u00e1ltam; formai azonoss\u00e1gaimat \u00e9s mell\u00e9kazonoss\u00e1gaimat egy\u00e9nis\u00e9geimet keresve, alak\u00edtva.\u201d<\/p>\n<p class=\"forras\">(Ioan Bunus, ki\u00e1ll\u00edt\u00e1si katal\u00f3gus, Budapest Gal\u00e9ria\u2013M\u0171v\u00e9szetek H\u00e1za, P\u00e9cs, 1993)<\/p>\n<p>[\/vc_column_text][vc_empty_space height=&#8221;32px&#8221;][vc_column_text]<script type=\"text\/javascript\">jQuery(function() { _initLayerSlider( '#layerslider_9_x6vwm6hmo62h', {sliderVersion: '', responsiveUnder: 0, layersContainer: 0, hideUnder: 0, hideOver: 100000, skin: 'v5', sliderFadeInDuration: 350, hoverBottomNav: true, useSrcset: true, skinsPath: 'https:\/\/budapestgaleria.hu\/_\/wp-content\/plugins\/LayerSlider\/assets\/static\/layerslider\/skins\/', type: 'responsive', showCircleTimer: false, performanceMode: true}); });<\/script><div id=\"layerslider_9_x6vwm6hmo62h\"  class=\"ls-wp-container fitvidsignore ls-selectable\" style=\"width:650px;height:800px;max-width:800px;margin:0 auto;margin-bottom: 0px;\"><div class=\"ls-slide\" data-ls=\"duration:4000;transition2d:5;\"><img loading=\"lazy\" decoding=\"async\" width=\"669\" height=\"800\" src=\"https:\/\/budapestgaleria.hu\/_\/wp-content\/uploads\/2014\/05\/bp-gal-ioan-bunus.jpg\" class=\"ls-bg\" alt=\"\" srcset=\"https:\/\/budapestgaleria.hu\/_\/wp-content\/uploads\/2014\/05\/bp-gal-ioan-bunus.jpg 669w, https:\/\/budapestgaleria.hu\/_\/wp-content\/uploads\/2014\/05\/bp-gal-ioan-bunus-250x300.jpg 250w\" sizes=\"auto, (max-width: 669px) 100vw, 669px\" \/><\/div><div class=\"ls-slide\" data-ls=\"duration:4000;transition2d:5;\"><img loading=\"lazy\" decoding=\"async\" width=\"650\" height=\"800\" src=\"https:\/\/budapestgaleria.hu\/_\/wp-content\/uploads\/2014\/08\/budapest-galeria-ioan-bunus-06.jpg\" class=\"ls-bg\" alt=\"\" srcset=\"https:\/\/budapestgaleria.hu\/_\/wp-content\/uploads\/2014\/08\/budapest-galeria-ioan-bunus-06.jpg 650w, https:\/\/budapestgaleria.hu\/_\/wp-content\/uploads\/2014\/08\/budapest-galeria-ioan-bunus-06-243x300.jpg 243w\" sizes=\"auto, (max-width: 650px) 100vw, 650px\" \/><\/div><div class=\"ls-slide\" data-ls=\"duration:4000;transition2d:5;\"><img loading=\"lazy\" decoding=\"async\" width=\"549\" height=\"800\" src=\"https:\/\/budapestgaleria.hu\/_\/wp-content\/uploads\/2014\/08\/budapest-galeria-ioan-bunus-04.jpg\" class=\"ls-bg\" alt=\"\" srcset=\"https:\/\/budapestgaleria.hu\/_\/wp-content\/uploads\/2014\/08\/budapest-galeria-ioan-bunus-04.jpg 549w, https:\/\/budapestgaleria.hu\/_\/wp-content\/uploads\/2014\/08\/budapest-galeria-ioan-bunus-04-205x300.jpg 205w\" sizes=\"auto, (max-width: 549px) 100vw, 549px\" \/><\/div><div class=\"ls-slide\" data-ls=\"duration:4000;transition2d:5;\"><img loading=\"lazy\" decoding=\"async\" width=\"650\" height=\"800\" src=\"https:\/\/budapestgaleria.hu\/_\/wp-content\/uploads\/2014\/08\/budapest-galeria-ioan-bunus-05.jpg\" class=\"ls-bg\" alt=\"\" srcset=\"https:\/\/budapestgaleria.hu\/_\/wp-content\/uploads\/2014\/08\/budapest-galeria-ioan-bunus-05.jpg 650w, https:\/\/budapestgaleria.hu\/_\/wp-content\/uploads\/2014\/08\/budapest-galeria-ioan-bunus-05-243x300.jpg 243w\" sizes=\"auto, (max-width: 650px) 100vw, 650px\" \/><\/div><\/div>[\/vc_column_text][vc_empty_space height=&#8221;32px&#8221;][vc_column_text]<\/p>\n<p class=\"cim_2\">Desztill\u00e1lt k\u00e9pi adatok<\/p>\n<p>Munk\u00e1ss\u00e1ga beker\u00edthetetlen, bonyolult \u00e9s mer\u00e9sz, alkot\u00e1sai besorolhatatlanok. Itt harm\u00f3nia, ott disszonancia, itt rend, ott z\u0171rzavar, nem ritk\u00e1n \u2013 ak\u00e1rcsak b\u00e1rmelyik\u00fcnk lelk\u00e9ben \u2013 egy\u00fctt mind a kett\u0151. Amikor azt hissz\u00fck, \u00e9rtj\u00fck, \u0151 tudja, hogy nem \u00e9rtj\u00fck. Amikor viszont tudjuk, hogy nem \u00e9rtj\u00fck, csak \u00e9rezz\u00fck, akkor k\u00edv\u00e1ncsi izgalommal keress\u00fck a meg\u00e9rt\u00e9s kulcs\u00e1t. Szeml\u00e9l\u0151d\u00e9sre, elm\u00e9ly\u00fcl\u00e9sre, magunkba n\u00e9z\u00e9sre invit\u00e1l, mik\u00f6zben ironikus humorral mosolyt fakaszt.<\/p>\n<p>Ioan Bunus beker\u00edthetetlen, bonyolult, mer\u00e9sz \u00e9s megfoghatatlan: felt\u0171nik, majd elt\u0171nik. Helyette \u2013 v\u00e1ltakoz\u00f3 gyakoris\u00e1ggal \u2013 a post\u00e1s kopog bar\u00e1tain\u00e1l, \u00e9s k\u00fcldem\u00e9nyei, b\u00e1r nem helyettes\u00edtik, de fel\u00e9rnek egy kiad\u00f3s besz\u00e9lget\u00e9ssel. Rajzok, koll\u00e1zsok, fot\u00f3k, komment\u00e1rokkal ell\u00e1tott szobor, ker\u00e1mia, falik\u00e1rpit \u00e9s k\u00f6nyvillusztr\u00e1ci\u00f3 tervei \u00e9rkeznek, valamint m\u0171veire vonatkoz\u00f3 jegyzetek, fontos \u00fczenetek, melyek k\u00f6zl\u00e9s\u00e9re, saj\u00e1tos k\u00e9z\u00edr\u00e1s\u00e1val, a bor\u00edt\u00e9kot is felhaszn\u00e1lja. (Mik\u00f6zben a nagyv\u00e1radi \u00e9vek alatt Bunus a v\u00e1ros kultur\u00e1lis \u00e9let\u00e9nek egyik kulcsfigur\u00e1ja volt, a nyugati vil\u00e1gt\u00f3l elz\u00e1rtan \u00e9lt. A mail art seg\u00edtette abban, hogy a nemzetk\u00f6zi m\u0171v\u00e9szeti \u00e9lettel \u2013 Jap\u00e1nt\u00f3l az Egyes\u00fclt \u00c1llamokig \u2013 kapcsolatot tartson, munk\u00e1ir\u00f3l h\u00edrt adjon.)<\/p>\n<p>Bunus, a mi Schwitters\u00fcnk. Nadr\u00e1gsz\u00edj, k\u00f6t\u00e9l, zsineg, konyhai szita, dr\u00f3t, parafa dug\u00f3, kidob\u00e1sra \u00edt\u00e9lt t\u00e1rgy \u2013 b\u00e1rmi, ami keze \u00fcgy\u00e9be ker\u00fcl alkalmas arra, hogy szunnyad\u00f3, de b\u00e1rmely pillanatban \u00e9bred\u00e9sre k\u00e9sz vagy \u00e9ppen pillanatnyi \u00f6tleteib\u0151l alkot\u00e1st hozzon l\u00e9tre. Szakadatlanul dolgozik, ha a manu\u00e1lis munk\u00e1ra nincs lehet\u0151s\u00e9ge, akkor fejben. Alkot\u00e1sai egyfajta szellemi k\u00e1oszb\u00f3l sz\u00fcletnek: f\u00e9s\u00fcletlen\u00fcl hemzseg benne a folyamatosan sz\u00fclet\u0151 sz\u00e1mtalan gondolat, az \u00e9rlel\u0151d\u0151, megval\u00f3s\u00edt\u00e1sra v\u00e1r\u00f3 \u00f6tlet, de ha azokban rendet v\u00e1gna, megsz\u0171nne a \u201ebunusi\u201d m\u0171v\u00e9szet.<\/p>\n<p>\u00c1tgondoltan megkompon\u00e1lt vagy spont\u00e1n gesztusokkal k\u00e9sz\u00edtett rajzaihoz a csomagol\u00f3pap\u00edr, a karton \u00e9pp\u00fagy alkalmas fel\u00fclet sz\u00e1m\u00e1ra, mint a legfinomabb mer\u00edtett Amalfi-pap\u00edr. A gyakran r\u00e1ragasztott sz\u00e1ml\u00e1val, parkol\u00f3jeggyel, k\u00e9peslapt\u00f6red\u00e9kkel \u00e9s egy\u00e9b elemekkel kieg\u00e9sz\u00edtett rajzok egy helyhez, egy alkalomhoz, egy eml\u00e9khez k\u00f6t\u0151d\u0151 hangulatok, \u00e9rz\u00e9sek, benyom\u00e1sok lenyomatai, mondhatn\u00e1nk, egy intim napl\u00f3 lapjai. Mot\u00edvumai, bele\u00e9rtve \u00e9s nem f\u00e9lre\u00e9rtve a geometriai form\u00e1kat is, nem absztrakt alakzatok, hanem a term\u00e9szet elm\u00e9ly\u00fclt megfigyel\u00e9s\u00e9b\u0151l \u00e9s a szorosabb k\u00f6rnyezetb\u0151l lek\u00e9pzett form\u00e1k.<\/p>\n<p>A hat\u00e1rokat feszeget\u0151 m\u0171v\u00e9sz sz\u00e1m\u00e1ra ide\u00e1lis terepnek bizonyul a kett\u0151b\u0151l h\u00e1rom dimenzi\u00f3ss\u00e1 t\u00e1g\u00edtott, Rauschenbergt\u0151l sz\u00e1rmaztatott combine painting, ahol a v\u00e1szonra festett k\u00e9pet a t\u00e9rbe helyezett t\u00e1rgyakkal t\u00e1rs\u00edtja. Innen \u2013 \u00e9s a grafik\u00e1t\u00f3l, koll\u00e1zst\u00f3l, fot\u00f3t\u00f3l, melyekkel a mai napig is foglalkozik \u2013 az 1990-es \u00e9vek legv\u00e9g\u00e9n eljutott a t\u00e9rplasztik\u00e1ig. A hosszas \u00e9s apr\u00f3l\u00e9kos megmunk\u00e1l\u00e1s eredm\u00e9nyek\u00e9nt l\u00e9trej\u00f6tt, leh\u00e1ntolt \u00e9s megcsavart fatengelyeknek (a \u201etorsade\u201d-oknak) feszesen \u00e9s s\u0171r\u0171n tekercselt v\u00f6r\u00f6sr\u00e9z, s\u00e1rga- vagy ez\u00fcst\u00f6z\u00f6tt s\u00e1rgar\u00e9z dr\u00f3ttal \u00faj k\u00e9rget ad. A dr\u00f3tsz\u00e1lak egym\u00e1shoz tapadnak, b\u00e1rsonyos f\u00e9ny\u0171, egys\u00e9ges fel\u00fclett\u00e9 t\u00f6m\u00f6r\u00fclnek. Ezek a \u201etekercselt term\u00e9szetszobrok\u201d j\u00f3l p\u00e9ld\u00e1zz\u00e1k a n\u00e9pi m\u0171v\u00e9szet \u00e9s a k\u00e9pz\u0151m\u0171v\u00e9szet \u00f6sszefon\u00f3d\u00e1s\u00e1t, amely Bunusnak szinte minden alkot\u00e1s\u00e1ra \u00e9rv\u00e9nyes. Nem neh\u00e9z felismerni benn\u00fck a m\u0171v\u00e9sznek az erd\u00e9lyi t\u00e1jakhoz \u00e9s a term\u00e9szet k\u00f6zels\u00e9g\u00e9ben \u00e9l\u0151kh\u00f6z f\u0171z\u0151d\u0151, m\u00e9lyen r\u00f6gz\u0151d\u00f6tt fiatalkori eml\u00e9keit. Egyik relev\u00e1ns p\u00e9lda erre a bot, a legegyszer\u0171bb \u00e9s a vil\u00e1g minden r\u00e9sz\u00e9n fellelhet\u0151 \u0151si szersz\u00e1m, n\u00e9pi haszn\u00e1lati t\u00e1rgy: az ink\u00e1k bearanyozt\u00e1k, az afrikai, erd\u00e9lyi, alf\u00f6ldi p\u00e1sztorok farag\u00e1ssal d\u00edsz\u00edtik, az ausztr\u00e1l bennsz\u00fcl\u00f6ttek repetit\u00edv, geometrikus form\u00e1kkal festik tele. Ugyanakkor a bot a kort\u00e1rs k\u00e9pz\u0151m\u0171v\u00e9szetben is helyet kapott. P\u00e9ldak\u00e9nt az\u00e9rt is \u00e9rdemes a rom\u00e1n sz\u00e1rmaz\u00e1s\u00fa Andr\u00e9 Cader\u00e9t kiemelni \u2013 akin\u00e9l a bot egyebek mellett a m\u0171v\u00e9szi f\u00fcggetlens\u00e9g, az individuumok k\u00fcl\u00f6nb\u00f6z\u0151s\u00e9g\u00e9nek szimbolikus eszk\u00f6ze volt \u2013, mivel a fiatalon elhunyt m\u0171v\u00e9sz attit\u0171dje sok tekintetben hasonl\u00f3 volt Bunus\u00e9hoz. A mag\u00e1nyosan \u00e1ll\u00f3 szobork\u00e9nt vagy megsokszorozva, install\u00e1ci\u00f3k\u00e9nt bemutatott, k\u00fcl\u00f6nb\u00f6z\u0151 m\u00e9ret\u0171 \u00e9s sz\u00edn\u0171 bot Bunusn\u00e1l hol felki\u00e1lt\u00f3jelk\u00e9nt, hol seg\u00e9lyki\u00e1lt\u00e1sk\u00e9nt jelenik meg, hol pedig robban\u00e1sig felgy\u00fclemlett energi\u00e1val, l\u00e1zad\u00f3n has\u00edt a t\u00e9rbe.<\/p>\n<p>A m\u0171v\u00e9szi munk\u00e1val megszerzett siker esetleges, kisz\u00e1m\u00edthatatlan, \u00e9s nem felt\u00e9tlen\u00fcl ar\u00e1nyos a l\u00e9trehozott m\u0171 sz\u00ednvonal\u00e1val. Amikor Bunust Versailles-ban leny\u0171g\u00f6zi Giuseppe Penone vill\u00e1m s\u00fajtotta bronzf\u00e1ja \u00e9s t\u00f6bb \u00f3ri\u00e1s m\u00e9ret\u0171 szobra, ahogy egyik level\u00e9ben \u00edrja, hatalm\u00e1ba ker\u00edti az elkeseredetts\u00e9g, \u00farr\u00e1 lesz rajta az elbizonytalanod\u00e1s, munk\u00e1ja hi\u00e1baval\u00f3s\u00e1g\u00e1nak \u00e9rz\u00e9se, de csak r\u00f6vid id\u0151re: \u201e&#8230;a magamfajta szer\u00e9nyen dolgoz\u00f3 m\u0171v\u00e9szt teljesen kibor\u00edtja vagy felbor\u00edtja; majdhogynem elveszi az ember kedv\u00e9t \u00f6r\u00f6kre a m\u0171v\u00e9szeti alkot\u00e1st\u00f3l&#8230; Nagyon hideg volt a zuhany, ami r\u00e1m z\u00fadult, amit\u0151l elt\u00f6rp\u00fcltem, \u00e9n lassan az\u00e9rt felocs\u00fadom \u00e9s tov\u00e1bb dolgozom.\u201d (Ioan Bunus levele a szerz\u0151h\u00f6z, Meaux, 2013. okt\u00f3ber 22.)<\/p>\n<p>Bunus \u00e9lete tele volt buktat\u00f3kkal, \u00e9s a sz\u00e9lesk\u00f6r\u0171 ismerts\u00e9g megszerz\u00e9se szempontj\u00e1b\u00f3l ut\u00f3lag t\u00e9vesnek bizonyult d\u00f6nt\u00e9sekkel. De vajon m\u0171v\u00e9szete szempontj\u00e1b\u00f3l is hib\u00e1sak voltak-e ezek a d\u00f6nt\u00e9sek, hiszen a h\u00edrn\u00e9v nem sz\u00fcl magasabb sz\u00ednvonal\u00fa m\u0171veket, s\u0151t sok esetben \u00e1rt is. Bunus irt\u00f3zna att\u00f3l, hogy divatos szt\u00e1rm\u0171v\u00e9ssz\u00e9 v\u00e1ljon, \u00e9s nem v\u00e1gyik vil\u00e1gh\u00edrre. Arra viszont igen, hogy alkot\u00e1sai figyelmet kapjanak, \u00e9s m\u00e9g ink\u00e1bb arra, hogy monument\u00e1lis szobortervei \u2013 melyeknek d\u00fasgazdag birtokosa \u2013 egyszer v\u00e9gre megval\u00f3sulhassanak.<\/p>\n<p class=\"szerzo\">Cserba J\u00falia<\/p>\n<p>[\/vc_column_text][vc_empty_space height=&#8221;45px&#8221;][\/vc_column][\/vc_row]<\/p>\n<\/div>","protected":false},"excerpt":{"rendered":"<p>[vc_row row_type=&#8221;row&#8221; use_row_as_full_screen_section=&#8221;no&#8221; type=&#8221;grid&#8221; text_align=&#8221;left&#8221; background_image_as_pattern=&#8221;without_pattern&#8221;][vc_column width=&#8221;1\/1&#8243;][vc_empty_space height=&#8221;40px&#8221;][vc_column_text] IOAN BUNUS | BUNUS [\/vc_column_text][vc_empty_space height=&#8221;32px&#8221;][\/vc_column][\/vc_row][vc_row bgparallax=&#8221;parallax&#8221;&#8230;<\/p>\n","protected":false},"author":1,"featured_media":0,"parent":8661,"menu_order":0,"comment_status":"open","ping_status":"open","template":"full_width.php","meta":{"inline_featured_image":false,"loftloader_pro_show_once":"","loftloader_pro_page_shortcode":"","footnotes":""},"class_list":["post-8508","page","type-page","status-publish","hentry"],"_links":{"self":[{"href":"https:\/\/budapestgaleria.hu\/_\/wp-json\/wp\/v2\/pages\/8508","targetHints":{"allow":["GET"]}}],"collection":[{"href":"https:\/\/budapestgaleria.hu\/_\/wp-json\/wp\/v2\/pages"}],"about":[{"href":"https:\/\/budapestgaleria.hu\/_\/wp-json\/wp\/v2\/types\/page"}],"author":[{"embeddable":true,"href":"https:\/\/budapestgaleria.hu\/_\/wp-json\/wp\/v2\/users\/1"}],"replies":[{"embeddable":true,"href":"https:\/\/budapestgaleria.hu\/_\/wp-json\/wp\/v2\/comments?post=8508"}],"version-history":[{"count":0,"href":"https:\/\/budapestgaleria.hu\/_\/wp-json\/wp\/v2\/pages\/8508\/revisions"}],"up":[{"embeddable":true,"href":"https:\/\/budapestgaleria.hu\/_\/wp-json\/wp\/v2\/pages\/8661"}],"wp:attachment":[{"href":"https:\/\/budapestgaleria.hu\/_\/wp-json\/wp\/v2\/media?parent=8508"}],"curies":[{"name":"wp","href":"https:\/\/api.w.org\/{rel}","templated":true}]}}