{"id":8782,"date":"2015-01-22T10:42:07","date_gmt":"2015-01-22T10:42:07","guid":{"rendered":"http:\/\/budapestgaleria.hu\/_\/?page_id=8782"},"modified":"2015-04-09T11:07:25","modified_gmt":"2015-04-09T11:07:25","slug":"fekete-laszlo-agyagszobrok","status":"publish","type":"page","link":"https:\/\/budapestgaleria.hu\/_\/kiallitasok-2013-budapest-galeria\/fekete-laszlo-agyagszobrok\/","title":{"rendered":"Fekete L\u00e1szl\u00f3 | Agyagszobrok"},"content":{"rendered":"<div class=\"wpb-content-wrapper\"><p>[vc_row row_type=&#8221;row&#8221; use_row_as_full_screen_section=&#8221;no&#8221; type=&#8221;grid&#8221; text_align=&#8221;left&#8221; background_image_as_pattern=&#8221;without_pattern&#8221;][vc_column width=&#8221;1\/1&#8243;][vc_empty_space height=&#8221;40px&#8221;][vc_column_text]<\/p>\n<h2 class=\"cim_1\">FEKETE L\u00c1SZL\u00d3 | Agyagszobrok<\/h2>\n<p>[\/vc_column_text][vc_empty_space height=&#8221;32px&#8221;][\/vc_column][\/vc_row][vc_row bgparallax=&#8221;parallax&#8221; contentwidth=&#8221;container&#8221; toppadding=&#8221;40&#8243; bottompadding=&#8221;10&#8243; border=&#8221;on&#8221; css=&#8221;.vc_custom_1420648296958{background-color: #ffffff !important;}&#8221; row_type=&#8221;row&#8221; use_row_as_full_screen_section=&#8221;no&#8221; type=&#8221;grid&#8221; text_align=&#8221;left&#8221; background_image_as_pattern=&#8221;without_pattern&#8221;][vc_column width=&#8221;1\/3&#8243; css=&#8221;.vc_custom_1420649554591{padding-right: 25px !important;}&#8221;][vc_column_text]<\/p>\n<p class=\"hely_bpgal\">Budapest Gal\u00e9ria<\/p>\n<p class=\"cim_bpgal\">1036 Budapest, Lajos utca 158.<\/p>\n<p class=\"datum_bpgal\">2013. janu\u00e1r 10 \u2013 febru\u00e1r 13.<\/p>\n<p>[\/vc_column_text][vc_column_text]<\/p>\n<p class=\"kiemeles_bpgal\">Megnyit\u00f3:<\/p>\n<p class=\"kurrens_bpgal\">2013. janu\u00e1r 10., 17:00<\/p>\n<p class=\"kiemeles_bpgal\">Megnyitotta:<\/p>\n<p class=\"kurrens_bpgal\">BEKE L\u00c1SZL\u00d3, m\u0171v\u00e9szett\u00f6rt\u00e9n\u00e9sz<br \/>\nSCHRAMMEL IMRE, keramikus<\/p>\n<p>[\/vc_column_text][vc_empty_space height=&#8221;32px&#8221;][\/vc_column][vc_column width=&#8221;2\/3&#8243;][vc_column_text]Ki\u00e1ll\u00edt\u00f3nkat, Fekete L\u00e1szl\u00f3t 1992-ben h\u00edvta meg \u00e1lland\u00f3 tagnak a m\u0171faj vil\u00e1gszerte is elismerten vezet\u0151 gal\u00e9ri\u00e1sa \u00e9s szak\u00edr\u00f3ja, Garth Clark New Yorkba. N\u00e9gy \u00f6n\u00e1ll\u00f3 ki\u00e1ll\u00edt\u00e1sa lehetett 1994 \u00e9s 2001 k\u00f6z\u00f6tt, a v\u00e1ros \u00e9s egyben a vil\u00e1g egyik legfontosabb gal\u00e9ri\u00e1s negyed\u00e9ben, az 57-ik utc\u00e1ban, ezt a megtiszteltet\u00e9st \u00e9s elismer\u00e9st a magyar m\u0171v\u00e9sz egyed\u00fcl kaphatta meg eg\u00e9sz Kelet- \u00e9s K\u00f6z\u00e9p-Eur\u00f3p\u00e1b\u00f3l. A gal\u00e9ria csoportos ki\u00e1ll\u00edt\u00e1sain k\u00e9pz\u0151m\u0171v\u00e9sz vil\u00e1gszt\u00e1rokkal is egy\u00fctt szerepelt szobrait, Picasso, Malevics, Lichtenstein, Oldenburg, Fontana, Caro, Arman, Jeanclos, F. L. Wright, Sottsass) agyagb\u00f3l k\u00e9sz\u00fclt m\u0171veivel egy\u00fctt \u00e1ll\u00edtott\u00e1k ki.<\/p>\n<p>H\u00e9t nagy \u00e9szak-amerikai, kanadai k\u00e9pz\u0151m\u0171v\u00e9szeti m\u00fazeum is v\u00e1s\u00e1rolt t\u0151le alkot\u00e1sokat, \u00edgy ott olyan k\u00f6zgy\u0171jtem\u00e9nyekben is l\u00e1that\u00f3ak m\u0171vei, ahol m\u00e9g a legh\u00edresebb Magyarorsz\u00e1gr\u00f3l elsz\u00e1rmazott alkot\u00f3kt\u00f3l sincsen szobor vagy festm\u00e9ny. Charlotte, Dallas, Houston, Los Angeles, New York, Pittsburgh, Toront\u00f3.<\/p>\n<p>Az ut\u00f3bbi p\u00e1r \u00e9vben Franciaorsz\u00e1gban, Belgiumban \u00e9s N\u00e9metorsz\u00e1gban kapott \u00faj lehet\u0151s\u00e9geket, kiv\u00e1l\u00f3 k\u00e9pz\u0151m\u0171v\u00e9szeti gal\u00e9ri\u00e1k h\u00edvt\u00e1k meg \u00e1lland\u00f3 tagnak, P\u00e1rizsba, Marseillebe, Br\u00fcsszelbe, de Heidelbergben a legnevesebb n\u00e9met ker\u00e1mia szakgal\u00e9ria foglakozik agyagb\u00f3l \u00e9s porcel\u00e1nb\u00f3l k\u00e9sz\u00fclt szobraival.<br \/>\n2012 tavasz\u00e1n a m\u0171faj eddig p\u00e1ratlan &#8222;bet\u00f6r\u00e9si akci\u00f3ja&#8221; zajlott le a houstoni MOMA-ban, amikor is Garth Clark k\u00e1pr\u00e1zatos mag\u00e1ngy\u0171jtem\u00e9ny\u00e9nek legjobb darabjait v\u00e1s\u00e1rolta meg, illetve vette \u00e1t ez az \u00f3ri\u00e1si m\u00fazeum. Az el\u0151bb eml\u00edtett konkurencia dac\u00e1ra a magyar m\u0171v\u00e9sz h\u00e9t alkot\u00e1sa is helyet kapott a Kelet- \u00e9s K\u00f6z\u00e9p-Eur\u00f3p\u00e1t k\u00e9pvisel\u0151 11 darab k\u00f6z\u00f6tt. Ezt az eddig p\u00e9lda n\u00e9lk\u00fcl \u00e1ll\u00f3 esem\u00e9nyt egy kiv\u00e1l\u00f3 sz\u00ednvonal\u00fa katal\u00f3gus-k\u00f6nyv megjelen\u00e9se koron\u00e1zta, amelyben a magyar m\u0171v\u00e9sz igen megtisztel\u0151 helyet kapott az el\u0151bb m\u00e1r eml\u00edtett k\u00e9pz\u0151m\u0171v\u00e9sz vil\u00e1gszt\u00e1rok, de a &#8222;csak agyagos&#8221; szt\u00e1rok mellett is. Ez a kiadv\u00e1ny m\u00e1rcius \u00f3ta a m\u0171faj &#8222;vil\u00e1g-k\u00f6nyve&#8221; lett, minden jelent\u0151sebb k\u00e9pz\u0151- \u00e9s iparm\u0171v\u00e9szeti m\u00fazeumba, egyetemre \u00e9s f\u0151iskol\u00e1ra, gal\u00e9ri\u00e1ba stb. elker\u00fclt, a vil\u00e1g minden t\u00e1j\u00e1ra, de m\u00e1r tervezik az \u00fajabb kiad\u00e1s\u00e1t is.<br \/>\nA Budapest Gal\u00e9ria-beli ki\u00e1ll\u00edt\u00e1s n\u00e9lk\u00fcl\u00f6zni k\u00e9nytelen azokat a f\u0151 darabokat amelyek az USA-ban maradtak, de a leges leg\u00fajabb alkot\u00e1sokb\u00f3l teljes, \u00e1ttekint\u0151 k\u00e9pet tud adni. A m\u00fazeumi v\u00e1s\u00e1rl\u00e1sok mellett mintegy 50-60, jobb\u00e1ra k\u00e9pz\u0151m\u0171v\u00e9szeti mag\u00e1ngy\u0171jtem\u00e9ny is \u0151rzi alkot\u00e1sait a vil\u00e1g sz\u00e1mos pontj\u00e1n.[\/vc_column_text][vc_empty_space height=&#8221;45px&#8221;][\/vc_column][\/vc_row]<\/p>\n<\/div>","protected":false},"excerpt":{"rendered":"<p>[vc_row row_type=&#8221;row&#8221; use_row_as_full_screen_section=&#8221;no&#8221; type=&#8221;grid&#8221; text_align=&#8221;left&#8221; background_image_as_pattern=&#8221;without_pattern&#8221;][vc_column width=&#8221;1\/1&#8243;][vc_empty_space height=&#8221;40px&#8221;][vc_column_text] FEKETE L\u00c1SZL\u00d3 | Agyagszobrok [\/vc_column_text][vc_empty_space height=&#8221;32px&#8221;][\/vc_column][\/vc_row][vc_row bgparallax=&#8221;parallax&#8221;&#8230;<\/p>\n","protected":false},"author":1,"featured_media":0,"parent":8726,"menu_order":0,"comment_status":"open","ping_status":"open","template":"full_width.php","meta":{"inline_featured_image":false,"loftloader_pro_show_once":"","loftloader_pro_page_shortcode":"","footnotes":""},"class_list":["post-8782","page","type-page","status-publish","hentry"],"_links":{"self":[{"href":"https:\/\/budapestgaleria.hu\/_\/wp-json\/wp\/v2\/pages\/8782","targetHints":{"allow":["GET"]}}],"collection":[{"href":"https:\/\/budapestgaleria.hu\/_\/wp-json\/wp\/v2\/pages"}],"about":[{"href":"https:\/\/budapestgaleria.hu\/_\/wp-json\/wp\/v2\/types\/page"}],"author":[{"embeddable":true,"href":"https:\/\/budapestgaleria.hu\/_\/wp-json\/wp\/v2\/users\/1"}],"replies":[{"embeddable":true,"href":"https:\/\/budapestgaleria.hu\/_\/wp-json\/wp\/v2\/comments?post=8782"}],"version-history":[{"count":0,"href":"https:\/\/budapestgaleria.hu\/_\/wp-json\/wp\/v2\/pages\/8782\/revisions"}],"up":[{"embeddable":true,"href":"https:\/\/budapestgaleria.hu\/_\/wp-json\/wp\/v2\/pages\/8726"}],"wp:attachment":[{"href":"https:\/\/budapestgaleria.hu\/_\/wp-json\/wp\/v2\/media?parent=8782"}],"curies":[{"name":"wp","href":"https:\/\/api.w.org\/{rel}","templated":true}]}}