{"id":8787,"date":"2015-01-22T11:47:08","date_gmt":"2015-01-22T11:47:08","guid":{"rendered":"http:\/\/budapestgaleria.hu\/_\/?page_id=8787"},"modified":"2015-04-10T07:15:35","modified_gmt":"2015-04-10T07:15:35","slug":"julio-carrasco-breton-kepzeletem-kaleidoszkopja","status":"publish","type":"page","link":"https:\/\/budapestgaleria.hu\/_\/kiallitasok-2013-budapest-galeria\/julio-carrasco-breton-kepzeletem-kaleidoszkopja\/","title":{"rendered":"Julio Carrasco Bret\u00f3n | K\u00e9pzeletem kaleidoszk\u00f3pja"},"content":{"rendered":"<div class=\"wpb-content-wrapper\"><p>[vc_row row_type=&#8221;row&#8221; use_row_as_full_screen_section=&#8221;no&#8221; type=&#8221;grid&#8221; text_align=&#8221;left&#8221; background_image_as_pattern=&#8221;without_pattern&#8221;][vc_column width=&#8221;1\/1&#8243;][vc_empty_space height=&#8221;40px&#8221;][vc_column_text]<\/p>\n<h2 class=\"cim_1\">JULIO CARRASCO BRET\u00d3N | K\u00e9pzeletem kaleidoszk\u00f3pja<\/h2>\n<p>[\/vc_column_text][vc_empty_space height=&#8221;32px&#8221;][\/vc_column][\/vc_row][vc_row bgparallax=&#8221;parallax&#8221; contentwidth=&#8221;container&#8221; toppadding=&#8221;40&#8243; bottompadding=&#8221;10&#8243; border=&#8221;on&#8221; css=&#8221;.vc_custom_1420648296958{background-color: #ffffff !important;}&#8221; row_type=&#8221;row&#8221; use_row_as_full_screen_section=&#8221;no&#8221; type=&#8221;grid&#8221; text_align=&#8221;left&#8221; background_image_as_pattern=&#8221;without_pattern&#8221;][vc_column width=&#8221;1\/3&#8243; css=&#8221;.vc_custom_1420649554591{padding-right: 25px !important;}&#8221;][vc_column_text]<\/p>\n<p class=\"hely_bpgal\">Budapest Gal\u00e9ria<\/p>\n<p class=\"cim_bpgal\">1036 Budapest, Lajos utca 158.<\/p>\n<p class=\"datum_bpgal\">2013. febru\u00e1r 21 \u2013 m\u00e1rcius 10.<\/p>\n<p>[\/vc_column_text][vc_column_text]<\/p>\n<p class=\"kiemeles_bpgal\">Megnyit\u00f3:<\/p>\n<p class=\"kurrens_bpgal\">2013. febru\u00e1r 21. (cs\u00fct\u00f6rt\u00f6k), 17:00<\/p>\n<p class=\"kiemeles_bpgal\">Megnyitotta:<\/p>\n<p class=\"kurrens_bpgal\">\u0150exc. ISABEL B. T\u00c9LLEZ ROSETE, Mexik\u00f3 nagyk\u00f6vete<br \/>\nZSIGMOND ATTILA, a Budapest Gal\u00e9ria igazgat\u00f3ja<\/p>\n<p>[\/vc_column_text][vc_empty_space height=&#8221;32px&#8221;][\/vc_column][vc_column width=&#8221;2\/3&#8243;][vc_column_text]Julio Carrasco Bret\u00f3n, fest\u0151 \u00e9s muralista 1950-ben sz\u00fcletett Mexik\u00f3v\u00e1rosban. A mexik\u00f3v\u00e1rosi Nemzeti Auton\u00f3m Egyetemen (UNAM) szerzett diplom\u00e1t vegy\u00e9szm\u00e9rn\u00f6kk\u00e9nt, s ennek k\u00e9s\u0151bb nagy haszn\u00e1t vette a k\u00fcl\u00f6nb\u00f6z\u0151 fest\u00e9szeti technik\u00e1k alkalmaz\u00e1s\u00e1n\u00e1l. Mestere a San Carlos Fest\u00e9szeti F\u0151iskol\u00e1n Lino Picase\u00f1o y Cuevas, legend\u00e1s mexik\u00f3i fest\u0151 \u00e9s \u00e9p\u00edt\u00e9sz volt. 1973 \u00f3ta sz\u00e1mos egy\u00e9ni \u00e9s kollekt\u00edv t\u00e1rlaton mutatt\u00e1k be k\u00e9peit, amelyeket tizenkilenc orsz\u00e1g m\u00fazeumaiban tal\u00e1lhatunk meg.<\/p>\n<p>\u201eJulio Carrasco Bret\u00f3n m\u0171v\u00e9szi p\u00e1ly\u00e1j\u00e1ra t\u00f6bb hat\u00e1s nyomja r\u00e1 a b\u00e9lyeg\u00e9t: a prehisp\u00e1n m\u0171v\u00e9szett\u0151l kezdve a nagy muralist\u00e1kig, Diego Rivera, David Alfaro Siqueiros, Jos\u00e9 Clemente Orozco \u00e9s Rufino Tamayo alkot\u00e1sai, ut\u00f3bbi a muralista mozgalom k\u00e9sei gener\u00e1ci\u00f3j\u00e1hoz tartozik\u201d.- m\u00e9ltatta p\u00e1lyafut\u00e1s\u00e1t Macario Matus, neves m\u0171kritikus.<\/p>\n<p>Julio Carrasco Bret\u00f3n \u00f6tven falfestm\u00e9nyt k\u00e9sz\u00edtett, f\u0151k\u00e9nt egyetemek, \u00f6nkorm\u00e1nyzati hivatalok, \u00e1llami \u00e9s mag\u00e1n kultur\u00e1lis int\u00e9zm\u00e9nyek sz\u00e1m\u00e1ra Mexik\u00f3ban, Spanyolorsz\u00e1gban, Olaszorsz\u00e1gban, Kanad\u00e1ban \u00e9s sz\u00e1mos m\u00e1s helyen. Az int\u00e9zm\u00e9nyek k\u00f6z\u00f6tt megeml\u00edthetj\u00fck a mexik\u00f3v\u00e1rosi San Lazar\u00f3-i Legfels\u0151bb B\u00edr\u00f3s\u00e1got, a K\u00e9pvisel\u0151h\u00e1zat, a Monterrey-i Polg\u00e1rmesteri Hivatalt. Bulg\u00e1ri\u00e1ban a sz\u00f3fiai K\u00e9pz\u0151m\u0171v\u00e9szeti Akad\u00e9mia is megb\u00edzta egy falfestm\u00e9ny elk\u00e9sz\u00edt\u00e9s\u00e9vel.<\/p>\n<p>Absztrakt geometrikus v\u00e1sznainak t\u00e9mav\u00e1laszt\u00e1sa sokoldal\u00fa, t\u00f6bbek k\u00f6z\u00f6tt a filoz\u00f3fia, a mitol\u00f3gia \u00e9s a k\u00f6rnyezetv\u00e9delem probl\u00e9m\u00e1i inspir\u00e1lj\u00e1k, k\u00e9pei gyakran er\u0151s szoci\u00e1lis \u00e9rz\u00e9kenys\u00e9gr\u0151l tesznek tan\u00fabizonys\u00e1got.<br \/>\nAz intellektus eposza c\u00edm\u0171 falfestm\u00e9nyt P\u00e1rizsban k\u00e9sz\u00edtette, ahol jelenleg \u00e9l, \u00e9s Genfben \u00e1ll\u00edtott\u00e1k ki az OMPI (Szellemi Tulajdon Vil\u00e1gszervezete) sz\u00e9kh\u00e1z\u00e1ban. Itt speci\u00e1lis technik\u00e1t alkalmazott, amelyet \u0151 isoplasztik\u00e1nak nevez, a falfestm\u00e9ny felg\u00f6ngy\u00f6l\u00edthet\u0151 \u00e9s elsz\u00e1ll\u00edthat\u00f3.<br \/>\nJulio Carrasco Bret\u00f3n m\u0171veit szeml\u00e9lve a magyar l\u00e1togat\u00f3 annak a mexik\u00f3i m\u0171v\u00e9sznemzed\u00e9knek egyik jeles k\u00e9pvisel\u0151j\u00e9vel ismerkedhet meg, amely arra t\u00f6rekszik, hogy a mexik\u00f3i fest\u00e9szet legjobb hagyom\u00e1nyait be\u00e9p\u00edtse az egyetemes kult\u00far\u00e1ba.<\/p>\n<p>Ki\u00e1ll\u00edt\u00e1sunk mintegy harminc festm\u00e9nyt tartalmaz. \u00c9rdekess\u00e9ge A mexik\u00f3i textil k\u00e9zm\u0171vesek k\u00e9pzeletvil\u00e1ga c\u00edm\u0171 nagym\u00e9ret\u0171 festm\u00e9ny, amelyet a Mexik\u00f3i K\u00f6zt\u00e1rsas\u00e1g mesterembereinek k\u00e9pzeletvil\u00e1ga ihletett \u00e9s \u00e1tfogja a mexik\u00f3i textil k\u00e9zm\u0171vess\u00e9g sz\u00ednes palett\u00e1j\u00e1t. A k\u00e9pen l\u00e1that\u00f3 huipilek, jorongok, terit\u0151k, ponch\u00f3k \u00e9s sz\u0151nyegek a k\u00fcl\u00f6nb\u00f6z\u0151 etnikai csoportok formakincs\u00e9t mutatj\u00e1k be. Ezt a festm\u00e9nyt Julio Carrasco Bret\u00f3n a Budapest F\u0151polg\u00e1rmesteri Hivatal\u00e1nak aj\u00e1nd\u00e9kozta.[\/vc_column_text][vc_empty_space height=&#8221;45px&#8221;][\/vc_column][\/vc_row]<\/p>\n<\/div>","protected":false},"excerpt":{"rendered":"<p>[vc_row row_type=&#8221;row&#8221; use_row_as_full_screen_section=&#8221;no&#8221; type=&#8221;grid&#8221; text_align=&#8221;left&#8221; background_image_as_pattern=&#8221;without_pattern&#8221;][vc_column width=&#8221;1\/1&#8243;][vc_empty_space height=&#8221;40px&#8221;][vc_column_text] JULIO CARRASCO BRET\u00d3N | K\u00e9pzeletem kaleidoszk\u00f3pja [\/vc_column_text][vc_empty_space&#8230;<\/p>\n","protected":false},"author":1,"featured_media":0,"parent":8726,"menu_order":1,"comment_status":"open","ping_status":"open","template":"full_width.php","meta":{"inline_featured_image":false,"loftloader_pro_show_once":"","loftloader_pro_page_shortcode":"","footnotes":""},"class_list":["post-8787","page","type-page","status-publish","hentry"],"_links":{"self":[{"href":"https:\/\/budapestgaleria.hu\/_\/wp-json\/wp\/v2\/pages\/8787","targetHints":{"allow":["GET"]}}],"collection":[{"href":"https:\/\/budapestgaleria.hu\/_\/wp-json\/wp\/v2\/pages"}],"about":[{"href":"https:\/\/budapestgaleria.hu\/_\/wp-json\/wp\/v2\/types\/page"}],"author":[{"embeddable":true,"href":"https:\/\/budapestgaleria.hu\/_\/wp-json\/wp\/v2\/users\/1"}],"replies":[{"embeddable":true,"href":"https:\/\/budapestgaleria.hu\/_\/wp-json\/wp\/v2\/comments?post=8787"}],"version-history":[{"count":0,"href":"https:\/\/budapestgaleria.hu\/_\/wp-json\/wp\/v2\/pages\/8787\/revisions"}],"up":[{"embeddable":true,"href":"https:\/\/budapestgaleria.hu\/_\/wp-json\/wp\/v2\/pages\/8726"}],"wp:attachment":[{"href":"https:\/\/budapestgaleria.hu\/_\/wp-json\/wp\/v2\/media?parent=8787"}],"curies":[{"name":"wp","href":"https:\/\/api.w.org\/{rel}","templated":true}]}}