{"id":8794,"date":"2015-01-22T12:02:57","date_gmt":"2015-01-22T12:02:57","guid":{"rendered":"http:\/\/budapestgaleria.hu\/_\/?page_id=8794"},"modified":"2016-05-04T08:13:22","modified_gmt":"2016-05-04T08:13:22","slug":"ellenkultura-a-80-as-evekben-valogatas-bp-szabo-gyorgy-plakatgyujtemenyebol","status":"publish","type":"page","link":"https:\/\/budapestgaleria.hu\/_\/kiallitasok-2013-budapest-galeria\/ellenkultura-a-80-as-evekben-valogatas-bp-szabo-gyorgy-plakatgyujtemenyebol\/","title":{"rendered":"Ellenkult\u00fara a 80-as \u00e9vekben. V\u00e1logat\u00e1s Bp. Szab\u00f3 Gy\u00f6rgy plak\u00e1tgy\u0171jtem\u00e9ny\u00e9b\u0151l"},"content":{"rendered":"<div class=\"wpb-content-wrapper\"><p>[vc_row row_type=&#8221;row&#8221; use_row_as_full_screen_section=&#8221;no&#8221; type=&#8221;grid&#8221; angled_section=&#8221;no&#8221; text_align=&#8221;left&#8221; background_image_as_pattern=&#8221;without_pattern&#8221; css_animation=&#8221;&#8221;][vc_column][vc_empty_space height=&#8221;40px&#8221;][vc_column_text]<\/p>\n<h2 class=\"cim_1\">Ellenkult\u00fara a 80-as \u00e9vekben. V\u00e1logat\u00e1s Bp. Szab\u00f3 Gy\u00f6rgy plak\u00e1tgy\u0171jtem\u00e9ny\u00e9b\u0151l<\/h2>\n<p>[\/vc_column_text][vc_empty_space][\/vc_column][\/vc_row][vc_row row_type=&#8221;row&#8221; use_row_as_full_screen_section=&#8221;no&#8221; type=&#8221;grid&#8221; angled_section=&#8221;no&#8221; text_align=&#8221;left&#8221; background_image_as_pattern=&#8221;without_pattern&#8221; css_animation=&#8221;&#8221; bgparallax=&#8221;parallax&#8221; contentwidth=&#8221;container&#8221; toppadding=&#8221;40&#8243; bottompadding=&#8221;10&#8243; border=&#8221;on&#8221; css=&#8221;.vc_custom_1420648296958{background-color: #ffffff !important;}&#8221;][vc_column width=&#8221;1\/3&#8243; css=&#8221;.vc_custom_1420649554591{padding-right: 25px !important;}&#8221;][vc_column_text]<\/p>\n<p class=\"hely_bpgal\">Budapest Gal\u00e9ria<\/p>\n<p class=\"cim_bpgal\">1036 Budapest, Lajos utca 158.<\/p>\n<p class=\"datum_bpgal\">2013. \u00e1prilis 16 \u2013 m\u00e1jus 26.<\/p>\n<p>[\/vc_column_text][vc_column_text]<\/p>\n<p class=\"kiemeles_bpgal\">Megnyit\u00f3:<\/p>\n<p class=\"kurrens_bpgal\">2013. \u00e1prilis 16., 17:00<\/p>\n<p class=\"kiemeles_bpgal\">Megnyitotta:<\/p>\n<p class=\"kurrens_bpgal\">KLANICZAY G\u00c1BOR, t\u00f6rt\u00e9n\u00e9sz<\/p>\n<p>[\/vc_column_text][vc_empty_space height=&#8221;32&#8243;][\/vc_column][vc_column width=&#8221;2\/3&#8243;][vc_column_text]<\/p>\n<p><strong>Ellenkult\u00fara plak\u00e1tok<\/strong><\/p>\n<p>Volt-e ellenkult\u00fara a nyolcvanas \u00e9vek Magyarorsz\u00e1g\u00e1n? \u00dagy eml\u00e9kszem, volt. Rengetegen ut\u00e1ltuk azt, amihez a hivatalos kult\u00far\u00e1ban hozz\u00e1 lehetett f\u00e9rni, \u00e9s sokan voltunk, akik a saj\u00e1t \u00f6nkifejez\u00e9s\u00fcnkre a Nyugaton ellenkult\u00far\u00e1nak nevezett megnyilv\u00e1nul\u00e1sokban tal\u00e1ltuk meg a form\u00e1t. Ellenkult\u00fara volt, ha h\u00e1zibulin t\u00e1ncoltunk, \u0151rj\u00f6ngt\u00fcnk, \u00e1gyba b\u00fajtunk, ellenkult\u00fara volt a szamizdat kiadv\u00e1nyok terjeszt\u00e9se \u00e9s a \u201erep\u00fcl\u0151 egyetemek\u201d szervez\u00e9se, ellenkult\u00fara volt, ha nudista telepen napoztunk a D\u00e9legyh\u00e1zi b\u00e1nyat\u00f3n\u00e1l, ellenkult\u00fara volt, ha avantg\u00e1rd ki\u00e1ll\u00edt\u00e1sok megnyit\u00f3j\u00e1ra, happeningre, performance-ra, amat\u0151r pincesz\u00ednh\u00e1zak el\u0151ad\u00e1saira, lak\u00e1sokban rendezett k\u00f6lt\u00e9szeti felolvas\u00e1sokra, experiment\u00e1lis zene-koncertekre j\u00e1rtunk, \u00e9s ellenkult\u00fara volt m\u00e9g sok m\u00e1s is. Az ellenkult\u00fara legfontosabb sz\u00ednhelyei k\u00f6z\u00e9 tartoztak a k\u00fclv\u00e1rosi m\u0171vel\u0151d\u00e9si h\u00e1zakban, egyetemi klubokban vagy az Fiatal M\u0171v\u00e9szek Klubj\u00e1ban tartott rock-koncertek &#8211; e ki\u00e1ll\u00edt\u00e1s plak\u00e1tjai ennek a vil\u00e1gnak a vizu\u00e1lis term\u00e9kei.<\/p>\n<p>A magyarorsz\u00e1gi rockzene vil\u00e1g\u00e1ban (mint az eg\u00e9sz vil\u00e1gon) a hetvenes \u00e9vek v\u00e9g\u00e9n \u201e\u00faj hull\u00e1m\u201d jelentkezett, olyan egy\u00fcttesek, amelyek a beat-korszak h\u00edress\u00e9 lett \u00e9s a sz\u00f3rakoztat\u00f3ipar \u00e1ltal beszippantott szt\u00e1rjaival szembefordulva ism\u00e9t amat\u0151r, f\u00e9s\u00fcletlen, l\u00e1zong\u00f3 zen\u00e9t kezdtek j\u00e1tszani. A legvadabb k\u00f6zt\u00fck a \u201epunk\u201d volt, ebbe az ir\u00e1nyba tapogat\u00f3zott n\u00e1lunk a \u201ecs\u00f6vesek\u201d kedvenc \u201ek\u0151kem\u00e9ny rock\u201d egy\u00fcttese, a Beatrice, majd k\u00e9s\u0151bb a CPG. M\u00e1sok az underground m\u0171v\u00e9szetb\u0151l pr\u00f3b\u00e1ltak \u00f6tleteket mer\u00edteni, ilyen volt Moln\u00e1r Gergely, \u00e9s egy\u00fcttese, a Spions. 1980-ban l\u00e9pett sz\u00ednre a szentendrei k\u00e9pz\u0151m\u0171v\u00e9szek \u00e1ltal l\u00e9trehozott A. E. Bizotts\u00e1g, az URH \u00e9s a Balaton. N\u00e9h\u00e1ny \u00e9ven bel\u00fcl azut\u00e1n m\u00e1r t\u00f6bb tucat \u00faj hull\u00e1mos \u00e9s punk egy\u00fcttes m\u0171k\u00f6d\u00f6tt (VHK, Eur\u00f3pa Kiad\u00f3, Kampec Dolores, Kontroll Csoport, Trabant, Neurotic, Embersport, Aktus, Electric Petting, Bp. Service, Art Deco, H\u00fas, Spen\u00f3t zenekar, Tud\u00f3sok, Balk\u00e1n Tourist, Szi\u00e1mi, \u00c1gi \u00e9s Fi\u00fak, Lacht El Bahhtar, Sexepil, Csokonai Vit\u00e9z M\u0171hely, CMC, Szk\u00e1rosi konnektor, 2-es M\u0171sor, \u00daj Modern akrobatika, Lois Balast, ef. Z\u00e1mb\u00f3 Happy Dead Band, Ugatha Christie, Luna Orchestra). A k\u00f6r\u00fcl\u00f6tt\u00fck kialakul\u00f3 \u201enew wave\u201d mili\u0151 saj\u00e1tos \u00e9let\u00e9rz\u00e9st tudott megfogalmazni arr\u00f3l, hogy milyen volt a nyolcvanas \u00e9vek elej\u00e9n az \u201eigen-igen kem\u00e9ny, kem\u00e9ny vil\u00e1g.\u201d Ennek a st\u00edlusnak \u00e9s formanyelvnek lettek azut\u00e1n a folytat\u00f3i a kilencvenes \u00e9vek alternat\u00edv szt\u00e1rjai: Kisp\u00e1l \u00e9s a Borz, Hiperkarma, Quimby.<\/p>\n<p>Ennek az ideges, vibr\u00e1l\u00f3, olykor euf\u00f3rikus, olykor pedig deprim\u00e1lt ellenkult\u00fara-mozgol\u00f3d\u00e1snak a vizu\u00e1lis lenyomat\u00e1t k\u00f6zvet\u00edti az a gazdag gy\u0171jtem\u00e9ny, amit e mili\u0151 lelkes r\u00e9sztvev\u0151jek\u00e9nt, az itt l\u00e1that\u00f3 koncertplak\u00e1tok egy r\u00e9sz\u00e9nek az alkot\u00f3jak\u00e9nt \u00f6sszegy\u00fcjt\u00f6tt Bp. Szab\u00f3 Gyuri. Ki hitte volna, hogy az agyonzs\u00fafolt fali\u00fajs\u00e1gokr\u00f3l t\u00e9petten lel\u00f3g\u00f3, k\u00f6r\u00fati fat\u00f6rzsekre felrajzsz\u00f6gezett, n\u00e9h\u00e1ny am\u00fagy illeg\u00e1lis fel\u00fcletekre kit\u0171z\u00f6tt, h\u00e1zilag gy\u00e1rtott, fusiban kinyomtatott koncertplak\u00e1tb\u00f3l id\u0151vel becses kultur\u00e1lis relikvia, vagy ak\u00e1r piaci \u00e9rt\u00e9kkel is rendelkez\u0151 m\u0171alkot\u00e1s lesz? Amikor ezeket plak\u00e1tokat most, egy negyedsz\u00e1zaddal k\u00e9s\u0151bb a Budapest Gal\u00e9ria Ki\u00e1ll\u00edt\u00f3h\u00e1z\u00e1nak a fal\u00e1n szeml\u00e9lhetj\u00fck egybegy\u0171jtve, nemcsak a t\u00f6rt\u00e9nelmi hangulat \u00e9rinti meg az embert, a hajdan-volt underground nosztalgi\u00e1ja. L\u00e1tnunk kell azt is, hogy az ellenkult\u00fara hetvenes-nyolcvanas \u00e9vekben vil\u00e1gszerte elterjedt vizu\u00e1lis nyelvezet\u00e9nek Magyarorsz\u00e1gon is voltak eredeti, tehets\u00e9ges k\u00e9pvisel\u0151i.<\/p>\n<p class=\"szerzo\">Klaniczay G\u00e1bor t\u00f6rt\u00e9n\u00e9sz<\/p>\n<p>[\/vc_column_text][vc_empty_space height=&#8221;20&#8243;][vc_single_image image=&#8221;12810&#8243; img_size=&#8221;full&#8221; qode_css_animation=&#8221;&#8221;][vc_empty_space height=&#8221;20&#8243;][vc_column_text]<\/p>\n<p class=\"kepalairas_cim_jobb\"><em>Enteri\u0151rfot\u00f3, Budapest Gal\u00e9ria, 2013<\/em><\/p>\n<p>[\/vc_column_text][vc_empty_space height=&#8221;20&#8243;][\/vc_column][\/vc_row][vc_row row_type=&#8221;row&#8221; use_row_as_full_screen_section=&#8221;no&#8221; type=&#8221;full_width&#8221; angled_section=&#8221;no&#8221; text_align=&#8221;left&#8221; background_image_as_pattern=&#8221;without_pattern&#8221; css_animation=&#8221;&#8221;][vc_column][\/vc_column][\/vc_row]<\/p>\n<\/div>","protected":false},"excerpt":{"rendered":"<p>[vc_row row_type=&#8221;row&#8221; use_row_as_full_screen_section=&#8221;no&#8221; type=&#8221;grid&#8221; angled_section=&#8221;no&#8221; text_align=&#8221;left&#8221; background_image_as_pattern=&#8221;without_pattern&#8221; css_animation=&#8221;&#8221;][vc_column][vc_empty_space height=&#8221;40px&#8221;][vc_column_text] Ellenkult\u00fara a 80-as \u00e9vekben. V\u00e1logat\u00e1s Bp&#8230;.<\/p>\n","protected":false},"author":1,"featured_media":0,"parent":8726,"menu_order":2,"comment_status":"open","ping_status":"open","template":"full_width.php","meta":{"inline_featured_image":false,"loftloader_pro_show_once":"","loftloader_pro_page_shortcode":"","footnotes":""},"class_list":["post-8794","page","type-page","status-publish","hentry"],"_links":{"self":[{"href":"https:\/\/budapestgaleria.hu\/_\/wp-json\/wp\/v2\/pages\/8794","targetHints":{"allow":["GET"]}}],"collection":[{"href":"https:\/\/budapestgaleria.hu\/_\/wp-json\/wp\/v2\/pages"}],"about":[{"href":"https:\/\/budapestgaleria.hu\/_\/wp-json\/wp\/v2\/types\/page"}],"author":[{"embeddable":true,"href":"https:\/\/budapestgaleria.hu\/_\/wp-json\/wp\/v2\/users\/1"}],"replies":[{"embeddable":true,"href":"https:\/\/budapestgaleria.hu\/_\/wp-json\/wp\/v2\/comments?post=8794"}],"version-history":[{"count":0,"href":"https:\/\/budapestgaleria.hu\/_\/wp-json\/wp\/v2\/pages\/8794\/revisions"}],"up":[{"embeddable":true,"href":"https:\/\/budapestgaleria.hu\/_\/wp-json\/wp\/v2\/pages\/8726"}],"wp:attachment":[{"href":"https:\/\/budapestgaleria.hu\/_\/wp-json\/wp\/v2\/media?parent=8794"}],"curies":[{"name":"wp","href":"https:\/\/api.w.org\/{rel}","templated":true}]}}