{"id":8821,"date":"2015-01-22T13:23:04","date_gmt":"2015-01-22T13:23:04","guid":{"rendered":"http:\/\/budapestgaleria.hu\/_\/?page_id=8821"},"modified":"2015-04-10T07:00:24","modified_gmt":"2015-04-10T07:00:24","slug":"klauzal-teri-mutermek-valogatas-a-btm-budapest-galeria-muveszcsere-programjaban-reszt-vett-kulfoldi-muveszek-munkaibol-1989-2013","status":"publish","type":"page","link":"https:\/\/budapestgaleria.hu\/_\/kiallitasok-2013-budapest-galeria\/klauzal-teri-mutermek-valogatas-a-btm-budapest-galeria-muveszcsere-programjaban-reszt-vett-kulfoldi-muveszek-munkaibol-1989-2013\/","title":{"rendered":"Klauz\u00e1l t\u00e9ri m\u0171termek | V\u00e1logat\u00e1s a BTM-Budapest Gal\u00e9ria m\u0171v\u00e9szcsere programj\u00e1ban r\u00e9szt vett k\u00fclf\u00f6ldi m\u0171v\u00e9szek munk\u00e1ib\u00f3l, 1989-2013"},"content":{"rendered":"<div class=\"wpb-content-wrapper\"><p>[vc_row row_type=&#8221;row&#8221; use_row_as_full_screen_section=&#8221;no&#8221; type=&#8221;grid&#8221; text_align=&#8221;left&#8221; background_image_as_pattern=&#8221;without_pattern&#8221;][vc_column width=&#8221;1\/1&#8243;][vc_empty_space height=&#8221;40px&#8221;][vc_column_text]<\/p>\n<h2 class=\"cim_1\">KLAUZ\u00c1L T\u00c9RI M\u0170TERMEK | V\u00e1logat\u00e1s a BTM-Budapest Gal\u00e9ria m\u0171v\u00e9szcsere programj\u00e1ban r\u00e9szt vett k\u00fclf\u00f6ldi m\u0171v\u00e9szek munk\u00e1ib\u00f3l, 1989-2013<\/h2>\n<p>[\/vc_column_text][vc_empty_space height=&#8221;32px&#8221;][\/vc_column][\/vc_row][vc_row bgparallax=&#8221;parallax&#8221; contentwidth=&#8221;container&#8221; toppadding=&#8221;40&#8243; bottompadding=&#8221;10&#8243; border=&#8221;on&#8221; css=&#8221;.vc_custom_1420648296958{background-color: #ffffff !important;}&#8221; row_type=&#8221;row&#8221; use_row_as_full_screen_section=&#8221;no&#8221; type=&#8221;grid&#8221; text_align=&#8221;left&#8221; background_image_as_pattern=&#8221;without_pattern&#8221;][vc_column width=&#8221;1\/3&#8243; css=&#8221;.vc_custom_1420649554591{padding-right: 25px !important;}&#8221;][vc_column_text]<\/p>\n<p class=\"hely_bpgal\">Budapest Gal\u00e9ria<\/p>\n<p class=\"cim_bpgal\">1036 Budapest, Lajos utca 158.<\/p>\n<p class=\"datum_bpgal\">2013. j\u00falius 11 \u2013 augusztus 12.<\/p>\n<p>[\/vc_column_text][vc_column_text]<\/p>\n<p class=\"kiemeles_bpgal\">Megnyitotta:<\/p>\n<p class=\"kurrens_bpgal\">ZSIGMOND ATTILA, a Budapest Gal\u00e9ria igazgat\u00f3ja<br \/>\nSZOTYORY L\u00c1SZL\u00d3, fest\u0151m\u0171v\u00e9sz<\/p>\n<p>[\/vc_column_text][vc_empty_space height=&#8221;32px&#8221;][\/vc_column][vc_column width=&#8221;2\/3&#8243;][vc_column_text]A Budapest Gal\u00e9ri\u00e1nak 1989-\u00f3ta feladata a m\u0171v\u00e9szcsere kapcsolatok keret\u00e9ben fogadni k\u00fclf\u00f6ldi m\u0171v\u00e9szeket a Klauz\u00e1l t\u00e9ren l\u00e9v\u0151 k\u00e9t m\u0171terem\u00e9be, egy- ill. k\u00e9t h\u00f3napos szabad alkot\u00f3 munk\u00e1ra. \u00c9rkeznek k\u00e9pz\u0151m\u0171v\u00e9szek Lisszabonb\u00f3l, P\u00e1rizsb\u00f3l, Strasbourgb\u00f3l, Frankfurtb\u00f3l, Stuttgartb\u00f3l, B\u00e9csb\u0151l, Salzburgb\u00f3l, Kremsb\u0151l \u00e9s Gyergy\u00f3sz\u00e1rhegyr\u0151l.<\/p>\n<p>Az alkot\u00f3k sz\u00e1m\u00e1ra egy m\u0171terem az idegen v\u00e1rosban tal\u00e1n ide\u00e1lis k\u00f6r\u00fclm\u00e9ny. Otthon maradnak a napi gondok, az \u00e9let leegyszer\u0171s\u00f6dik arra a k\u00e9t-h\u00e1rom \u201eprobl\u00e9m\u00e1ra\u201d, hogy \u201emelyik v\u00e1rosr\u00e9szt fedezzem fel aznap, k\u00f6zben melyik m\u00fazeumot, vagy gal\u00e9ri\u00e1t ejtsem \u00fatba \u00e9s, hogy amikor \u201ehaza\u201d \u00e9rtem mit fessek, vagy hogyan folytassam a tegnapi k\u00e9pet. K\u00fcl\u00f6n izgalom a budapesti m\u0171v\u00e9szekkel val\u00f3 tal\u00e1lkoz\u00e1s \u00e9s a szellemi vagy csak vid\u00e1m egy\u00fcttm\u0171k\u00f6d\u00e9s.<\/p>\n<p>A k\u00f6r\u00fclm\u00e9nyeknek ez az ide\u00e1lis nyugalma \u00e9s egyenletes ritmusa a m\u0171v\u00e9szeket k\u00fcl\u00f6n\u00f6sen nyitott\u00e1 teszi \u00e9s feler\u0151s\u00edtheti kreat\u00edv energi\u00e1ikat.<\/p>\n<p>M\u0171veikben t\u00f6bbnyire a budapesti k\u00f6rnyezet ismert jelens\u00e9geivel tal\u00e1lkozhatunk, a \u201et\u00e1volr\u00f3l j\u00f6tt ember\u201d \u00e9rz\u00e9kenys\u00e9g\u00e9vel bemutatva.<\/p>\n<p>A szerz\u0151d\u00e9s\u00fckben r\u00f6gz\u00edtett m\u00f3don, a F\u0151v\u00e1rosi K\u00e9pt\u00e1rnak aj\u00e1nd\u00e9koznak egy-egy m\u0171vet, ami \u00e1ltal\u00e1ban itt k\u00e9sz\u00fclt el, ezekb\u0151l a munk\u00e1kb\u00f3l l\u00e1that\u00f3 v\u00e1logat\u00e1s a Budapest Gal\u00e9ria Ki\u00e1ll\u00edt\u00f3h\u00e1z\u00e1ban. [\/vc_column_text][vc_empty_space height=&#8221;45px&#8221;][\/vc_column][\/vc_row]<\/p>\n<\/div>","protected":false},"excerpt":{"rendered":"<p>[vc_row row_type=&#8221;row&#8221; use_row_as_full_screen_section=&#8221;no&#8221; type=&#8221;grid&#8221; text_align=&#8221;left&#8221; background_image_as_pattern=&#8221;without_pattern&#8221;][vc_column width=&#8221;1\/1&#8243;][vc_empty_space height=&#8221;40px&#8221;][vc_column_text] KLAUZ\u00c1L T\u00c9RI M\u0170TERMEK | V\u00e1logat\u00e1s a BTM-Budapest&#8230;<\/p>\n","protected":false},"author":1,"featured_media":0,"parent":8726,"menu_order":6,"comment_status":"open","ping_status":"open","template":"full_width.php","meta":{"inline_featured_image":false,"loftloader_pro_show_once":"","loftloader_pro_page_shortcode":"","footnotes":""},"class_list":["post-8821","page","type-page","status-publish","hentry"],"_links":{"self":[{"href":"https:\/\/budapestgaleria.hu\/_\/wp-json\/wp\/v2\/pages\/8821","targetHints":{"allow":["GET"]}}],"collection":[{"href":"https:\/\/budapestgaleria.hu\/_\/wp-json\/wp\/v2\/pages"}],"about":[{"href":"https:\/\/budapestgaleria.hu\/_\/wp-json\/wp\/v2\/types\/page"}],"author":[{"embeddable":true,"href":"https:\/\/budapestgaleria.hu\/_\/wp-json\/wp\/v2\/users\/1"}],"replies":[{"embeddable":true,"href":"https:\/\/budapestgaleria.hu\/_\/wp-json\/wp\/v2\/comments?post=8821"}],"version-history":[{"count":0,"href":"https:\/\/budapestgaleria.hu\/_\/wp-json\/wp\/v2\/pages\/8821\/revisions"}],"up":[{"embeddable":true,"href":"https:\/\/budapestgaleria.hu\/_\/wp-json\/wp\/v2\/pages\/8726"}],"wp:attachment":[{"href":"https:\/\/budapestgaleria.hu\/_\/wp-json\/wp\/v2\/media?parent=8821"}],"curies":[{"name":"wp","href":"https:\/\/api.w.org\/{rel}","templated":true}]}}