{"id":8825,"date":"2015-01-22T13:33:14","date_gmt":"2015-01-22T13:33:14","guid":{"rendered":"http:\/\/budapestgaleria.hu\/_\/?page_id=8825"},"modified":"2015-04-09T11:39:18","modified_gmt":"2015-04-09T11:39:18","slug":"bikacsi-daniela-innen-nezve","status":"publish","type":"page","link":"https:\/\/budapestgaleria.hu\/_\/kiallitasok-2013-budapest-galeria\/bikacsi-daniela-innen-nezve\/","title":{"rendered":"Bik\u00e1csi Daniela | Innen n\u00e9zve"},"content":{"rendered":"<div class=\"wpb-content-wrapper\"><p>[vc_row row_type=&#8221;row&#8221; use_row_as_full_screen_section=&#8221;no&#8221; type=&#8221;grid&#8221; text_align=&#8221;left&#8221; background_image_as_pattern=&#8221;without_pattern&#8221;][vc_column width=&#8221;1\/1&#8243;][vc_empty_space height=&#8221;40px&#8221;][vc_column_text]<\/p>\n<h2 class=\"cim_1\">BIK\u00c1CSI DANIELA | Innen n\u00e9zve<\/h2>\n<p>[\/vc_column_text][vc_empty_space height=&#8221;32px&#8221;][\/vc_column][\/vc_row][vc_row bgparallax=&#8221;parallax&#8221; contentwidth=&#8221;container&#8221; toppadding=&#8221;40&#8243; bottompadding=&#8221;10&#8243; border=&#8221;on&#8221; css=&#8221;.vc_custom_1420648296958{background-color: #ffffff !important;}&#8221; row_type=&#8221;row&#8221; use_row_as_full_screen_section=&#8221;no&#8221; type=&#8221;grid&#8221; text_align=&#8221;left&#8221; background_image_as_pattern=&#8221;without_pattern&#8221;][vc_column width=&#8221;1\/3&#8243; css=&#8221;.vc_custom_1420649554591{padding-right: 25px !important;}&#8221;][vc_column_text]<\/p>\n<p class=\"hely_bpgal\">Budapest Gal\u00e9ria<\/p>\n<p class=\"cim_bpgal\">1036 Budapest, Lajos utca 158.<\/p>\n<p class=\"datum_bpgal\">2013. m\u00e1jus 23 \u2013 j\u00fanius 23.<\/p>\n<p>[\/vc_column_text][vc_column_text]<\/p>\n<p class=\"kiemeles_bpgal\">Megnyit\u00f3:<\/p>\n<p class=\"kurrens_bpgal\">20135. m\u00e1jus 23., 17:00<\/p>\n<p class=\"kiemeles_bpgal\">Megnyitotta:<\/p>\n<p class=\"kurrens_bpgal\">VARGA M\u00c1TY\u00c1S OSB, k\u00f6lt\u0151, benc\u00e9s szerzetes<\/p>\n<p>[\/vc_column_text][vc_empty_space height=&#8221;32px&#8221;][\/vc_column][vc_column width=&#8221;2\/3&#8243;][vc_column_text]\u201e\u2026 Bik\u00e1csi Daniela az elm\u00falt \u00e9vekben apr\u00f3, l\u00e1tsz\u00f3lag monoton von\u00e1sokkal, de m\u00e9gis rebben\u0151en \u00e9rz\u00e9keny \u00e9s sz\u00ednes fel\u00fcleteket megk\u00e9pz\u0151 gesztusaival majdnem \u00fcres helyk\u00e9nt jel\u00f6li meg a term\u00e9szet hely\u00e9t, mondhatn\u00e1nk, kihagyja a veget\u00e1ci\u00f3b\u00f3l az \u00e9letet, \u00e9s a hi\u00e1tust festi meg festm\u00e9nynek. Er\u0151s, m\u00e1r majdnem szimbolikus jelent\u00e9ssel teli geometrikus form\u00e1kat szerkeszt, szinte a realizmus, a figuralit\u00e1s hat\u00e1r\u00e1ig csupasz\u00edtja-egyszer\u0171s\u00edti a t\u00e1j k\u00e9pz\u0151dm\u00e9nyeit, majd az utols\u00f3 pillanatban, miel\u0151tt val\u00f3ban konstrukci\u00f3v\u00e1, absztrakt szerkezett\u00e9 v\u00e1lna a k\u00e9pi rendszer, s kih\u0171ln\u00e9nek a mot\u00edvumok, visszafordul \u00e9s soha-nem-volt-nem-lesz, l\u00edrai, ugyanakkor majdnem azonos\u00edthat\u00f3 \u00e9p\u00edtm\u00e9nny\u00e9 form\u00e1lja a helyet, a megfogalmazhatatlan, de m\u00e9gis testet \u00f6lt\u00f6tt hi\u00e1nyt. Mot\u00edvumai, park-, medence-, szeg\u00e9ly-r\u00e9szletek, mesters\u00e9ges halmok \u2013 egyszerre s\u00edrok \u00e9s masztab\u00e1k \u2013 gondolhatn\u00e1nk, \u201emes\u00e9s\u201d land art tervek egy teny\u00e9rnyi sztyepp\u00e9re m\u00e9retezve. Negat\u00edv \u00e9s pozit\u00edv form\u00e1k az \u00e9rtelmez\u00e9s k\u00e9nye-kedv\u00e9re, am\u00fagy pedig szellemes \u00e9s m\u00e1r-m\u00e1r sz\u00fcrrealisztikusan metafizikus, vagy ford\u00edtva, id\u0151b\u0151l kivetetten ironikus parabol\u00e1k: Bik\u00e1csi Daniela k\u00e9pein csend\u00e9lett\u00e9 v\u00e1lik a t\u00e1j, melyben Rilke halott ember\u00e9nek \u00e1rny\u00e9ka is felsejlik. Olyb\u00e1 t\u0171nik, ak\u00e1r az id\u0151 (is) festhetn\u00e9 \u00e9s festi is ezeket a k\u00e9peket, mintha folyamatosan sz\u00e1radn\u00e1nak, s ett\u0151l sz\u00ednesedn\u00e9nek \u2013 sz\u00ednteledn\u00e9nek a halmok, m\u00e9lyed\u00e9sek, kit\u00fcremked\u00e9sek, s hal\u00f3dn\u00e1nak sz\u00e9pre \u00e9s cs\u00f6ndesre, egyszersmind \u00e1tszobrosodn\u00e1nak az \u00f6r\u00f6kk\u00e9val\u00f3s\u00e1gba.<\/p>\n<p>Leg\u00fajabb k\u00e9peire, amelyeken az \u00e9rz\u00e9kis\u00e9g \u00e9s a forma \u00e9rv\u00e9ny\u00e9be vetett hit sz\u00edven\u00fct\u0151 er\u0151vel bomlik ki, rezign\u00e1lt b\u00f6lcsess\u00e9g von\u00f3dik r\u00e1 tompa f\u00e9nnyel. \u00dagy tetszik, Bik\u00e1csi pontosan \u00e9rti, hogy az ut\u00f3bbi \u00e9vekben milyen sebess\u00e9ggel v\u00e1ltozott meg a k\u00e9p jelent\u00e9se, \u00e9s a jelent\u00e9s \u00e9rtelmezhet\u0151s\u00e9ge a k\u00e9p gyorsas\u00e1ga, szaporas\u00e1ga \u00e9s b\u0151s\u00e9ge, teh\u00e1t a fogalmis\u00e1ggal \u00f6ssze nem f\u00fcgg\u0151, att\u00f3l elt\u00e9r\u0151, eg\u00e9szen m\u00e1s term\u00e9szet\u0171 tulajdons\u00e1g \u00e9s funkci\u00f3 r\u00e9v\u00e9n, s mekkora el\u00e1nnal v\u00e1lik a k\u00e9p folyamatt\u00e1, k\u00f6vetkez\u00e9sk\u00e9ppen ornamentik\u00e1v\u00e1.<\/p>\n<p>M\u00e1sk\u00e9ppen fogalmazva: az inform\u00e1ci\u00f3 dinamizmusa \u00e9s s\u0171r\u0171s\u00e9ge f\u00f6leszi mag\u00e1t a k\u00f6zl\u00e9st. S hogy mindez egy t\u00fcrelmetlen, egyszersmind \u00e1teszt\u00e9tiz\u00e1l\u00f3dott \u00e9s m\u00e1konyoss\u00e1 tett, \u00fajfajta horror vacui k\u00f6vetkezm\u00e9nye, mely hars\u00e1nyra \u00e9s agressz\u00edvre szublim\u00e1lt v\u00e1gyakb\u00f3l elegyedett \u00f6ssze, hogy stimul\u00e1l\u00f3 szerk\u00e9nt m\u0171k\u00f6dhess\u00e9k. Ezzel a horror vacui-b\u00f3l sz\u00e1rmaz\u00f3 ornamentalizmussal szemben teremt egyens\u00falyt a Bik\u00e1csi Daniela \u00e1ltal is felfedezett amor vacui, mely olyan negat\u00edv t\u00f6lt\u00e9s\u0171 fogalmakat transzform\u00e1l, mint a hi\u00e1ny, az \u00fcress\u00e9g, a kev\u00e9s\u2026\u201d<\/p>\n<p class=\"szerzo\">Hajdu Istv\u00e1n: A hely bej\u00e1r\u00e1sa<\/p>\n<p><strong>TANULM\u00c1NYOK<\/strong><br \/>\n<strong>1957-1961<\/strong> K\u00e9pz\u0151- \u00e9s Iparm\u0171v\u00e9szeti Gimn\u00e1zium, Budapest<br \/>\n<strong>1962-1964<\/strong> Magyar Iparm\u0171v\u00e9szeti F\u0151iskola, bels\u0151\u00e9p\u00edt\u00e9sz szak<br \/>\n<strong>1964-1967<\/strong> Magyar K\u00e9pz\u0151m\u0171v\u00e9szeti F\u0151iskola, fest\u0151 szak<br \/>\n<strong>1967-1969<\/strong> Magyar K\u00e9pz\u0151m\u0171v\u00e9szeti F\u0151iskola, mesterk\u00e9pz\u0151<\/p>\n<p><strong>D\u00cdJAK, \u00d6SZT\u00d6ND\u00cdJAK<\/strong><br \/>\n<strong>1974<\/strong> Derkovits-\u00f6szt\u00f6nd\u00edj<br \/>\n<strong>1976, \u201978, \u201990, \u201994, \u201998, \u20192000<\/strong> Egri Akvarell Bienn\u00e1l\u00e9 d\u00edja<br \/>\n<strong>1987, \u201993<\/strong> Salg\u00f3tarj\u00e1ni Tavaszi T\u00e1rlat d\u00edja<br \/>\n<strong>1989<\/strong> E\u00f6tv\u00f6s Alap\u00edtv\u00e1ny \u00f6szt\u00f6nd\u00edja<br \/>\n<strong>1993, \u201997<\/strong> Esztergomi Pasztell Bienn\u00e1l\u00e9 d\u00edja<br \/>\n<strong>1999, 2002, 2005, 2006, 2007<\/strong> Nemzeti Kultur\u00e1lis Alap \u00f6szt\u00f6nd\u00edja<br \/>\n<strong>2001<\/strong> R\u00f3mai Magyar Akad\u00e9mia \u00f6szt\u00f6nd\u00edja<br \/>\n<strong>2006<\/strong> Egri Akvarell Bienn\u00e1le f\u0151d\u00edja &#8211; Kit\u00fcntet\u00e9s<br \/>\n<strong>1994<\/strong> Munk\u00e1csy d\u00edj<\/p>\n<p><strong>M\u0170VEI K\u00d6Z- \u00c9S MAG\u00c1NGY\u0170JTEM\u00c9NYEKBEN<\/strong><br \/>\nMagyar Nemzeti Gal\u00e9ria, Kort\u00e1rs Magyar M\u00fazeum, Dunaszerdahely &#8211; Dob\u00f3 Istv\u00e1n M\u00fazeum, Eger &#8211; Rippl R\u00f3nai M\u00fazeum, Kaposv\u00e1r &#8211; Tornyai J\u00e1nos M\u00fazeum, H\u00f3dmez\u0151v\u00e1s\u00e1rhely &#8211; N\u00f3gr\u00e1di M\u00fazeum, Salg\u00f3tarj\u00e1n &#8211; T-Art Alap\u00edtv\u00e1ny &#8211; OTP Bank Rt. &#8211; Kogart gy\u0171jtem\u00e9ny &#8211; F\u0151v\u00e1rosi K\u00e9pt\u00e1r-Kiscelli M\u00fazeum[\/vc_column_text][vc_empty_space height=&#8221;45px&#8221;][\/vc_column][\/vc_row]<\/p>\n<\/div>","protected":false},"excerpt":{"rendered":"<p>[vc_row row_type=&#8221;row&#8221; use_row_as_full_screen_section=&#8221;no&#8221; type=&#8221;grid&#8221; text_align=&#8221;left&#8221; background_image_as_pattern=&#8221;without_pattern&#8221;][vc_column width=&#8221;1\/1&#8243;][vc_empty_space height=&#8221;40px&#8221;][vc_column_text] BIK\u00c1CSI DANIELA | Innen n\u00e9zve [\/vc_column_text][vc_empty_space height=&#8221;32px&#8221;][\/vc_column][\/vc_row][vc_row&#8230;<\/p>\n","protected":false},"author":1,"featured_media":0,"parent":8726,"menu_order":7,"comment_status":"open","ping_status":"open","template":"full_width.php","meta":{"inline_featured_image":false,"loftloader_pro_show_once":"","loftloader_pro_page_shortcode":"","footnotes":""},"class_list":["post-8825","page","type-page","status-publish","hentry"],"_links":{"self":[{"href":"https:\/\/budapestgaleria.hu\/_\/wp-json\/wp\/v2\/pages\/8825","targetHints":{"allow":["GET"]}}],"collection":[{"href":"https:\/\/budapestgaleria.hu\/_\/wp-json\/wp\/v2\/pages"}],"about":[{"href":"https:\/\/budapestgaleria.hu\/_\/wp-json\/wp\/v2\/types\/page"}],"author":[{"embeddable":true,"href":"https:\/\/budapestgaleria.hu\/_\/wp-json\/wp\/v2\/users\/1"}],"replies":[{"embeddable":true,"href":"https:\/\/budapestgaleria.hu\/_\/wp-json\/wp\/v2\/comments?post=8825"}],"version-history":[{"count":0,"href":"https:\/\/budapestgaleria.hu\/_\/wp-json\/wp\/v2\/pages\/8825\/revisions"}],"up":[{"embeddable":true,"href":"https:\/\/budapestgaleria.hu\/_\/wp-json\/wp\/v2\/pages\/8726"}],"wp:attachment":[{"href":"https:\/\/budapestgaleria.hu\/_\/wp-json\/wp\/v2\/media?parent=8825"}],"curies":[{"name":"wp","href":"https:\/\/api.w.org\/{rel}","templated":true}]}}