{"id":8829,"date":"2015-01-22T13:52:26","date_gmt":"2015-01-22T13:52:26","guid":{"rendered":"http:\/\/budapestgaleria.hu\/_\/?page_id=8829"},"modified":"2015-04-10T07:14:45","modified_gmt":"2015-04-10T07:14:45","slug":"ambrus-imre-festomuvesz-es-peterfy-laszlo-szobraszmuvesz-kiallitasa","status":"publish","type":"page","link":"https:\/\/budapestgaleria.hu\/_\/kiallitasok-2013-budapest-galeria\/ambrus-imre-festomuvesz-es-peterfy-laszlo-szobraszmuvesz-kiallitasa\/","title":{"rendered":"Ambrus Imre, P\u00e9terfy L\u00e1szl\u00f3 | P\u00e1ros ki\u00e1ll\u00edt\u00e1s"},"content":{"rendered":"<div class=\"wpb-content-wrapper\"><p>[vc_row row_type=&#8221;row&#8221; use_row_as_full_screen_section=&#8221;no&#8221; type=&#8221;grid&#8221; text_align=&#8221;left&#8221; background_image_as_pattern=&#8221;without_pattern&#8221;][vc_column width=&#8221;1\/1&#8243;][vc_empty_space height=&#8221;40px&#8221;][vc_column_text]<\/p>\n<h2 class=\"cim_1\">AMBRUS IMRE, P\u00c9TERFY L\u00c1SZL\u00d3 | P\u00e1ros ki\u00e1ll\u00edt\u00e1s<\/h2>\n<p>[\/vc_column_text][vc_empty_space height=&#8221;32px&#8221;][\/vc_column][\/vc_row][vc_row bgparallax=&#8221;parallax&#8221; contentwidth=&#8221;container&#8221; toppadding=&#8221;40&#8243; bottompadding=&#8221;10&#8243; border=&#8221;on&#8221; css=&#8221;.vc_custom_1420648296958{background-color: #ffffff !important;}&#8221; row_type=&#8221;row&#8221; use_row_as_full_screen_section=&#8221;no&#8221; type=&#8221;grid&#8221; text_align=&#8221;left&#8221; background_image_as_pattern=&#8221;without_pattern&#8221;][vc_column width=&#8221;1\/3&#8243; css=&#8221;.vc_custom_1420649554591{padding-right: 25px !important;}&#8221;][vc_column_text]<\/p>\n<p class=\"hely_bpgal\">Budapest Gal\u00e9ria<\/p>\n<p class=\"cim_bpgal\">1036 Budapest, Lajos utca 158.<\/p>\n<p class=\"datum_bpgal\">2013. j\u00fanius 27 \u2013 j\u00falius 28.<\/p>\n<p>[\/vc_column_text][vc_column_text]<\/p>\n<p class=\"kiemeles_bpgal\">Megnyit\u00f3:<\/p>\n<p class=\"kurrens_bpgal\">2013. j\u00fanius 27., 17:00<\/p>\n<p class=\"kiemeles_bpgal\">Megnyitotta:<\/p>\n<p class=\"kurrens_bpgal\">V\u00c1RI ATTILA, \u00edr\u00f3<\/p>\n<p>[\/vc_column_text][vc_empty_space height=&#8221;32px&#8221;][\/vc_column][vc_column width=&#8221;2\/3&#8243;][vc_column_text]<em>Ambrus Imre<\/em> \u00edrja: 1936. j\u00falius 6-\u00e1n sz\u00fclettem Gyergy\u00f3alfaluban, Ambrus Lajos \u00e9s Gy\u00f6rffy Erzs\u00e9bet vend\u00e9gfogad\u00f3 tulajdonosok m\u00e1sodik fiak\u00e9nt. M\u0171v\u00e9szi tehets\u00e9gemet 1949-ben fedezt\u00e9k fel, amikor a marosv\u00e1s\u00e1rhelyi Zene \u00e9s K\u00e9pz\u0151m\u0171v\u00e9szeti L\u00edceum eg\u00e9sz Erd\u00e9lyre kiterjed\u0151 tehets\u00e9gkutat\u00e1st szervezett. Sikeres felv\u00e9teli vizsga ut\u00e1n \u00edgy lettem az akkor indul\u00f3 iskola n\u00f6vend\u00e9ke Barab\u00e1s Istv\u00e1n fest\u0151, \u00e9s Izs\u00e1k M\u00e1rton szobr\u00e1szm\u0171v\u00e9sz, az iskola igazgat\u00f3ja tan\u00edtv\u00e1nyak\u00e9nt. 1953-ban felv\u00e9teliztem a kolozsv\u00e1ri K\u00e9pz\u0151m\u0171v\u00e9szeti F\u0151iskol\u00e1ra, ahol K\u00e1d\u00e1r Tibor, majd Mikl\u00f3ssy G\u00e1bor fest\u0151m\u0171v\u00e9szek lettek a tan\u00e1raim. 1959-ben diplom\u00e1ztam fest\u00e9szeti szakon \u00e9s megszereztem a rajztan\u00e1ri k\u00e9pes\u00edt\u00e9st is. 1954-ben a f\u0151iskola igazgat\u00f3ja tov\u00e1bbtanul\u00e1somat a moszkvai f\u0151iskol\u00e1n javasolta, de az akkori k\u00f6vetelm\u00e9ny szerinti hat\u00f3s\u00e1gi vizsg\u00e1lat a \u201ekizs\u00e1km\u00e1nyol\u00f3 kul\u00e1k sz\u00fcl\u0151k\u201d miatt kiutaz\u00e1somat nem t\u00e1mogatta. 1959 \u0151sz\u00e9t\u0151l a gyergy\u00f3szentmikl\u00f3si gimn\u00e1zium rajztan\u00e1ra lettem; tan\u00e1ri p\u00e1ly\u00e1m mind\u00f6ssze egy tan\u00e9vig tartott. 1960-ban \u00e1ll\u00e1s n\u00e9lk\u00fcl sz\u00fcleim alfalvi h\u00e1z\u00e1ban laktam, festettem \u00e9s rajzoltam. Ebben az \u00e9vben volt els\u0151 egy\u00e9ni ki\u00e1ll\u00edt\u00e1som Gyergy\u00f3szentmikl\u00f3son. 1961 \u0151sz\u00e9n a marosv\u00e1s\u00e1rhelyi B\u00e1bsz\u00ednh\u00e1z alkalmazott, amelynek 1975-ig tervez\u0151je maradtam. 1970-ben a rom\u00e1niai K\u00e9pz\u0151m\u0171v\u00e9szek Orsz\u00e1gos Sz\u00f6vets\u00e9ge p\u00e1rizsi UNESCO \u00f6szt\u00f6nd\u00edjra javasolt, de bel\u00fcgyi d\u00f6nt\u00e9s miatt ism\u00e9t nem kaptam \u00fatlevelet, egy bukaresti koll\u00e9ga utazott helyettem. 1962-1977-ig rendszeres szerepl\u0151je voltam az \u00e9vente megrendezett Maros megyei ki\u00e1ll\u00edt\u00e1soknak, \u00e9s tagja lettem a rom\u00e1niai K\u00e9pz\u0151m\u0171v\u00e9szek Orsz\u00e1gos Sz\u00f6vets\u00e9g\u00e9nek is. 1963-ban a marosv\u00e1s\u00e1rhelyi Kult\u00farpalot\u00e1ban ny\u00edlt \u00f6n\u00e1ll\u00f3 ki\u00e1ll\u00edt\u00e1som, 1964-1974 k\u00f6z\u00f6tt a bukaresti orsz\u00e1gos ki\u00e1ll\u00edt\u00e1sokon is szerepeltem. 1968 \u00e9s 1970 k\u00f6z\u00f6tt megh\u00edvott vend\u00e9gk\u00e9nt t\u00f6bb darabot terveztem a budapesti \u00c1llami B\u00e1bsz\u00ednh\u00e1znak. 1977-ben Budapestre k\u00f6lt\u00f6ztem a csal\u00e1domhoz, \u00e9s a budapesti b\u00e1bsz\u00ednh\u00e1znak voltam a tervez\u0151je 2006-ig. 1978-t\u00f3l rendszeresen szerepelek orsz\u00e1gos csoportos ki\u00e1ll\u00edt\u00e1sokon, emellett 25 egy\u00e9ni ki\u00e1ll\u00edt\u00e1som volt k\u00fcl\u00f6nb\u00f6z\u0151 helysz\u00edneken itthon \u00e9s k\u00fclf\u00f6ld\u00f6n is. 1961 \u00e9s 2009 k\u00f6z\u00f6tt t\u00f6bb mint hatvan sz\u00ednh\u00e1zi darabot \u00e9s telev\u00edzi\u00f3s filmet tervezetem, \u00e9s t\u00f6bb mint hatvan ki\u00e1ll\u00edt\u00e1son szerepeltem.<\/p>\n<p><strong>AMBRUS IMRE | EGY\u00c9NI KI\u00c1LL\u00cdT\u00c1SOK<\/strong><br \/>\n<strong>1960<\/strong> Gyergy\u00f3szentmikl\u00f3s<br \/>\n<strong>1961, 1962<\/strong> Marosv\u00e1s\u00e1rhely<br \/>\n<strong>1978 <\/strong>V\u00e1c, M\u0171vel\u0151d\u00e9si H\u00e1z<br \/>\n<strong>1979<\/strong> Budapest, Cs\u00f3k Gal\u00e9ria<br \/>\n<strong>1981<\/strong> Ny\u00edregyh\u00e1za, Bencz\u00far Terem<br \/>\n<strong>1983<\/strong> Gy\u0151r, Bemutat\u00f3 Terem<br \/>\n<strong>1985<\/strong> Debrecen, Medgyessy Terem<br \/>\n<strong>1985<\/strong> N\u00e1dudvar, M\u0171vel\u0151d\u00e9si H\u00e1z<br \/>\n<strong>1986<\/strong> B\u00e9k\u00e9scsaba, Munk\u00e1csy Terem<br \/>\n<strong>1987<\/strong> Szeged, Gul\u00e1csy Terem<br \/>\n<strong>1988<\/strong> Ny\u00edregyh\u00e1za, Bencz\u00far Terem<br \/>\n<strong>1990<\/strong> Szeksz\u00e1rd, Szinyei Terem<br \/>\n<strong>1990<\/strong> Budapest, Derkovics Terem<br \/>\n<strong>1991<\/strong> Sz\u00e9kesfeh\u00e9rv\u00e1r, M\u00e9sz\u00f6ly Terem<br \/>\n<strong>1992<\/strong> Sopron, Bemutat\u00f3 Terem<br \/>\n<strong>1993<\/strong> Gy\u0151r, Bemutat\u00f3 Terem<br \/>\n<strong>1993<\/strong> Budapest, Hades Klub<br \/>\n<strong>1993<\/strong> Budapest, Blattner Gal\u00e9ria<br \/>\n<strong>1995<\/strong> Szolnok, Aba-Nov\u00e1k Terem<br \/>\n<strong>1995<\/strong> Ny\u00edregyh\u00e1za, Bencz\u00far Terem<br \/>\n<strong>1996<\/strong> Budakeszi, M\u0171vel\u0151d\u00e9si H\u00e1z<br \/>\n<strong>2002<\/strong> Eger, M\u0171v\u00e9szetek H\u00e1za<br \/>\n<strong>2004<\/strong> Budapest, Ko\u00f3s Gal\u00e9ria<br \/>\n<strong>2005<\/strong> Duna\u00fajv\u00e1ros, M\u0171v\u00e9szetek H\u00e1za<br \/>\n<strong>2006<\/strong> Debrecen, Kort\u00e1rs Gal\u00e9ria<br \/>\n<strong>2007<\/strong> N\u00e1dudvar, M\u0171vel\u0151d\u00e9si H\u00e1z<br \/>\n<strong>2009<\/strong> Budapest, Budapest Gal\u00e9ria Ki\u00e1ll\u00edt\u00f3h\u00e1za<br \/>\n<strong>2011<\/strong> Duna\u00fajv\u00e1ros, M\u0171v\u00e9szetek H\u00e1za<\/p>\n<p><strong>CSOPORTOS KI\u00c1LL\u00cdT\u00c1SOK<\/strong><br \/>\n<strong>1959, 1960<\/strong> Kolozsv\u00e1r<br \/>\n<strong>1961-1976-ig<\/strong> Marosv\u00e1s\u00e1rhely<br \/>\n<strong>1968<\/strong> Bukarest, Nemzeti M\u00fazeum<br \/>\n<strong>1969<\/strong> Bukarest, M\u0171csarnok<br \/>\n<strong>1977<\/strong> Budapest, Pet\u0151fi Irodalmi M\u00fazeum<br \/>\n<strong>1979<\/strong> Gyergy\u00f3szentmikl\u00f3s, M\u00fazeum<br \/>\n<strong>1980<\/strong> Budapest, M\u0171csarnok<br \/>\n<strong>1983<\/strong> Budapest, Vigad\u00f3 Gal\u00e9ria<br \/>\n<strong>1983, 1988<\/strong> Budapest, M\u0171csarnok<br \/>\n<strong>1991<\/strong> Moszkva<br \/>\n<strong>1993<\/strong> Vigad\u00f3 Gal\u00e9ria<br \/>\n<strong>1993<\/strong> Ausztria<br \/>\n<strong>1994<\/strong> Jap\u00e1n<br \/>\n<strong>1995<\/strong> N\u00e9metorsz\u00e1g<br \/>\n<strong>1996<\/strong> Debrecen, Kort\u00e1rs Gal\u00e9ria<br \/>\n<strong>1997<\/strong> Jap\u00e1n<br \/>\n<strong>1997<\/strong> Szeged, M\u00fazeum<br \/>\n<strong>1997<\/strong> Tata, M\u00fazeum<br \/>\n<strong>1998<\/strong> Stockholm<br \/>\n<strong>1999<\/strong> Hatvan<br \/>\n<strong>1999<\/strong> Stockholm, Magyar H\u00e1z<br \/>\n<strong>1999<\/strong> P\u00e1rizs, Magyar Int\u00e9zet<br \/>\n<strong>2000<\/strong> Budapest, Vigad\u00f3 Gal\u00e9ria<br \/>\n<strong>2000<\/strong> Stockholm, Magyar H\u00e1z<br \/>\n<strong>2000<\/strong> Szeged, M\u00fazeum<br \/>\n<strong>2002<\/strong> Stockholm, Magyar H\u00e1z<br \/>\n<strong>2002<\/strong> Budapest, Ernst M\u00fazeum<br \/>\n<strong>2002<\/strong> Madrid<br \/>\n<strong>2003<\/strong> Szeged, M\u00fazeum<br \/>\n<strong>2004<\/strong> Stockholm, Magyar H\u00e1z<br \/>\n<strong>2005<\/strong> Stockholm, Magyar H\u00e1z<br \/>\n<strong>2008<\/strong> OTP Sz\u00e9kh\u00e1z, Budapest<br \/>\n<strong>2011<\/strong> Budapest, Budapest Gal\u00e9ria Ki\u00e1ll\u00edt\u00f3h\u00e1za<\/p>\n<p><em>P\u00e9terfy L\u00e1szl\u00f3<\/em> mesterei: K\u00e1d\u00e1r Tibor, Mikl\u00f3ssy G\u00e1bor &#8211; 1954-59: kolozsv\u00e1ri Ion Andreescu K\u00e9pz\u0151m\u0171v\u00e9szeti F\u0151iskola, fest\u0151 szak, mesterei: K\u00e1d\u00e1r Tibor, Mikl\u00f3ssy G\u00e1bor. 1999: Magyar M\u0171v\u00e9szet\u00e9rt D\u00edj; Kod\u00e1ly Zolt\u00e1n-d\u00edj; 2000: a Magyar K\u00f6zt\u00e1rsas\u00e1gi \u00c9rdemrend Tiszti keresztje. A Sikl\u00f3si K\u0151farag\u00f3 T\u00e1bor tagja, 1991-ben a Toyamai Nemzetk\u00f6zi Szobr\u00e1szt\u00e1bor r\u00e9sztvev\u0151je, a Magyar M\u0171v\u00e9szeti Akad\u00e9mia tagja. P\u00e9terfy fest\u0151nek indult, 1959-66 k\u00f6z\u00f6tt Maros megyei, rom\u00e1niai t\u00e1rlatokon festm\u00e9nyeivel szerepel. 1966 \u00f3ta \u00e9l Magyarorsz\u00e1gon, a csak tiszta forr\u00e1sb\u00f3l mer\u00edt\u0151 n\u00e9pi mesters\u00e9geket t\u00e1mogat\u00f3, szervez\u0151 mozgalom egyik vezet\u0151je. Szobr\u00e1szata figur\u00e1lis \u00e9s hagyom\u00e1ny\u0151rz\u0151. Makovecz Imre t\u00f6bb \u00e9p\u00fclet\u00e9hez k\u00e9sz\u00edt szobrot, els\u0151k\u00e9nt a s\u00e1rospataki M\u0171vel\u0151d\u00e9si H\u00e1z k\u00e9t m\u00e9szk\u0151 oszlopszobr\u00e1t: az egyik utal\u00e1s a nagyszentmikl\u00f3si aranykincs mitikus \u201e\u00e9gberagad\u00e1s\u201d jelenet\u00e9re, a m\u00e1sik a csodaszarvas-legend\u00e1ra. P\u00e9terfy munk\u00e1i eml\u00e9kez\u0151 \u00e9s eml\u00e9keztet\u0151 szobrok, az emberi kult\u00fara folyamatoss\u00e1g\u00e1r\u00f3l, k\u00fcl\u00f6nb\u00f6z\u0151 kult\u00far\u00e1k, m\u00edtoszok szerves egym\u00e1sra \u00e9p\u00fcl\u00e9s\u00e9r\u0151l, folytathat\u00f3s\u00e1g\u00e1r\u00f3l is sz\u00f3lnak, tov\u00e1bbviszik az erd\u00e9lyi k\u00f6z\u00e9pkori \u00e9s renesz\u00e1nsz m\u0171v\u00e9szet, a n\u00e9pi k\u0151- \u00e9s fafarag\u00e1s hagyom\u00e1nyait, \u00f6tv\u00f6zve Beck \u00d6. F\u00fcl\u00f6p, Medgyessy Ferenc er\u0151teljes realizmus\u00e1val.<\/p>\n<p><strong>P\u00c9TERFY L\u00c1SZL\u00d3 | EGY\u00c9NI KI\u00c1LL\u00cdT\u00c1SOK<\/strong><br \/>\n<strong>1968<\/strong> E\u00f6tv\u00f6s Koll\u00e9gium, Budapest; M\u00f3ra Ferenc M\u00fazeum, Szeged<br \/>\n<strong>1969<\/strong> Csepel Gal\u00e9ria, Budapest<br \/>\n<strong>1970<\/strong> T\u00f6r\u00f6kszentmikl\u00f3s<br \/>\n<strong>1976<\/strong> Szoborkert, Tata<br \/>\n<strong>1986, 1989<\/strong> N\u00e9ph\u00e1z, Tatab\u00e1nya<br \/>\n<strong>1987<\/strong> M\u0171vel\u0151d\u00e9si K\u00f6zpont, Balassagyarmat<br \/>\n<strong>1988, 1992<\/strong> Nagy Balogh Terem, Budapest<br \/>\n<strong>1993<\/strong> Kemenesaljai M\u0171vel\u0151d\u00e9si K\u00f6zpont, Celld\u00f6m\u00f6lk<br \/>\n<strong>1996<\/strong> M\u0171vel\u0151d\u00e9si K\u00f6zpont, Le\u00e1nyfalu<\/p>\n<p><strong>V\u00c1LOGATOTT CSOPORTOS KI\u00c1LL\u00cdT\u00c1SOK<\/strong><br \/>\n<strong>1960-1965<\/strong> Marosv\u00e1s\u00e1rhelyi Megyei T\u00e1rlatok<br \/>\n<strong>1967-1993<\/strong> Orsz\u00e1gos Kisplasztikai Bienn\u00e1l\u00e9k, P\u00e9cs<br \/>\n<strong>1968-1970<\/strong> Balatonbogl\u00e1ri K\u00e1polnat\u00e1rlatok, Egyetemi Sz\u00ednpad, Budapest<br \/>\n<strong>1986<\/strong> SZETA aukci\u00f3s ki\u00e1ll\u00edt\u00e1s.<\/p>\n<p><strong>M\u0170VEK K\u00d6ZGY\u0170JTEM\u00c9NYEKBEN<\/strong><br \/>\nMagyar Nemzeti Gal\u00e9ria, Budapest &#8211; Pet\u0151fi Irodalmi M\u00fazeum, Budapest &#8211; K\u00f6zt\u00e9ri m\u0171vei &#8211; N\u0151 vir\u00e1ggal (m\u00e9szk\u0151, 1970-71, Si\u00f3fok, Sz\u00edvk\u00f3rh\u00e1z) &#8211; N\u0151 vir\u00e1ggal (m\u00e9szk\u0151, 1970, Tatab\u00e1nya, \u00d6regek Otthona) &#8211; plasztika (andezit, 1980, Zalaegerszeg) &#8211; K\u0151eml\u00e9k (trachit, 1982, Zalaegerszeg) &#8211; \u00c9gberagad\u00e1s (m\u00e9szk\u0151, 1986, S\u00e1rospatak, M\u0171vel\u0151d\u00e9si H\u00e1z) &#8211; Csodaszarvas (m\u00e9szk\u0151, 1986, S\u00e1rospatak, M\u0171vel\u0151d\u00e9si H\u00e1z) &#8211; Illy\u00e9s Gyula-kopjafa (fa, 1986, Domb\u00f3v\u00e1r) &#8211; K\u00f3s K\u00e1roly (bronz, 1987, Kispest, Wekerle-telep) &#8211; Magvet\u0151 (bronz, 1988, B\u00e1bolna) &#8211; tizenhat kir\u00e1lyszobor (fa, 1988, Sz\u00e9kesfeh\u00e9rv\u00e1r, Kir\u00e1lypark) &#8211; domborm\u0171 (terrakotta, 1989, Pusztaszer, ravataloz\u00f3) &#8211; Hars\u00e1nyi Zsolt (bronz, 1989, S\u00e1rospatak, Koll\u00e9gium) &#8211; F\u00f6lt\u00e1madott Krisztus (fa, 1990, Si\u00f3fok, evang\u00e9likus templom) &#8211; Krisztus \u00e9s angyalok (t\u00f6lgyfa, 1991-92, Paks, r\u00f3mai katolikus templom) -1956-os eml\u00e9km\u0171 (k\u0151, bronz, 1993, Kispest) &#8211; a II. vil\u00e1gh\u00e1bor\u00fa halottainak eml\u00e9k\u00e9re (1994, Kispest) &#8211; Szent Borb\u00e1la (1994, Tatab\u00e1nya) &#8211; K\u00e9t angyal (v\u00f6r\u00f6sr\u00e9z lemez, 1995, Gy\u0151r, Benc\u00e9s Gimn\u00e1zium k\u00e1poln\u00e1ja) &#8211; Politikai \u00e1ldozatok eml\u00e9km\u0171ve (gr\u00e1nit, 1997, Tard) &#8211; Akiknek \u00e9let\u00e9t t\u00f6nkretette a kommunizmus (1996, Budapest, Tab\u00e1n [Makovecz Imr\u00e9vel]) &#8211; Memento: az 1945-56 k\u00f6z\u00f6tt kiv\u00e9gzettek eml\u00e9km\u0171ve (m\u00e9szk\u0151, 1997-98, Budapest) &#8211; II. vil\u00e1gh\u00e1bor\u00fas eml\u00e9km\u0171 (m\u00e1rv\u00e1ny, 1999, Budapest-Kispest) &#8211; \u00c9letfa (kr\u00f3mac\u00e9l, 2000, Tatab\u00e1nya, F\u0151 t\u00e9r) &#8211; Szent Istv\u00e1n (k\u0151, bronz, 2000, Tokaj)<\/p>\n<p>Forr\u00e1s: <a href=\"http:\/\/www.artportal.hu\" target=\"_blank\">www.artportal.hu<\/a>[\/vc_column_text][vc_empty_space height=&#8221;45px&#8221;][\/vc_column][\/vc_row]<\/p>\n<\/div>","protected":false},"excerpt":{"rendered":"<p>[vc_row row_type=&#8221;row&#8221; use_row_as_full_screen_section=&#8221;no&#8221; type=&#8221;grid&#8221; text_align=&#8221;left&#8221; background_image_as_pattern=&#8221;without_pattern&#8221;][vc_column width=&#8221;1\/1&#8243;][vc_empty_space height=&#8221;40px&#8221;][vc_column_text] AMBRUS IMRE, P\u00c9TERFY L\u00c1SZL\u00d3 | P\u00e1ros ki\u00e1ll\u00edt\u00e1s&#8230;<\/p>\n","protected":false},"author":1,"featured_media":0,"parent":8726,"menu_order":8,"comment_status":"open","ping_status":"open","template":"full_width.php","meta":{"inline_featured_image":false,"loftloader_pro_show_once":"","loftloader_pro_page_shortcode":"","footnotes":""},"class_list":["post-8829","page","type-page","status-publish","hentry"],"_links":{"self":[{"href":"https:\/\/budapestgaleria.hu\/_\/wp-json\/wp\/v2\/pages\/8829","targetHints":{"allow":["GET"]}}],"collection":[{"href":"https:\/\/budapestgaleria.hu\/_\/wp-json\/wp\/v2\/pages"}],"about":[{"href":"https:\/\/budapestgaleria.hu\/_\/wp-json\/wp\/v2\/types\/page"}],"author":[{"embeddable":true,"href":"https:\/\/budapestgaleria.hu\/_\/wp-json\/wp\/v2\/users\/1"}],"replies":[{"embeddable":true,"href":"https:\/\/budapestgaleria.hu\/_\/wp-json\/wp\/v2\/comments?post=8829"}],"version-history":[{"count":0,"href":"https:\/\/budapestgaleria.hu\/_\/wp-json\/wp\/v2\/pages\/8829\/revisions"}],"up":[{"embeddable":true,"href":"https:\/\/budapestgaleria.hu\/_\/wp-json\/wp\/v2\/pages\/8726"}],"wp:attachment":[{"href":"https:\/\/budapestgaleria.hu\/_\/wp-json\/wp\/v2\/media?parent=8829"}],"curies":[{"name":"wp","href":"https:\/\/api.w.org\/{rel}","templated":true}]}}