{"id":8849,"date":"2015-01-22T14:45:06","date_gmt":"2015-01-22T14:45:06","guid":{"rendered":"http:\/\/budapestgaleria.hu\/_\/?page_id=8849"},"modified":"2015-04-09T11:08:14","modified_gmt":"2015-04-09T11:08:14","slug":"lukoviczky-endre-new-york-budapest","status":"publish","type":"page","link":"https:\/\/budapestgaleria.hu\/_\/kiallitasok-2013-budapest-galeria\/lukoviczky-endre-new-york-budapest\/","title":{"rendered":"Lukoviczky Endre | New York \u2013 Budapest"},"content":{"rendered":"<div class=\"wpb-content-wrapper\"><p>[vc_row row_type=&#8221;row&#8221; use_row_as_full_screen_section=&#8221;no&#8221; type=&#8221;grid&#8221; text_align=&#8221;left&#8221; background_image_as_pattern=&#8221;without_pattern&#8221;][vc_column width=&#8221;1\/1&#8243;][vc_empty_space height=&#8221;40px&#8221;][vc_column_text]<\/p>\n<h2 class=\"cim_1\">LUKOVICZKY ENDRE | New York \u2013 Budapest<\/h2>\n<p>[\/vc_column_text][vc_empty_space height=&#8221;32px&#8221;][\/vc_column][\/vc_row][vc_row bgparallax=&#8221;parallax&#8221; contentwidth=&#8221;container&#8221; toppadding=&#8221;40&#8243; bottompadding=&#8221;10&#8243; border=&#8221;on&#8221; css=&#8221;.vc_custom_1420648296958{background-color: #ffffff !important;}&#8221; row_type=&#8221;row&#8221; use_row_as_full_screen_section=&#8221;no&#8221; type=&#8221;grid&#8221; text_align=&#8221;left&#8221; background_image_as_pattern=&#8221;without_pattern&#8221;][vc_column width=&#8221;1\/3&#8243; css=&#8221;.vc_custom_1420649554591{padding-right: 25px !important;}&#8221;][vc_column_text]<\/p>\n<p class=\"hely_bpgal\">BTM \u2013 Budapest Ki\u00e1ll\u00edt\u00f3terem<\/p>\n<p class=\"cim_bpgal\">1056 Budapest, Szabad sajt\u00f3 \u00fat 5.<\/p>\n<p class=\"datum_bpgal\">2013. szeptember 6 \u2013 okt\u00f3ber 13.<\/p>\n<p>[\/vc_column_text][vc_column_text]<\/p>\n<p class=\"kiemeles_bpgal\">Megnyit\u00f3:<\/p>\n<p class=\"kurrens_bpgal\">2013. szeptember 5. (cs\u00fct\u00f6rt\u00f6k), 18:00<\/p>\n<p class=\"kiemeles_bpgal\">Megnyitotta:<\/p>\n<p class=\"kurrens_bpgal\">HUSHEGYI G\u00c1BOR, eszt\u00e9ta, m\u0171kritikus, a Szlov\u00e1k Int\u00e9zet igazgat\u00f3ja<\/p>\n<p>[\/vc_column_text][vc_empty_space height=&#8221;32px&#8221;][\/vc_column][vc_column width=&#8221;2\/3&#8243;][vc_column_text]<\/p>\n<p>Lukoviczky Endre m\u0171v\u00e9szet\u00e9t \u00e9vtizedek \u00f3ta konzekvensen konstrukt\u00edv, geometrikus k\u00e9p\u00e9p\u00edt\u00e9s jellemzi.<\/p>\n<p>A b\u00e9k\u00e9scsabai szlov\u00e1k csal\u00e1dban, 1939-ben sz\u00fcletett alkot\u00f3 a sz\u00e1mos k\u00e9pz\u0151 iparm\u0171v\u00e9szt \u00fatj\u00e1ra ind\u00edt\u00f3, neves m\u0171v\u00e9szet- pedag\u00f3gus, Mokos J\u00f3zsef \u00e1ltal vezetett szakk\u00f6rben kezdett ismerkedni a k\u00e9pi kifejez\u0151 eszk\u00f6z\u00f6kkel.<br \/>\nAz \u00e9retts\u00e9gi ut\u00e1n az Iparm\u0171v\u00e9szeti F\u0151iskola textil szak\u00e1ra nyert felv\u00e9telt. Tan\u00e1rai \u2013 k\u00f6zt\u00fck Hincz Gyula \u00e9s R\u00e1kosi Zolt\u00e1n \u2013 olyan kreat\u00edv, nyitott szeml\u00e9letm\u00f3dra nevelt\u00e9k, amely eg\u00e9sz p\u00e1lyafut\u00e1s\u00e1nak tov\u00e1bbi alakul\u00e1s\u00e1t d\u00f6nt\u0151 m\u00f3don befoly\u00e1solta. Tanulm\u00e1nyait 1962-ben fejezte be. P\u00e1ly\u00e1ja kezdet\u00e9n els\u0151sorban sokszoros\u00edt\u00f3 grafikai tev\u00e9kenys\u00e9get folytatott, majd 1981-t\u0151l saj\u00e1t szitanyomatai mellett jelent\u0151s m\u0171v\u00e9szek: Barcsay Jen\u0151, Vasarely, B\u00e1lint Endre, Gyarmathy Tiham\u00e9r szitamapp\u00e1it k\u00e9sz\u00edtette saj\u00e1t m\u0171hely\u00e9ben. A Fiatal M\u0171v\u00e9szek St\u00fadi\u00f3j\u00e1nak tagjak\u00e9nt az 1967-es, a hatalom \u00e1ltal elfogadhatatlannak tartott, \u00faj m\u0171v\u00e9szeti \u00e1ramlatok jegy\u00e9ben fogant m\u0171veket felsorakoztat\u00f3 ki\u00e1ll\u00edt\u00e1s ut\u00e1n n\u00e9h\u00e1ny \u00e9vig m\u0171vei alig kaphattak nyilv\u00e1noss\u00e1got. 1969-ben feles\u00e9g\u00e9vel, B\u00e1lint Ildik\u00f3 fest\u0151m\u0171v\u00e9sszel a szentendrei \u00daj M\u0171v\u00e9sztelepen kapott m\u0171teremlak\u00e1st.<\/p>\n<p>A szentendrei m\u0171v\u00e9szk\u00f6z\u00f6ss\u00e9g prominens alkot\u00f3i \u2013 k\u00f6zt\u00fck Barcsay Jen\u0151, Korniss Dezs\u0151 \u2013 az akkori magyar m\u0171v\u00e9szeti \u00e9let legmodernebb ir\u00e1nyzataihoz tartoztak. \u00cdgy a fiatal m\u0171v\u00e9sz \u2013 akinek m\u00e1r korai munk\u00e1in felt\u0171nik az invenci\u00f3zus formak\u00e9pz\u00e9s, az azonos vizu\u00e1lis probl\u00e9m\u00e1k \u00fajabb \u00e9s \u00fajabb megold\u00e1sa ir\u00e1nti fog\u00e9konys\u00e1g \u2013 olyan k\u00f6zegbe ker\u00fclt, amely meger\u0151s\u00edthette hajlamaival \u00f6sszhangban l\u00e9v\u0151, kor\u00e1bbi vonz\u00f3d\u00e1s\u00e1t a l\u00e1tv\u00e1nyt\u00f3l elszakad\u00f3, elvont m\u0171v\u00e9szet ir\u00e1nt. Jelent\u0151s inspir\u00e1ci\u00f3s forr\u00e1s volt sz\u00e1m\u00e1ra Kandinszkij fest\u00e9szet\u00e9n t\u00fal az orosz szuprematizmus \u00e9s az orosz valamint a magyar konstrukt\u00edvizmus. Ezek a 20. sz\u00e1zad els\u0151 negyed\u00e9ben sz\u00fcletett ir\u00e1nyzatok radik\u00e1lisan megv\u00e1ltoztatt\u00e1k a kor\u00e1bbi k\u00e9pfelfog\u00e1st: a hagyom\u00e1nyos \u00e1br\u00e1zol\u00e1s helyett \u2013 els\u0151sorban \u2013 szab\u00e1lyos geometrikus elemekb\u0151l, szinte tudom\u00e1nyos ig\u00e9nyess\u00e9ggel \u00e9p\u00edtik a k\u00e9pet vagy a s\u00edkban vagy a t\u00e9rbelis\u00e9g \u00faj szempont\u00fa megk\u00f6zel\u00edt\u00e9s\u00e9vel. Lukoviczky m\u0171veiben tudatosan felv\u00e1llalva \u00e9s \u00f6ntudatlanul is alkalmazza e t\u00f6rekv\u00e9sek egyes megold\u00e1sait, m\u00e9gsem mondhat\u00f3, hogy egyszer\u0171en \u00fajra\u00e9ln\u00e9 e mintak\u00e9pek kor\u00e1nak probl\u00e9m\u00e1it. Az id\u0151k\u00f6zben eltelt t\u00f6bb mint f\u00e9l \u00e9vsz\u00e1zad egyr\u00e9szt id\u00e9z\u0151jelbe tette az ember \u00e1ltal megteremtethet\u0151 racion\u00e1lis vil\u00e1g elk\u00e9pzel\u00e9s\u00e9t, m\u00e1sr\u00e9szt Lukoviczky sz\u00e1m\u00e1ra a m\u0171v\u00e9szet \u00fajabb vagy kort\u00e1rs fejlem\u00e9nyei egyar\u00e1nt \u00e1lland\u00f3 kih\u00edv\u00e1st jelentenek. Legszembet\u0171n\u0151bb k\u00fcl\u00f6nbs\u00e9g, hogy plasztikus hat\u00e1st kelt\u0151 konstrukci\u00f3i nem t\u00e9rgeometrikus probl\u00e9m\u00e1k steril lek\u00e9pez\u00e9sei, hanem \u00e1ltal\u00e1ban \u00e9rzelmi t\u00f6lt\u00e9st is hordoznak, sokszor l\u00edrai megk\u00f6zel\u00edt\u00e9sr\u0151l vallanak. A v\u00e9gtelenben s\u00falytalanul lebeg\u0151 form\u00e1ci\u00f3k hol egy sz\u00e9thullott civiliz\u00e1ci\u00f3 maradv\u00e1nyainak nyugtalan\u00edt\u00f3 k\u00e9pzet\u00e9t keltik, hol j\u00e1t\u00e9kosan szipork\u00e1znak, vagy \u00f6nfeledten szertesz\u00e9jjel bukfenceznek. M\u00e1skor az idegesen cik\u00e1z\u00f3 alakzatok: h\u00e1romsz\u00f6gek, n\u00e9gyzetek, kubusok bonyolult egyens\u00falyi helyzetekbe keverednek, fittyet h\u00e1nyva a hagyom\u00e1nyos perspekt\u00edva szab\u00e1lyainak. A szubjekt\u00edv reflexi\u00f3k form\u00e1ba \u00f6nt\u00e9s\u00e9t a gazdag fakt\u00far\u00e1j\u00fa fel\u00fcletkezel\u00e9s, a felszabadult anyaghaszn\u00e1lat \u00e9s gyakorta kifinomult fest\u0151i megold\u00e1sok seg\u00edtik. A m\u0171v\u00e9sz kimer\u00edthetetlen k\u00edv\u00e1ncsis\u00e1ggal, k\u00f6tetlen szabads\u00e1ggal kutatja e konstru\u00e1lt vil\u00e1g t\u00f6rv\u00e9nyszer\u0171s\u00e9geit, melyr\u0151l kompoz\u00edci\u00f3s sorozatai vallanak. Ezek egyike a v\u00e1ros sorozat. Az ebben rejl\u0151 problematika t\u00f6bb mint egy \u00e9vtizedig, az 1980-as \u00e9vekben foglalkoztatta a m\u0171v\u00e9szt. Az Egyes\u00fclt \u00c1llamokban tett tanulm\u00e1ny\u00fatjai sor\u00e1n, f\u0151k\u00e9nt New Yorkban szerzett \u00e9lm\u00e9nyeit dolgozta fel e k\u00e9pekben. A 20. sz\u00e1zad utols\u00f3 harmad\u00e1ban m\u00e1r 21. sz\u00e1zadi nagyv\u00e1rosok mintak\u00e9p\u00e9nek tartott New York leny\u0171g\u00f6z\u0151 hat\u00e1st gyakorolt re\u00e1. E festm\u00e9nyek f\u0151szerepl\u0151i a t\u00e9rben m\u00e9lt\u00f3s\u00e1gteljesen mozg\u00f3, gravit\u00e1ci\u00f3t\u00f3l elszakadt \u00e9p\u00edtm\u00e9nyek, melyek \u00e9ppen \u00e1t\u00fasznak a k\u00e9pt\u00e9r kozmikus sz\u00ednpad\u00e1n. A m\u00e1r ember n\u00e9lk\u00fcli, de ember teremtette vil\u00e1g v\u00edzi\u00f3i egyszerre keltenek csod\u00e1latot \u00e9s szorong\u00e1st.<\/p>\n<p>Egyetlen momentum szab korl\u00e1tot e gazdagon \u00e1rad\u00f3 m\u0171v\u00e9szi teremt\u00e9snek: minden m\u0171nek \u2013 legyen b\u00e1r j\u00e1t\u00e9kos, komor vagy nyugtalan\u00edt\u00f3 hangulat k\u00f6zvet\u00edt\u0151je \u2013 hordoznia kell mag\u00e1ban a harm\u00f3nia \u00edg\u00e9ret\u00e9t.<\/p>\n<p class=\"szerzo\">Maz\u00e1nyi Judit<\/p>\n<p>[\/vc_column_text][vc_empty_space height=&#8221;45px&#8221;][\/vc_column][\/vc_row]<\/p>\n<\/div>","protected":false},"excerpt":{"rendered":"<p>[vc_row row_type=&#8221;row&#8221; use_row_as_full_screen_section=&#8221;no&#8221; type=&#8221;grid&#8221; text_align=&#8221;left&#8221; background_image_as_pattern=&#8221;without_pattern&#8221;][vc_column width=&#8221;1\/1&#8243;][vc_empty_space height=&#8221;40px&#8221;][vc_column_text] LUKOVICZKY ENDRE | New York \u2013 Budapest&#8230;<\/p>\n","protected":false},"author":1,"featured_media":0,"parent":8726,"menu_order":11,"comment_status":"open","ping_status":"open","template":"full_width.php","meta":{"inline_featured_image":false,"loftloader_pro_show_once":"","loftloader_pro_page_shortcode":"","footnotes":""},"class_list":["post-8849","page","type-page","status-publish","hentry"],"_links":{"self":[{"href":"https:\/\/budapestgaleria.hu\/_\/wp-json\/wp\/v2\/pages\/8849","targetHints":{"allow":["GET"]}}],"collection":[{"href":"https:\/\/budapestgaleria.hu\/_\/wp-json\/wp\/v2\/pages"}],"about":[{"href":"https:\/\/budapestgaleria.hu\/_\/wp-json\/wp\/v2\/types\/page"}],"author":[{"embeddable":true,"href":"https:\/\/budapestgaleria.hu\/_\/wp-json\/wp\/v2\/users\/1"}],"replies":[{"embeddable":true,"href":"https:\/\/budapestgaleria.hu\/_\/wp-json\/wp\/v2\/comments?post=8849"}],"version-history":[{"count":0,"href":"https:\/\/budapestgaleria.hu\/_\/wp-json\/wp\/v2\/pages\/8849\/revisions"}],"up":[{"embeddable":true,"href":"https:\/\/budapestgaleria.hu\/_\/wp-json\/wp\/v2\/pages\/8726"}],"wp:attachment":[{"href":"https:\/\/budapestgaleria.hu\/_\/wp-json\/wp\/v2\/media?parent=8849"}],"curies":[{"name":"wp","href":"https:\/\/api.w.org\/{rel}","templated":true}]}}