{"id":8854,"date":"2015-01-22T14:57:42","date_gmt":"2015-01-22T14:57:42","guid":{"rendered":"http:\/\/budapestgaleria.hu\/_\/?page_id=8854"},"modified":"2015-04-09T10:57:46","modified_gmt":"2015-04-09T10:57:46","slug":"ardai-ildiko-textilmuvesz-kiallitasa","status":"publish","type":"page","link":"https:\/\/budapestgaleria.hu\/_\/kiallitasok-2013-budapest-galeria\/ardai-ildiko-textilmuvesz-kiallitasa\/","title":{"rendered":"Ardai Ildik\u00f3 textilm\u0171v\u00e9sz ki\u00e1ll\u00edt\u00e1sa"},"content":{"rendered":"<div class=\"wpb-content-wrapper\"><p>[vc_row row_type=&#8221;row&#8221; use_row_as_full_screen_section=&#8221;no&#8221; type=&#8221;grid&#8221; text_align=&#8221;left&#8221; background_image_as_pattern=&#8221;without_pattern&#8221;][vc_column width=&#8221;1\/1&#8243;][vc_empty_space height=&#8221;40px&#8221;][vc_column_text]<\/p>\n<h2 class=\"cim_1\">ARDAI ILDIK\u00d3 textilm\u0171v\u00e9sz ki\u00e1ll\u00edt\u00e1sa<\/h2>\n<p>[\/vc_column_text][vc_empty_space height=&#8221;32px&#8221;][\/vc_column][\/vc_row][vc_row bgparallax=&#8221;parallax&#8221; contentwidth=&#8221;container&#8221; toppadding=&#8221;40&#8243; bottompadding=&#8221;10&#8243; border=&#8221;on&#8221; css=&#8221;.vc_custom_1420648296958{background-color: #ffffff !important;}&#8221; row_type=&#8221;row&#8221; use_row_as_full_screen_section=&#8221;no&#8221; type=&#8221;grid&#8221; text_align=&#8221;left&#8221; background_image_as_pattern=&#8221;without_pattern&#8221;][vc_column width=&#8221;1\/3&#8243; css=&#8221;.vc_custom_1420649554591{padding-right: 25px !important;}&#8221;][vc_column_text]<\/p>\n<p class=\"hely_bpgal\">BTM \u2013 Budapest Ki\u00e1ll\u00edt\u00f3terem<\/p>\n<p class=\"cim_bpgal\">1056 Budapest, Szabad sajt\u00f3 \u00fat 5.<\/p>\n<p class=\"datum_bpgal\">2013. okt\u00f3ber 18 \u2013 november 24.<\/p>\n<p>[\/vc_column_text][vc_column_text]<\/p>\n<p class=\"kiemeles_bpgal\">Megnyit\u00f3 \u00e9s k\u00f6nybemutat\u00f3:<\/p>\n<p class=\"kurrens_bpgal\">2013. okt\u00f3ber 17., 17:00<\/p>\n<p class=\"kiemeles_bpgal\">Megnyitotta:<\/p>\n<p class=\"kurrens_bpgal\">SZEMAD\u00c1M GY\u00d6RGY, fest\u0151m\u0171v\u00e9sz<\/p>\n<p>[\/vc_column_text][vc_empty_space height=&#8221;32px&#8221;][\/vc_column][vc_column width=&#8221;2\/3&#8243;][vc_empty_space height=&#8221;10px&#8221;][vc_video link=&#8221;https:\/\/www.youtube.com\/watch?v=rPWzM-bitO0&amp;feature=youtu.be&#8221;][vc_empty_space height=&#8221;40px&#8221;][vc_column_text]\u201eArdai Ildik\u00f3 az az egyed\u00fcl\u00e1ll\u00f3 szem\u00e9lyis\u00e9g a magyar textilm\u0171v\u00e9szet ter\u00fclet\u00e9n, aki a m\u0171faj minden \u00e1g\u00e1ban meghat\u00e1roz\u00f3an \u00e9s folyamatosan van jelen, t\u00f6bb mint negyven esztendeje. Ez a jelenl\u00e9t m\u00e1r \u00f6nmag\u00e1ban is p\u00e1ratlan, \u00e9s akkor m\u00e9g nem is eml\u00edtett\u00fck m\u0171v\u00e9szet\u00e9nek sokr\u00e9teg\u0171s\u00e9g\u00e9t. Nem szokott ugyanis el\u0151fordulni, hogy egy m\u0171v\u00e9sz a t\u00e9rtextil ter\u00fclet\u00e9n, a modern design t\u00e9rfel\u00e9n \u00e9s az archaikus technik\u00e1n alapul\u00f3, n\u00e9pm\u0171v\u00e9szeti \u00fajj\u00e1\u00e9led\u00e9s ter\u00e9n egyar\u00e1nt a legjobbak k\u00f6z\u00fcl val\u00f3.<\/p>\n<p>Ardai Ildik\u00f3 eg\u00e9sz munk\u00e1ss\u00e1g\u00e1ra jellemz\u0151, hogy \u0151 az, aki a t\u00e1rgyalkot\u00f3 m\u0171v\u00e9szek k\u00f6z\u00f6tt tal\u00e1n a legpontosabban val\u00f3s\u00edtja meg azt a kapcsolatot a n\u00e9pm\u0171v\u00e9szet-magasm\u0171v\u00e9szet k\u00f6z\u00f6tt, amit v\u00e9g\u00fcl is a Bart\u00f3k-f\u00e9le ide\u00e1nak tartunk. Mindez igaz volt m\u00e1r a hetvenes \u00e9vekt\u0151l, ahogy a n\u00e9pm\u0171v\u00e9szeti formanyelvet \u00e9rtelemszer\u0171en \u2013 azaz alkot\u00f3ian \u2013 interpret\u00e1lta. A tradicion\u00e1lis k\u00e9zm\u0171vess\u00e9g mai funkci\u00f3i m\u00e1sok, a feladatok \u00e9s c\u00e9lok elt\u0171ntek, s vele a n\u00e9pm\u0171v\u00e9szet, mint olyan kihalt, vagy legal\u00e1bbis hagyom\u00e1nyos form\u00e1i nem \u00e9l\u0151k. Ardai sz\u00e1m\u00e1ra mindig rendk\u00edv\u00fcl fontos volt a form\u00e1l\u00e1s eredeti alkot\u00f3r\u00e9szeihez val\u00f3 visszany\u00fal\u00e1s, ami r\u00e1ad\u00e1sul eredetileg term\u00e9szeti form\u00e1khoz vezethet\u0151 vissza.\u201d<\/p>\n<p class=\"szerzo\">Fitz P\u00e9ter<\/p>\n<p>[\/vc_column_text][vc_empty_space height=&#8221;32px&#8221;][vc_single_image image=&#8221;8941&#8243; border_color=&#8221;grey&#8221; img_link_target=&#8221;_self&#8221; img_size=&#8221;full&#8221;][vc_empty_space height=&#8221;45px&#8221;][\/vc_column][\/vc_row]<\/p>\n<\/div>","protected":false},"excerpt":{"rendered":"<p>[vc_row row_type=&#8221;row&#8221; use_row_as_full_screen_section=&#8221;no&#8221; type=&#8221;grid&#8221; text_align=&#8221;left&#8221; background_image_as_pattern=&#8221;without_pattern&#8221;][vc_column width=&#8221;1\/1&#8243;][vc_empty_space height=&#8221;40px&#8221;][vc_column_text] ARDAI ILDIK\u00d3 textilm\u0171v\u00e9sz ki\u00e1ll\u00edt\u00e1sa [\/vc_column_text][vc_empty_space height=&#8221;32px&#8221;][\/vc_column][\/vc_row][vc_row bgparallax=&#8221;parallax&#8221;&#8230;<\/p>\n","protected":false},"author":1,"featured_media":0,"parent":8726,"menu_order":12,"comment_status":"open","ping_status":"open","template":"full_width.php","meta":{"inline_featured_image":false,"loftloader_pro_show_once":"","loftloader_pro_page_shortcode":"","footnotes":""},"class_list":["post-8854","page","type-page","status-publish","hentry"],"_links":{"self":[{"href":"https:\/\/budapestgaleria.hu\/_\/wp-json\/wp\/v2\/pages\/8854","targetHints":{"allow":["GET"]}}],"collection":[{"href":"https:\/\/budapestgaleria.hu\/_\/wp-json\/wp\/v2\/pages"}],"about":[{"href":"https:\/\/budapestgaleria.hu\/_\/wp-json\/wp\/v2\/types\/page"}],"author":[{"embeddable":true,"href":"https:\/\/budapestgaleria.hu\/_\/wp-json\/wp\/v2\/users\/1"}],"replies":[{"embeddable":true,"href":"https:\/\/budapestgaleria.hu\/_\/wp-json\/wp\/v2\/comments?post=8854"}],"version-history":[{"count":0,"href":"https:\/\/budapestgaleria.hu\/_\/wp-json\/wp\/v2\/pages\/8854\/revisions"}],"up":[{"embeddable":true,"href":"https:\/\/budapestgaleria.hu\/_\/wp-json\/wp\/v2\/pages\/8726"}],"wp:attachment":[{"href":"https:\/\/budapestgaleria.hu\/_\/wp-json\/wp\/v2\/media?parent=8854"}],"curies":[{"name":"wp","href":"https:\/\/api.w.org\/{rel}","templated":true}]}}