{"id":8975,"date":"2015-01-24T13:33:43","date_gmt":"2015-01-24T13:33:43","guid":{"rendered":"http:\/\/budapestgaleria.hu\/_\/?page_id=8975"},"modified":"2015-04-10T07:18:17","modified_gmt":"2015-04-10T07:18:17","slug":"gink-judit-1953-2009-emlekkiallitasa","status":"publish","type":"page","link":"https:\/\/budapestgaleria.hu\/_\/kiallitasok-2012-budapest-galeria\/gink-judit-1953-2009-emlekkiallitasa\/","title":{"rendered":"Gink Judit (1953\u20132009) eml\u00e9kki\u00e1ll\u00edt\u00e1sa"},"content":{"rendered":"<div class=\"wpb-content-wrapper\"><p>[vc_row row_type=&#8221;row&#8221; use_row_as_full_screen_section=&#8221;no&#8221; type=&#8221;grid&#8221; text_align=&#8221;left&#8221; background_image_as_pattern=&#8221;without_pattern&#8221;][vc_column width=&#8221;1\/1&#8243;][vc_empty_space height=&#8221;40px&#8221;][vc_column_text]<\/p>\n<h2 class=\"cim_1\">GINK JUDIT (1953\u20132009) eml\u00e9kki\u00e1ll\u00edt\u00e1sa<\/h2>\n<p>[\/vc_column_text][vc_empty_space height=&#8221;32px&#8221;][\/vc_column][\/vc_row][vc_row bgparallax=&#8221;parallax&#8221; contentwidth=&#8221;container&#8221; toppadding=&#8221;40&#8243; bottompadding=&#8221;10&#8243; border=&#8221;on&#8221; css=&#8221;.vc_custom_1420648296958{background-color: #ffffff !important;}&#8221; row_type=&#8221;row&#8221; use_row_as_full_screen_section=&#8221;no&#8221; type=&#8221;grid&#8221; text_align=&#8221;left&#8221; background_image_as_pattern=&#8221;without_pattern&#8221;][vc_column width=&#8221;1\/3&#8243; css=&#8221;.vc_custom_1420649554591{padding-right: 25px !important;}&#8221;][vc_column_text]<\/p>\n<p class=\"hely_bpgal\">BTM \u2013 Budapest Ki\u00e1ll\u00edt\u00f3terem<\/p>\n<p class=\"cim_bpgal\">1056 Budapest, Szabad sajt\u00f3 \u00fat 5.<\/p>\n<p class=\"datum_bpgal\">2012. janu\u00e1r 19 \u2013 febru\u00e1r 19.<\/p>\n<p>[\/vc_column_text][vc_column_text]<\/p>\n<p class=\"kiemeles_bpgal\">Megnyit\u00f3:<\/p>\n<p class=\"kurrens_bpgal\">2012. janu\u00e1r 19., 17:00<\/p>\n<p class=\"kiemeles_bpgal\">Megnyitotta:<\/p>\n<p class=\"kurrens_bpgal\">SZEG\u0150 GY\u00d6RGY, \u00e9p\u00edt\u00e9sz, m\u0171v\u00e9szeti \u00edr\u00f3<\/p>\n<p>[\/vc_column_text][vc_empty_space height=&#8221;32px&#8221;][\/vc_column][vc_column width=&#8221;2\/3&#8243;][vc_column_text]R\u00e9szletek a ki\u00e1ll\u00edt\u00e1sra megjelen\u0151 k\u00f6nyv-katal\u00f3gusb\u00f3l:<\/p>\n<p>\u201e\u2026A Ferenczy No\u00e9mi-hagyom\u00e1nyt tisztelve elhagy\u00f3k csapata, Szenes Zsuzsa, Szilvitzky Margit, Attalai G\u00e1bor \u00e9s kort\u00e1rsaik a hatvanas \u00e9vek v\u00e9g\u00e9t\u0151l tett\u00e9k \u00e9l\u0151, izgalmas m\u0171fajj\u00e1 a textilm\u0171v\u00e9szetet. A lausanne-i \u00e9s lodzi bienn\u00e1le, Abakanowicz, Bui\u0107, Lupas \u00e9s a t\u00f6bbi jelent\u0151s kort\u00e1rs r\u00e9v\u00e9n \u00fagy \u00e9rezhett\u00e9k, hogy Eur\u00f3p\u00e1ban \u00e9lnek \u00e9s dolgoznak, mik\u00f6zben periferikus helyzet\u00fck miatt az itthoni hatalom rosszall\u00e1s\u00e1t nem v\u00edvt\u00e1k ki. A hetvenes \u00e9vek k\u00f6zep\u00e9re frissen v\u00e9gzettek \u2013 Gecser Lujza, Bajk\u00f3 Anik\u00f3, Droppa Judit, Kele Judit \u00e9s m\u00e1sok \u2013 csatlakoztak hozz\u00e1juk, akik imm\u00e1r eg\u00e9szen sz\u00e9ls\u0151s\u00e9ges megold\u00e1sokkal \u00e9ltek a l\u00e1gy anyagok lehet\u0151s\u00e9geinek kutat\u00e1s\u00e1ban. A szerte\u00e1gaz\u00f3 t\u00f6rekv\u00e9sek sor\u00e1b\u00f3l hi\u00e1nyzott a textil lehets\u00e9ges k\u00e9pis\u00e9g\u00e9nek \u00fajragondol\u00e1sa: ezt a harmadik hull\u00e1m n\u00e9h\u00e1ny k\u00e9pvisel\u0151je, els\u0151sorban Gink Judit v\u00e1llalta mag\u00e1ra.<\/p>\n<p>Ahogy a szakmai k\u00f6z\u00e9let helyett egyre ink\u00e1bb a m\u0171terem maradt otthonos sz\u00e1m\u00e1ra, a m\u0171vek is mindink\u00e1bb bens\u0151s\u00e9ges t\u00fcrelemmunk\u00e1kk\u00e1 v\u00e1ltak, a nagyvonal\u00fa szerigr\u00e1fia- \u00e9s nyomottanyag-megold\u00e1sok hely\u00e9be az apr\u00f3l\u00e9kos, nem m\u0171fajhoz-m\u00e9di\u00e1hoz k\u00f6t\u0151d\u0151 elj\u00e1r\u00e1sok ker\u00fcltek, mint a dr\u00f3tsz\u00f6vev\u00e9nnyel val\u00f3 b\u00edbel\u0151d\u00e9s. Persze a dr\u00f3th\u00e1l\u00f3 is textil a maga m\u00f3dj\u00e1n, de imm\u00e1r a textiless\u00e9g Gink sz\u00e1m\u00e1ra is eml\u00e9k. Id\u0151nk\u00e9nt \u00f6n\u00e1ll\u00f3 ki\u00e1ll\u00edt\u00e1st rendezett a budapesti F\u00e9szek Gal\u00e9ri\u00e1ban, a f\u00fcggetlen \u00e9s mag\u00e1nak val\u00f3 m\u0171v\u00e9szattit\u0171d kev\u00e9s mened\u00e9k\u00e9nek egyik\u00e9ben, ezzel is jelezve, hogy bizonyos \u00e9rtelemben konzervat\u00edv m\u0171v\u00e9ssz\u00e9 \u2013 az avantg\u00e1rd hagyom\u00e1nyainak \u0151rz\u0151j\u00e9v\u00e9 \u2013 v\u00e1lt\u2026<\/p>\n<p>\u2026Ami egyre fontosabb lett Gink Juditnak, az m\u0171veinek szem\u00e9lyess\u00e9ge \u00e9s pontoss\u00e1ga (A rose is a rose is a rose is a rose id\u00e9zi Gertrud Steint, de parafraze\u00e1lhatn\u00e1 is: a Rrose is a rose). A r\u00f3zsa lesz vez\u00e9rmot\u00edvuma, ha nem is enciklop\u00e9dikus teljess\u00e9gben t\u00e1rgyalja, mint kort\u00e1rsa, G\u00e9czi J\u00e1nos \u00edr\u00f3. A r\u00f3zsa els\u0151sorban r\u00f3zsa, telt vir\u00e1g \u00e9s elhervadt szirom, t\u00f6m\u00f6r illat \u00e9s ny\u00edl\u00f3 format\u00e1r, vallom\u00e1s a pillanatban \u00e9s kaland a r\u00e9gi id\u0151kben \u2013 s a t\u00f6vissz\u00farta f\u00e1jdalom. De a r\u00f3zsa egy\u00fattal \u2013 mint Borgesn\u00e9l \u2013 \u201eaz a rejt\u00e9lyes tartalm\u00fa vir\u00e1g, amely a t\u00f6bb jelent\u00e9s ok\u00e1n az alleg\u00f3ri\u00e1kban k\u00f6d\u00f6ss\u00e9, elmos\u00f3d\u00f3 tartalm\u00fav\u00e1 v\u00e1lik, a metafor\u00e1kban viszont \u00f6sszefogottabb, kifinomultabb tartalommal megmutatkoz\u00f3, s amely ez\u00e1ltal ir\u00e1nyul a vil\u00e1g legm\u00e9lyebb, m\u00e9g \u00e9ppen megk\u00f6zel\u00edthet\u0151 \u00e9rtelme fel\u00e9\u201d hiszen aki r\u00f3la besz\u00e9lne, kimondhat\u00f3v\u00e1 nem teheti.\u201d<\/p>\n<p class=\"szerzo\">B\u00e1n Andr\u00e1s<\/p>\n<p>\u201eLegal\u00e1bb k\u00e9tf\u00e9le Gink Judit van \u2013 s ezek kombin\u00e1ci\u00f3i \u2013, az ironikus, sz\u00e1raz, kisz\u00e1m\u00edtott \u00e9s szigor\u00fa, s ezzel szemben a l\u00edrai l\u00e1gy, hogy \u00fagy ne mondjuk, \u00e9rzelmes\u2026<\/p>\n<p>\u2026A p\u00e1lyafut\u00e1s k\u00e9s\u0151bbi id\u0151szak\u00e1ban l\u00e1tsz\u00f3lag l\u00e1gyabb, s tal\u00e1n artisztikusabb form\u00e1k foglalkoztatt\u00e1k. Vir\u00e1gok, ind\u00e1k, kanyarg\u00f3 kacsok, kicsiny ter\u00edt\u0151k koll\u00e1zsa, r\u00f3zs\u00e1k t\u00f6vissel, dr\u00f3ttal. A felsz\u00edni els\u0151dleges hat\u00e1sok m\u00f6g\u00f6tt f\u00e1jdalom s szenved\u00e9s rejt\u0151zik, a Millefleurs idilli hervadt n\u00f6v\u00e9nyform\u00e1i m\u00f6g\u00f6tt-alatt dr\u00f3tsz\u00e1l erek h\u00faz\u00f3dnak, a Rosarium koszossz\u00fcrke padl\u00f3j\u00e1n let\u00e9pett r\u00f3zs\u00e1k \u00e9s r\u00f3zsalevelek hevernek, Az idill egyre s\u00f6t\u00e9tebb, a Rosenhain h\u00e1rom k\u00e9pt\u00e1bl\u00e1j\u00e1n m\u00e1r vaspor, dr\u00f3t \u00e9s tal\u00e1lt t\u00e1rgyk\u00e9nt valami s\u00f6t\u00e9t textil keveredik, m\u00edg eljut R\u00f3zsa r\u00f3zsa dr\u00f3tf\u00fcgg\u00f6nyeihez melyben ezernyi stilz\u00e1lt vir\u00e1g sz\u00f6v\u0151dik \u00f6ssze l\u00e1ncszer\u0171en zizeg\u0151, t\u00f6bbr\u00e9teg\u0171 fel\u00fclett\u00e9.<\/p>\n<p>Gink Judit p\u00e1lyafut\u00e1s\u00e1ban az a leny\u0171g\u00f6z\u0151, hogy \u00e9lete \u00e9s m\u0171v\u00e9szete nem k\u00fcl\u00f6n\u00fcl egym\u00e1st\u00f3l, k\u00e9pess\u00e9gei \u00e9s m\u0171vei mindig \u00f6nmag\u00e1t is jelentik. Ritk\u00e1n forr \u00f6ssze ennyire m\u0171v\u00e9sz \u00e9s m\u0171v\u00e9szete eggy\u00e9 \u00e9s azonoss\u00e1.\u201d<\/p>\n<p class=\"szerzo\">Fitz P\u00e9ter<\/p>\n<p><strong>T\u00c1MOGAT\u00d3K:<\/strong><\/p>\n<p>K\u00f6sz\u00f6netet mondunk a ki\u00e1ll\u00edt\u00e1s \u00e9s a katal\u00f3gus l\u00e9trej\u00f6tt\u00e9ben ny\u00fajtott seg\u00edts\u00e9g\u00e9rt a k\u00f6vetkez\u0151 int\u00e9zm\u00e9nyeknek \u00e9s szem\u00e9lyeknek:<\/p>\n<p>Szombathelyi K\u00e9pt\u00e1r<br \/>\nTextil \u00e9s Textilruh\u00e1zati Ipart\u00f6rt\u00e9neti M\u00fazeum<br \/>\nF\u00e9szek Gal\u00e9ria \u2013 Moln\u00e1r \u00c9va<br \/>\nMKISZ \u2013 Urb\u00e1n \u00c1gnes<br \/>\nGerhes G\u00e1bor<br \/>\nMester Nyomda \u2013 Gajda \u00c9va<br \/>\nRosta J\u00f3zsef[\/vc_column_text][vc_empty_space height=&#8221;20px&#8221;][\/vc_column][\/vc_row][vc_row row_type=&#8221;row&#8221; use_row_as_full_screen_section=&#8221;no&#8221; type=&#8221;grid&#8221; text_align=&#8221;left&#8221; background_image_as_pattern=&#8221;without_pattern&#8221;][vc_column width=&#8221;1\/1&#8243;][vc_empty_space height=&#8221;32px&#8221;][vc_empty_space height=&#8221;45px&#8221;][\/vc_column][\/vc_row]<\/p>\n<\/div>","protected":false},"excerpt":{"rendered":"<p>[vc_row row_type=&#8221;row&#8221; use_row_as_full_screen_section=&#8221;no&#8221; type=&#8221;grid&#8221; text_align=&#8221;left&#8221; background_image_as_pattern=&#8221;without_pattern&#8221;][vc_column width=&#8221;1\/1&#8243;][vc_empty_space height=&#8221;40px&#8221;][vc_column_text] GINK JUDIT (1953\u20132009) eml\u00e9kki\u00e1ll\u00edt\u00e1sa [\/vc_column_text][vc_empty_space height=&#8221;32px&#8221;][\/vc_column][\/vc_row][vc_row bgparallax=&#8221;parallax&#8221;&#8230;<\/p>\n","protected":false},"author":1,"featured_media":0,"parent":8973,"menu_order":0,"comment_status":"open","ping_status":"open","template":"full_width.php","meta":{"inline_featured_image":false,"loftloader_pro_show_once":"","loftloader_pro_page_shortcode":"","footnotes":""},"class_list":["post-8975","page","type-page","status-publish","hentry"],"_links":{"self":[{"href":"https:\/\/budapestgaleria.hu\/_\/wp-json\/wp\/v2\/pages\/8975","targetHints":{"allow":["GET"]}}],"collection":[{"href":"https:\/\/budapestgaleria.hu\/_\/wp-json\/wp\/v2\/pages"}],"about":[{"href":"https:\/\/budapestgaleria.hu\/_\/wp-json\/wp\/v2\/types\/page"}],"author":[{"embeddable":true,"href":"https:\/\/budapestgaleria.hu\/_\/wp-json\/wp\/v2\/users\/1"}],"replies":[{"embeddable":true,"href":"https:\/\/budapestgaleria.hu\/_\/wp-json\/wp\/v2\/comments?post=8975"}],"version-history":[{"count":0,"href":"https:\/\/budapestgaleria.hu\/_\/wp-json\/wp\/v2\/pages\/8975\/revisions"}],"up":[{"embeddable":true,"href":"https:\/\/budapestgaleria.hu\/_\/wp-json\/wp\/v2\/pages\/8973"}],"wp:attachment":[{"href":"https:\/\/budapestgaleria.hu\/_\/wp-json\/wp\/v2\/media?parent=8975"}],"curies":[{"name":"wp","href":"https:\/\/api.w.org\/{rel}","templated":true}]}}