{"id":8979,"date":"2015-01-24T13:48:27","date_gmt":"2015-01-24T13:48:27","guid":{"rendered":"http:\/\/budapestgaleria.hu\/_\/?page_id=8979"},"modified":"2015-01-24T13:59:33","modified_gmt":"2015-01-24T13:59:33","slug":"konstrukcio-es-paradigma-kortars-norveg-iparmuveszet","status":"publish","type":"page","link":"https:\/\/budapestgaleria.hu\/_\/kiallitasok-2012-budapest-galeria\/konstrukcio-es-paradigma-kortars-norveg-iparmuveszet\/","title":{"rendered":"KONSTRUKCI\u00d3 \u00e9s PARADIGMA \u2013 Kort\u00e1rs norv\u00e9g iparm\u0171v\u00e9szet"},"content":{"rendered":"<div class=\"wpb-content-wrapper\"><p>[vc_row row_type=&#8221;row&#8221; use_row_as_full_screen_section=&#8221;no&#8221; type=&#8221;grid&#8221; text_align=&#8221;left&#8221; background_image_as_pattern=&#8221;without_pattern&#8221;][vc_column width=&#8221;1\/1&#8243;][vc_empty_space height=&#8221;40px&#8221;][vc_column_text]<\/p>\n<h2 class=\"cim_1\">KONSTRUKCI\u00d3 \u00e9s PARADIGMA \u2013 Kort\u00e1rs norv\u00e9g iparm\u0171v\u00e9szet<\/h2>\n<p>[\/vc_column_text][vc_empty_space height=&#8221;32px&#8221;][\/vc_column][\/vc_row][vc_row bgparallax=&#8221;parallax&#8221; contentwidth=&#8221;container&#8221; toppadding=&#8221;40&#8243; bottompadding=&#8221;10&#8243; border=&#8221;on&#8221; css=&#8221;.vc_custom_1420648296958{background-color: #ffffff !important;}&#8221; row_type=&#8221;row&#8221; use_row_as_full_screen_section=&#8221;no&#8221; type=&#8221;grid&#8221; text_align=&#8221;left&#8221; background_image_as_pattern=&#8221;without_pattern&#8221;][vc_column width=&#8221;1\/3&#8243; css=&#8221;.vc_custom_1420649554591{padding-right: 25px !important;}&#8221;][vc_column_text]<\/p>\n<p class=\"hely_bpgal\">Budapest Gal\u00e9ria<\/p>\n<p class=\"cim_bpgal\">1036 Budapest, Lajos utca 158.<\/p>\n<p class=\"datum_bpgal\">2012. febru\u00e1r 28 \u2013 \u00e1prilis 1.<\/p>\n<p>[\/vc_column_text][vc_column_text]<\/p>\n<p class=\"kiemeles_bpgal\">A ki\u00e1ll\u00edt\u00e1s norv\u00e9g kur\u00e1torai:<\/p>\n<p class=\"verzal_bpgal\">Edith Lundebrekke (Konstrukci\u00f3) | Lars Sture (Paradigma)<\/p>\n<p class=\"kiemeles_bpgal\">Ki\u00e1ll\u00edt\u00f3 m\u0171v\u00e9szek (Konstrukci\u00f3):<\/p>\n<p class=\"verzal_bpgal\">Marit Helen Akslen | Liv Bl\u00e5varp | Lillian Dahle | Aslaug Juliussen | Inger Blix Kvammen | H\u00e5vard Larsen | Ingrid Larssen | Erlend H. Leirdal | Anne-Gry L\u00f8land | Anne Lene L\u00f8vhaug | L\u00f8vaas &amp; Wagle | Marianne Moe | Inger Johanne Rasmussen | Franz Schmidt | Lars Sture | Kristin S\u00e6terdal<\/p>\n<p class=\"kiemeles_bpgal\">Ki\u00e1ll\u00edt\u00f3 m\u0171v\u00e9szek (Paradigma):<\/p>\n<p class=\"verzal_bpgal\">Ulla-Mari Brantenberg | Vidar Koksvik | Karen Klim | David Calder | Linn\u00e9a Calder | P\u00e5l Vigeland | Heidi Sand | Leif Stangebye-Nielsen | Liv Midb\u00f8e | Marit Tingleff | Svein Thingnes | Sidsel Hanum | Tovelise R\u00f8kke-Olsen | Tulla Elieson | Jens Erland | Ruta Pakarklyte | Gunnar Thorsen | Irene Nordli<\/p>\n<p>[\/vc_column_text][vc_column_text]<\/p>\n<p class=\"kiemeles_bpgal\">Megnyit\u00f3:<\/p>\n<p class=\"kurrens_bpgal\">2012. febru\u00e1r 28., (kedd), 17:30<\/p>\n<p class=\"kiemeles_bpgal\">Megnyitotta:<\/p>\n<p class=\"kurrens_bpgal\">\u0150EXC. SIRI ELLEN SLETNER, nagyk\u00f6vet<br \/>\nZSIGMOND ATTILA, igazgat\u00f3, iparm\u0171v\u00e9sz<\/p>\n<p>[\/vc_column_text][vc_empty_space height=&#8221;32px&#8221;][\/vc_column][vc_column width=&#8221;2\/3&#8243;][vc_column_text]A ki\u00e1ll\u00edt\u00e1s els\u0151 r\u00e9sze a <em>Konstrukci\u00f3<\/em> c\u00edmet kapta \u00e9s ez lett a kur\u00e1tori koncepci\u00f3 alapja is. Az iparm\u0171v\u00e9szet ter\u00fclet\u00e9n a \u201ekonstrukci\u00f3\u201d sz\u00f3 a h\u00e1romdimenzi\u00f3j\u00fa form\u00e1k \u00e9p\u00edt\u00e9s\u00e9nek m\u00f3dszer\u00e9nek le\u00edr\u00e1s\u00e1ra, \u00e9s a fel\u00fclet megmint\u00e1z\u00e1s\u00e1ra vagy ezeknek a f\u00fazi\u00f3j\u00e1ra vonatkozik.Sokf\u00e9le konstrukci\u00f3s m\u00f3dszer van egyetlen t\u00e1rgyt\u00f3l t\u00f6bb elem \u00f6sszekapcsol\u00e1s\u00e1ig.<\/p>\n<p>A ki\u00e1ll\u00edt\u00e1s 16 olyan m\u0171v\u00e9szt mutat be, akik a konstrukci\u00f3 elv\u00e9t k\u00fcl\u00f6nb\u00f6z\u0151 m\u00f3don k\u00f6zel\u00edtik meg \u00e9s legink\u00e1bb f\u00e1t \u00e9s textilt haszn\u00e1lnak. Egy k\u00f6z\u00f6s von\u00e1suk van, hogy kifejlesztett\u00e9k saj\u00e1t egy\u00e9ni m\u00f3dszer\u00fcket, hogy megalapozz\u00e1k formai, szerkezeti \u00e9s szervezeti alapjait vizu\u00e1lis kifejez\u00e9sm\u00f3djuknak. A ki\u00e1ll\u00edt\u00e1s k\u00fcl\u00f6nb\u00f6z\u0151 felfog\u00e1s\u00fa m\u0171vek vari\u00e1ci\u00f3j\u00e1t mutatja be a form\u00e1lis konceptu\u00e1lis kifejez\u00e9st\u0151l, n\u00e9h\u00e1nyukn\u00e1l er\u0151s tradicion\u00e1lis gy\u00f6kerekig, m\u00edg m\u00e1sok experiment\u00e1lisabbak, de m\u00e9gis mindannyian az iparm\u0171v\u00e9szet hagyom\u00e1nyaira \u00e9p\u00edtenek.<\/p>\n<p>A m\u00e1sodik a Paradigma c\u00edm\u0171 ki\u00e1ll\u00edt\u00e1s 18 norv\u00e9g m\u0171v\u00e9sz alkot\u00e1saib\u00f3l \u00e1ll, akik \u00fcveggel, ker\u00e1mi\u00e1val \u00e9s f\u00e9mekkel dolgoznak. A Paradigma olyan m\u0171v\u00e9szeket vonultat fel, akik az anyagok \u00e9s a technik\u00e1k ismeret\u00e9t ugyan\u00fagy alkalmazz\u00e1k, mint a tartalmat \u00e9s a jelent\u00e9st. M\u00e1s sz\u00f3val, tov\u00e1bbviszik a technikai fejleszt\u00e9s azon hagyom\u00e1ny\u00e1t, amely az \u00faj l\u00e9trehoz\u00e1s\u00e1ra \u00e9s a k\u00eds\u00e9rletez\u00e9sre helyezi a hangs\u00falyt.<\/p>\n<p>A Paradigma koncepci\u00f3 egy probl\u00e9ma megold\u00e1s\u00e1nak ide\u00e1j\u00e1t j\u00e1rja k\u00f6r\u00fcl, egy megold\u00e1s, amelyet hasonl\u00f3 probl\u00e9m\u00e1k megold\u00e1s\u00e1nak modelljek\u00e9nt fogadnak el, \u00e9s k\u00f6vetkezetesen normat\u00edv\u00e1nak tekintenek. A sorozat darabjai meg k\u00edv\u00e1nj\u00e1k \u0151rizni szobor jelleg\u00fcket, mik\u00f6zben ezt \u00f6tv\u00f6zik a funkcionalit\u00e1s \u00e9s a hasznoss\u00e1g aspektus\u00e1val. [\/vc_column_text][vc_empty_space height=&#8221;20px&#8221;][\/vc_column][\/vc_row]<\/p>\n<\/div>","protected":false},"excerpt":{"rendered":"<p>[vc_row row_type=&#8221;row&#8221; use_row_as_full_screen_section=&#8221;no&#8221; type=&#8221;grid&#8221; text_align=&#8221;left&#8221; background_image_as_pattern=&#8221;without_pattern&#8221;][vc_column width=&#8221;1\/1&#8243;][vc_empty_space height=&#8221;40px&#8221;][vc_column_text] KONSTRUKCI\u00d3 \u00e9s PARADIGMA \u2013 Kort\u00e1rs norv\u00e9g iparm\u0171v\u00e9szet&#8230;<\/p>\n","protected":false},"author":1,"featured_media":0,"parent":8973,"menu_order":1,"comment_status":"open","ping_status":"open","template":"full_width.php","meta":{"inline_featured_image":false,"loftloader_pro_show_once":"","loftloader_pro_page_shortcode":"","footnotes":""},"class_list":["post-8979","page","type-page","status-publish","hentry"],"_links":{"self":[{"href":"https:\/\/budapestgaleria.hu\/_\/wp-json\/wp\/v2\/pages\/8979","targetHints":{"allow":["GET"]}}],"collection":[{"href":"https:\/\/budapestgaleria.hu\/_\/wp-json\/wp\/v2\/pages"}],"about":[{"href":"https:\/\/budapestgaleria.hu\/_\/wp-json\/wp\/v2\/types\/page"}],"author":[{"embeddable":true,"href":"https:\/\/budapestgaleria.hu\/_\/wp-json\/wp\/v2\/users\/1"}],"replies":[{"embeddable":true,"href":"https:\/\/budapestgaleria.hu\/_\/wp-json\/wp\/v2\/comments?post=8979"}],"version-history":[{"count":0,"href":"https:\/\/budapestgaleria.hu\/_\/wp-json\/wp\/v2\/pages\/8979\/revisions"}],"up":[{"embeddable":true,"href":"https:\/\/budapestgaleria.hu\/_\/wp-json\/wp\/v2\/pages\/8973"}],"wp:attachment":[{"href":"https:\/\/budapestgaleria.hu\/_\/wp-json\/wp\/v2\/media?parent=8979"}],"curies":[{"name":"wp","href":"https:\/\/api.w.org\/{rel}","templated":true}]}}