{"id":8994,"date":"2015-01-24T14:32:23","date_gmt":"2015-01-24T14:32:23","guid":{"rendered":"http:\/\/budapestgaleria.hu\/_\/?page_id=8994"},"modified":"2015-01-24T14:43:56","modified_gmt":"2015-01-24T14:43:56","slug":"materia-muveszeti-tarsasag-kiallitasa","status":"publish","type":"page","link":"https:\/\/budapestgaleria.hu\/_\/kiallitasok-2012-budapest-galeria\/materia-muveszeti-tarsasag-kiallitasa\/","title":{"rendered":"Mat\u00e9ria M\u0171v\u00e9szeti T\u00e1rsas\u00e1g ki\u00e1ll\u00edt\u00e1sa"},"content":{"rendered":"<div class=\"wpb-content-wrapper\"><p>[vc_row row_type=&#8221;row&#8221; use_row_as_full_screen_section=&#8221;no&#8221; type=&#8221;grid&#8221; text_align=&#8221;left&#8221; background_image_as_pattern=&#8221;without_pattern&#8221;][vc_column width=&#8221;1\/1&#8243;][vc_empty_space height=&#8221;40px&#8221;][vc_column_text]<\/p>\n<h2 class=\"cim_1\">Mat\u00e9ria M\u0171v\u00e9szeti T\u00e1rsas\u00e1g ki\u00e1ll\u00edt\u00e1sa<\/h2>\n<p>[\/vc_column_text][vc_empty_space height=&#8221;32px&#8221;][\/vc_column][\/vc_row][vc_row bgparallax=&#8221;parallax&#8221; contentwidth=&#8221;container&#8221; toppadding=&#8221;40&#8243; bottompadding=&#8221;10&#8243; border=&#8221;on&#8221; css=&#8221;.vc_custom_1420648296958{background-color: #ffffff !important;}&#8221; row_type=&#8221;row&#8221; use_row_as_full_screen_section=&#8221;no&#8221; type=&#8221;grid&#8221; text_align=&#8221;left&#8221; background_image_as_pattern=&#8221;without_pattern&#8221;][vc_column width=&#8221;1\/3&#8243; css=&#8221;.vc_custom_1420649554591{padding-right: 25px !important;}&#8221;][vc_column_text]<\/p>\n<p class=\"hely_bpgal\">BTM \u2013 Budapest Ki\u00e1ll\u00edt\u00f3terem<\/p>\n<p class=\"cim_bpgal\">1056 Budapest, Szabad sajt\u00f3 \u00fat 5.<\/p>\n<p class=\"datum_bpgal\">2012. \u00e1prilis 12 \u2013 j\u00fanius 3.<\/p>\n<p>[\/vc_column_text][vc_column_text]<\/p>\n<p class=\"kiemeles_bpgal\">Ki\u00e1ll\u00edt\u00f3 m\u0171v\u00e9szek:<\/p>\n<p class=\"verzal_bpgal\">Baksai J\u00f3zsef | Bartl J\u00f3zsef | Birk\u00e1s Istv\u00e1n | Dr\u00e9her J\u00e1nos | G\u00e1ll \u00c1d\u00e1m | Haraszty Istv\u00e1n | Jov\u00e1novics Gy\u00f6rgy | Szikora Tam\u00e1s | T\u00f6lg-Moln\u00e1r Zolt\u00e1n | Z\u00e1borszky G\u00e1bor<\/p>\n<p>[\/vc_column_text][vc_column_text]<\/p>\n<p class=\"kiemeles_bpgal\">Megnyit\u00f3:<\/p>\n<p class=\"kurrens_bpgal\">2012. \u00e1prilis 12., (cs\u00fct\u00f6rt\u00f6k), 17:00<\/p>\n<p class=\"kiemeles_bpgal\">Megnyitotta:<\/p>\n<p class=\"kurrens_bpgal\">GRECS\u00d3 KRISZTI\u00c1N, \u00edr\u00f3<\/p>\n<p>[\/vc_column_text][vc_empty_space height=&#8221;32px&#8221;][\/vc_column][vc_column width=&#8221;2\/3&#8243;][vc_column_text]A BTM \u2013 Budapest Gal\u00e9ri\u00e1ban megrendez\u00e9sre ker\u00fcl\u0151 ki\u00e1ll\u00edt\u00e1s fontos \u00e1llom\u00e1sa a Mat\u00e9ria M\u0171v\u00e9szeti T\u00e1rsas\u00e1g form\u00e1l\u00f3d\u00e1s\u00e1nak. Szellemis\u00e9g\u00e9ben az anyagelv\u0171s\u00e9get a spiritualit\u00e1ssal \u00f6tv\u00f6z\u0151 csoport nyolc alkot\u00f3ja, Bartl J\u00f3zsef, Birk\u00e1s Istv\u00e1n, Dr\u00e9her J\u00e1nos, G\u00e1ll \u00c1d\u00e1m, a jelen ki\u00e1ll\u00edt\u00e1son nem szerepl\u0151 Kis-T\u00f3th Ferenc, M. Nov\u00e1k Andr\u00e1s, Ser\u00e9nyi H. Zsigmond \u00e9s a 2009-ben tragikus hirtelens\u00e9ggel elhunyt Paizs L\u00e1szl\u00f3, most olyan m\u0171v\u00e9szek t\u00e1rsul\u00e1s\u00e1val v\u00e1lik teljesebb\u00e9, mint Baksai J\u00f3zsef, Haraszty Istv\u00e1n, Jov\u00e1novics Gy\u00f6rgy, T\u00f6lg-Moln\u00e1r Zolt\u00e1n \u00e9s Z\u00e1borszky G\u00e1bor.<\/p>\n<p>Ki\u00e1ll\u00edt\u00e1sunk ideje alatt hunyt el Szikora Tam\u00e1s fest\u0151m\u0171v\u00e9sz.<br \/>\n(Ny\u00edregyh\u00e1za, 1943. november 24 \u2013 Budapest, 2012. \u00e1prilis 22.)<\/p>\n<p>\u201eHa e k\u00e9palkot\u00f3 fest\u0151technika eredet\u00e9t keress\u00fck, akkor azt els\u0151sorban a II. vil\u00e1gh\u00e1bor\u00fa s\u00falyos \u00e9s megr\u00e1z\u00f3 \u00e9lm\u00e9nye ut\u00e1n, az egzisztencializmus \u00e9s az individualizmus t\u00e9rnyer\u00e9s\u00e9vel p\u00e1rhuzamosan, a \u201940-es, -\u201950-es \u00e9vekben kibontakoz\u00f3 amerikai absztrakt expresszionizmussal rokon nyugat-eur\u00f3pai l\u00edrai absztrakci\u00f3, informel (form\u00e1tlan) \u00e9s a tasizmus (foltfest\u00e9szet) azon k\u00e9pvisel\u0151i k\u00f6z\u00f6tt kell keresn\u00fcnk, akik el\u0151szeretettel haszn\u00e1ltak f\u00f6ldet, homokot, t\u00e9gla- vagy \u00fcvegport, gipszet, gittet, aszfaltot \u00e9s m\u0171gyantaf\u00e9les\u00e9geket (stb.) k\u00e9peik speci\u00e1lis alapanyagainak elk\u00e9sz\u00edt\u00e9s\u00e9hez. A l\u00e9nyeg teh\u00e1t az egy\u00e9nileg kik\u00eds\u00e9rletezett \u201ehautes p\u00e2tes\u201d, a magasan, vastagon felpakolhat\u00f3, r\u00e9tegzett fest\u00e9kpaszta vagy massza spont\u00e1n, k\u00f6zvetlen, felszabadult, kifejez\u0151 \u00e9s megh\u00f6kkent\u0151 alkalmaz\u00e1s\u00e1ban rejlett. Ezt az elj\u00e1r\u00e1si m\u00f3dot els\u0151sorban Jean Fautrier, Jean Dubuffet \u00e9s Antoni T\u00e0pies munk\u00e1ival kapcsolatban szok\u00e1s emlegetni.\u201d \u2013 olvashat\u00f3 Novotny Tiham\u00e9r tanulm\u00e1ny\u00e1ban (2010. Kort\u00e1rs Magyar Gal\u00e9ria, Dunaszerdahely).<\/p>\n<p>A t\u00e1rsas\u00e1g tagjainak anyaghaszn\u00e1lat\u00e1t \u00e9s fakt\u00farahat\u00e1sait n\u00e9zve, Novotny n\u00e9gyf\u00e9le alapir\u00e1nyt jel\u00f6l ki: a vakol\u00e1sos technik\u00e1t haszn\u00e1l\u00f3 m\u0171vek, a fest\u00e9kanyagot vastag masszak\u00e9nt haszn\u00e1l\u00f3 m\u0171vek, a k\u00fcl\u00f6nf\u00e9le anyagoknak \u00e9s technik\u00e1knak a lehet\u0151 leglesz\u0171k\u00edtettebb \u00e9s legegyszer\u0171bb \u00e9rtelemben vett tulajdons\u00e1gait \u00e9s adotts\u00e1gait firtat\u00f3 minimalista \u00e9s konceptualista m\u0171vek, \u00e9s a modern t\u00f6megciviliz\u00e1ci\u00f3 fogyaszt\u00f3i kult\u00far\u00e1j\u00e1nak elhaszn\u00e1lt t\u00e1rgyaib\u00f3l, leg\u00fajabb kori term\u00e9khullad\u00e9kaib\u00f3l \u00e9s anyagaib\u00f3l t\u00e1pl\u00e1lkoz\u00f3 kombin\u00e1lt m\u0171vek.<\/p>\n<p>\u201eSzinte \u00e9rezni \u2013 l\u00e1tni, tapintani, hallani, \u00edzlelni, megszagolni lehet mindazt, amit a Mat\u00e9ria T\u00e1rsas\u00e1g tagjai a l\u00e9tbe \u00e9s a l\u00e9t f\u00f6l\u00e9 hajolva, az \u00e9letbe mer\u00fclve \u00e9s az \u00e9letb\u0151l mer\u00edtve az anyagok nyelv\u00e9n, viselked\u00e9s\u00e9n, alk\u00edmi\u00e1j\u00e1n, sz\u00f6vet\u00e9n \u00e9s r\u00e9tegein \u2013 az egy\u00e9ni fakt\u00far\u00e1kon kereszt\u00fcl \u2013 egyenk\u00e9nt \u00e9s \u00f6sszess\u00e9g\u00e9ben megsz\u00f3laltatni k\u00e9pesek. \u00c9s a sz\u00f3l\u00e1sra b\u00edrt anyagok egyenk\u00e9nt \u00e9s k\u00fcl\u00f6n-k\u00fcl\u00f6n is nagyon-nagyon besz\u00e9d[\/vc_column_text][vc_empty_space height=&#8221;20px&#8221;][\/vc_column][\/vc_row][vc_row row_type=&#8221;row&#8221; use_row_as_full_screen_section=&#8221;no&#8221; type=&#8221;grid&#8221; text_align=&#8221;left&#8221; background_image_as_pattern=&#8221;without_pattern&#8221;][vc_column width=&#8221;1\/1&#8243;][vc_empty_space height=&#8221;32px&#8221;][vc_empty_space height=&#8221;45px&#8221;][\/vc_column][\/vc_row]<\/p>\n<\/div>","protected":false},"excerpt":{"rendered":"<p>[vc_row row_type=&#8221;row&#8221; use_row_as_full_screen_section=&#8221;no&#8221; type=&#8221;grid&#8221; text_align=&#8221;left&#8221; background_image_as_pattern=&#8221;without_pattern&#8221;][vc_column width=&#8221;1\/1&#8243;][vc_empty_space height=&#8221;40px&#8221;][vc_column_text] Mat\u00e9ria M\u0171v\u00e9szeti T\u00e1rsas\u00e1g ki\u00e1ll\u00edt\u00e1sa [\/vc_column_text][vc_empty_space height=&#8221;32px&#8221;][\/vc_column][\/vc_row][vc_row bgparallax=&#8221;parallax&#8221;&#8230;<\/p>\n","protected":false},"author":1,"featured_media":0,"parent":8973,"menu_order":5,"comment_status":"open","ping_status":"open","template":"full_width.php","meta":{"inline_featured_image":false,"loftloader_pro_show_once":"","loftloader_pro_page_shortcode":"","footnotes":""},"class_list":["post-8994","page","type-page","status-publish","hentry"],"_links":{"self":[{"href":"https:\/\/budapestgaleria.hu\/_\/wp-json\/wp\/v2\/pages\/8994","targetHints":{"allow":["GET"]}}],"collection":[{"href":"https:\/\/budapestgaleria.hu\/_\/wp-json\/wp\/v2\/pages"}],"about":[{"href":"https:\/\/budapestgaleria.hu\/_\/wp-json\/wp\/v2\/types\/page"}],"author":[{"embeddable":true,"href":"https:\/\/budapestgaleria.hu\/_\/wp-json\/wp\/v2\/users\/1"}],"replies":[{"embeddable":true,"href":"https:\/\/budapestgaleria.hu\/_\/wp-json\/wp\/v2\/comments?post=8994"}],"version-history":[{"count":0,"href":"https:\/\/budapestgaleria.hu\/_\/wp-json\/wp\/v2\/pages\/8994\/revisions"}],"up":[{"embeddable":true,"href":"https:\/\/budapestgaleria.hu\/_\/wp-json\/wp\/v2\/pages\/8973"}],"wp:attachment":[{"href":"https:\/\/budapestgaleria.hu\/_\/wp-json\/wp\/v2\/media?parent=8994"}],"curies":[{"name":"wp","href":"https:\/\/api.w.org\/{rel}","templated":true}]}}