{"id":8996,"date":"2015-01-24T14:39:40","date_gmt":"2015-01-24T14:39:40","guid":{"rendered":"http:\/\/budapestgaleria.hu\/_\/?page_id=8996"},"modified":"2015-01-24T14:41:48","modified_gmt":"2015-01-24T14:41:48","slug":"bodoczky-istvan-do-it","status":"publish","type":"page","link":"https:\/\/budapestgaleria.hu\/_\/kiallitasok-2012-budapest-galeria\/bodoczky-istvan-do-it\/","title":{"rendered":"Bod\u00f3czky Istv\u00e1n | Do It"},"content":{"rendered":"<div class=\"wpb-content-wrapper\"><p>[vc_row row_type=&#8221;row&#8221; use_row_as_full_screen_section=&#8221;no&#8221; type=&#8221;grid&#8221; text_align=&#8221;left&#8221; background_image_as_pattern=&#8221;without_pattern&#8221;][vc_column width=&#8221;1\/1&#8243;][vc_empty_space height=&#8221;40px&#8221;][vc_column_text]<\/p>\n<h2 class=\"cim_1\">BOD\u00d3CZKY ISTV\u00c1N | Do It<\/h2>\n<p>[\/vc_column_text][vc_empty_space height=&#8221;32px&#8221;][\/vc_column][\/vc_row][vc_row bgparallax=&#8221;parallax&#8221; contentwidth=&#8221;container&#8221; toppadding=&#8221;40&#8243; bottompadding=&#8221;10&#8243; border=&#8221;on&#8221; css=&#8221;.vc_custom_1420648296958{background-color: #ffffff !important;}&#8221; row_type=&#8221;row&#8221; use_row_as_full_screen_section=&#8221;no&#8221; type=&#8221;grid&#8221; text_align=&#8221;left&#8221; background_image_as_pattern=&#8221;without_pattern&#8221;][vc_column width=&#8221;1\/3&#8243; css=&#8221;.vc_custom_1420649554591{padding-right: 25px !important;}&#8221;][vc_column_text]<\/p>\n<p class=\"hely_bpgal\">BTM \u2013 Budapest Ki\u00e1ll\u00edt\u00f3terem<\/p>\n<p class=\"cim_bpgal\">1056 Budapest, Szabad sajt\u00f3 \u00fat 5.<\/p>\n<p class=\"datum_bpgal\">2012. j\u00fanius\u00a07 \u2013 j\u00falius 29.<\/p>\n<p>[\/vc_column_text][vc_column_text]<\/p>\n<p class=\"kiemeles_bpgal\">Megnyit\u00f3:<\/p>\n<p class=\"kurrens_bpgal\">2012. j\u00falius 7., 18:00<\/p>\n<p class=\"kiemeles_bpgal\">Megnyitotta:<\/p>\n<p class=\"kurrens_bpgal\">OROSZ CSABA, k\u00e9pz\u0151m\u0171v\u00e9sz, m\u0171v\u00e9szetpedag\u00f3gus<\/p>\n<p>[\/vc_column_text][vc_empty_space height=&#8221;32px&#8221;][\/vc_column][vc_column width=&#8221;2\/3&#8243;][vc_column_text]Azoknak a tan\u00edtv\u00e1nyaimnak aj\u00e1nlom, akikt\u0151l sokat tanultam.<\/p>\n<p>M\u0171v\u00e9szetpedag\u00f3giai munk\u00e1mat reprezent\u00e1l\u00f3 ki\u00e1ll\u00edt\u00e1son a tan\u00e1ri munk\u00e1t saj\u00e1tos m\u0171v\u00e9szeti projektk\u00e9nt, konceptu\u00e1lis m\u0171k\u00e9nt mutatom be. Sz\u00e1momra a tan\u00edt\u00e1s m\u0171v\u00e9szeti alkot\u00f3 tev\u00e9kenys\u00e9g, aminek l\u00e9nyege az alak\u00edt\u00e1s, amely sor\u00e1n az alkot\u00f3 \u00e9s a m\u00e9dium k\u00f6lcs\u00f6n\u00f6s egy\u00fctt hat\u00e1sban van egym\u00e1ssal, a tan\u00e1r \u00e9s a di\u00e1k \u00e1lland\u00f3 interakci\u00f3ja mindk\u00e9t akt\u00edv r\u00e9sztvev\u0151t alak\u00edtja, form\u00e1lja.<\/p>\n<p>A tan\u00edt\u00e1si folyamatokat kiragadott p\u00e9ld\u00e1kkal id\u00e9zem fel, tan\u00edtv\u00e1nyaim \u201ev\u00e1laszait\u201d mutatom be, melyeket \u00e1ltalam felvetett probl\u00e9m\u00e1kra adtak, olyan megold\u00e1sokat, amelyek sz\u00e1momra is \u00e9rdekesek voltak. B\u00e1r a kiragadott p\u00e9ld\u00e1k azt a k\u00e9pzetet kelthetik, hogy a tan\u00edt\u00e1s l\u00e9nyege \u201ej\u00f3 pedag\u00f3giai \u00f6tletek\u201d feldob\u00e1sa, mik\u00f6zben a val\u00f3s\u00e1g az, hogy az igazi pedag\u00f3giai munka, a nevel\u00e9s egy tervezett, fel\u00e9p\u00edtett, hossz\u00fa folyamat. A ki\u00e1ll\u00edt\u00e1si form\u00e1b\u00f3l fakad\u00f3an k\u00f6vetkezik azonban, hogy nem tudom\u00e1nyosan rendszerezve jelen\u00edtem meg az \u00e9veken \u00e1t tart\u00f3 munk\u00e1t, hanem sokkal ink\u00e1bb egyidej\u0171s\u00e9gk\u00e9nt, m\u0171v\u00e9szeti metaforak\u00e9nt.<\/p>\n<p>Ez t\u00f6bb is \u00e9s kevesebb is mint egy tudom\u00e1nyos, rendszerez\u0151 bemutat\u00e1s lenne. T\u00f6bb, amennyiben egyszerre megragadhat\u00f3bb, kevesebb, amennyiben koherensnek, lez\u00e1rtnak t\u00fcntet fel egy hossz\u00fa id\u0151 alatt fokozatosan alakul\u00f3, pedag\u00f3giai gyakorlatot.<\/p>\n<div style=\"width: 137px; height: 1px; background-color: #f1f1f1; margin-bottom: 17px;\"><\/div>\n<p>A ki\u00e1ll\u00edt\u00f3 t\u00e9rbe f\u00fcggesztett t\u00e9rszerkezet egy konstrukci\u00f3 (\u201ePermanent food\u201d) , amelynek szerkezet\u00e9t erre az alkalomra \u00e9n hoztam l\u00e9tre. Elk\u00e9pzel\u00e9sem szerint a rugalmas, t\u00f6r\u00e9keny, h\u00e1l\u00f3szer\u0171 szerkezete utal arra a r\u00f6gt\u00f6nz\u00e9seknek, v\u00e1ltoztat\u00e1snak is teret ad\u00f3 tervez\u00e9sre, a folyamatoss\u00e1gra, amit a komolyan vett tan\u00edt\u00e1s is ig\u00e9nyel. Fel\u00fclet\u00e9n azonban sok \u00e9v alatt \u00f6sszegy\u0171lt k\u00e9pi elemek, sz\u00e1momra inspir\u00e1l\u00f3 vagy \u00e1ltalam inspir\u00e1lt k\u00e9p fragmentumok jelennek meg, k\u00e9peznek kv\u00e1zi burkot. Ez a t\u00e9rkoll\u00e1zs a ki\u00e1ll\u00edt\u00e1s folyam\u00e1n is alakul, jelezve azt, hogy nem egy v\u00e9gleges, lez\u00e1rt m\u0171r\u0151l van sz\u00f3.<\/p>\n<p class=\"szerzo\">Bod\u00f3czky Istv\u00e1n<\/p>\n<p>*Do it (angol: tedd, csin\u00e1ld) olyan konceptu\u00e1lis m\u0171vek gy\u0171jtem\u00e9ny\u00e9nek elnevez\u00e9se, melyet Hans Ulrich Obrist \u00e9s Christian Boltanski koncipi\u00e1ltak. Az alkot\u00e1sok maguk csup\u00e1n m\u0171v\u00e9szek utas\u00edt\u00e1sai, amik alapj\u00e1n b\u00e1rki megval\u00f3s\u00edthatja a m\u0171veket.<br \/>\n**Permanent food (tart\u00f3s t\u00e1pl\u00e1l\u00e9k) elnevez\u00e9st egy olyan kiadv\u00e1ny sorozat c\u00edm\u00e9b\u0151l k\u00f6lcs\u00f6n\u00f6ztem, amelyet Maurizio Cattelan szerkeszt, k\u00fcl\u00f6nb\u00f6z\u0151 magazinokban tal\u00e1lt k\u00e9pekb\u0151l \u00e1ll\u00edt \u00f6ssze eg\u00e9sz gy\u0171jtem\u00e9nyt, amelyek az eredeti kontextusb\u00f3l kiragadva, \u201ehajl\u00e9ktalan k\u00e9pekk\u00e9nt\u201d is hatnak. A minden eredet megjel\u00f6l\u00e9st n\u00e9lk\u00fcl\u00f6z\u0151 kiadv\u00e1nyok felh\u00edvj\u00e1k a figyelmet arra, hogy a k\u00e9p, csak\u00fagy mint egy szelet sajt t\u00e1rsadalmi produktum, abszurdnak tekinthet\u0151 egyetlen szem\u00e9lyhez k\u00f6tni az alkot\u00e1sokat, gondolatokat.[\/vc_column_text][vc_empty_space height=&#8221;20px&#8221;][\/vc_column][\/vc_row][vc_row row_type=&#8221;row&#8221; use_row_as_full_screen_section=&#8221;no&#8221; type=&#8221;grid&#8221; text_align=&#8221;left&#8221; background_image_as_pattern=&#8221;without_pattern&#8221;][vc_column width=&#8221;1\/1&#8243;][vc_empty_space height=&#8221;32px&#8221;][vc_empty_space height=&#8221;45px&#8221;][\/vc_column][\/vc_row]<\/p>\n<\/div>","protected":false},"excerpt":{"rendered":"<p>[vc_row row_type=&#8221;row&#8221; use_row_as_full_screen_section=&#8221;no&#8221; type=&#8221;grid&#8221; text_align=&#8221;left&#8221; background_image_as_pattern=&#8221;without_pattern&#8221;][vc_column width=&#8221;1\/1&#8243;][vc_empty_space height=&#8221;40px&#8221;][vc_column_text] BOD\u00d3CZKY ISTV\u00c1N | Do It [\/vc_column_text][vc_empty_space height=&#8221;32px&#8221;][\/vc_column][\/vc_row][vc_row&#8230;<\/p>\n","protected":false},"author":1,"featured_media":0,"parent":8973,"menu_order":6,"comment_status":"open","ping_status":"open","template":"full_width.php","meta":{"inline_featured_image":false,"loftloader_pro_show_once":"","loftloader_pro_page_shortcode":"","footnotes":""},"class_list":["post-8996","page","type-page","status-publish","hentry"],"_links":{"self":[{"href":"https:\/\/budapestgaleria.hu\/_\/wp-json\/wp\/v2\/pages\/8996","targetHints":{"allow":["GET"]}}],"collection":[{"href":"https:\/\/budapestgaleria.hu\/_\/wp-json\/wp\/v2\/pages"}],"about":[{"href":"https:\/\/budapestgaleria.hu\/_\/wp-json\/wp\/v2\/types\/page"}],"author":[{"embeddable":true,"href":"https:\/\/budapestgaleria.hu\/_\/wp-json\/wp\/v2\/users\/1"}],"replies":[{"embeddable":true,"href":"https:\/\/budapestgaleria.hu\/_\/wp-json\/wp\/v2\/comments?post=8996"}],"version-history":[{"count":0,"href":"https:\/\/budapestgaleria.hu\/_\/wp-json\/wp\/v2\/pages\/8996\/revisions"}],"up":[{"embeddable":true,"href":"https:\/\/budapestgaleria.hu\/_\/wp-json\/wp\/v2\/pages\/8973"}],"wp:attachment":[{"href":"https:\/\/budapestgaleria.hu\/_\/wp-json\/wp\/v2\/media?parent=8996"}],"curies":[{"name":"wp","href":"https:\/\/api.w.org\/{rel}","templated":true}]}}