{"id":9005,"date":"2015-01-24T14:54:24","date_gmt":"2015-01-24T14:54:24","guid":{"rendered":"http:\/\/budapestgaleria.hu\/_\/?page_id=9005"},"modified":"2015-01-24T14:56:22","modified_gmt":"2015-01-24T14:56:22","slug":"kondor-attila-az-emlekezes-muveszete","status":"publish","type":"page","link":"https:\/\/budapestgaleria.hu\/_\/kiallitasok-2012-budapest-galeria\/kondor-attila-az-emlekezes-muveszete\/","title":{"rendered":"Kondor Attila | Az eml\u00e9kez\u00e9s m\u0171v\u00e9szete"},"content":{"rendered":"<div class=\"wpb-content-wrapper\"><p>[vc_row row_type=&#8221;row&#8221; use_row_as_full_screen_section=&#8221;no&#8221; type=&#8221;grid&#8221; text_align=&#8221;left&#8221; background_image_as_pattern=&#8221;without_pattern&#8221;][vc_column width=&#8221;1\/1&#8243;][vc_empty_space height=&#8221;40px&#8221;][vc_column_text]<\/p>\n<h2 class=\"cim_1\">KONDOR ATTILA | Az eml\u00e9kez\u00e9s m\u0171v\u00e9szete<\/h2>\n<p>[\/vc_column_text][vc_empty_space height=&#8221;32px&#8221;][\/vc_column][\/vc_row][vc_row bgparallax=&#8221;parallax&#8221; contentwidth=&#8221;container&#8221; toppadding=&#8221;40&#8243; bottompadding=&#8221;10&#8243; border=&#8221;on&#8221; css=&#8221;.vc_custom_1420648296958{background-color: #ffffff !important;}&#8221; row_type=&#8221;row&#8221; use_row_as_full_screen_section=&#8221;no&#8221; type=&#8221;grid&#8221; text_align=&#8221;left&#8221; background_image_as_pattern=&#8221;without_pattern&#8221;][vc_column width=&#8221;1\/3&#8243; css=&#8221;.vc_custom_1420649554591{padding-right: 25px !important;}&#8221;][vc_column_text]<\/p>\n<p class=\"hely_bpgal\">Budapest Gal\u00e9ria<\/p>\n<p class=\"cim_bpgal\">1036 Budapest, Lajos utca 158.<\/p>\n<p class=\"datum_bpgal\">2012. j\u00fanius 14 \u2013 j\u00falius 22.<\/p>\n<p>[\/vc_column_text][vc_column_text]<\/p>\n<p class=\"kiemeles_bpgal\">Megnyit\u00f3:<\/p>\n<p class=\"kurrens_bpgal\">2012. j\u00fanius 14., 18:00<\/p>\n<p class=\"kiemeles_bpgal\">Megnyitotta:<\/p>\n<p class=\"kurrens_bpgal\">ANDR\u00c1SI G\u00c1BOR, m\u0171v\u00e9szett\u00f6rt\u00e9n\u00e9sz<\/p>\n<p>[\/vc_column_text][vc_empty_space height=&#8221;32px&#8221;][\/vc_column][vc_column width=&#8221;2\/3&#8243;][vc_column_text]A ki\u00e1ll\u00edt\u00e1s a <em>M\u00fazeumok \u00c9jszak\u00e1ja \u00d3bud\u00e1n<\/em> r\u00e9sze (2012 j\u00fanius 16 17-23 \u00f3r\u00e1ig). Ebben az id\u0151ben a m\u0171v\u00e9sz \u201evezet.\u201d<\/p>\n<p>A Lajos utcai Ki\u00e1ll\u00edt\u00f3h\u00e1z k\u00f6z\u00e9pkori alapokkal rendelkez\u0151 \u00e9p\u00fclet\u00e9nek k\u00e9t emelete t\u00edzegyn\u00e9h\u00e1ny kisebb, cellaszer\u0171 teremre van felosztva. T\u00f6rt\u00e9netis\u00e9get sug\u00e1rz\u00f3 aur\u00e1ja megk\u00f6veteli a ki\u00e1ll\u00edt\u00f3t\u00f3l, hogy tiszt\u00e1zza, milyen viszonyban \u00e1ll vele. Sz\u00e1momra fontos kiindul\u00f3pont, hogy ez a t\u00e9r felid\u00e9zi a firenzei San Marco kolostor padl\u00e1ster\u00e9ben elhelyezett vil\u00e1gos, nyugodt elm\u00e9lked\u0151-cell\u00e1kat, amelyekben Fra Angelico egy-egy szeml\u00e9l\u0151d\u00e9sre sz\u00e1nt fresk\u00f3j\u00e1val tal\u00e1lkozhatunk.<\/p>\n<p>Ugyanakkor szem el\u0151tt kell tartani, hogy a San Marco tere \u00e9vsz\u00e1zadok \u00f3ta v\u00e1ltozatlan form\u00e1ban \u2013 egy univerz\u00e1lisan elgondolt hitrendszerbe illeszkedve szolg\u00e1lja az elm\u00e9ly\u00fcl\u00e9st. A Ki\u00e1ll\u00edt\u00f3h\u00e1z ter\u00e9t viszont ki\u00e1ll\u00edt\u00e1sr\u00f3l-ki\u00e1ll\u00edt\u00e1sra \u00e1t\u00e9rtelmezi a m\u0171v\u00e9szek szubjekt\u00edv narrat\u00edv\u00e1ja. Az egyetemes \u00e9s a szem\u00e9lyes alkot\u00f3i elbesz\u00e9l\u00e9s k\u00f6z\u00f6tti hull\u00e1mt\u00e9r inspr\u00e1l\u00f3 lehet\u0151s\u00e9gekkel biztat.<br \/>\nFra Angelico elm\u00e9lked\u0151-k\u00e9pei szorosan kapcsol\u00f3dnak a k\u00e1ll\u00edt\u00e1s c\u00edme \u00e1ltal megid\u00e9zett Ars Memoriae trad\u00edci\u00f3j\u00e1hoz, amelyr\u0151l Frances Yates kimutatta, hogy az \u00f3kort\u00f3l a modernit\u00e1sig \u00e1thatotta a nyugati kult\u00far\u00e1t. Az eml\u00e9kez\u00e9s m\u0171v\u00e9szet\u00e9nek gyakorl\u00e1s\u00e1hoz ment\u00e1lisan fel\u00e9p\u00edtett \u00e9s a t\u00e1rgyi vil\u00e1gban k\u0151b\u0151l \u00e9s t\u00e9gl\u00e1b\u00f3l k\u00e9sz\u00fclt \u00e9p\u00fcletek egyazon ar\u00e1nyrendszert testes\u00edtettek meg, \u00edgy egy j\u00f3l fel\u00e9p\u00edtett \u201cbels\u0151 palota\u201d \u00fatjait bej\u00e1rva b\u00e1rmi k\u00f6nnyed\u00e9n felid\u00e9zhet\u0151 volt. A tud\u00e1s bels\u0151v\u00e9 t\u00e9tel\u00e9nek ez a m\u00f3dja a jelen sz\u00e1m\u00e1ra is elgondolkodtat\u00f3 kell, hogy legyen: k\u00e9pzelj\u00fck el, hogy magunk m\u00f6g\u00f6tt kell hagynunk minden t\u00e1rgyat, ami seg\u00edti eml\u00e9kezet\u00fcnket. Nincs sem notebook, sem k\u00f6nyv, sem f\u00fczet \u2013 csak a puszta eml\u00e9kezet\u00fcnk!<\/p>\n<p>Mit kezden\u00e9nk egy ilyen helyzetben? A felvet\u00e9s f\u00e9lelmetes, hiszen hozz\u00e1szoktunk, hogy sz\u00e1mtalan t\u00e1rgy seg\u00edt eml\u00e9kezn\u00fcnk.<\/p>\n<p>Munk\u00e1mat azonban egy enn\u00e9l m\u00e9lyebb jelent\u00e9sr\u00e9teg inspir\u00e1lta. 2007-ben \u00e9s 2008-ban a R\u00f3mai-\u00f6szt\u00f6nd\u00edj h\u00f3napjai alatt az antik t\u00e9rszeml\u00e9let kort\u00e1rs m\u0171v\u00e9szetben alkalmazhat\u00f3 tanuls\u00e1gait kutattam. Az \u00e9p\u00edt\u00e9s \u00e9s az eml\u00e9kez\u00e9s m\u0171v\u00e9szete egyar\u00e1nt a figyelem \u00fatjainak a kim\u0171vel\u00e9s\u00e9n alapszik. Az eml\u00e9kez\u00e9s m\u0171v\u00e9szete ez\u00e1ltal a plat\u00f3ni anamn\u00e9zishez vezet. A l\u00e9t teljess\u00e9g feled\u00e9s\u00e9nek hom\u00e1ly\u00e1t a figyelem oszlatja sz\u00e9t. Festm\u00e9nyeim ez\u00e9rt nem \u00e9rintik a vall\u00e1sos vagy a t\u00e1rsadalmi m\u00edtoszokat, hanem a k\u00e9pz\u0151m\u0171v\u00e9szet sz\u00e1mos lehet\u0151s\u00e9ge k\u00f6z\u00fcl egyfajta gyakorlati elm\u00e9ly\u00fcl\u00e9st k\u00edv\u00e1nnak megval\u00f3s\u00edtani. Ez p\u00e1rhuzamba hozhat\u00f3 a filoz\u00f3fi\u00e1nak azzal a vonulat\u00e1val, amely a gondolkod\u00e1st szellemi-lelki gyakorlatk\u00e9nt m\u0171veli.<\/p>\n<p class=\"szerzo\">Kondor Attila: Az eml\u00e9kez\u00e9s m\u0171v\u00e9szete<\/p>\n<p>A ki\u00e1ll\u00edt\u00e1s a <a title=\"Pepper Art Projects\" href=\"http:\/\/pepperartprojects.com\" target=\"_blank\">Pepper Art Projects<\/a>-szel egy\u00fcttm\u0171k\u00f6d\u00e9sben j\u00f6tt l\u00e9tre.[\/vc_column_text][vc_empty_space height=&#8221;20px&#8221;][\/vc_column][\/vc_row][vc_row row_type=&#8221;row&#8221; use_row_as_full_screen_section=&#8221;no&#8221; type=&#8221;grid&#8221; text_align=&#8221;left&#8221; background_image_as_pattern=&#8221;without_pattern&#8221;][vc_column width=&#8221;1\/1&#8243;][vc_empty_space height=&#8221;32px&#8221;][vc_empty_space height=&#8221;45px&#8221;][\/vc_column][\/vc_row]<\/p>\n<\/div>","protected":false},"excerpt":{"rendered":"<p>[vc_row row_type=&#8221;row&#8221; use_row_as_full_screen_section=&#8221;no&#8221; type=&#8221;grid&#8221; text_align=&#8221;left&#8221; background_image_as_pattern=&#8221;without_pattern&#8221;][vc_column width=&#8221;1\/1&#8243;][vc_empty_space height=&#8221;40px&#8221;][vc_column_text] KONDOR ATTILA | Az eml\u00e9kez\u00e9s m\u0171v\u00e9szete [\/vc_column_text][vc_empty_space&#8230;<\/p>\n","protected":false},"author":1,"featured_media":0,"parent":8973,"menu_order":7,"comment_status":"open","ping_status":"open","template":"full_width.php","meta":{"inline_featured_image":false,"loftloader_pro_show_once":"","loftloader_pro_page_shortcode":"","footnotes":""},"class_list":["post-9005","page","type-page","status-publish","hentry"],"_links":{"self":[{"href":"https:\/\/budapestgaleria.hu\/_\/wp-json\/wp\/v2\/pages\/9005","targetHints":{"allow":["GET"]}}],"collection":[{"href":"https:\/\/budapestgaleria.hu\/_\/wp-json\/wp\/v2\/pages"}],"about":[{"href":"https:\/\/budapestgaleria.hu\/_\/wp-json\/wp\/v2\/types\/page"}],"author":[{"embeddable":true,"href":"https:\/\/budapestgaleria.hu\/_\/wp-json\/wp\/v2\/users\/1"}],"replies":[{"embeddable":true,"href":"https:\/\/budapestgaleria.hu\/_\/wp-json\/wp\/v2\/comments?post=9005"}],"version-history":[{"count":0,"href":"https:\/\/budapestgaleria.hu\/_\/wp-json\/wp\/v2\/pages\/9005\/revisions"}],"up":[{"embeddable":true,"href":"https:\/\/budapestgaleria.hu\/_\/wp-json\/wp\/v2\/pages\/8973"}],"wp:attachment":[{"href":"https:\/\/budapestgaleria.hu\/_\/wp-json\/wp\/v2\/media?parent=9005"}],"curies":[{"name":"wp","href":"https:\/\/api.w.org\/{rel}","templated":true}]}}