{"id":9015,"date":"2015-01-24T15:50:39","date_gmt":"2015-01-24T15:50:39","guid":{"rendered":"http:\/\/budapestgaleria.hu\/_\/?page_id=9015"},"modified":"2015-01-24T15:50:39","modified_gmt":"2015-01-24T15:50:39","slug":"from-zero-to-zero-back","status":"publish","type":"page","link":"https:\/\/budapestgaleria.hu\/_\/kiallitasok-2012-budapest-galeria\/from-zero-to-zero-back\/","title":{"rendered":"from ZERO to ZERO &#038; back"},"content":{"rendered":"<div class=\"wpb-content-wrapper\"><p>[vc_row row_type=&#8221;row&#8221; use_row_as_full_screen_section=&#8221;no&#8221; type=&#8221;grid&#8221; text_align=&#8221;left&#8221; background_image_as_pattern=&#8221;without_pattern&#8221;][vc_column width=&#8221;1\/1&#8243;][vc_empty_space height=&#8221;40px&#8221;][vc_column_text]<\/p>\n<h2 class=\"cim_1\">from ZERO to ZERO &amp; back<\/h2>\n<p>[\/vc_column_text][vc_empty_space height=&#8221;32px&#8221;][\/vc_column][\/vc_row][vc_row bgparallax=&#8221;parallax&#8221; contentwidth=&#8221;container&#8221; toppadding=&#8221;40&#8243; bottompadding=&#8221;10&#8243; border=&#8221;on&#8221; css=&#8221;.vc_custom_1420648296958{background-color: #ffffff !important;}&#8221; row_type=&#8221;row&#8221; use_row_as_full_screen_section=&#8221;no&#8221; type=&#8221;grid&#8221; text_align=&#8221;left&#8221; background_image_as_pattern=&#8221;without_pattern&#8221;][vc_column width=&#8221;1\/3&#8243; css=&#8221;.vc_custom_1420649554591{padding-right: 25px !important;}&#8221;][vc_column_text]<\/p>\n<p class=\"hely_bpgal\">Budapest Gal\u00e9ria<\/p>\n<p class=\"cim_bpgal\">1036 Budapest, Lajos utca 158.<\/p>\n<p class=\"datum_bpgal\">2015. j\u00falius 26 \u2013 augusztus 27.<\/p>\n<p>[\/vc_column_text][vc_column_text]<\/p>\n<p class=\"kiemeles_bpgal\">A ki\u00e1ll\u00edt\u00e1s kur\u00e1tora:<\/p>\n<p class=\"verzal_bpgal\">V\u00e1rnagy Tibor<\/p>\n<p class=\"kiemeles_bpgal\">Ki\u00e1ll\u00edt\u00f3 m\u0171v\u00e9szek:<\/p>\n<p class=\"verzal_bpgal\">SI-LA-GI &amp; AI WEIWEI | SI-LA-GI &amp; E. SZIRAKI | SI-LA-GI &amp; K.ZS. Dr\u00f6lma<\/p>\n<p>[\/vc_column_text][vc_column_text]<\/p>\n<p class=\"kiemeles_bpgal\">Megnyit\u00f3:<\/p>\n<p class=\"kurrens_bpgal\">2012. j\u00falius 26., 17:00<\/p>\n<p class=\"kiemeles_bpgal\">Megnyitotta:<\/p>\n<p class=\"kurrens_bpgal\">K\u00c9SZMAN J\u00d3ZSEF, m\u0171v\u00e9szett\u00f6rt\u00e9n\u00e9sz, kur\u00e1tor<\/p>\n<p>[\/vc_column_text][vc_empty_space height=&#8221;32px&#8221;][\/vc_column][vc_column width=&#8221;2\/3&#8243;][vc_column_text]Letarolt erd\u0151 k\u00f6zep\u00e9n \u2026 k\u00e9k szem\u0171 <em>Fekete t\u00f6rpe<\/em> v\u00e9gzi feladat\u00e1t.<br \/>\nSzomsz\u00e9dja Xiao Fo a k\u00fcl\u00f6nleges k\u00e9pz\u0151dm\u00e9nyek kertj\u00e9ben ( K.Zs. Dr\u00f6lma ) egy l\u00e1bon \u00e1ll, a semmi felett.<br \/>\nHi\u00e1nyz\u00f3 karja helye arany, K\u00edna, <em>Ai Weiwei,<\/em> vagy tal\u00e1n a mi helyzet\u00fcnk\u00f6n elm\u00e9lkedik \u00e9s nevet.<br \/>\nMit\u0151l \u00e9rt\u00e9kes egy t\u00e1rgy, vagy egy alkot\u00e1s?<br \/>\nEgy n\u00e9vt\u0151l, kett\u0151t\u0151l, l\u00e1tv\u00e1nyt\u00f3l, vagy tartalmi hat\u00e1st\u00f3l?<br \/>\nAz egyik falon egy val\u00f3di Picasso, de szign\u00f3ja alatt, d\u00e1tummal ell\u00e1tva valaki m\u00e1s\u00e9 is l\u00e1that\u00f3.<br \/>\nKinek az alkot\u00e1sa ez? Mit szign\u00e1lt az els\u0151 \u00e9s mit (vagy kit) a m\u00e1sik?<br \/>\nA m\u00e1sikon oldalon k\u00e9t k\u00e9p. \u00dagy n\u00e9z ki mintha Tamara de Lempicka festette volna.<br \/>\nA \u201efejlett\u201d t\u00e1rsadalmak \u00e1ltal sikeresnek tartott emberek im\u00e1zs\u00e1hoz hozz\u00e1tartozik dr\u00e1ga m\u0171t\u00e1rgyak birtokl\u00e1sa is. A k\u00e9pre ragasztott megrendel\u0151\/\u00e9rt\u00e9kel\u0151 blanketta a szellemi \u00e9rt\u00e9knek az anyagi \u00e9rt\u00e9krend st\u00e1tusz\u00e1ba val\u00f3 s\u00fclyed\u00e9s\u00e9t jelzi. Megk\u00f6zel\u00edt\u00e9semben azt mondan\u00e1m, hogy az ember, bels\u0151 szellemi biztons\u00e1g\u00e1nak elveszt\u00e9s\u00e9t exkluz\u00edv h\u00e1zzal pr\u00f3b\u00e1lja meg helyettes\u00edteni, szem\u00e9lyis\u00e9ge (l\u00e9nyegi) megval\u00f3s\u00edt\u00e1s\u00e1nak hi\u00e1ny\u00e1t exkluz\u00edv aut\u00f3val, pal\u00e1stolja, szeretettel teli ember volt\u00e1nak demonstr\u00e1l\u00e1sak\u00e9nt exkluz\u00edv feles\u00e9g, vagy\/\u00e9s az exkluz\u00edv szeret\u0151 szolg\u00e1l. Az im\u00e1zs teljess\u00e9g\u00e9hez hozz\u00e1tartozik a humanista kult\u00faremberk\u00e9nt val\u00f3 megjelen\u00e9s is, aminek hi\u00e1ny\u00e1t exkluz\u00edv m\u0171t\u00e1rgyak, diz\u00e1jnolt k\u00f6rnyezet \u00e9s exkluz\u00edv ruh\u00e1k leplezik. Az ill\u00fazi\u00f3 ill\u00fazi\u00f3ja \u00edgy majdnem teljes. A v\u00e1laszthat\u00f3 attrib\u00fatumok list\u00e1j\u00e1n nem szerepel a <em>szellemi f\u00fcggetlens\u00e9g,<\/em>vagyis a szabads\u00e1g mint ig\u00e9nyelhet\u0151 c\u00e9l, \u2013 holott l\u00e9tez\u00e9s\u00e9r\u0151l \u00e9s megval\u00f3s\u00edthat\u00f3s\u00e1g\u00e1r\u00f3l tudunk \u2013 \u00e9s megteremt\u00e9se nagyobb perspekt\u00edv\u00e1t eredm\u00e9nyez mint b\u00e1rmif\u00e9le t\u00e1rsadalmi rang, vagy poz\u00edci\u00f3.<br \/>\nEgy alkot\u00e1s eset\u00e9ben maga a (m\u0171)t\u00e1rgy vagy a benne rejl\u0151 gondolat az \u00e9rt\u00e9kesebb?<br \/>\nSt\u00e1tusz szimb\u00f3lumokat v\u00e1s\u00e1rolunk nagyban \u00e9s kicsiben, elv\u00e1r\u00e1soknak tesz\u00fcnk eleget, holott a J\u00e1t\u00e9knak b\u00e1rmikor v\u00e9ge lehet <em>(Game is over)<\/em> \u2026<br \/>\nRekl\u00e1msz\u00f6veg megjelen\u00edt\u0151n fut egy \u00fczenet, amely mag\u00e1nak az alkot\u00e1snak az elk\u00e9sz\u00fcl\u00e9si folyamat\u00e1r\u00f3l (is) sz\u00f3l, de a hangs\u00faly m\u00e9gis a l\u00e9trej\u00f6tt felismer\u00e9sen vagyis a radik\u00e1lis szeml\u00e9letv\u00e1lt\u00e1son van, ezt a sz\u00f6vegben r\u00f6gz\u00edtett felismer\u00e9st k\u00ednai es thai nyelven \u00edrt\/festett k\u00e9p form\u00e1j\u00e1ban is elk\u00e9sz\u00edtettem (az ut\u00f3bbi itt nincs ki\u00e1ll\u00edtva.)<br \/>\nA k\u00ednai v\u00e1ltozat angol nyelv\u0171 tacepa\u00f3val is ki van van eg\u00e9sz\u00edtve. A sz\u00f6veg mind h\u00e1rom nyelven azonos, m\u00e9gis a formai v\u00e1ltoz\u00e1sok m\u00f3dos\u00edt\u00f3lag hatnak a tartalomra is.<\/p>\n<p><em>\u201eGy\u00e1v\u00e1k vagytok.<\/em> Rutinosan k\u00e9peket gy\u00e1rtotok an\u00e9lk\u00fcl, hogy valamit meg akarn\u00e1tok ismerni magatokb\u00f3l vagy a vil\u00e1gb\u00f3l.<br \/>\nPazarolj\u00e1tok az \u00e9let lehet\u0151s\u00e9g\u00e9t, pillanatnyi siker, gazdags\u00e1g rem\u00e9ny\u00e9ben. \u00d6nmagatok tetszet\u0151s fr\u00e1zisait ism\u00e9telgetitek.<br \/>\nTudatlans\u00e1gotok er\u0151t kellene adjon, ismeretlen ter\u00fcletre l\u00e9pni, hogy akar t\u00e9ved\u00e9sek \u00e1r\u00e1n is, megismerhess\u00e9tek \u00e9s felt\u00e1rhass\u00e1tok azt, ami szem\u00e9lyes, de rejtve van el\u0151ttetek, holott bennetek van.Ne f\u00e9ljetek hib\u00e1zni. Ink\u00e1bb dadogjatok, mint foly\u00e9konyan hazudjatok.<br \/>\nA j\u00e1t\u00e9knak v\u00e9ge.\u201d<br \/>\n(r\u00e9szlet)<\/p>\n<p><em>America Settlement<\/em> (Amerika Lak\u00f3park) melyet Magyar Lak\u00f3parknak is lehetne nevezni.<br \/>\nAut\u00f3utakon haszn\u00e1lt s\u00e1rga f\u00e9nyvisszaver\u0151 t\u00e1bl\u00e1n relief nyom\u00e1ssal k\u00e9sz\u00fclt lak\u00e1s alaprajz l\u00e1that\u00f3. A lak\u00e1s felfoghat\u00f3 a tudat otthon\u00e1nak is. A kij\u00e1rat kialak\u00edt\u00e1sa szem\u00e9lyes feladat.<br \/>\nAz <em>Egyet fizet kett\u0151t kap<\/em> k\u00e9psorozat nem csak politika szemsz\u00f6g\u00e9b\u0151l k\u00f6zel\u00edthet\u0151 meg.<br \/>\nEzzel a h\u00e9tk\u00f6znapi rekl\u00e1m szlogen \u2013 valamint a hozz\u00e1kapcsolt k\u00e9p \u2013 seg\u00edts\u00e9g\u00e9vel apr\u00f3 impulzus sz\u00fclethet, bel\u00e1t\u00e1sra.<br \/>\nB\u00e1r a k\u00e9peken kereszt\u00fcl konkr\u00e9tan is r\u00e1mutatok vil\u00e1gunkban j\u00e1tsz\u00f3d\u00f3 nemzetek \u00e9s vall\u00e1sok k\u00f6z\u00f6tti ellent\u00e9tekre, de ugyanez a tolerancia \u00e9s elfogad\u00e1s hi\u00e1nyb\u00f3l fakad\u00f3 konfliktus j\u00e1tsz\u00f3dik napjainkban, szem\u00e9lyes k\u00f6rnyezet\u00fcnkben, illetve meg \u00f6sszetettebb m\u00f3don mi magunkban is. A felismert indulat kezel\u00e9s\u00e9re felaj\u00e1nlom gondolati megk\u00f6zel\u00edt\u00e9sk\u00e9nt Eur\u00f3pai XX-XXI. sz\u00e1zad c\u00edm\u0171 munk\u00e1mat amely az eur\u00f3pai orsz\u00e1gok konfliktusaira reflekt\u00e1l.<br \/>\nVan k\u00e9p, nincs baj.<br \/>\nDe ugyanazon a k\u00e9pen azt is mondom: Nincs k\u00e9p nincs baj.<br \/>\nEz az ellentmond\u00e1sosnak t\u0171n\u0151 \u00e1ll\u00edt\u00e1s a Val\u00f3s\u00e1g r\u00e9sze. A tartalom, mindenki sz\u00e1m\u00e1ra m\u00e1st jelent, ugyanakkor a folyamatos k\u00fcls\u0151, bels\u0151, anyagi, fizikai, valamint szellemi v\u00e1ltoz\u00e1s is mindenki sz\u00e1m\u00e1ra, mindig \u00e9rv\u00e9nyben marad.<br \/>\nA k\u00e9pek k\u00fcl\u00f6nb\u00f6z\u0151 helyeken, k\u00fcl\u00f6nb\u00f6z\u0151 sorrendben elhelyezve m\u00e1st \u00e9s m\u00e1st jelentenek.<br \/>\nSzint\u00fagy mint az itt le\u00edrt szavak.<br \/>\n<em>Szir\u00e1ki Endr\u00e9vel<\/em> k\u00e9sz\u00edtett k\u00f6z\u00f6s munk\u00e1nknak adott c\u00edm lett a n\u00e9vad\u00f3ja ennek a ki\u00e1ll\u00edt\u00e1snak.<br \/>\nA k\u00e9pet nem komment\u00e1lom r\u00e9szleteiben, csup\u00e1n megford\u00edtottan id\u00e9zem Andr\u00e1si G\u00e1bor \u00edr\u00e1s\u00e1nak c\u00edm\u00e9t, Strat\u00e9gia helyett Haiku.<\/p>\n<p class=\"szerzo\">SI-LA-GI<\/p>\n<p>[\/vc_column_text][vc_empty_space height=&#8221;20px&#8221;][\/vc_column][\/vc_row][vc_row row_type=&#8221;row&#8221; use_row_as_full_screen_section=&#8221;no&#8221; type=&#8221;grid&#8221; text_align=&#8221;left&#8221; background_image_as_pattern=&#8221;without_pattern&#8221;][vc_column width=&#8221;1\/1&#8243;][vc_empty_space height=&#8221;32px&#8221;][vc_empty_space height=&#8221;45px&#8221;][\/vc_column][\/vc_row]<\/p>\n<\/div>","protected":false},"excerpt":{"rendered":"<p>[vc_row row_type=&#8221;row&#8221; use_row_as_full_screen_section=&#8221;no&#8221; type=&#8221;grid&#8221; text_align=&#8221;left&#8221; background_image_as_pattern=&#8221;without_pattern&#8221;][vc_column width=&#8221;1\/1&#8243;][vc_empty_space height=&#8221;40px&#8221;][vc_column_text] from ZERO to ZERO &amp; back [\/vc_column_text][vc_empty_space&#8230;<\/p>\n","protected":false},"author":1,"featured_media":0,"parent":8973,"menu_order":9,"comment_status":"open","ping_status":"open","template":"full_width.php","meta":{"inline_featured_image":false,"loftloader_pro_show_once":"","loftloader_pro_page_shortcode":"","footnotes":""},"class_list":["post-9015","page","type-page","status-publish","hentry"],"_links":{"self":[{"href":"https:\/\/budapestgaleria.hu\/_\/wp-json\/wp\/v2\/pages\/9015","targetHints":{"allow":["GET"]}}],"collection":[{"href":"https:\/\/budapestgaleria.hu\/_\/wp-json\/wp\/v2\/pages"}],"about":[{"href":"https:\/\/budapestgaleria.hu\/_\/wp-json\/wp\/v2\/types\/page"}],"author":[{"embeddable":true,"href":"https:\/\/budapestgaleria.hu\/_\/wp-json\/wp\/v2\/users\/1"}],"replies":[{"embeddable":true,"href":"https:\/\/budapestgaleria.hu\/_\/wp-json\/wp\/v2\/comments?post=9015"}],"version-history":[{"count":0,"href":"https:\/\/budapestgaleria.hu\/_\/wp-json\/wp\/v2\/pages\/9015\/revisions"}],"up":[{"embeddable":true,"href":"https:\/\/budapestgaleria.hu\/_\/wp-json\/wp\/v2\/pages\/8973"}],"wp:attachment":[{"href":"https:\/\/budapestgaleria.hu\/_\/wp-json\/wp\/v2\/media?parent=9015"}],"curies":[{"name":"wp","href":"https:\/\/api.w.org\/{rel}","templated":true}]}}