{"id":9027,"date":"2015-01-24T16:35:42","date_gmt":"2015-01-24T16:35:42","guid":{"rendered":"http:\/\/budapestgaleria.hu\/_\/?page_id=9027"},"modified":"2015-01-24T16:35:42","modified_gmt":"2015-01-24T16:35:42","slug":"faust-ii-realitas-es-fikcio-a-kortars-fotografiaban","status":"publish","type":"page","link":"https:\/\/budapestgaleria.hu\/_\/kiallitasok-2012-budapest-galeria\/faust-ii-realitas-es-fikcio-a-kortars-fotografiaban\/","title":{"rendered":"Faust II. Realit\u00e1s \u00e9s fikci\u00f3 a kort\u00e1rs fotogr\u00e1fi\u00e1ban"},"content":{"rendered":"<div class=\"wpb-content-wrapper\"><p>[vc_row row_type=&#8221;row&#8221; use_row_as_full_screen_section=&#8221;no&#8221; type=&#8221;grid&#8221; text_align=&#8221;left&#8221; background_image_as_pattern=&#8221;without_pattern&#8221;][vc_column width=&#8221;1\/1&#8243;][vc_empty_space height=&#8221;40px&#8221;][vc_column_text]<\/p>\n<h2 class=\"cim_1\">Faust II. Realit\u00e1s \u00e9s fikci\u00f3 a kort\u00e1rs fotogr\u00e1fi\u00e1ban<\/h2>\n<p>[\/vc_column_text][vc_empty_space height=&#8221;32px&#8221;][\/vc_column][\/vc_row][vc_row bgparallax=&#8221;parallax&#8221; contentwidth=&#8221;container&#8221; toppadding=&#8221;40&#8243; bottompadding=&#8221;10&#8243; border=&#8221;on&#8221; css=&#8221;.vc_custom_1420648296958{background-color: #ffffff !important;}&#8221; row_type=&#8221;row&#8221; use_row_as_full_screen_section=&#8221;no&#8221; type=&#8221;grid&#8221; text_align=&#8221;left&#8221; background_image_as_pattern=&#8221;without_pattern&#8221;][vc_column width=&#8221;1\/3&#8243; css=&#8221;.vc_custom_1420649554591{padding-right: 25px !important;}&#8221;][vc_column_text]<\/p>\n<p class=\"hely_bpgal\">Budapest Gal\u00e9ria<\/p>\n<p class=\"cim_bpgal\">1036 Budapest, Lajos utca 158.<\/p>\n<p class=\"datum_bpgal\">2012. okt\u00f3ber 25 \u2013 november 24.<\/p>\n<p>[\/vc_column_text][vc_column_text]<\/p>\n<p class=\"kiemeles_bpgal\">A ki\u00e1ll\u00edt\u00e1s kur\u00e1tora:<\/p>\n<p class=\"verzal_bpgal\">Uhl Gabriella<\/p>\n<p class=\"kiemeles_bpgal\">Ki\u00e1ll\u00edt\u00f3 m\u0171v\u00e9szek:<\/p>\n<p class=\"verzal_bpgal\">Ap\u00e1ti-T\u00f3th S\u00e1ndor | Bozs\u00f3 Andr\u00e1s | Csont\u00f3 Lajos | Erd\u0151s G\u00e1bor | Frankl Aliona | G\u00e1bor Enik\u0151 | Hajd\u00fa J\u00f3zsef | Haris L\u00e1szl\u00f3 | Heged\u0171s 2 L\u00e1szl\u00f3 | Herendi P\u00e9ter | Horv\u00e1th M Judit | K\u00e1das Levente | Maria Kapajeva | K\u00e1roly S\u00e1ndor \u00c1ron | Kov\u00e1cs Endre | Kov\u00e1cs Melinda | Krajnik Istv\u00e1n | Landthaller Judit | dr. Matyasi G\u00e1bor | Seres G\u00e9za | S\u00edr\u00f3 Lajos | Solt\u00e9sz Istv\u00e1n | Somogyi M\u00e1rk | Stalter Gy\u00f6rgy | Szam\u00f3dy Zsolt Olaf | Szil\u00e1gyi Lenke | Tarj\u00e1ni Antal | Telek Bal\u00e1zs | T\u00f3th Ego Istv\u00e1n | Vars\u00e1nyi Andr\u00e1s | Vedres \u00c1gi<\/p>\n<p>[\/vc_column_text][vc_column_text]<\/p>\n<p class=\"kiemeles_bpgal\">Megnyit\u00f3:<\/p>\n<p class=\"kurrens_bpgal\">2012. okt\u00f3ber 25., 17:00<\/p>\n<p class=\"kiemeles_bpgal\">Megnyitotta:<\/p>\n<p class=\"kurrens_bpgal\">SZIL\u00c1GYI \u00c1KOS, eszt\u00e9ta<\/p>\n<p class=\"kiemeles_bpgal\">Zen\u00e9l:<\/p>\n<p class=\"kurrens_bpgal\">Sz\u0151ke-K\u00e1llai-V\u00e1czi tri\u00f3<\/p>\n<p>[\/vc_column_text][vc_empty_space height=&#8221;32px&#8221;][\/vc_column][vc_column width=&#8221;2\/3&#8243;][vc_column_text]A Fot\u00f3h\u00f3nap2012 esem\u00e9nyei \u2013 v\u00e1ltoztatva a kor\u00e1bbi gyakorlaton \u2013 k\u00f6zponti tematika k\u00f6r\u00e9 \u00e9p\u00fcl: realit\u00e1s \u00e9s fikci\u00f3 szerep\u00e9t, ar\u00e1ny\u00e1t \u00e9s megmutatkoz\u00e1si lehet\u0151s\u00e9g\u00e9t vizsg\u00e1lva a kort\u00e1rs fot\u00f3m\u0171v\u00e9szet alkot\u00e1saiban.<\/p>\n<p>Elm\u00e9leti megk\u00f6zel\u00edt\u00e9sben a k\u00e9rd\u00e9sk\u00f6r t\u00e1gan \u00e9rtelmezhet\u0151, a technikai tr\u00fckk\u00f6kt\u0151l az \u00e9p\u00edtett \u00e9s elk\u00e9pzelt vil\u00e1g megjelen\u00edt\u00e9s\u00e9ig sz\u00e9les a m\u0171v\u00e9szi mozg\u00e1st\u00e9r. A c\u00edmk\u00e9nt v\u00e1lasztott Faust II. Goethe klasszikus alkot\u00e1s\u00e1nak kev\u00e9sb\u00e9 forgatott, filozofikus r\u00e9sz\u00e9re utal sz\u00e1nd\u00e9koltan, a teremt\u00e9s aktus\u00e1nak a fotogr\u00e1fi\u00e1ban \u00e9rtelmezhet\u0151 \u00e9s fellelhet\u0151 nyomainak k\u00f6zpontba \u00e1ll\u00edt\u00e1s\u00e1val, reflekt\u00e1l\u00e1s\u00e1val. A n\u00e9met \u00edr\u00f3 alkot\u00e1s\u00e1nak seg\u00edts\u00e9g\u00e9vel a tematika visszautal arra az id\u0151re, amikor a m\u0171v\u00e9sz m\u00e9g istennek tartotta mag\u00e1t, s a m\u0171v\u00e9szetben a teremt\u00e9s \u00e1t\u00e9l\u00e9s\u00e9nek \u00e9s megism\u00e9tl\u00e9s\u00e9nek aktus\u00e1t l\u00e1tta, haland\u00f3k\u00e9nt \u00fajraj\u00e1tszhatta az alkot\u00e1s folyamat\u00e1ban e sz\u00ednj\u00e1t\u00e9kot. A teremt\u00e9s szava \u00e9s aktusa \u00e1ll(t) szemben a hal\u00e1llal. Ez a vesz\u00e9lyes kaland a \u201em\u0171v\u00e9szet\u201d maga, amelyik azt kock\u00e1ztatja, hogy kollektiviz\u00e1lt \u00e1ll\u00e1spontok, gesztusok, \u00e9rzelmek \u00e9s \u00e9rvrendszerek gy\u0171jt\u0151helye lesz, mik\u00f6zben a m\u0171vet \u00e9s saj\u00e1t mag\u00e1t teremti egyszerre. Manaps\u00e1g is aktu\u00e1lis k\u00e9rd\u00e9se a fot\u00f3m\u0171v\u00e9szetnek az egy\u00e9ni \u00e9s\/vagy vil\u00e1gteremt\u00e9s, ezeknek a kre\u00e1ci\u00f3knak, m\u00f3dozatainak, lehet\u0151s\u00e9geinek a fotogr\u00e1fi\u00e1ban bet\u00f6lt\u00f6tt szerep\u00e9vel \u00e9s fotogr\u00e1fiai eszk\u00f6zt\u00e1r\u00e1val ismerkedne \u00e9s ismertetne meg a Fot\u00f3h\u00f3nap2012 esem\u00e9nysorozata.[\/vc_column_text][vc_empty_space height=&#8221;20px&#8221;][\/vc_column][\/vc_row][vc_row row_type=&#8221;row&#8221; use_row_as_full_screen_section=&#8221;no&#8221; type=&#8221;grid&#8221; text_align=&#8221;left&#8221; background_image_as_pattern=&#8221;without_pattern&#8221;][vc_column width=&#8221;1\/1&#8243;][vc_empty_space height=&#8221;32px&#8221;][vc_empty_space height=&#8221;45px&#8221;][\/vc_column][\/vc_row]<\/p>\n<\/div>","protected":false},"excerpt":{"rendered":"<p>[vc_row row_type=&#8221;row&#8221; use_row_as_full_screen_section=&#8221;no&#8221; type=&#8221;grid&#8221; text_align=&#8221;left&#8221; background_image_as_pattern=&#8221;without_pattern&#8221;][vc_column width=&#8221;1\/1&#8243;][vc_empty_space height=&#8221;40px&#8221;][vc_column_text] Faust II. Realit\u00e1s \u00e9s fikci\u00f3 a kort\u00e1rs&#8230;<\/p>\n","protected":false},"author":1,"featured_media":0,"parent":8973,"menu_order":11,"comment_status":"open","ping_status":"open","template":"full_width.php","meta":{"inline_featured_image":false,"loftloader_pro_show_once":"","loftloader_pro_page_shortcode":"","footnotes":""},"class_list":["post-9027","page","type-page","status-publish","hentry"],"_links":{"self":[{"href":"https:\/\/budapestgaleria.hu\/_\/wp-json\/wp\/v2\/pages\/9027","targetHints":{"allow":["GET"]}}],"collection":[{"href":"https:\/\/budapestgaleria.hu\/_\/wp-json\/wp\/v2\/pages"}],"about":[{"href":"https:\/\/budapestgaleria.hu\/_\/wp-json\/wp\/v2\/types\/page"}],"author":[{"embeddable":true,"href":"https:\/\/budapestgaleria.hu\/_\/wp-json\/wp\/v2\/users\/1"}],"replies":[{"embeddable":true,"href":"https:\/\/budapestgaleria.hu\/_\/wp-json\/wp\/v2\/comments?post=9027"}],"version-history":[{"count":0,"href":"https:\/\/budapestgaleria.hu\/_\/wp-json\/wp\/v2\/pages\/9027\/revisions"}],"up":[{"embeddable":true,"href":"https:\/\/budapestgaleria.hu\/_\/wp-json\/wp\/v2\/pages\/8973"}],"wp:attachment":[{"href":"https:\/\/budapestgaleria.hu\/_\/wp-json\/wp\/v2\/media?parent=9027"}],"curies":[{"name":"wp","href":"https:\/\/api.w.org\/{rel}","templated":true}]}}