{"id":9029,"date":"2015-01-24T16:40:06","date_gmt":"2015-01-24T16:40:06","guid":{"rendered":"http:\/\/budapestgaleria.hu\/_\/?page_id=9029"},"modified":"2015-01-24T16:40:06","modified_gmt":"2015-01-24T16:40:06","slug":"regos-istvan-festomuvesz-es-regos-anna-textilmuvesz-kiallitasa","status":"publish","type":"page","link":"https:\/\/budapestgaleria.hu\/_\/kiallitasok-2012-budapest-galeria\/regos-istvan-festomuvesz-es-regos-anna-textilmuvesz-kiallitasa\/","title":{"rendered":"Reg\u0151s Istv\u00e1n fest\u0151m\u0171v\u00e9sz \u00e9s Reg\u0151s Anna textilm\u0171v\u00e9sz ki\u00e1ll\u00edt\u00e1sa"},"content":{"rendered":"<div class=\"wpb-content-wrapper\"><p>[vc_row row_type=&#8221;row&#8221; use_row_as_full_screen_section=&#8221;no&#8221; type=&#8221;grid&#8221; text_align=&#8221;left&#8221; background_image_as_pattern=&#8221;without_pattern&#8221;][vc_column width=&#8221;1\/1&#8243;][vc_empty_space height=&#8221;40px&#8221;][vc_column_text]<\/p>\n<h2 class=\"cim_1\">Reg\u0151s Istv\u00e1n fest\u0151m\u0171v\u00e9sz \u00e9s Reg\u0151s Anna textilm\u0171v\u00e9sz ki\u00e1ll\u00edt\u00e1sa<\/h2>\n<p>[\/vc_column_text][vc_empty_space height=&#8221;32px&#8221;][\/vc_column][\/vc_row][vc_row bgparallax=&#8221;parallax&#8221; contentwidth=&#8221;container&#8221; toppadding=&#8221;40&#8243; bottompadding=&#8221;10&#8243; border=&#8221;on&#8221; css=&#8221;.vc_custom_1420648296958{background-color: #ffffff !important;}&#8221; row_type=&#8221;row&#8221; use_row_as_full_screen_section=&#8221;no&#8221; type=&#8221;grid&#8221; text_align=&#8221;left&#8221; background_image_as_pattern=&#8221;without_pattern&#8221;][vc_column width=&#8221;1\/3&#8243; css=&#8221;.vc_custom_1420649554591{padding-right: 25px !important;}&#8221;][vc_column_text]<\/p>\n<p class=\"hely_bpgal\">BTM \u2013 Budapest Ki\u00e1ll\u00edt\u00f3terem<\/p>\n<p class=\"cim_bpgal\">1056 Budapest, Szabad sajt\u00f3 \u00fat 5.<\/p>\n<p class=\"datum_bpgal\">2012. okt\u00f3ber 4 \u2013 december 2.<\/p>\n<p>[\/vc_column_text][vc_column_text]<\/p>\n<p class=\"kiemeles_bpgal\">Megnyit\u00f3:<\/p>\n<p class=\"kurrens_bpgal\">2012. okt\u00f3ber 4., (cs\u00fct\u00f6rt\u00f6k), 17:00<\/p>\n<p class=\"kiemeles_bpgal\">Megnyitotta:<\/p>\n<p class=\"kurrens_bpgal\">P. SZAB\u00d3 ERN\u0150, m\u0171v\u00e9szett\u00f6rt\u00e9n\u00e9sz<\/p>\n<p>[\/vc_column_text][vc_empty_space height=&#8221;32px&#8221;][\/vc_column][vc_column width=&#8221;2\/3&#8243;][vc_column_text]A saj\u00e1tos hangv\u00e9tel\u0171, karakteres m\u0171v\u00e9szet\u00e9t harminch\u00e1rom \u00e9ve, egym\u00e1st inspir\u00e1lva \u00e9p\u00edt\u0151 fest\u0151m\u0171v\u00e9sz-textilm\u0171v\u00e9sz h\u00e1zasp\u00e1r els\u0151 k\u00f6z\u00f6s ki\u00e1ll\u00edt\u00e1s\u00e1t mutatja be a Budapest Gal\u00e9ria.<\/p>\n<p>Reg\u0151s Anna 1985-ben diplom\u00e1zott a Magyar Iparm\u0171v\u00e9szeti F\u0151iskola sz\u00f6v\u00f6tt anyag tervez\u0151 szak\u00e1n. Az alkalmazott textiltervez\u00e9s mellett egyedi, k\u00eds\u00e9rleti k\u00e1rpitokat is k\u00e9sz\u00edt k\u00fcl\u00f6nb\u00f6z\u0151 anyagok felhaszn\u00e1l\u00e1s\u00e1val, feszegetve a hagyom\u00e1nyos textilm\u0171v\u00e9szet hat\u00e1rait.<br \/>\nMintak\u00e1rpitjaimhoz hol hajtogatott, szegecselt lenv\u00e1sznat, hol bronz \u00e9s r\u00e9zsz\u00f6vetet haszn\u00e1lok, applik\u00e1lt f\u00e9mt\u00e1rgyakkal. M\u0171veim l\u00e9trehoz\u00e1sakor els\u0151dleges szempont a k\u00fcl\u00f6nb\u00f6z\u0151 \u2013 tradicion\u00e1lis vagy \u00e1ltalam kital\u00e1lt &#8211; mint\u00e1k \u00faj kontextusba val\u00f3 helyez\u00e9se. Tov\u00e1bbra is \u00e9rdekel a nagy\u00edt\u00e1s problematik\u00e1ja, mely \u00e1ltal \u00fajabb dimenzi\u00f3i, \u00fajabb gazdags\u00e1gai bontakoznak ki a kicsiben szinte \u00e9szrevehetetlen geometrikus rendszereknek. Sokszor a mint\u00e1k l\u00e9trej\u00f6tt\u00e9nek titk\u00e1ra akadhatunk a \u201ere-kre\u00e1l\u00e1s\u201d \u00e1ltal. 2012-ben a Budapest Ki\u00e1ll\u00edt\u00f3teremben \u00faj munk\u00e1imat mutatom be, melyek az NKA seg\u00edt\u00e9s\u00e9g\u00e9vel j\u00f6ttek l\u00e9tre. \u2013 \u00edrja a m\u0171v\u00e9sz.<\/p>\n<p>Reg\u0151s Istv\u00e1n 1980-ban szerzett diplom\u00e1t a Magyar K\u00e9pz\u0151m\u0171v\u00e9szeti F\u0151iskola fest\u0151 szak\u00e1n.<br \/>\nReg\u0151s Istv\u00e1n leg\u00fajabb az elm\u00falt \u00e9vekben sz\u00fcletett m\u0171egy\u00fcttese szervesen kapcsol\u00f3dik a fest\u0151 1980-as \u00e9vek \u00f3ta \u00e9p\u00fcl\u0151 munk\u00e1ss\u00e1g\u00e1hoz. Rendszeresen visszat\u00e9r\u0151 k\u00e9pt\u00e9m\u00e1ja a (vil\u00e1g) v\u00e1ros: az \u00e9p\u00fcletek k\u00f6z\u00f6tt megny\u00edl\u00f3 utak \u00e9s terek, az utakon \u00e9s tereken fut\u00f3 \u00e9s \u00e1ll\u00f3 aut\u00f3k, valamint a szabad l\u00e9pt\u00e9kv\u00e1lt\u00e1ssal megjelen\u00edtett eredeti k\u00f6rnyezet\u00e9b\u0151l kiemelt, a r\u00e9gm\u00falt vagy a k\u00f6zelm\u00falt \u00fczenet\u00e9t hordoz\u00f3 t\u00e1rgy. Az ember eme ember n\u00e9lk\u00fcli k\u00f6zegei, id\u0151ben pontosan meghat\u00e1rozhatatlanok: a m\u00falt \u00e9s a jelen (no \u00e9s a rejt\u00e9lyes j\u00f6v\u0151) a megragadott mot\u00edvumokban, illetve a mot\u00edvumok \u00f6sszj\u00e1t\u00e9ka r\u00e9v\u00e9n finoman \u00f6sszemos\u00f3dik, s \u00edgy a t\u00f6rt\u00e9netis\u00e9g fogalma \u00e9s jelens\u00e9ge relativiz\u00e1l\u00f3dik illetve megfoghatatlann\u00e1 lesz\u2026Nem is nagyon csod\u00e1lkozunk \u00f6nmagunkon, hogy bizonytalans\u00e1gainkat \u00e9s k\u00e9telyeinket feledve v\u00e9gs\u0151 soron roppant otthonosan \u00e9rezz\u00fck magunkat, \u00e9s mag\u00e1t\u00f3l \u00e9rtet\u0151d\u0151 term\u00e9szetess\u00e9ggel mozgunk ebben a rideg, idegen mindig \u00fajabb \u00e9s \u00fajabb meglepet\u00e9seket tartogat\u00f3 vil\u00e1gban. (Wehner Tibor: A rendesnek t\u0171n\u0151 ker\u00e9kv\u00e1g\u00e1s)<\/p>\n<p>A m\u0171v\u00e9sz egy\u00e9ni l\u00e1t\u00e1sm\u00f3dja, individu\u00e1lis vil\u00e1gk\u00e9pe az egym\u00e1ssal ellent\u00e9tes tendenci\u00e1k szintetiz\u00e1l\u00e1s\u00e1val j\u00f6n l\u00e9tre. M\u0171v\u00e9szet\u00e9ben a klasszikus \u00e9s modern fest\u00e9szet jellemz\u0151it, a konzervat\u00edv \u00e9s (neo)avantgarde t\u00f6rekv\u00e9seit \u00f6tv\u00f6zi. Gyakran alkalmazza a koll\u00e1zs, fot\u00f3 applik\u00e1ci\u00f3, assemblage technik\u00e1j\u00e1t oly m\u00f3don, hogy a v\u00e1szonra, vagy a m\u00e1s s\u00edkra felhordott \u201ek\u00e9p\u201d az alkot\u00e1sban csaknem mindig meg\u0151rz\u0151dik. Elemz\u0151i Reg\u0151s k\u00e9pei kapcs\u00e1n pszeudo-na\u00edv szem\u00e9letr\u0151l, historikus-eklektikus nosztalgi\u00e1k felid\u00e9z\u00e9s\u00e9r\u0151l besz\u00e9lnek, amelyre jellemz\u0151 a metafizikus fest\u00e9szet \u00e9s a giccs alapanyagk\u00e9nt val\u00f3 alkalmaz\u00e1sa, a letisztult formavil\u00e1g \u00e9s a m\u00e1gikus realista l\u00e1t\u00e1sm\u00f3d.[\/vc_column_text][vc_empty_space height=&#8221;20px&#8221;][\/vc_column][\/vc_row][vc_row row_type=&#8221;row&#8221; use_row_as_full_screen_section=&#8221;no&#8221; type=&#8221;grid&#8221; text_align=&#8221;left&#8221; background_image_as_pattern=&#8221;without_pattern&#8221;][vc_column width=&#8221;1\/1&#8243;][vc_empty_space height=&#8221;32px&#8221;][vc_empty_space height=&#8221;45px&#8221;][\/vc_column][\/vc_row]<\/p>\n<\/div>","protected":false},"excerpt":{"rendered":"<p>[vc_row row_type=&#8221;row&#8221; use_row_as_full_screen_section=&#8221;no&#8221; type=&#8221;grid&#8221; text_align=&#8221;left&#8221; background_image_as_pattern=&#8221;without_pattern&#8221;][vc_column width=&#8221;1\/1&#8243;][vc_empty_space height=&#8221;40px&#8221;][vc_column_text] Reg\u0151s Istv\u00e1n fest\u0151m\u0171v\u00e9sz \u00e9s Reg\u0151s Anna textilm\u0171v\u00e9sz&#8230;<\/p>\n","protected":false},"author":1,"featured_media":0,"parent":8973,"menu_order":12,"comment_status":"open","ping_status":"open","template":"full_width.php","meta":{"inline_featured_image":false,"loftloader_pro_show_once":"","loftloader_pro_page_shortcode":"","footnotes":""},"class_list":["post-9029","page","type-page","status-publish","hentry"],"_links":{"self":[{"href":"https:\/\/budapestgaleria.hu\/_\/wp-json\/wp\/v2\/pages\/9029","targetHints":{"allow":["GET"]}}],"collection":[{"href":"https:\/\/budapestgaleria.hu\/_\/wp-json\/wp\/v2\/pages"}],"about":[{"href":"https:\/\/budapestgaleria.hu\/_\/wp-json\/wp\/v2\/types\/page"}],"author":[{"embeddable":true,"href":"https:\/\/budapestgaleria.hu\/_\/wp-json\/wp\/v2\/users\/1"}],"replies":[{"embeddable":true,"href":"https:\/\/budapestgaleria.hu\/_\/wp-json\/wp\/v2\/comments?post=9029"}],"version-history":[{"count":0,"href":"https:\/\/budapestgaleria.hu\/_\/wp-json\/wp\/v2\/pages\/9029\/revisions"}],"up":[{"embeddable":true,"href":"https:\/\/budapestgaleria.hu\/_\/wp-json\/wp\/v2\/pages\/8973"}],"wp:attachment":[{"href":"https:\/\/budapestgaleria.hu\/_\/wp-json\/wp\/v2\/media?parent=9029"}],"curies":[{"name":"wp","href":"https:\/\/api.w.org\/{rel}","templated":true}]}}