{"id":9031,"date":"2015-01-24T16:45:51","date_gmt":"2015-01-24T16:45:51","guid":{"rendered":"http:\/\/budapestgaleria.hu\/_\/?page_id=9031"},"modified":"2015-01-24T16:45:51","modified_gmt":"2015-01-24T16:45:51","slug":"feny-nyomatok-leplek-kepek","status":"publish","type":"page","link":"https:\/\/budapestgaleria.hu\/_\/kiallitasok-2012-budapest-galeria\/feny-nyomatok-leplek-kepek\/","title":{"rendered":"F\u00e9ny-nyomatok\u2013Leplek\u2013K\u00e9pek"},"content":{"rendered":"<div class=\"wpb-content-wrapper\"><p>[vc_row row_type=&#8221;row&#8221; use_row_as_full_screen_section=&#8221;no&#8221; type=&#8221;grid&#8221; text_align=&#8221;left&#8221; background_image_as_pattern=&#8221;without_pattern&#8221;][vc_column width=&#8221;1\/1&#8243;][vc_empty_space height=&#8221;40px&#8221;][vc_column_text]<\/p>\n<h2 class=\"cim_1\">POLG\u00c1R CSABA | F\u00e9ny-nyomatok\u2013Leplek\u2013K\u00e9pek<\/h2>\n<p>[\/vc_column_text][vc_empty_space height=&#8221;32px&#8221;][\/vc_column][\/vc_row][vc_row bgparallax=&#8221;parallax&#8221; contentwidth=&#8221;container&#8221; toppadding=&#8221;40&#8243; bottompadding=&#8221;10&#8243; border=&#8221;on&#8221; css=&#8221;.vc_custom_1420648296958{background-color: #ffffff !important;}&#8221; row_type=&#8221;row&#8221; use_row_as_full_screen_section=&#8221;no&#8221; type=&#8221;grid&#8221; text_align=&#8221;left&#8221; background_image_as_pattern=&#8221;without_pattern&#8221;][vc_column width=&#8221;1\/3&#8243; css=&#8221;.vc_custom_1420649554591{padding-right: 25px !important;}&#8221;][vc_column_text]<\/p>\n<p class=\"hely_bpgal\">BTM \u2013 Budapest Ki\u00e1ll\u00edt\u00f3terem<\/p>\n<p class=\"cim_bpgal\">1056 Budapest, Szabad sajt\u00f3 \u00fat 5.<\/p>\n<p class=\"datum_bpgal\">2012. december 6 \u2013 2013. janu\u00e1r 6.<\/p>\n<p>[\/vc_column_text][vc_column_text]<\/p>\n<p class=\"kiemeles_bpgal\">Megnyit\u00f3:<\/p>\n<p class=\"kurrens_bpgal\">2012. december 6. (cs\u00fct\u00f6rt\u00f6k), 17:00<\/p>\n<p class=\"kiemeles_bpgal\">Megnyitotta:<\/p>\n<p class=\"kurrens_bpgal\">KESER\u00dc KATALIN, m\u0171v\u00e9szett\u00f6rt\u00e9n\u00e9sz<\/p>\n<p class=\"kiemeles_bpgal\">Besz\u00e9det mondott:<\/p>\n<p class=\"kurrens_bpgal\">F\u00c1BI\u00c1N L\u00c1SZL\u00d3, \u00edr\u00f3<\/p>\n<p>[\/vc_column_text][vc_empty_space height=&#8221;32px&#8221;][\/vc_column][vc_column width=&#8221;2\/3&#8243;][vc_column_text]A Budapest Gal\u00e9ri\u00e1ban Polg\u00e1r Csaba k\u00fcl\u00f6nleges v\u00e1logat\u00e1st mutat be: egy\u00fctt l\u00e1that\u00f3ak itt a kilencvenes \u00e9vek v\u00e9g\u00e9t\u0151l 2012-ig terjed\u0151 id\u0151szak k\u00fcl\u00f6nf\u00e9le m\u0171faj\u00fa munk\u00e1i, a f\u00e9nynyomatok, a leplek \u00e9s a festm\u00e9nyek.<\/p>\n<p>\u201eHogy t\u00f6rt\u00e9nelm\u00fcnkben mikor tal\u00e1lkozhattunk el\u0151sz\u00f6r f\u00e9nynyomatszer\u0171 jelens\u00e9ggel, nem tudhatjuk. (\u2026) Csup\u00e1n sejthetj\u00fck, hogy el\u0151sz\u00f6r tal\u00e1n az \u0151sember figyelhette meg saj\u00e1t b\u0151r\u00e9n a napf\u00e9ny expoz\u00edci\u00f3j\u00e1t, a vil\u00e1gosan marad\u00f3 foltokat karperecei, nyak\u00e1ban hordott amulettjei, vagy a test\u00e9re vett \u00e1llatb\u0151r\u00f6k alatt. Az els\u0151 fotogenikus lenyomatok ekk\u00e9nt ad\u00f3dhattak \u00e9s v\u00e1lhattak az \u00e9szlel\u00e9s, majd a felismer\u00e9s m\u0171k\u00f6dtet\u0151iv\u00e9, hogy azt\u00e1n nagyon sok id\u0151vel k\u00e9s\u0151bb a mesters\u00e9gesen festett anyagainkon is megfigyelhess\u00fck az expoz\u00edci\u00f3 reciprok jelens\u00e9g\u00e9t: a fakul\u00e1st. Mindezek kapcs\u00e1n olyan szavakkal b\u0151v\u00edthett\u00fck sz\u00f3t\u00e1runkat, mint az eml\u00edtettek, tov\u00e1bb\u00e1 mint photogenic drawing, fotogram, f\u00e9ny-nyomat.<\/p>\n<p>A legkor\u00e1bbi tanulm\u00e1nyozhat\u00f3 eset ezek sor\u00e1ban Henry Fox Talbot nev\u00e9hez f\u0171z\u0151dik, aki mintegy sz\u00e1z\u00f6tven \u00e9vvel ezel\u0151tt hozta l\u00e9tre az els\u0151 f\u00e9ny-nyomatot \u2013 photogenic drawingot, ahogy nevezte. A f\u00e9ny\u00e9rz\u00e9keny\u00edtett pap\u00edrra helyezett zabkal\u00e1szok olyan ill\u00fazi\u00f3val illetik szem\u00fcnket, hogy szinte val\u00f3s\u00e1gosnak l\u00e1thatjuk \u0151ket. Ekkort\u00e1jt 1839-et \u00edrtak.(\u2026)<\/p>\n<p>Polg\u00e1r Csaba jellemz\u0151jek\u00e9nt eml\u00edthetj\u00fck, hogy nem az \u00e9rz\u00e9keny\u00edtett fotoemulzi\u00f3t v\u00e1lasztja eszk\u00f6z\u00e9\u00fcl, hanem egy direktebb lehet\u0151s\u00e9get, a k\u00f6znapit, a feket\u00e9re festett klottv\u00e1sznat. (\u2026) F\u00e9ny-nyomatai a photogenic vagy a fotogram-nyomatokkal ellent\u00e9tben, mindig pozit\u00edv, vizu\u00e1lis k\u00e9pletek. A f\u00e9ny itt nem \u00e9get, nem feket\u00edt, hanem kigyeng\u00edt, feh\u00e9r\u00edt. Ahol a feh\u00e9rs\u00e9g ott az eredet. A s\u00f6t\u00e9ts\u00e9g mindig a k\u00f6zelit, az \u00e9ppenit testes\u00edti. (\u2026) Nagy kedvvel m\u0171vel m\u00e9g egy rokon technik\u00e1t, az \u00e1tnyom\u00e1s\u00e9t, a frott\u00e1zst. Ezek z\u00f6me olaszorsz\u00e1gi utaz\u00e1sok sor\u00e1n k\u00e9sz\u00fclt. Klasszikus latin sz\u00f6vegek, antikv\u00e1k, s\u00edrszt\u00e9l\u00e9k arck\u00e9pei, ornamentik\u00e1k t\u0171nnek fel\u2026\u201d<\/p>\n<p class=\"forras\">(Attalai G\u00e1bor, Polg\u00e1r Csaba f\u00e9ny-nyomatai \u00e9s frott\u00e1zsai, 1993)<\/p>\n<p>[\/vc_column_text][vc_empty_space height=&#8221;20px&#8221;][\/vc_column][\/vc_row][vc_row row_type=&#8221;row&#8221; use_row_as_full_screen_section=&#8221;no&#8221; type=&#8221;grid&#8221; text_align=&#8221;left&#8221; background_image_as_pattern=&#8221;without_pattern&#8221;][vc_column width=&#8221;1\/1&#8243;][vc_empty_space height=&#8221;32px&#8221;][vc_empty_space height=&#8221;45px&#8221;][\/vc_column][\/vc_row]<\/p>\n<\/div>","protected":false},"excerpt":{"rendered":"<p>[vc_row row_type=&#8221;row&#8221; use_row_as_full_screen_section=&#8221;no&#8221; type=&#8221;grid&#8221; text_align=&#8221;left&#8221; background_image_as_pattern=&#8221;without_pattern&#8221;][vc_column width=&#8221;1\/1&#8243;][vc_empty_space height=&#8221;40px&#8221;][vc_column_text] POLG\u00c1R CSABA | F\u00e9ny-nyomatok\u2013Leplek\u2013K\u00e9pek [\/vc_column_text][vc_empty_space height=&#8221;32px&#8221;][\/vc_column][\/vc_row][vc_row bgparallax=&#8221;parallax&#8221;&#8230;<\/p>\n","protected":false},"author":1,"featured_media":0,"parent":8973,"menu_order":13,"comment_status":"open","ping_status":"open","template":"full_width.php","meta":{"inline_featured_image":false,"loftloader_pro_show_once":"","loftloader_pro_page_shortcode":"","footnotes":""},"class_list":["post-9031","page","type-page","status-publish","hentry"],"_links":{"self":[{"href":"https:\/\/budapestgaleria.hu\/_\/wp-json\/wp\/v2\/pages\/9031","targetHints":{"allow":["GET"]}}],"collection":[{"href":"https:\/\/budapestgaleria.hu\/_\/wp-json\/wp\/v2\/pages"}],"about":[{"href":"https:\/\/budapestgaleria.hu\/_\/wp-json\/wp\/v2\/types\/page"}],"author":[{"embeddable":true,"href":"https:\/\/budapestgaleria.hu\/_\/wp-json\/wp\/v2\/users\/1"}],"replies":[{"embeddable":true,"href":"https:\/\/budapestgaleria.hu\/_\/wp-json\/wp\/v2\/comments?post=9031"}],"version-history":[{"count":0,"href":"https:\/\/budapestgaleria.hu\/_\/wp-json\/wp\/v2\/pages\/9031\/revisions"}],"up":[{"embeddable":true,"href":"https:\/\/budapestgaleria.hu\/_\/wp-json\/wp\/v2\/pages\/8973"}],"wp:attachment":[{"href":"https:\/\/budapestgaleria.hu\/_\/wp-json\/wp\/v2\/media?parent=9031"}],"curies":[{"name":"wp","href":"https:\/\/api.w.org\/{rel}","templated":true}]}}