{"id":9042,"date":"2015-01-25T21:20:43","date_gmt":"2015-01-25T21:20:43","guid":{"rendered":"http:\/\/budapestgaleria.hu\/_\/?page_id=9042"},"modified":"2015-01-25T21:20:43","modified_gmt":"2015-01-25T21:20:43","slug":"gabor-imre-7%c2%bd","status":"publish","type":"page","link":"https:\/\/budapestgaleria.hu\/_\/kiallitasok-2011-budapest-galeria\/gabor-imre-7%c2%bd\/","title":{"rendered":"G\u00e1bor Imre | 7\u00bd"},"content":{"rendered":"<div class=\"wpb-content-wrapper\"><p>[vc_row row_type=&#8221;row&#8221; use_row_as_full_screen_section=&#8221;no&#8221; type=&#8221;grid&#8221; text_align=&#8221;left&#8221; background_image_as_pattern=&#8221;without_pattern&#8221;][vc_column width=&#8221;1\/1&#8243;][vc_empty_space height=&#8221;40px&#8221;][vc_column_text]<\/p>\n<h2 class=\"cim_1\">G\u00c1BOR IMRE | 7\u00bd<\/h2>\n<p>[\/vc_column_text][vc_empty_space height=&#8221;32px&#8221;][\/vc_column][\/vc_row][vc_row bgparallax=&#8221;parallax&#8221; contentwidth=&#8221;container&#8221; toppadding=&#8221;40&#8243; bottompadding=&#8221;10&#8243; border=&#8221;on&#8221; css=&#8221;.vc_custom_1420648296958{background-color: #ffffff !important;}&#8221; row_type=&#8221;row&#8221; use_row_as_full_screen_section=&#8221;no&#8221; type=&#8221;grid&#8221; text_align=&#8221;left&#8221; background_image_as_pattern=&#8221;without_pattern&#8221;][vc_column width=&#8221;1\/3&#8243; css=&#8221;.vc_custom_1420649554591{padding-right: 25px !important;}&#8221;][vc_column_text]<\/p>\n<p class=\"hely_bpgal\">Budapest Gal\u00e9ria<\/p>\n<p class=\"cim_bpgal\">1036 Budapest, Lajos utca 158.<\/p>\n<p class=\"datum_bpgal\">2011. janu\u00e1r 20 \u2013 m\u00e1rcius 20.<\/p>\n<p>[\/vc_column_text][vc_column_text]<\/p>\n<p class=\"kiemeles_bpgal\">Megnyit\u00f3:<\/p>\n<p class=\"kurrens_bpgal\">2011. janu\u00e1r 20. (cs\u00fct\u00f6rt\u00f6k), 17:00<\/p>\n<p class=\"kiemeles_bpgal\">Megnyitotta:<\/p>\n<p class=\"kurrens_bpgal\">AKNAI KATALIN, m\u0171v\u00e9szett\u00f6rt\u00e9n\u00e9sz<\/p>\n<p>[\/vc_column_text][vc_empty_space height=&#8221;32px&#8221;][\/vc_column][vc_column width=&#8221;2\/3&#8243;][vc_column_text]G\u00e1bor Imre ki\u00e1llit\u00e1s\u00e1nak c\u00edme 7 \u00e9s f\u00e9l, ugyanis a gal\u00e9ria ennyi ki\u00e1ll\u00edt\u00e1si teremb\u0151l \u00e1ll.<\/p>\n<p>Egy terem \u2013 egy munka. A m\u0171v\u00e9sz a f\u00f6ldszinten bemutatja a p\u00e9nz k\u00f6rforg\u00e1s\u00e1nak r\u00f6vid\u00edtett \u00fatjat, a mennyorsz\u00e1got, a term\u00e9szet csod\u00e1j\u00e1t, az \u00f6ngyilkoss\u00e1got valamint egy gy\u0171jtem\u00e9nyt a pozitiv fogalmakb\u00f3l angolul. A fels\u0151 termekben az \u00dajtestamentum lesz ki\u00e1ll\u00edtva, pictografikus abr\u00e1zol\u00e1ssal. Mindez efemer m\u00f3don, eladhatatlanul, kitap\u00e9t\u00e1zva, plotteres kiv\u00e1g\u00e1ssal a falra ragasztva, \u00e1m ujra legy\u00e1rthat\u00f3, \u00f6nz\u0151 m\u00f3don az enter gomb megnyom\u00e1saval b\u00e1rmikor reproduk\u00e1lhat\u00f3 form\u00e1ban. Csak p\u00e9nz k\u00e9rd\u00e9se.<br \/>\n[\/vc_column_text][vc_empty_space height=&#8221;20px&#8221;][\/vc_column][\/vc_row]<\/p>\n<\/div>","protected":false},"excerpt":{"rendered":"<p>[vc_row row_type=&#8221;row&#8221; use_row_as_full_screen_section=&#8221;no&#8221; type=&#8221;grid&#8221; text_align=&#8221;left&#8221; background_image_as_pattern=&#8221;without_pattern&#8221;][vc_column width=&#8221;1\/1&#8243;][vc_empty_space height=&#8221;40px&#8221;][vc_column_text] G\u00c1BOR IMRE | 7\u00bd [\/vc_column_text][vc_empty_space height=&#8221;32px&#8221;][\/vc_column][\/vc_row][vc_row bgparallax=&#8221;parallax&#8221;&#8230;<\/p>\n","protected":false},"author":1,"featured_media":0,"parent":9038,"menu_order":1,"comment_status":"open","ping_status":"open","template":"full_width.php","meta":{"inline_featured_image":false,"loftloader_pro_show_once":"","loftloader_pro_page_shortcode":"","footnotes":""},"class_list":["post-9042","page","type-page","status-publish","hentry"],"_links":{"self":[{"href":"https:\/\/budapestgaleria.hu\/_\/wp-json\/wp\/v2\/pages\/9042","targetHints":{"allow":["GET"]}}],"collection":[{"href":"https:\/\/budapestgaleria.hu\/_\/wp-json\/wp\/v2\/pages"}],"about":[{"href":"https:\/\/budapestgaleria.hu\/_\/wp-json\/wp\/v2\/types\/page"}],"author":[{"embeddable":true,"href":"https:\/\/budapestgaleria.hu\/_\/wp-json\/wp\/v2\/users\/1"}],"replies":[{"embeddable":true,"href":"https:\/\/budapestgaleria.hu\/_\/wp-json\/wp\/v2\/comments?post=9042"}],"version-history":[{"count":0,"href":"https:\/\/budapestgaleria.hu\/_\/wp-json\/wp\/v2\/pages\/9042\/revisions"}],"up":[{"embeddable":true,"href":"https:\/\/budapestgaleria.hu\/_\/wp-json\/wp\/v2\/pages\/9038"}],"wp:attachment":[{"href":"https:\/\/budapestgaleria.hu\/_\/wp-json\/wp\/v2\/media?parent=9042"}],"curies":[{"name":"wp","href":"https:\/\/api.w.org\/{rel}","templated":true}]}}