{"id":9044,"date":"2015-01-25T21:24:43","date_gmt":"2015-01-25T21:24:43","guid":{"rendered":"http:\/\/budapestgaleria.hu\/_\/?page_id=9044"},"modified":"2015-01-29T21:35:11","modified_gmt":"2015-01-29T21:35:11","slug":"barath-ferenc-grafikusmuvesz-kiallitasa","status":"publish","type":"page","link":"https:\/\/budapestgaleria.hu\/_\/kiallitasok-2011-budapest-galeria\/barath-ferenc-grafikusmuvesz-kiallitasa\/","title":{"rendered":"Bar\u00e1th Ferenc grafikusm\u0171v\u00e9sz ki\u00e1ll\u00edt\u00e1sa"},"content":{"rendered":"<div class=\"wpb-content-wrapper\"><p>[vc_row row_type=&#8221;row&#8221; use_row_as_full_screen_section=&#8221;no&#8221; type=&#8221;grid&#8221; text_align=&#8221;left&#8221; background_image_as_pattern=&#8221;without_pattern&#8221;][vc_column width=&#8221;1\/1&#8243;][vc_empty_space height=&#8221;40px&#8221;][vc_column_text]<\/p>\n<h2 class=\"cim_1\">Bar\u00e1th Ferenc grafikusm\u0171v\u00e9sz ki\u00e1ll\u00edt\u00e1sa<\/h2>\n<p>[\/vc_column_text][vc_empty_space height=&#8221;32px&#8221;][\/vc_column][\/vc_row][vc_row bgparallax=&#8221;parallax&#8221; contentwidth=&#8221;container&#8221; toppadding=&#8221;40&#8243; bottompadding=&#8221;10&#8243; border=&#8221;on&#8221; css=&#8221;.vc_custom_1420648296958{background-color: #ffffff !important;}&#8221; row_type=&#8221;row&#8221; use_row_as_full_screen_section=&#8221;no&#8221; type=&#8221;grid&#8221; text_align=&#8221;left&#8221; background_image_as_pattern=&#8221;without_pattern&#8221;][vc_column width=&#8221;1\/3&#8243; css=&#8221;.vc_custom_1420649554591{padding-right: 25px !important;}&#8221;][vc_column_text]<\/p>\n<p class=\"hely_bpgal\">Budapest Gal\u00e9ria<\/p>\n<p class=\"cim_bpgal\">1036 Budapest, Lajos utca 158.<\/p>\n<p class=\"datum_bpgal\">2011. febru\u00e1r 10 \u2013 m\u00e1rcius 6.<\/p>\n<p>[\/vc_column_text][vc_column_text]<\/p>\n<p class=\"kiemeles_bpgal\">Megnyit\u00f3:<\/p>\n<p class=\"kurrens_bpgal\">2011. febru\u00e1r 10. (cs\u00fct\u00f6rt\u00f6k), 17:00<\/p>\n<p class=\"kiemeles_bpgal\">Megnyitotta:<\/p>\n<p class=\"kurrens_bpgal\">OROSZ ISTV\u00c1N, grafikusm\u0171v\u00e9sz<\/p>\n<p>[\/vc_column_text][\/vc_column][vc_column width=&#8221;2\/3&#8243;][vc_column_text]Bar\u00e1th Ferenc az egykori Jugoszl\u00e1vi\u00e1ban fekv\u0151 Magyarkanizs\u00e1n sz\u00fcletett, 1946-ban. A belgr\u00e1di K\u00e9pz\u0151m\u0171v\u00e9szeti Akad\u00e9mi\u00e1n v\u00e9gzett 1969-ben, majd az \u00fajvid\u00e9ki F\u00f3rum Kiad\u00f3 szerkeszt\u0151jek\u00e9nt dolgozott 1992-ig, \u00e9s sz\u00ednh\u00e1zi plak\u00e1ttervez\u0151k\u00e9nt v\u00e1lt h\u00edress\u00e9. Ekkor Magyarorsz\u00e1gra k\u00f6lt\u00f6z\u00f6tt, az\u00f3ta is itt \u00e9l \u00e9s dolgozik. 1994-ben megalap\u00edtotta a Bar\u00e1th Grafikai St\u00fadi\u00f3t. Tagja a Magyar Alkot\u00f3m\u0171v\u00e9szek Orsz\u00e1gos Egyes\u00fclet\u00e9nek, a Vajdas\u00e1gi M\u0171v\u00e9szeti Egyes\u00fcletnek, a Magyar Plak\u00e1t T\u00e1rsas\u00e1gnak \u00e9s a Hungartnak. Sz\u00e1mos egy\u00e9ni \u00e9s csoportos ki\u00e1ll\u00edt\u00e1son vett r\u00e9szt vil\u00e1gszerte, t\u00f6bbsz\u00f6r elnyerte az \u00e9v legjobb plak\u00e1tja d\u00edjat az egykori Jugoszl\u00e1vi\u00e1ban \u00e9s Magyarorsz\u00e1gon is. Ki\u00e1ll\u00edt\u00e1sunkon h\u00edres plak\u00e1tjait \u00e9s \u00fajabb t\u00e9rgrafik\u00e1it l\u00e1thatja a k\u00f6z\u00f6ns\u00e9g.<\/p>\n<p>Bar\u00e1th Ferenc plak\u00e1tjai dr\u00e1mai mot\u00edvumokkal ragadj\u00e1k meg a n\u00e9z\u0151 figyelm\u00e9t. Alkot\u00f3 m\u00f3don mint\u00e1zza meg, v\u00e1zolja fel \u00e9s keveri a fot\u00f3t a grafik\u00e1val. Plak\u00e1tjaiban a vizu\u00e1lis \u00fczenet meg\u00e9rt\u00e9s\u00e9hez alapvet\u0151 fontoss\u00e1g\u00fa az er\u0151s tipogr\u00e1fiai elemek haszn\u00e1lata. Bar\u00e1th Ferenc plak\u00e1ttervei izgalmasan t\u00f6bbr\u00e9teg\u0171ek, zavarba ejtik hagyom\u00e1nyos gondolkod\u00e1sunkat \u00e9s arra k\u00e9sztetnek, hogy \u00faj szemsz\u00f6gb\u0151l szeml\u00e9lj\u00fck a vil\u00e1got.<\/p>\n<p class=\"szerzo\">Kari Piippo<\/p>\n<p>T\u00e9rgrafik\u00e1i harmonikus \u00e9s ar\u00e1nyos kompoz\u00edci\u00f3s megold\u00e1saikkal, artisztikus eleganci\u00e1jukkal \u00e9s sziklaszil\u00e1rd szerkezet\u00fckkel arr\u00f3l gy\u0151znek meg benn\u00fcnket, hogy van rem\u00e9ny az \u00e9vsz\u00e1zadok \u00e9s az \u00e9vezred fordul\u00f3j\u00e1n benn\u00fcnket s\u00fajt\u00f3 korszak-v\u00e1ls\u00e1gok szellemi \u00e1thidal\u00e1s\u00e1ra. Hiszen sz\u00e9ps\u00e9ge mellett ez a m\u0171v\u00e9szet az elveivel is hat. Voltak\u00e9ppen Bar\u00e1th Ferenc, a m\u0171v\u00e9sz, saj\u00e1ts\u00e1gos receptet k\u00edn\u00e1l fel nek\u00fcnk \u2013 a \u201egeometriai racionalizmus elv\u00e9vel lehets\u00e9ges megtal\u00e1lni a rendet a k\u00e1oszban,\u201d a konstrukci\u00f3 \u00e9s \u00e9p\u00edt\u00e9s elv\u00e9vel pedig szembe lehet sz\u00e1llni a destrukci\u00f3val.<\/p>\n<p class=\"szerzo\">Sava Stepanov<\/p>\n<p>[\/vc_column_text][\/vc_column][\/vc_row][vc_row][vc_column width=&#8221;1\/1&#8243;][vc_empty_space height=&#8221;72px&#8221;][\/vc_column][\/vc_row]<\/p>\n<\/div>","protected":false},"excerpt":{"rendered":"<p>[vc_row row_type=&#8221;row&#8221; use_row_as_full_screen_section=&#8221;no&#8221; type=&#8221;grid&#8221; text_align=&#8221;left&#8221; background_image_as_pattern=&#8221;without_pattern&#8221;][vc_column width=&#8221;1\/1&#8243;][vc_empty_space height=&#8221;40px&#8221;][vc_column_text] Bar\u00e1th Ferenc grafikusm\u0171v\u00e9sz ki\u00e1ll\u00edt\u00e1sa [\/vc_column_text][vc_empty_space height=&#8221;32px&#8221;][\/vc_column][\/vc_row][vc_row bgparallax=&#8221;parallax&#8221;&#8230;<\/p>\n","protected":false},"author":1,"featured_media":0,"parent":9038,"menu_order":2,"comment_status":"open","ping_status":"open","template":"full_width.php","meta":{"inline_featured_image":false,"loftloader_pro_show_once":"","loftloader_pro_page_shortcode":"","footnotes":""},"class_list":["post-9044","page","type-page","status-publish","hentry"],"_links":{"self":[{"href":"https:\/\/budapestgaleria.hu\/_\/wp-json\/wp\/v2\/pages\/9044","targetHints":{"allow":["GET"]}}],"collection":[{"href":"https:\/\/budapestgaleria.hu\/_\/wp-json\/wp\/v2\/pages"}],"about":[{"href":"https:\/\/budapestgaleria.hu\/_\/wp-json\/wp\/v2\/types\/page"}],"author":[{"embeddable":true,"href":"https:\/\/budapestgaleria.hu\/_\/wp-json\/wp\/v2\/users\/1"}],"replies":[{"embeddable":true,"href":"https:\/\/budapestgaleria.hu\/_\/wp-json\/wp\/v2\/comments?post=9044"}],"version-history":[{"count":0,"href":"https:\/\/budapestgaleria.hu\/_\/wp-json\/wp\/v2\/pages\/9044\/revisions"}],"up":[{"embeddable":true,"href":"https:\/\/budapestgaleria.hu\/_\/wp-json\/wp\/v2\/pages\/9038"}],"wp:attachment":[{"href":"https:\/\/budapestgaleria.hu\/_\/wp-json\/wp\/v2\/media?parent=9044"}],"curies":[{"name":"wp","href":"https:\/\/api.w.org\/{rel}","templated":true}]}}