{"id":9048,"date":"2015-01-25T21:38:04","date_gmt":"2015-01-25T21:38:04","guid":{"rendered":"http:\/\/budapestgaleria.hu\/_\/?page_id=9048"},"modified":"2015-01-25T21:38:04","modified_gmt":"2015-01-25T21:38:04","slug":"vivat-liszt-halld-a-fenyt-lasd-a-hangot","status":"publish","type":"page","link":"https:\/\/budapestgaleria.hu\/_\/kiallitasok-2011-budapest-galeria\/vivat-liszt-halld-a-fenyt-lasd-a-hangot\/","title":{"rendered":"Viv\u00e1t Liszt! Halld a f\u00e9nyt \u2013 l\u00e1sd a hangot"},"content":{"rendered":"<div class=\"wpb-content-wrapper\"><p>[vc_row row_type=&#8221;row&#8221; use_row_as_full_screen_section=&#8221;no&#8221; type=&#8221;grid&#8221; text_align=&#8221;left&#8221; background_image_as_pattern=&#8221;without_pattern&#8221;][vc_column width=&#8221;1\/1&#8243;][vc_empty_space height=&#8221;40px&#8221;][vc_column_text]<\/p>\n<h2 class=\"cim_1\">Viv\u00e1t Liszt! Halld a f\u00e9nyt \u2013 l\u00e1sd a hangot<\/h2>\n<p>[\/vc_column_text][vc_empty_space height=&#8221;32px&#8221;][\/vc_column][\/vc_row][vc_row bgparallax=&#8221;parallax&#8221; contentwidth=&#8221;container&#8221; toppadding=&#8221;40&#8243; bottompadding=&#8221;10&#8243; border=&#8221;on&#8221; css=&#8221;.vc_custom_1420648296958{background-color: #ffffff !important;}&#8221; row_type=&#8221;row&#8221; use_row_as_full_screen_section=&#8221;no&#8221; type=&#8221;grid&#8221; text_align=&#8221;left&#8221; background_image_as_pattern=&#8221;without_pattern&#8221;][vc_column width=&#8221;1\/3&#8243; css=&#8221;.vc_custom_1420649554591{padding-right: 25px !important;}&#8221;][vc_column_text]<\/p>\n<p class=\"hely_bpgal\">Budapest Gal\u00e9ria<\/p>\n<p class=\"cim_bpgal\">1036 Budapest, Lajos utca 158.<\/p>\n<p class=\"datum_bpgal\">2011. m\u00e1rcius 18 \u2013 \u00e1prilis 3.<\/p>\n<p>[\/vc_column_text][vc_column_text]<\/p>\n<p class=\"kiemeles_bpgal\">A ki\u00e1ll\u00edt\u00e1s kur\u00e1tora:<\/p>\n<p class=\"verzal_bpgal\">Szegedy-Masz\u00e1k Zsuzsanna<\/p>\n<p class=\"kiemeles_bpgal\">Ki\u00e1ll\u00edt\u00f3 m\u0171v\u00e9szek:<\/p>\n<p class=\"verzal_bpgal\">Anne-Katrin Altwein \u2013 Weimar | Martin Breindl \u2013 Wien\/B\u00e9cs | Ra\u00fal D\u00edaz-Obreg\u00f3n Cruzado \u2013 Madrid | Jean-Luc Guin\u2019Amant \u2013 Paris\/P\u00e1rizs | Ralf Koenemann \u2013 Essen | Milan Luk\u00e1c \u2013 Bratislava\/Pozsony | Sabine Maier \u2013 Wien\/B\u00e9cs | Gudrun Sch\u00fcler \u2013 Bayreuth | Szil\u00e1gyi Ter\u00e9z \u2013 Budapest | Hael Yxxs \u2013 Leipzig\/Lipcse | Fr\u00e9d\u00e8ric Acquaviva \u2013 Paris\/P\u00e1rizs | Johannes Hildebrandt \u2013 Weimar | Emily Howard \u2013 Liverpool | Peter Martincek \u2013 Bratislava\/Pozsony | Pascal Schumacher \u2013 Luxemburg | Kunsu Shim \u2013 Duisburg | Gerhard St\u00e4bler \u2013 Duisburg | Gavin Wayte \u2013 Manchester | Johannes Haider | Markus Huber | Johann Karner | Sepp Laubner | Robert Schneider | Hans Wetzelsdorfer \u2013 Burgenland<\/p>\n<p>[\/vc_column_text][vc_column_text]<\/p>\n<p class=\"kiemeles_bpgal\">Megnyit\u00f3:<\/p>\n<p class=\"kurrens_bpgal\">2011. m\u00e1rcius 18., (p\u00e9ntek), 17:00<\/p>\n<p class=\"kiemeles_bpgal\">Megnyitotta:<\/p>\n<p class=\"kurrens_bpgal\">HAL\u00c1SZ J\u00c1NOS, Parlamenti \u00c1llamtitk\u00e1r, Nemzeti Er\u0151forr\u00e1s Miniszt\u00e9rium<\/p>\n<p class=\"kurrens_bpgal\">CHRISTA PRETS, nyugalmazott Eur\u00f3pa Parlamenti k\u00e9pvisel\u0151, az eu-art-network eln\u00f6ke<\/p>\n<p class=\"kurrens_bpgal\">DR. ELISABETH KORNFEIND, igazgat\u00f3, Osztr\u00e1k Kultur\u00e1lis F\u00f3rum<\/p>\n<p class=\"kurrens_bpgal\">WOLFGANG HORWATH, kur\u00e1tor<\/p>\n<p>[\/vc_column_text][vc_empty_space height=&#8221;32px&#8221;][\/vc_column][vc_column width=&#8221;2\/3&#8243;][vc_column_text]2011-ben eml\u00e9kez\u00fcnk meg Liszt Ferenc sz\u00fclet\u00e9s\u00e9nek 200. \u00e9vfordul\u00f3j\u00e1r\u00f3l. Ebb\u0151l az alkalomb\u00f3l Burgenland Tartom\u00e1ny sokoldal\u00fa, nemzetk\u00f6zi kultur\u00e1lis programot \u00e1ll\u00edtott \u00f6ssze. Raidingben koncertek, hat ki\u00e1ll\u00edt\u00e1s Eisenstadtban, \u00e9s t\u00f6bb k\u00fcl\u00f6nleges programmal \u00fcnneplik \/eml\u00e9keznek meg Liszt Ferenc \u00e9letm\u0171ve el\u0151tt.<\/p>\n<p>A Liszt \u00e9v alkalm\u00e1b\u00f3l a burgenlandi eu-art-network \u00e9s Burgenland Tartom\u00e1ny Kultur\u00e1lis Hivatala \u201eLisztomania 2011&#8243; c\u00edmmel Liszt Ferenc gigantikus \u00e9letm\u0171v\u00e9nek tiszteleg. A nagyszab\u00e1s\u00fa kultur\u00e1lis projekt r\u00e9szek\u00e9nt, kort\u00e1rs k\u00e9pz\u0151m\u0171v\u00e9szek r\u00e9szv\u00e9tel\u00e9vel nemzetk\u00f6zi ki\u00e1ll\u00edt\u00e1ssorozatot is szervez. A \u201eHalld a f\u00e9nyt &#8211; l\u00e1sd a hangot\u201d (Szineszt\u00e9zia) projektben megh\u00edv\u00e1sos alapon azokb\u00f3l az orsz\u00e1gokb\u00f3l, v\u00e1rosokb\u00f3l, ahol Liszt Ferenc \u00e9lt \u00e9s alkotott k\u00fcl\u00f6nb\u00f6z\u0151 felfog\u00e1s\u00fa k\u00e9pz\u0151m\u0171v\u00e9szek vettek r\u00e9szt.<\/p>\n<p>Magyarorsz\u00e1got SZIL\u00c1GYI Ter\u00e9z k\u00e9pz\u0151m\u0171v\u00e9sz k\u00e9pviselte.<\/p>\n<p>A m\u0171v\u00e9szek 2010. augusztus 26-a \u00e9s szeptember 5-e k\u00f6z\u00f6tt a burgenlandi Oszlop\/Oslip alkot\u00f3t\u00e1bor\u00e1ba \u2013 Cseley Malom \u2013 kaptak megh\u00edv\u00e1st. Az itt k\u00e9sz\u00fclt munk\u00e1kb\u00f3l \u00e1llt \u00f6ssze a ki\u00e1ll\u00edt\u00e1s anyaga.<\/p>\n<p>Az els\u0151 ki\u00e1ll\u00edt\u00e1s 2011. janu\u00e1r 27-\u00e9n ny\u00edlt meg Eisenstadtban, m\u00e1sodik \u00e1llom\u00e1sa Budapesten a Budapest Gal\u00e9ria Budapest Ki\u00e1ll\u00edt\u00f3terme, tov\u00e1bb\u00e1 a \u201eLiszt helyek\u201d \u00fagymint Bayreuth, Weimar, Pozsony, Lipcse, Raiding, Luxemburg, London \u00e9s Velence. [\/vc_column_text][vc_empty_space height=&#8221;20px&#8221;][\/vc_column][\/vc_row]<\/p>\n<\/div>","protected":false},"excerpt":{"rendered":"<p>[vc_row row_type=&#8221;row&#8221; use_row_as_full_screen_section=&#8221;no&#8221; type=&#8221;grid&#8221; text_align=&#8221;left&#8221; background_image_as_pattern=&#8221;without_pattern&#8221;][vc_column width=&#8221;1\/1&#8243;][vc_empty_space height=&#8221;40px&#8221;][vc_column_text] Viv\u00e1t Liszt! Halld a f\u00e9nyt \u2013 l\u00e1sd&#8230;<\/p>\n","protected":false},"author":1,"featured_media":0,"parent":9038,"menu_order":4,"comment_status":"open","ping_status":"open","template":"full_width.php","meta":{"inline_featured_image":false,"loftloader_pro_show_once":"","loftloader_pro_page_shortcode":"","footnotes":""},"class_list":["post-9048","page","type-page","status-publish","hentry"],"_links":{"self":[{"href":"https:\/\/budapestgaleria.hu\/_\/wp-json\/wp\/v2\/pages\/9048","targetHints":{"allow":["GET"]}}],"collection":[{"href":"https:\/\/budapestgaleria.hu\/_\/wp-json\/wp\/v2\/pages"}],"about":[{"href":"https:\/\/budapestgaleria.hu\/_\/wp-json\/wp\/v2\/types\/page"}],"author":[{"embeddable":true,"href":"https:\/\/budapestgaleria.hu\/_\/wp-json\/wp\/v2\/users\/1"}],"replies":[{"embeddable":true,"href":"https:\/\/budapestgaleria.hu\/_\/wp-json\/wp\/v2\/comments?post=9048"}],"version-history":[{"count":0,"href":"https:\/\/budapestgaleria.hu\/_\/wp-json\/wp\/v2\/pages\/9048\/revisions"}],"up":[{"embeddable":true,"href":"https:\/\/budapestgaleria.hu\/_\/wp-json\/wp\/v2\/pages\/9038"}],"wp:attachment":[{"href":"https:\/\/budapestgaleria.hu\/_\/wp-json\/wp\/v2\/media?parent=9048"}],"curies":[{"name":"wp","href":"https:\/\/api.w.org\/{rel}","templated":true}]}}