{"id":9053,"date":"2015-01-25T21:49:33","date_gmt":"2015-01-25T21:49:33","guid":{"rendered":"http:\/\/budapestgaleria.hu\/_\/?page_id=9053"},"modified":"2015-01-29T21:36:02","modified_gmt":"2015-01-29T21:36:02","slug":"csato-gyorgy-festo-kilar-istvan-szobrasz-es-neuhaus-ervin-grafikus-kiallitasa","status":"publish","type":"page","link":"https:\/\/budapestgaleria.hu\/_\/kiallitasok-2011-budapest-galeria\/csato-gyorgy-festo-kilar-istvan-szobrasz-es-neuhaus-ervin-grafikus-kiallitasa\/","title":{"rendered":"Csat\u00f3 Gy\u00f6rgy fest\u0151, Kil\u00e1r Istv\u00e1n szobr\u00e1sz \u00e9s Neuhaus Ervin grafikus ki\u00e1ll\u00edt\u00e1sa"},"content":{"rendered":"<div class=\"wpb-content-wrapper\"><p>[vc_row row_type=&#8221;row&#8221; use_row_as_full_screen_section=&#8221;no&#8221; type=&#8221;grid&#8221; text_align=&#8221;left&#8221; background_image_as_pattern=&#8221;without_pattern&#8221;][vc_column width=&#8221;1\/1&#8243;][vc_empty_space height=&#8221;40px&#8221;][vc_column_text]<\/p>\n<h2 class=\"cim_1\">Csat\u00f3 Gy\u00f6rgy fest\u0151, Kil\u00e1r Istv\u00e1n szobr\u00e1sz \u00e9s Neuhaus Ervin grafikus ki\u00e1ll\u00edt\u00e1sa<\/h2>\n<p>[\/vc_column_text][vc_empty_space height=&#8221;32px&#8221;][\/vc_column][\/vc_row][vc_row bgparallax=&#8221;parallax&#8221; contentwidth=&#8221;container&#8221; toppadding=&#8221;40&#8243; bottompadding=&#8221;10&#8243; border=&#8221;on&#8221; css=&#8221;.vc_custom_1420648296958{background-color: #ffffff !important;}&#8221; row_type=&#8221;row&#8221; use_row_as_full_screen_section=&#8221;no&#8221; type=&#8221;grid&#8221; text_align=&#8221;left&#8221; background_image_as_pattern=&#8221;without_pattern&#8221;][vc_column width=&#8221;1\/3&#8243; css=&#8221;.vc_custom_1420649554591{padding-right: 25px !important;}&#8221;][vc_column_text]<\/p>\n<p class=\"hely_bpgal\">Budapest Gal\u00e9ria<\/p>\n<p class=\"cim_bpgal\">1036 Budapest, Lajos utca 158.<\/p>\n<p class=\"datum_bpgal\">2011. j\u00fanius 11 \u2013 j\u00falius 3.<\/p>\n<p>[\/vc_column_text][vc_column_text]<\/p>\n<p class=\"kiemeles_bpgal\">Megnyit\u00f3:<\/p>\n<p class=\"kurrens_bpgal\">2011. j\u00fanius 11., (cs\u00fct\u00f6rt\u00f6k), 17:00<\/p>\n<p class=\"kiemeles_bpgal\">Megnyitotta:<\/p>\n<p class=\"kurrens_bpgal\">DR. UNGV\u00c1RI TAM\u00c1S PH. D., egyetemi tan\u00e1r<\/p>\n<p>[\/vc_column_text][vc_empty_space height=&#8221;32px&#8221;][\/vc_column][vc_column width=&#8221;2\/3&#8243;][vc_column_text]A Budapest Gal\u00e9ri\u00e1ban a kor\u00e1bbi, huszadik sz\u00e1zadi francia-magyar alkot\u00f3knak szentelt ki\u00e1ll\u00edt\u00e1sok folytat\u00e1sak\u00e9nt &#8211; ez\u00fattal egyszerre h\u00e1rom P\u00e1rizsban letelepedett magyar sz\u00e1rmaz\u00e1s\u00fa m\u0171v\u00e9sz, Csat\u00f3 Gy\u00f6rgy fest\u0151, Kil\u00e1r Istv\u00e1n szobr\u00e1sz \u00e9s Neuhaus Ervin grafikus munk\u00e1ib\u00f3l k\u00edn\u00e1l v\u00e1logat\u00e1st.<\/p>\n<p>Mivel a h\u00e1rom m\u0171v\u00e9sz egy\u00fcttes bemutat\u00e1s\u00e1t els\u0151sorban nem m\u0171v\u00e9szeteszt\u00e9tikai szempontok vez\u00e9reltek, hanem az \u0151ket \u00f6sszek\u00f6t\u0151 szem\u00e9lyes kapcsolat adta a ki\u00e1ll\u00edt\u00e1s \u00f6tlet\u00e9t, ez\u00e9rt nemcsak m\u0171fajban, de st\u00edlusban \u00e9s gondolatvil\u00e1gban is h\u00e1rom k\u00fcl\u00f6nb\u00f6z\u0151 \u00e9letm\u0171be kap betekint\u00e9st a k\u00f6z\u00f6ns\u00e9g.<\/p>\n<p>H\u00e1rmuk k\u00f6z\u00fcl ketten, Kil\u00e1r Istv\u00e1n \u00e9s Neuhaus Ervin ma is akt\u00edv m\u0171v\u00e9szek, Csat\u00f3 Gy\u00f6rgy azonban mind fest\u0151k\u00e9nt, mind pedig bar\u00e1tk\u00e9nt hatalmas \u0171rt hagyva maga ut\u00e1n, m\u00e1r k\u00f6zel harminc \u00e9ve, 1983-ban elt\u00e1vozott. A h\u00e1rom m\u0171v\u00e9sz, Csat\u00f3 Gy\u00f6rgy \u00e9let\u00e9ben meg nem val\u00f3sult \u00e1lma, egy nagyszab\u00e1s\u00fa k\u00f6z\u00f6s ki\u00e1ll\u00edt\u00e1s val\u00f3sul meg ezzel az esem\u00e9nnyel, r\u00e1ad\u00e1sul \u00e9ppen Budapesten, ahol Csat\u00f3nak 1946-os \u00e9s1947-es budapesti ki\u00e1ll\u00edt\u00e1sait\u00f3l eltekintve sohasem volt bemutatkoz\u00e1si lehet\u0151s\u00e9ge, Kil\u00e1r Istv\u00e1nnak \u00e9s Neuhaus Ervinnek pedig eddig mind\u00f6ssze n\u00e9h\u00e1ny k\u00f6zelm\u00faltban rendezett csoportos t\u00e1rlaton szerepl\u0151 munk\u00e1it l\u00e1thatta a budapesti k\u00f6z\u00f6ns\u00e9g.<\/p>\n<p>A ki\u00e1ll\u00edt\u00e1s Kil\u00e1r Istv\u00e1nnak az ez \u00e9v tavasz\u00e1n a szegedi RE\u00d6K Palot\u00e1ban rendezett gy\u0171jtem\u00e9nyes ki\u00e1ll\u00edt\u00e1s\u00e1n szerepl\u0151 t\u00f6bb mint \u00f6tven szobor\u00e1b\u00f3l \u00e9s grafik\u00e1ib\u00f3l v\u00e1logatott munk\u00e1j\u00e1t, Csat\u00f3 Gy\u00f6rgynek p\u00e1rizsi \u00e9s budapesti mag\u00e1ngy\u0171jtem\u00e9nyekb\u0151l, a Maklary Fine Art gal\u00e9ri\u00e1b\u00f3l \u00e9s a Nemzeti Gal\u00e9ri\u00e1b\u00f3l k\u00f6lcs\u00f6nz\u00f6tt k\u00e9peit, valamint Neuhaus Ervinnek szint\u00e9n p\u00e1rizsi \u00e9s magyar mag\u00e1ngy\u0171jtem\u00e9nyekb\u0151l, a budapesti Abigail Gal\u00e9ri\u00e1t\u00f3l \u00e9s a m\u0171v\u00e9sz tulajdon\u00e1b\u00f3l sz\u00e1rmaz\u00f3 monot\u00edpi\u00e1it saj\u00e1t zen\u00e9j\u00e9nek k\u00eds\u00e9ret\u00e9ben t\u00e1rja az \u00e9rdekl\u0151d\u0151k el\u00e9.<\/p>\n<p><em>A ki\u00e1ll\u00edt\u00e1s l\u00e9trej\u00f6tt\u00e9\u00e9rt k\u00f6sz\u00f6netet mondunk a gy\u0171jt\u0151knek, tulajdonosoknak \u00e9s int\u00e9zm\u00e9nyeknek:<\/em><\/p>\n<p>NKA, Magyar Nemzeti Gal\u00e9ria, Makl\u00e1ry Fine Arts, Abigail Gal\u00e9ria<br \/>\nIll\u00e9s M\u00e1ty\u00e1s, Havas Judit, Juh\u00e1sz Anna, Messmann Istv\u00e1n, Rajna B\u00e1lint \u00e9s N\u00e1tyi R\u00f3bert[\/vc_column_text][vc_empty_space height=&#8221;20px&#8221;][\/vc_column][\/vc_row][vc_row row_type=&#8221;row&#8221; use_row_as_full_screen_section=&#8221;no&#8221; type=&#8221;grid&#8221; text_align=&#8221;left&#8221; background_image_as_pattern=&#8221;without_pattern&#8221;][vc_column width=&#8221;1\/1&#8243;][vc_empty_space height=&#8221;32px&#8221;][vc_empty_space height=&#8221;45px&#8221;][\/vc_column][\/vc_row]<\/p>\n<\/div>","protected":false},"excerpt":{"rendered":"<p>[vc_row row_type=&#8221;row&#8221; use_row_as_full_screen_section=&#8221;no&#8221; type=&#8221;grid&#8221; text_align=&#8221;left&#8221; background_image_as_pattern=&#8221;without_pattern&#8221;][vc_column width=&#8221;1\/1&#8243;][vc_empty_space height=&#8221;40px&#8221;][vc_column_text] Csat\u00f3 Gy\u00f6rgy fest\u0151, Kil\u00e1r Istv\u00e1n szobr\u00e1sz \u00e9s&#8230;<\/p>\n","protected":false},"author":1,"featured_media":0,"parent":9038,"menu_order":6,"comment_status":"open","ping_status":"open","template":"full_width.php","meta":{"inline_featured_image":false,"loftloader_pro_show_once":"","loftloader_pro_page_shortcode":"","footnotes":""},"class_list":["post-9053","page","type-page","status-publish","hentry"],"_links":{"self":[{"href":"https:\/\/budapestgaleria.hu\/_\/wp-json\/wp\/v2\/pages\/9053","targetHints":{"allow":["GET"]}}],"collection":[{"href":"https:\/\/budapestgaleria.hu\/_\/wp-json\/wp\/v2\/pages"}],"about":[{"href":"https:\/\/budapestgaleria.hu\/_\/wp-json\/wp\/v2\/types\/page"}],"author":[{"embeddable":true,"href":"https:\/\/budapestgaleria.hu\/_\/wp-json\/wp\/v2\/users\/1"}],"replies":[{"embeddable":true,"href":"https:\/\/budapestgaleria.hu\/_\/wp-json\/wp\/v2\/comments?post=9053"}],"version-history":[{"count":0,"href":"https:\/\/budapestgaleria.hu\/_\/wp-json\/wp\/v2\/pages\/9053\/revisions"}],"up":[{"embeddable":true,"href":"https:\/\/budapestgaleria.hu\/_\/wp-json\/wp\/v2\/pages\/9038"}],"wp:attachment":[{"href":"https:\/\/budapestgaleria.hu\/_\/wp-json\/wp\/v2\/media?parent=9053"}],"curies":[{"name":"wp","href":"https:\/\/api.w.org\/{rel}","templated":true}]}}