{"id":9057,"date":"2015-01-25T22:18:21","date_gmt":"2015-01-25T22:18:21","guid":{"rendered":"http:\/\/budapestgaleria.hu\/_\/?page_id=9057"},"modified":"2025-10-14T12:45:19","modified_gmt":"2025-10-14T10:45:19","slug":"julius-gyula-juxtapozicio","status":"publish","type":"page","link":"https:\/\/budapestgaleria.hu\/_\/kiallitasok-2011-budapest-galeria\/julius-gyula-juxtapozicio\/","title":{"rendered":"J\u00falius Gyula | Juxtapoz\u00edci\u00f3"},"content":{"rendered":"<div class=\"wpb-content-wrapper\"><p>[vc_row css_animation=&#8221;&#8221; row_type=&#8221;row&#8221; use_row_as_full_screen_section=&#8221;no&#8221; type=&#8221;grid&#8221; angled_section=&#8221;no&#8221; text_align=&#8221;left&#8221; background_image_as_pattern=&#8221;without_pattern&#8221;][vc_column][vc_empty_space height=&#8221;40px&#8221;][vc_column_text]<\/p>\n<h2 class=\"cim_1\">J\u00daLIUS GYULA | Juxtapoz\u00edci\u00f3<\/h2>\n<p>[\/vc_column_text][vc_empty_space][\/vc_column][\/vc_row][vc_row css_animation=&#8221;&#8221; row_type=&#8221;row&#8221; use_row_as_full_screen_section=&#8221;no&#8221; type=&#8221;grid&#8221; angled_section=&#8221;no&#8221; text_align=&#8221;left&#8221; background_image_as_pattern=&#8221;without_pattern&#8221; bgparallax=&#8221;parallax&#8221; contentwidth=&#8221;container&#8221; toppadding=&#8221;40&#8243; bottompadding=&#8221;10&#8243; border=&#8221;on&#8221; css=&#8221;.vc_custom_1420648296958{background-color: #ffffff !important;}&#8221;][vc_column width=&#8221;1\/3&#8243; css=&#8221;.vc_custom_1420649554591{padding-right: 25px !important;}&#8221;][vc_column_text]<\/p>\n<p class=\"hely_bpgal\">Budapest Gal\u00e9ria<\/p>\n<p class=\"cim_bpgal\">1036 Budapest, Lajos utca 158.<\/p>\n<p class=\"datum_bpgal\">2011. j\u00falius 7 \u2013 augusztus 7.<\/p>\n<p>[\/vc_column_text][vc_column_text]<\/p>\n<p class=\"kiemeles_bpgal\">Megnyit\u00f3:<\/p>\n<p class=\"kurrens_bpgal\">2011. j\u00falius 7. (cs\u00fct\u00f6rt\u00f6k), 17:00<\/p>\n<p>[\/vc_column_text][vc_empty_space][\/vc_column][vc_column width=&#8221;2\/3&#8243;][vc_column_text css=&#8221;&#8221;]\u201e\u2026el\u0151re veszem az <em>Olajcsepp nebul\u00e1k<\/em> c\u00edm\u0171 sorozatot,amelyen kereszt\u00fcl k\u00f6nnyen megvil\u00e1g\u00edthat\u00f3v\u00e1 v\u00e1lik az \u00f6sszetett alkot\u00f3i akarat. Nem m\u00e1sr\u00f3l van sz\u00f3, mint az \u00e1ltalunk is az \u00e9letbengyakran megcsod\u00e1lhat\u00f3, aszfalt utakra cs\u00f6ppent, mikroszkopikusv\u00e9konys\u00e1g\u00fara sz\u00e9tter\u00fclt s ez\u00e9rt iriz\u00e1lni kezd\u0151 olajfoltok fotografikus \u00faton t\u00f6rt\u00e9nt t\u00e1blak\u00e9pp\u00e9 emel\u00e9s\u00e9r\u0151l. A ki\u00e1ll\u00edtott sorozat &#8211; k\u00f6sz\u00f6nhet\u0151en a fekete (k\u00e1tr\u00e1ny) alapb\u00f3l kipisl\u00e1kol\u00f3 k\u0151z\u00fazal\u00e9k vil\u00e1gos szemcs\u00e9inek, melyek a &#8222;h\u00e1tter\u00e9t&#8221; k\u00e9pezik a &#8222;f\u0151szerepl\u0151knek&#8221; &#8211; menten leleplezik megd\u00f6bbent\u0151 hasonl\u00f3s\u00e1gaikat a csak nemr\u00e9g \u00f3ta (legink\u00e1bb a Hubble \u0171rteleszk\u00f3p \u00fczembe helyez\u00e9se \u00f3ta) el\u00e9rhet\u0151, rendk\u00edv\u00fcl n\u00e9pszer\u0171 \u00e9s l\u00e1tv\u00e1nyos m\u00e9ly\u0171r-felv\u00e9telekhez. A szupern\u00f3v\u00e1k ut\u00e1n marad\u00f3 sugaras szimmetri\u00e1j\u00fa, m\u00e9gis mindenf\u00e9le anyageloszl\u00e1si v\u00e9letlenszer\u0171s\u00e9geknek k\u00f6sz\u00f6nhet\u0151en m\u00e1s \u00e9s m\u00e1s l\u00e1tv\u00e1ny\u00fa k\u00f6d\u00f6k eml\u00e9kezett k\u00e9peihez az Olajcseppeket azonnal k\u00f6tni k\u00e9pes tudatunk els\u0151 \u00edzben elmosolyodik az \u00f6nmag\u00e1t oly logocentrikusk\u00e9nt autofell\u00e1l\u00f3 tudom\u00e1nyon. M\u00e1sodik k\u00f6rben az okkult vil\u00e1gszeml\u00e9let (ezt a &#8222;s\u00f6t\u00e9t&#8221; &#8222;k\u00f6d\u00f6s&#8221; megb\u00e9lyegezetts\u00e9get a val\u00f3di s\u00f6t\u00e9ts\u00e9get, mert nem vil\u00e1gszeml\u00e9letet k\u00e9pvisel\u0151 tudom\u00e1ny ragasztotta r\u00e1 a vil\u00e1gszeml\u00e9letre), vagyis a megfelel\u00e9sek elv\u00e9nek \u00fajabb bizony\u00edt\u00e9kak\u00e9nt tekint\u00fcnk az Olajcseppekre &#8211; hiszen a (roppant nagy\u00edt\u00e1ssal l\u00e1that\u00f3v\u00e1 tett, teh\u00e1t val\u00f3j\u00e1ban mikroszkopikus) roppant, gigantikus kiterjed\u00e9sek \u00e9s a k\u00f6z\u00f6ns\u00e9gesen tapasztalhat\u00f3 k\u00f6zti megfelel\u00e9sre lett\u00fcnk ir\u00e1ny\u00edtva. Harmadik k\u00f6rben pedig visszasz\u00e1llunk k\u00e9t l\u00e1bbal a f\u00f6ldre: k\u00e9t fot\u00f3n az olajfolt mellett az aszfalt feh\u00e9r f\u00f6lfest\u00e9seinek itt minimalista geometrikus kompoz\u00edci\u00f3s elemk\u00e9nt szerepl\u0151 elidegen\u00edt\u0151 mot\u00edvumai dekonstru\u00e1lj\u00e1k az el\u0151z\u0151 olvasat p\u00e1tosz\u00e1t.\u201d<\/p>\n<p class=\"szerzo\">Paksi Endre Lehel<\/p>\n<p>\u201e\u2026A Lightfish sorozat k\u00e9pein meg mintha k\u00fcl\u00f6nleges, vibr\u00e1l\u00f3 m\u00e9lytengeri \u00e9l\u0151l\u00e9nyek jelenn\u00e9nek meg, de a felv\u00e9telek kapcs\u00e1n ism\u00e9t esz\u00fcnkbe juthatnak a csillagk\u00f6d\u00f6k \u00e9s az elektronikus interferencia\u00e1br\u00e1k, valamint a digit\u00e1lis k\u00e9palkot\u00e1s rejtelmei is, mik\u00f6zben a kiindul\u00f3pont ism\u00e9t egy \u201eanal\u00f3g\u201d kr\u00f3mlemez, melyet a m\u0171v\u00e9sz ez\u00fattal nem p\u00f6rget, hanem hajl\u00edtgat, \u00e9s a nap er\u0151s f\u00e9nyreflexei rajzol\u00f3dnak ki a pap\u00edron, illetve a f\u00e9nyk\u00e9pez\u0151g\u00e9p objekt\u00edvje el\u0151tt.<\/p>\n<p>V\u00e9gezet\u00fcl, a m\u00e9dium-m\u0171v\u00e9szeten \u00e1tsz\u0171rt kozmikus l\u00e1tk\u00e9p lez\u00e1r\u00e1sak\u00e9nt azt is lesz\u00f6gezhetj\u00fck, hogy J\u00falius k\u00e9pei nagyj\u00e1b\u00f3l ugyanazt tan\u00edtj\u00e1k nek\u00fcnk, mint Douglas Adams delfinjei: a vil\u00e1g nem felt\u00e9tlen\u00fcl olyan, amilyennek \u00e1ltal\u00e1ban l\u00e1tjuk megszokott lencs\u00e9inken \u00e9s sz\u0171r\u0151inken \u00e1t. A kultikus reg\u00e9nysorozat (Galaxis \u00fatikalauz stopposoknak) delfinnek l\u00e1tsz\u00f3, intergalaktikus l\u00e9nyei, akik nem h\u00e1bor\u00fakkal \u00e9s gyilkol\u00e1ssal, hanem megfigyel\u00e9ssel \u00e9s j\u00e1t\u00e9kkal t\u00f6lt\u00f6tt\u00e9k a rendelkez\u00e9s\u00fckre \u00e1ll\u00f3 id\u0151t a F\u00f6ld\u00f6n, \u00edgy ak\u00e1r m\u00e9g egy k\u00e9pz\u0151m\u0171v\u00e9szeti k\u00eds\u00e9rlet-sorozathoz is kiv\u00e1l\u00f3 mott\u00f3t adhatnak, melynek humora \u00e9s perspekt\u00edva-v\u00e1lt\u00e1sa a modern term\u00e9szettudom\u00e1nyokt\u00f3l \u00e9s a kittleri m\u00e9diaarcheol\u00f3gi\u00e1t\u00f3l sem idegen:<br \/>\n\u2013 Viszl\u00e1t, \u00e9s k\u00f6sz a halakat!\u201d<\/p>\n<p class=\"szerzo\">Hornyik S\u00e1ndor<\/p>\n<p>[\/vc_column_text][\/vc_column][\/vc_row][vc_row css_animation=&#8221;&#8221; row_type=&#8221;row&#8221; use_row_as_full_screen_section=&#8221;no&#8221; type=&#8221;full_width&#8221; angled_section=&#8221;no&#8221; text_align=&#8221;left&#8221; background_image_as_pattern=&#8221;without_pattern&#8221;][vc_column][vc_empty_space height=&#8221;72px&#8221;][\/vc_column][\/vc_row]<\/p>\n<\/div>","protected":false},"excerpt":{"rendered":"<p>[vc_row css_animation=&#8221;&#8221; row_type=&#8221;row&#8221; use_row_as_full_screen_section=&#8221;no&#8221; type=&#8221;grid&#8221; angled_section=&#8221;no&#8221; text_align=&#8221;left&#8221; background_image_as_pattern=&#8221;without_pattern&#8221;][vc_column][vc_empty_space height=&#8221;40px&#8221;][vc_column_text] J\u00daLIUS GYULA | Juxtapoz\u00edci\u00f3 [\/vc_column_text][vc_empty_space][\/vc_column][\/vc_row][vc_row css_animation=&#8221;&#8221;&#8230;<\/p>\n","protected":false},"author":1,"featured_media":0,"parent":9038,"menu_order":8,"comment_status":"closed","ping_status":"closed","template":"full_width.php","meta":{"inline_featured_image":false,"loftloader_pro_show_once":"","loftloader_pro_page_shortcode":"","footnotes":""},"class_list":["post-9057","page","type-page","status-publish","hentry"],"_links":{"self":[{"href":"https:\/\/budapestgaleria.hu\/_\/wp-json\/wp\/v2\/pages\/9057","targetHints":{"allow":["GET"]}}],"collection":[{"href":"https:\/\/budapestgaleria.hu\/_\/wp-json\/wp\/v2\/pages"}],"about":[{"href":"https:\/\/budapestgaleria.hu\/_\/wp-json\/wp\/v2\/types\/page"}],"author":[{"embeddable":true,"href":"https:\/\/budapestgaleria.hu\/_\/wp-json\/wp\/v2\/users\/1"}],"replies":[{"embeddable":true,"href":"https:\/\/budapestgaleria.hu\/_\/wp-json\/wp\/v2\/comments?post=9057"}],"version-history":[{"count":1,"href":"https:\/\/budapestgaleria.hu\/_\/wp-json\/wp\/v2\/pages\/9057\/revisions"}],"predecessor-version":[{"id":24029,"href":"https:\/\/budapestgaleria.hu\/_\/wp-json\/wp\/v2\/pages\/9057\/revisions\/24029"}],"up":[{"embeddable":true,"href":"https:\/\/budapestgaleria.hu\/_\/wp-json\/wp\/v2\/pages\/9038"}],"wp:attachment":[{"href":"https:\/\/budapestgaleria.hu\/_\/wp-json\/wp\/v2\/media?parent=9057"}],"curies":[{"name":"wp","href":"https:\/\/api.w.org\/{rel}","templated":true}]}}