{"id":9059,"date":"2015-01-25T22:23:27","date_gmt":"2015-01-25T22:23:27","guid":{"rendered":"http:\/\/budapestgaleria.hu\/_\/?page_id=9059"},"modified":"2015-01-29T21:41:01","modified_gmt":"2015-01-29T21:41:01","slug":"matai-attila-szent-es-profan","status":"publish","type":"page","link":"https:\/\/budapestgaleria.hu\/_\/kiallitasok-2011-budapest-galeria\/matai-attila-szent-es-profan\/","title":{"rendered":"M\u00e1tai Attila | Szent \u00e9s prof\u00e1n"},"content":{"rendered":"<div class=\"wpb-content-wrapper\"><p>[vc_row row_type=&#8221;row&#8221; use_row_as_full_screen_section=&#8221;no&#8221; type=&#8221;grid&#8221; text_align=&#8221;left&#8221; background_image_as_pattern=&#8221;without_pattern&#8221;][vc_column width=&#8221;1\/1&#8243;][vc_empty_space height=&#8221;40px&#8221;][vc_column_text]<\/p>\n<h2 class=\"cim_1\">M\u00c1TAI ATTILA | Szent \u00e9s prof\u00e1n<\/h2>\n<p>[\/vc_column_text][vc_empty_space height=&#8221;32px&#8221;][\/vc_column][\/vc_row][vc_row bgparallax=&#8221;parallax&#8221; contentwidth=&#8221;container&#8221; toppadding=&#8221;40&#8243; bottompadding=&#8221;10&#8243; border=&#8221;on&#8221; css=&#8221;.vc_custom_1420648296958{background-color: #ffffff !important;}&#8221; row_type=&#8221;row&#8221; use_row_as_full_screen_section=&#8221;no&#8221; type=&#8221;grid&#8221; text_align=&#8221;left&#8221; background_image_as_pattern=&#8221;without_pattern&#8221;][vc_column width=&#8221;1\/3&#8243; css=&#8221;.vc_custom_1420649554591{padding-right: 25px !important;}&#8221;][vc_column_text]<\/p>\n<p class=\"hely_bpgal\">Budapest Gal\u00e9ria<\/p>\n<p class=\"cim_bpgal\">1036 Budapest, Lajos utca 158.<\/p>\n<p class=\"datum_bpgal\">2011. augusztus 11 \u2013 okt\u00f3ber 6.<\/p>\n<p>[\/vc_column_text][vc_column_text]<\/p>\n<p class=\"kiemeles_bpgal\">Megnyit\u00f3:<\/p>\n<p class=\"kurrens_bpgal\">2011. augusztus 11. (cs\u00fct\u00f6rt\u00f6k), 17:00<\/p>\n<p class=\"kiemeles_bpgal\">Megnyitotta:<\/p>\n<p class=\"kurrens_bpgal\">SZAKOLCZAY LAJOS, m\u0171v\u00e9szetkritikus<\/p>\n<p class=\"kiemeles_bpgal\">K\u00f6zrem\u0171k\u00f6dik:<\/p>\n<p class=\"kurrens_bpgal\">OLGYAY GERG\u0150, git\u00e1r<\/p>\n<p>[\/vc_column_text][vc_empty_space height=&#8221;32px&#8221;][\/vc_column][vc_column width=&#8221;2\/3&#8243;][vc_column_text]N\u00e9h\u00e1ny gondolat az alkot\u00f3i vil\u00e1gb\u00f3l, amelyekben a k\u00e9peim sz\u00fcletnek:<\/p>\n<p>\u201eA tudatszintek k\u00f6z\u00f6tti k\u00f6zvet\u00edt\u00e9shez saj\u00e1tos tudat\u00e1llapotra van sz\u00fcks\u00e9g, amelyet a m\u00fbv\u00e9sz eset\u00e9ben ihletnek nevez\u00fcnk. L\u00e9nyeg\u00e9t tekintve arr\u00f3l van sz\u00f3, hogy mindenfajta alkot\u00f3 tev\u00e9kenys\u00e9g egy \u00bbm\u00e9lyebb\u00ab tudatszintr\u00f4l indul el, m\u00e9g miel\u00f4tt a kivitelez\u00e9s\u00e9rt felel\u00f4s logikus mechanizmusok aktiv\u00e1l\u00f3dn\u00e1nak.<br \/>\nK\u00e9peket alkotok. Sz\u00e1nd\u00e9kos ez a nyitott kategoriz\u00e1l\u00e1s, hiszen ez\u00e1ltal t\u00fall\u00e9phet\u00fcnk a festm\u00e9nyek vagy grafik\u00e1k megszokott keretein. Ezek a k\u00e9pek, egy k\u00fcl\u00f6n\u00f6s vil\u00e1gba transzpon\u00e1lj\u00e1k a n\u00e9z\u00f4t, befogad\u00f3t. Befel\u00e9 mutatnak. Ha \u00fagy tetszik, felfel\u00e9. Mindenk\u00e9ppen illik r\u00e1juk a fogalom: transzcendens. Seg\u00edtenek k\u00f6zelebb jutni ahhoz a \u00bbm\u00e1sik\u00ab val\u00f3s\u00e1ghoz, mely a l\u00e1that\u00f3 m\u00f6g\u00f6tt h\u00faz\u00f3dik, azzal szorosan \u00f6sszefon\u00f3dik, \u00e1ltala titkos, l\u00e1thatatlan m\u00e9lys\u00e9gekbe burkol\u00f3zik. Ez az \u00e9rz\u00e9kszerveken t\u00fali vil\u00e1g mindannyiunk \u00e9let\u00e9ben jelen van, s\u00f4t form\u00e1lja azt, k\u00e9rd\u00e9s persze, hogy mennyire vagyunk k\u00e9pesek r\u00e1l\u00e1tni, kapcsolatba l\u00e9pni vele. A vall\u00e1sok, \u00f4si szimb\u00f3lumok, m\u00fbv\u00e9szi alkot\u00e1sok, s\u00f4t az \u00e1lmok is ebb\u00f4l a rejtett vil\u00e1gb\u00f3l t\u00e1pl\u00e1lkoznak, \u00e9s seg\u00edtenek benn\u00fcnket \u00e9let\u00fcnk teljesebb meg\u00e9l\u00e9s\u00e9ben, meg\u00e9rt\u00e9s\u00e9ben.<\/p>\n<p>A nyugati ember sz\u00e1m\u00e1ra a bels\u00f4 figyelem, vagy szeml\u00e9l\u00f4d\u00e9s kev\u00e9sb\u00e9 ismert fogalmak. T\u00f6bbnyire a vil\u00e1gt\u00f3l elvonult szerzetesek \u00e1h\u00edtattal teljes bels\u00f4 im\u00e1ds\u00e1gaival azonos\u00edtj\u00e1k a jelens\u00e9get.<\/p>\n<p>Befel\u00e9 figyelni, elcsendesedni neh\u00e9z cselekv\u00e9si forma, azonban elker\u00fclhetetlen, ha valaki k\u00f6zelebb szeretne ker\u00fclni \u00f6nmag\u00e1hoz. \u00c9szrevenni a h\u00e9tk\u00f6znapi form\u00e1k m\u00f6g\u00f6tti tartalmakat, amelyek mellett k\u00f6nnyen elmegy\u00fcnk, vagy figyelm\u00fcnk \u00e1tsiklik felett\u00fck \u2013 m\u00e9g nehezebb.<\/p>\n<p>K\u00e9peim teh\u00e1t jelz\u00e9sek. Tal\u00e1n nem el\u00e9g megn\u00e9zni \u2013 szeml\u00e9lni kell \u00f4ket. Nyugodtan, t\u00fcrelemmel, nem siet\u00f4sen.<\/p>\n<p>Elid\u00f4zni vel\u00fck. Tov\u00e1bb hordozni magunkban. Engedni, hogy kibonts\u00e1k, l\u00e1that\u00f3v\u00e1 tegy\u00e9k l\u00e1thatatlan bels\u00f4 vil\u00e1gainkat.\u201d[\/vc_column_text][\/vc_column][\/vc_row][vc_row][vc_column width=&#8221;1\/1&#8243;][vc_empty_space height=&#8221;72px&#8221;][\/vc_column][\/vc_row]<\/p>\n<\/div>","protected":false},"excerpt":{"rendered":"<p>[vc_row row_type=&#8221;row&#8221; use_row_as_full_screen_section=&#8221;no&#8221; type=&#8221;grid&#8221; text_align=&#8221;left&#8221; background_image_as_pattern=&#8221;without_pattern&#8221;][vc_column width=&#8221;1\/1&#8243;][vc_empty_space height=&#8221;40px&#8221;][vc_column_text] M\u00c1TAI ATTILA | Szent \u00e9s prof\u00e1n [\/vc_column_text][vc_empty_space&#8230;<\/p>\n","protected":false},"author":1,"featured_media":0,"parent":9038,"menu_order":9,"comment_status":"open","ping_status":"open","template":"full_width.php","meta":{"inline_featured_image":false,"loftloader_pro_show_once":"","loftloader_pro_page_shortcode":"","footnotes":""},"class_list":["post-9059","page","type-page","status-publish","hentry"],"_links":{"self":[{"href":"https:\/\/budapestgaleria.hu\/_\/wp-json\/wp\/v2\/pages\/9059","targetHints":{"allow":["GET"]}}],"collection":[{"href":"https:\/\/budapestgaleria.hu\/_\/wp-json\/wp\/v2\/pages"}],"about":[{"href":"https:\/\/budapestgaleria.hu\/_\/wp-json\/wp\/v2\/types\/page"}],"author":[{"embeddable":true,"href":"https:\/\/budapestgaleria.hu\/_\/wp-json\/wp\/v2\/users\/1"}],"replies":[{"embeddable":true,"href":"https:\/\/budapestgaleria.hu\/_\/wp-json\/wp\/v2\/comments?post=9059"}],"version-history":[{"count":0,"href":"https:\/\/budapestgaleria.hu\/_\/wp-json\/wp\/v2\/pages\/9059\/revisions"}],"up":[{"embeddable":true,"href":"https:\/\/budapestgaleria.hu\/_\/wp-json\/wp\/v2\/pages\/9038"}],"wp:attachment":[{"href":"https:\/\/budapestgaleria.hu\/_\/wp-json\/wp\/v2\/media?parent=9059"}],"curies":[{"name":"wp","href":"https:\/\/api.w.org\/{rel}","templated":true}]}}