{"id":9061,"date":"2015-01-25T22:29:13","date_gmt":"2015-01-25T22:29:13","guid":{"rendered":"http:\/\/budapestgaleria.hu\/_\/?page_id=9061"},"modified":"2015-01-29T21:40:18","modified_gmt":"2015-01-29T21:40:18","slug":"krajtsovits-margit-keramikus-kiallitasa","status":"publish","type":"page","link":"https:\/\/budapestgaleria.hu\/_\/kiallitasok-2011-budapest-galeria\/krajtsovits-margit-keramikus-kiallitasa\/","title":{"rendered":"Krajtsovits Margit keramikus ki\u00e1ll\u00edt\u00e1sa"},"content":{"rendered":"<div class=\"wpb-content-wrapper\"><p>[vc_row row_type=&#8221;row&#8221; use_row_as_full_screen_section=&#8221;no&#8221; type=&#8221;grid&#8221; text_align=&#8221;left&#8221; background_image_as_pattern=&#8221;without_pattern&#8221;][vc_column width=&#8221;1\/1&#8243;][vc_empty_space height=&#8221;40px&#8221;][vc_column_text]<\/p>\n<h2 class=\"cim_1\">Krajtsovits Margit keramikus ki\u00e1ll\u00edt\u00e1sa<\/h2>\n<p>[\/vc_column_text][vc_empty_space height=&#8221;32px&#8221;][\/vc_column][\/vc_row][vc_row bgparallax=&#8221;parallax&#8221; contentwidth=&#8221;container&#8221; toppadding=&#8221;40&#8243; bottompadding=&#8221;10&#8243; border=&#8221;on&#8221; css=&#8221;.vc_custom_1420648296958{background-color: #ffffff !important;}&#8221; row_type=&#8221;row&#8221; use_row_as_full_screen_section=&#8221;no&#8221; type=&#8221;grid&#8221; text_align=&#8221;left&#8221; background_image_as_pattern=&#8221;without_pattern&#8221;][vc_column width=&#8221;1\/3&#8243; css=&#8221;.vc_custom_1420649554591{padding-right: 25px !important;}&#8221;][vc_column_text]<\/p>\n<p class=\"hely_bpgal\">Budapest Gal\u00e9ria<\/p>\n<p class=\"cim_bpgal\">1036 Budapest, Lajos utca 158.<\/p>\n<p class=\"datum_bpgal\">2011. augusztus 11 \u2013 okt\u00f3ber 16.<\/p>\n<p>[\/vc_column_text][vc_column_text]<\/p>\n<p class=\"kiemeles_bpgal\">Megnyit\u00f3:<\/p>\n<p class=\"kurrens_bpgal\">2011. augusztus 11. (cs\u00fct\u00f6rt\u00f6k), 17:00<\/p>\n<p class=\"kiemeles_bpgal\">Megnyitotta:<\/p>\n<p class=\"kurrens_bpgal\">FEKETE GY\u00d6RGY, professor emeritus, a Magyar M\u0171v\u00e9szeti Akad\u00e9mia eln\u00f6ke<\/p>\n<p>[\/vc_column_text][vc_empty_space height=&#8221;32px&#8221;][\/vc_column][vc_column width=&#8221;2\/3&#8243;][vc_column_text]<em>A m\u0171v\u00e9sz \u00edrja mag\u00e1r\u00f3l:<\/em><\/p>\n<p>1936-ban sz\u00fclettem Budapesten.<br \/>\n1955-ben \u00e9retts\u00e9giztem a K\u00e9pz\u0151- \u00e9s Iparm\u0171v\u00e9szeti Gimn\u00e1ziumban.<br \/>\n1960-ban kaptam diplom\u00e1t a Magyar Iparm\u0171v\u00e9szeti F\u0151iskol\u00e1n, mesterem Borsos Mikl\u00f3s volt.<br \/>\n1962 \u00f3ta \u00f6n\u00e1ll\u00f3an dolgozom.<br \/>\nSz\u00e1mos szimpozionon vettem r\u00e9szt, sokszor kaptam megh\u00edv\u00e1sos munkalehet\u0151s\u00e9get vagy \u00f6szt\u00f6nd\u00edjat a h\u00e1rom hazai ker\u00e1mia alkot\u00f3telepre, Sikl\u00f3sra, Kecskem\u00e9tre, H\u00f3dmez\u0151v\u00e1s\u00e1rhelyre. 1982-83-ban hat h\u00f3napig a R\u00f3mai Magyar Akad\u00e9mia \u00f6szt\u00f6nd\u00edjasa voltam. M\u00e1ig minden \u00e9vben r\u00e9szt veszek ki\u00e1ll\u00edt\u00e1sokon, \u00edgy k\u00fclf\u00f6ld\u00f6n is (Gualdo Tadino, Faenza, Vallauris, Valencia, Z\u00e1gr\u00e1b, Berlin, K\u00f6ln, Kuwait, B\u00e9cs, Lipcse, Erfurt, Frankfurt, Sz\u00f3fia, Pr\u00e1ga, Lendva stb.) Eddig tizenh\u00e1rom \u00f6n\u00e1ll\u00f3 ki\u00e1ll\u00edt\u00e1som volt, munk\u00e1im t\u00f6bb m\u00fazeumban \u00e9s k\u00f6zgy\u0171jtem\u00e9nyben megtal\u00e1lhat\u00f3k.<\/p>\n<p><strong>D\u00cdJAIM<\/strong><br \/>\n<strong>1979<\/strong> Gualdo Tadino, arany\u00e9rem<br \/>\n<strong>1983<\/strong> Gualdo Tadino, aranyplakett<br \/>\n<strong>1986<\/strong> Gualdo Tadino, II. d\u00edj<br \/>\n<strong>2000<\/strong> Ferenczy No\u00e9mi-d\u00edj<br \/>\n<strong>2000<\/strong> Reform\u00e1ci\u00f3 \u00e9s magyars\u00e1g p\u00e1ly\u00e1zat, II. d\u00edj<\/p>\n<p><strong>M\u0170VEIM K\u00d6ZGY\u0170JTEM\u00c9NYEKBEN<\/strong><br \/>\nIparm\u0171v\u00e9szeti M\u00fazeum, Budapest \u2022 Istituto Statele D&#8217;Arte Gy\u0171jtem\u00e9ny, R\u00f3ma \u2022 Janus Pannonius M\u00fazeum, P\u00e9cs \u2022 Ker\u00e1mia Alkot\u00f3telep Gy\u0171jtem\u00e9ny, Sikl\u00f3s \u2022 Museo della Ceramica Moderna, Gualdo Tadino \u2022 Nemzetk\u00f6zi Ker\u00e1mia St\u00fadi\u00f3 Gy\u0171jtem\u00e9ny, Kecskem\u00e9t.<\/p>\n<p>Hetven\u00f6t \u00e9ves leszek novemberben.<\/p>\n<p>El\u0151sz\u00f6r \u00e9letm\u0171-ki\u00e1ll\u00edt\u00e1s megrendez\u00e9s\u00e9re gondoltam a Budapest Gal\u00e9ria Ki\u00e1ll\u00edt\u00f3h\u00e1z\u00e1ban, de id\u00e9n j\u00faniusban v\u00e1ratlanul \u00f6szt\u00f6nd\u00edjat kaptam a h\u00f3dmez\u0151v\u00e1s\u00e1rhelyi Ker\u00e1mia K\u00f6zpontba, \u00edgy els\u0151sorban az ott k\u00e9sz\u00fclt munk\u00e1imat mutatom be, valamint v\u00e1logat\u00e1st az elm\u00falt h\u00e1rom \u00e9vtizedb\u0151l, ann\u00e1l is ink\u00e1bb, mert itt huszon\u00f6t \u00e9vvel ezel\u0151tt m\u00e1r volt ki\u00e1ll\u00edt\u00e1som, \u00edgy dupl\u00e1n is jubileum sz\u00e1momra ez a t\u00e1rlat.<\/p>\n<p>H\u00f3dmez\u0151v\u00e1s\u00e1rhely remek munkalehet\u0151s\u00e9get ny\u00fajt a gy\u00e1ri h\u00e1tt\u00e9r adotts\u00e1gaival a ker\u00e1mikus sz\u00e1m\u00e1ra. K\u00f6sz\u00f6n\u00f6m a Wartha Vince Alap\u00edtv\u00e1nynak, a Ker\u00e1mia Szakoszt\u00e1ly \u00e9s az Alap\u00edtv\u00e1ny eln\u00f6k\u00e9nek Pannonhalmi Zsuzs\u00e1nak ezt az \u00f6szt\u00f6nd\u00edjat. \u0150 m\u00e1r kor\u00e1bban is odafigyelt arra, hogy a ki\u00e1ll\u00edt\u00e1saimra megfelel\u0151 k\u00f6r\u00fclm\u00e9nyek k\u00f6z\u00f6tt k\u00e9sz\u00fclhessek.<\/p>\n<p>A ker\u00e1mia kifejez\u00e9sm\u00f3dja rendk\u00edv\u00fcl v\u00e1ltozatos. Nem csak a mondanival\u00f3 hat\u00e1rozza meg, hanem f\u00fcgg az anyagokt\u00f3l, a kemenc\u00e9kt\u0151l, az \u00e9get\u00e9s m\u00f3dj\u00e1t\u00f3l, h\u0151fok\u00e1t\u00f3l, id\u0151tartam\u00e1t\u00f3l. Amit nem tudok elmondani, k\u00f3dex-lapjaim \u00edr\u00e1s-imit\u00e1ci\u00f3i szeretn\u00e9k k\u00f6z\u00f6lni, s ezekhez, meg a t\u00f6bbi t\u00e1rgyhoz is k\u00fcl\u00f6nf\u00e9le anyagokat, pl. f\u00e1t, faforg\u00e1csot, textilt, r\u00e9zhuzalt, \u00fcveget, pap\u00edrt, pap\u00edrporcel\u00e1nt, hungarocellt haszn\u00e1lok. Hol kiveszem \u0151ket az agyagb\u00f3l \u00e9get\u00e9s el\u0151tt, hol azokkal egy\u00fctt \u00e9getem, s mindig k\u00fcl\u00f6nleges \u00e9lm\u00e9ny \u00fajra \u00e9s \u00fajra megtapasztalni, hogyan viselkednek ezek az anyagok a t\u0171zben.<\/p>\n<p class=\"szerzo\">Krajtsovits Margit<\/p>\n<p>[\/vc_column_text][\/vc_column][\/vc_row][vc_row][vc_column width=&#8221;1\/1&#8243;][vc_empty_space height=&#8221;72px&#8221;][\/vc_column][\/vc_row]<\/p>\n<\/div>","protected":false},"excerpt":{"rendered":"<p>[vc_row row_type=&#8221;row&#8221; use_row_as_full_screen_section=&#8221;no&#8221; type=&#8221;grid&#8221; text_align=&#8221;left&#8221; background_image_as_pattern=&#8221;without_pattern&#8221;][vc_column width=&#8221;1\/1&#8243;][vc_empty_space height=&#8221;40px&#8221;][vc_column_text] Krajtsovits Margit keramikus ki\u00e1ll\u00edt\u00e1sa [\/vc_column_text][vc_empty_space height=&#8221;32px&#8221;][\/vc_column][\/vc_row][vc_row bgparallax=&#8221;parallax&#8221;&#8230;<\/p>\n","protected":false},"author":1,"featured_media":0,"parent":9038,"menu_order":10,"comment_status":"open","ping_status":"open","template":"full_width.php","meta":{"inline_featured_image":false,"loftloader_pro_show_once":"","loftloader_pro_page_shortcode":"","footnotes":""},"class_list":["post-9061","page","type-page","status-publish","hentry"],"_links":{"self":[{"href":"https:\/\/budapestgaleria.hu\/_\/wp-json\/wp\/v2\/pages\/9061","targetHints":{"allow":["GET"]}}],"collection":[{"href":"https:\/\/budapestgaleria.hu\/_\/wp-json\/wp\/v2\/pages"}],"about":[{"href":"https:\/\/budapestgaleria.hu\/_\/wp-json\/wp\/v2\/types\/page"}],"author":[{"embeddable":true,"href":"https:\/\/budapestgaleria.hu\/_\/wp-json\/wp\/v2\/users\/1"}],"replies":[{"embeddable":true,"href":"https:\/\/budapestgaleria.hu\/_\/wp-json\/wp\/v2\/comments?post=9061"}],"version-history":[{"count":0,"href":"https:\/\/budapestgaleria.hu\/_\/wp-json\/wp\/v2\/pages\/9061\/revisions"}],"up":[{"embeddable":true,"href":"https:\/\/budapestgaleria.hu\/_\/wp-json\/wp\/v2\/pages\/9038"}],"wp:attachment":[{"href":"https:\/\/budapestgaleria.hu\/_\/wp-json\/wp\/v2\/media?parent=9061"}],"curies":[{"name":"wp","href":"https:\/\/api.w.org\/{rel}","templated":true}]}}