{"id":9063,"date":"2015-01-25T22:38:56","date_gmt":"2015-01-25T22:38:56","guid":{"rendered":"http:\/\/budapestgaleria.hu\/_\/?page_id=9063"},"modified":"2016-08-29T09:38:41","modified_gmt":"2016-08-29T09:38:41","slug":"keleti-eva-visszapillantasflashback-retrospektiv-kiallitas","status":"publish","type":"page","link":"https:\/\/budapestgaleria.hu\/_\/kiallitasok-2011-budapest-galeria\/keleti-eva-visszapillantasflashback-retrospektiv-kiallitas\/","title":{"rendered":"Keleti \u00c9va | Visszapillant\u00e1s\/Flashback \u2013 retrospekt\u00edv ki\u00e1ll\u00edt\u00e1s"},"content":{"rendered":"<div class=\"wpb-content-wrapper\"><p>[vc_row row_type=&#8221;row&#8221; use_row_as_full_screen_section=&#8221;no&#8221; type=&#8221;grid&#8221; angled_section=&#8221;no&#8221; text_align=&#8221;left&#8221; background_image_as_pattern=&#8221;without_pattern&#8221; css_animation=&#8221;&#8221;][vc_column][vc_empty_space height=&#8221;40px&#8221;][vc_column_text]<\/p>\n<h2 class=\"cim_1\">KELETI \u00c9VA | Visszapillant\u00e1s\/Flashback \u2013 retrospekt\u00edv ki\u00e1ll\u00edt\u00e1s<\/h2>\n<p>[\/vc_column_text][vc_empty_space][\/vc_column][\/vc_row][vc_row row_type=&#8221;row&#8221; use_row_as_full_screen_section=&#8221;no&#8221; type=&#8221;grid&#8221; angled_section=&#8221;no&#8221; text_align=&#8221;left&#8221; background_image_as_pattern=&#8221;without_pattern&#8221; css_animation=&#8221;&#8221; bgparallax=&#8221;parallax&#8221; contentwidth=&#8221;container&#8221; toppadding=&#8221;40&#8243; bottompadding=&#8221;10&#8243; border=&#8221;on&#8221; css=&#8221;.vc_custom_1420648296958{background-color: #ffffff !important;}&#8221;][vc_column width=&#8221;1\/3&#8243; css=&#8221;.vc_custom_1420649554591{padding-right: 25px !important;}&#8221;][vc_column_text]<\/p>\n<p class=\"hely_bpgal\">BTM \u2013 Budapest Ki\u00e1ll\u00edt\u00f3terem<\/p>\n<p class=\"cim_bpgal\">1056 Budapest, Szabad sajt\u00f3 \u00fat 158.<\/p>\n<p class=\"datum_bpgal\">2011. augusztus 25 \u2013 okt\u00f3ber 25.<\/p>\n<p>[\/vc_column_text][vc_column_text]<\/p>\n<p class=\"kiemeles_bpgal\">A ki\u00e1ll\u00edt\u00e1s kur\u00e1tora:<\/p>\n<p class=\"verzal_bpgal\">Szarka Kl\u00e1ra<br \/>\nG\u00e1ti Gy\u00f6rgy<\/p>\n<p>[\/vc_column_text][vc_column_text]<\/p>\n<p class=\"kiemeles_bpgal\">Megnyit\u00f3:<\/p>\n<p class=\"kurrens_bpgal\">2011. augusztus 25. (cs\u00fct\u00f6rt\u00f6k), 17:00<\/p>\n<p class=\"kiemeles_bpgal\">Megnyitotta:<\/p>\n<p class=\"kurrens_bpgal\">VEISZER ALINDA, Prima Primissima-d\u00edjas<br \/>\nszerkeszt\u0151, m\u0171sorvezet\u0151<\/p>\n<p class=\"kiemeles_bpgal\">K\u00f6sz\u00f6nt\u0151t mondott:<\/p>\n<p class=\"kurrens_bpgal\">SZIL\u00c1GYI TIBOR, Kossuth-d\u00edjas sz\u00ednm\u0171v\u00e9sz<\/p>\n<p class=\"iemeles_bpgal\">Moln\u00e1r G\u00e1l P\u00e9ter (1936 \u2013 2011)<br \/>\nsz\u00ednikritikus level\u00e9t felolvasta:<\/p>\n<p class=\"kurrens_bpgal\">R\u00c1BA ROLAND, sz\u00ednm\u0171v\u00e9sz, rendez\u0151<\/p>\n<p>[\/vc_column_text][\/vc_column][vc_column width=&#8221;2\/3&#8243;][vc_column_text]\u201e\u2026 egy \u00e9leten \u00e1t a fotogr\u00e1fia b\u0171v\u00f6let\u00e9ben lenni, ez az \u00e9n t\u00f6rt\u00e9netem.\u201d<\/p>\n<p>A mott\u00f3 a m\u0171v\u00e9sz \u00f6n\u00e9letrajz\u00e1b\u00f3l val\u00f3, s h\u00edven t\u00fckr\u00f6zi m\u00e1ig tart\u00f3 lelkesed\u00e9s\u00e9t hivat\u00e1sa ir\u00e1nt. A nyolcvanadik sz\u00fclet\u00e9snapj\u00e1t \u00fcnnepl\u0151 m\u0171v\u00e9sz mostani t\u00e1rlata \u2013 s \u00e9letm\u0171v\u00e9t bemutat\u00f3 albuma \u2013 visszapillant\u00e1s a fordulatos \u00e9s tartalmas szakmai \u00e9let\u00fatra. S az 1950-es \u00e9vek \u00f3ta folyton v\u00e1ltoz\u00f3, alakul\u00f3, n\u00e9ha el\u0151re, n\u00e9ha ink\u00e1bb h\u00e1tral\u00e9p\u0151 Magyarorsz\u00e1gra. Egyben \u2013 a hely \u00e9s id\u0151 szor\u00edt\u00e1sa miatt \u2013 k\u00e9nyszer\u0171 v\u00e1logat\u00e1s a t\u00f6bb mint f\u00e9l \u00e9vsz\u00e1zados alkot\u00f3i munka b\u0151s\u00e9ges term\u00e9s\u00e9b\u0151l.<\/p>\n<p>Aki ismeri Keleti \u00c9v\u00e1t, nem lep\u0151dik meg azon, hogy a m\u0171v\u00e9sz nem el\u00e9gedett meg puszt\u00e1n a m\u00e1r j\u00f3l ismert, nem t\u00falz\u00e1s azt mondani, ikonikuss\u00e1 v\u00e1lt m\u0171vei \u00fajabb el\u0151sorol\u00e1s\u00e1val. Ez nem r\u00e1 vallana. Hossz\u00fa \u00e9s alapos munk\u00e1val n\u00e9zte \u00e1t arch\u00edvum\u00e1nak \u2013 \u00e9s eml\u00e9kezet\u00e9nek \u2013 megannyi fi\u00f3kj\u00e1t, ez\u00fattal sem takar\u00e9koskodva id\u0151vel \u00e9s energi\u00e1val.<\/p>\n<p>Ami el\u0151ker\u00fclt \u2013 a klasszikus, kihagyhatatlan k\u00e9pek mell\u00e9 \u2013, az n\u00e9mi blaszf\u00e9mi\u00e1val sz\u00f3lva, t\u00f6bb mint \u00e9rt\u00e9kes: \u00e9rdekes. A klasszikus h\u00edr\u00fcgyn\u00f6ks\u00e9gi fot\u00f3s tematikailag sz\u00ednes riportjait\u00f3l, a meghat\u00f3an sz\u00e9p, megh\u00f6kkent\u0151en brav\u00faros t\u00e1nck\u00e9peken \u00e1t, a sz\u00ednh\u00e1zak vil\u00e1g\u00e1nak \u00e9des-b\u00fas \u00f6r\u00fclet\u00e9ig, a sz\u00edn\u00e9szek milli\u00f3 arc\u00e1nak, igaz \u00e9s elj\u00e1tszott gesztusainak meg\u00f6r\u00f6k\u00edt\u00e9s\u00e9ig vezet el benn\u00fcnket. S m\u00e9g tov\u00e1bb. Ugyanis, mellesleg, vannak itt m\u00e9g \u00edr\u00f3k, k\u00f6lt\u0151k, fest\u0151k, zen\u00e9szek, filmesek \u00e9s m\u00e9g politikusok is. Jobb\u00e1ra \u00fagy, ahogy m\u00e9g sohasem l\u00e1ttuk \u0151ket. De nemcsak \u00d6rk\u00e9nyt\u0151l R\u00e1nki Dezs\u0151ig, hanem B\u00f6llt\u0151l Milo\u0161 Formanig szinte mindenki, aki sz\u00e1m\u00edtott az elm\u00falt \u00f6t \u00e9vtizedben.<\/p>\n<p>A fotogr\u00e1fus Keleti \u00c9va a f\u00e9nyk\u00e9pez\u00e9sen t\u00fal is tud valamit. El\u0151tte kit\u00e1rultak az otthonok ajt\u00f3i, s \u0151 szinte csal\u00e1dtagk\u00e9nt ker\u00fclhetett eg\u00e9szen k\u00f6zel am\u00fagy gyakran z\u00e1rk\u00f3zott modelljeihez. Mi a titka? A t\u00fcrelem, a szakmai odaad\u00e1s, az emp\u00e1tia, az ember tisztelete. Eg\u00e9sz alkot\u00f3i p\u00e1ly\u00e1ja err\u0151l vall.[\/vc_column_text][\/vc_column][\/vc_row][vc_row row_type=&#8221;row&#8221; use_row_as_full_screen_section=&#8221;no&#8221; type=&#8221;full_width&#8221; angled_section=&#8221;no&#8221; text_align=&#8221;left&#8221; background_image_as_pattern=&#8221;without_pattern&#8221; css_animation=&#8221;&#8221;][vc_column][vc_empty_space height=&#8221;72px&#8221;][\/vc_column][\/vc_row]<\/p>\n<\/div>","protected":false},"excerpt":{"rendered":"<p>[vc_row row_type=&#8221;row&#8221; use_row_as_full_screen_section=&#8221;no&#8221; type=&#8221;grid&#8221; angled_section=&#8221;no&#8221; text_align=&#8221;left&#8221; background_image_as_pattern=&#8221;without_pattern&#8221; css_animation=&#8221;&#8221;][vc_column][vc_empty_space height=&#8221;40px&#8221;][vc_column_text] KELETI \u00c9VA | Visszapillant\u00e1s\/Flashback \u2013 retrospekt\u00edv&#8230;<\/p>\n","protected":false},"author":1,"featured_media":0,"parent":9038,"menu_order":11,"comment_status":"open","ping_status":"open","template":"full_width.php","meta":{"inline_featured_image":false,"loftloader_pro_show_once":"","loftloader_pro_page_shortcode":"","footnotes":""},"class_list":["post-9063","page","type-page","status-publish","hentry"],"_links":{"self":[{"href":"https:\/\/budapestgaleria.hu\/_\/wp-json\/wp\/v2\/pages\/9063","targetHints":{"allow":["GET"]}}],"collection":[{"href":"https:\/\/budapestgaleria.hu\/_\/wp-json\/wp\/v2\/pages"}],"about":[{"href":"https:\/\/budapestgaleria.hu\/_\/wp-json\/wp\/v2\/types\/page"}],"author":[{"embeddable":true,"href":"https:\/\/budapestgaleria.hu\/_\/wp-json\/wp\/v2\/users\/1"}],"replies":[{"embeddable":true,"href":"https:\/\/budapestgaleria.hu\/_\/wp-json\/wp\/v2\/comments?post=9063"}],"version-history":[{"count":0,"href":"https:\/\/budapestgaleria.hu\/_\/wp-json\/wp\/v2\/pages\/9063\/revisions"}],"up":[{"embeddable":true,"href":"https:\/\/budapestgaleria.hu\/_\/wp-json\/wp\/v2\/pages\/9038"}],"wp:attachment":[{"href":"https:\/\/budapestgaleria.hu\/_\/wp-json\/wp\/v2\/media?parent=9063"}],"curies":[{"name":"wp","href":"https:\/\/api.w.org\/{rel}","templated":true}]}}