{"id":9067,"date":"2015-01-25T22:45:24","date_gmt":"2015-01-25T22:45:24","guid":{"rendered":"http:\/\/budapestgaleria.hu\/_\/?page_id=9067"},"modified":"2015-01-29T21:41:44","modified_gmt":"2015-01-29T21:41:44","slug":"matzon-akos-relief","status":"publish","type":"page","link":"https:\/\/budapestgaleria.hu\/_\/kiallitasok-2011-budapest-galeria\/matzon-akos-relief\/","title":{"rendered":"Matzon \u00c1kos | Relief"},"content":{"rendered":"<div class=\"wpb-content-wrapper\"><p>[vc_row row_type=&#8221;row&#8221; use_row_as_full_screen_section=&#8221;no&#8221; type=&#8221;grid&#8221; text_align=&#8221;left&#8221; background_image_as_pattern=&#8221;without_pattern&#8221;][vc_column width=&#8221;1\/1&#8243;][vc_empty_space height=&#8221;40px&#8221;][vc_column_text]<\/p>\n<h2 class=\"cim_1\">MATZON \u00c1KOS | Relief<\/h2>\n<p>[\/vc_column_text][vc_empty_space height=&#8221;32px&#8221;][\/vc_column][\/vc_row][vc_row bgparallax=&#8221;parallax&#8221; contentwidth=&#8221;container&#8221; toppadding=&#8221;40&#8243; bottompadding=&#8221;10&#8243; border=&#8221;on&#8221; css=&#8221;.vc_custom_1420648296958{background-color: #ffffff !important;}&#8221; row_type=&#8221;row&#8221; use_row_as_full_screen_section=&#8221;no&#8221; type=&#8221;grid&#8221; text_align=&#8221;left&#8221; background_image_as_pattern=&#8221;without_pattern&#8221;][vc_column width=&#8221;1\/3&#8243; css=&#8221;.vc_custom_1420649554591{padding-right: 25px !important;}&#8221;][vc_column_text]<\/p>\n<p class=\"hely_bpgal\">BTM \u2013 Budapest Ki\u00e1ll\u00edt\u00f3terem<\/p>\n<p class=\"cim_bpgal\">1056 Budapest, Szabad Sajt\u00f3 \u00fat 5.<\/p>\n<p class=\"datum_bpgal\">2011. szeptemberr 29 \u2013 okr\u00f3ber 30.<\/p>\n<p>[\/vc_column_text][vc_column_text]<\/p>\n<p class=\"kiemeles_bpgal\">Megnyit\u00f3:<\/p>\n<p class=\"kurrens_bpgal\">2011. szeptember 29. (cs\u00fct\u00f6rt\u00f6k), 17:00<\/p>\n<p class=\"kiemeles_bpgal\">Megnyitotta:<\/p>\n<p class=\"kurrens_bpgal\">ROCKENBAUER ZOLT\u00c1N, m\u0171v\u00e9szett\u00f6rt\u00e9n\u00e9sz, PhD<\/p>\n<p class=\"kiemeles_bpgal\">K\u00f6zrem\u0171k\u00f6d\u00f6tt:<\/p>\n<p class=\"kurrens_bpgal\">ROZM\u00c1N LAJOS, klarin\u00e9tm\u0171v\u00e9sz<\/p>\n<p>[\/vc_column_text][\/vc_column][vc_column width=&#8221;2\/3&#8243;][vc_column_text]\u201eA k\u00e9sz\u00edtend\u0151 m\u0171vek reliefek \u00e9s objektek, melyeknek \u00f6sszefoglal\u00f3an l\u00e9nyeg\u00fck, hogy f\u00e1b\u00f3l, kartonb\u00f3l, v\u00e1gott telefonk\u00f6nyvekb\u0151l (teh\u00e1t k\u00fcl\u00f6nb\u00f6z\u0151 anyagokb\u00f3l), k\u00e9sz\u00edtett filigr\u00e1n has\u00e1bok sokas\u00e1ga egyenk\u00e9nt egym\u00e1ssal egy k\u00f6vethetetlen\u00fcl logik\u00e1tlan logikus egy\u00fcttesben alkotja a k\u00e9pmez\u0151 j\u00f3 r\u00e9sz\u00e9t \u00e9s \u00f6nmaguk helyzet\u00e9b\u0151l ad\u00f3d\u00f3an f\u00e9nyeket ill. \u00e1rny\u00e9kokat induk\u00e1lnak.<\/p>\n<p>A k\u00f6nyvk\u00e9pekn\u00e9l a j\u00e1t\u00e9kosan rendezett k\u00f6nyvhas\u00e1bok \u00e9lein l\u00e1tensen megjelen\u0151 bet\u0171k a kult\u00far\u00e1ba vetett hitet \u00e9s optimizmust is k\u00edv\u00e1nj\u00e1k k\u00f6zvet\u00edteni az els\u0151dleges l\u00e1tv\u00e1nyon t\u00fal. A k\u00f6nyv megjelen\u00edt\u00e9se \u00e9s felhaszn\u00e1l\u00e1sa m\u00e1r r\u00e9g\u00f3ta foglalkoztat, mert a k\u00f6nyv maga a kult\u00fara ikonikus jele is.<\/p>\n<p>A m\u0171vek m\u00e1sik csoportja a k\u00e9t, vagy h\u00e1rom f\u00e9lb\u0151l, harmadokb\u00f3l vari\u00e1lhat\u00f3an \u00f6ssze\u00e1ll\u00edtand\u00f3 m\u0171vek \u2013 reliefek, mintegy sz\u00e1rnyasolt\u00e1r, a hitet, mint apriori fogalmat \u00e9rz\u00e9keltetik ugyancsak az els\u0151dleges f\u00e9ny-\u00e1rny\u00e9k megjelen\u00e9s\u00e9n t\u00fal. Enn\u00e9l a m\u0171t\u00e1rgycsoportn\u00e1l a m\u0171be be\u00e9p\u00edtett t\u00fck\u00f6r \u201ef\u00e9nys\u00e1vok\u201d a szeml\u00e9l\u0151d\u0151 \u00e9s a m\u0171 k\u00f6z\u00f6tti kapcsolatot (interaktivit\u00e1st) k\u00edv\u00e1nja megteremteni.\u201d<\/p>\n<p class=\"szerzo\">Matzon \u00c1kos<\/p>\n<p>[\/vc_column_text][\/vc_column][\/vc_row][vc_row][vc_column width=&#8221;1\/1&#8243;][vc_empty_space height=&#8221;72px&#8221;][\/vc_column][\/vc_row]<\/p>\n<\/div>","protected":false},"excerpt":{"rendered":"<p>[vc_row row_type=&#8221;row&#8221; use_row_as_full_screen_section=&#8221;no&#8221; type=&#8221;grid&#8221; text_align=&#8221;left&#8221; background_image_as_pattern=&#8221;without_pattern&#8221;][vc_column width=&#8221;1\/1&#8243;][vc_empty_space height=&#8221;40px&#8221;][vc_column_text] MATZON \u00c1KOS | Relief [\/vc_column_text][vc_empty_space height=&#8221;32px&#8221;][\/vc_column][\/vc_row][vc_row bgparallax=&#8221;parallax&#8221;&#8230;<\/p>\n","protected":false},"author":1,"featured_media":0,"parent":9038,"menu_order":12,"comment_status":"open","ping_status":"open","template":"full_width.php","meta":{"inline_featured_image":false,"loftloader_pro_show_once":"","loftloader_pro_page_shortcode":"","footnotes":""},"class_list":["post-9067","page","type-page","status-publish","hentry"],"_links":{"self":[{"href":"https:\/\/budapestgaleria.hu\/_\/wp-json\/wp\/v2\/pages\/9067","targetHints":{"allow":["GET"]}}],"collection":[{"href":"https:\/\/budapestgaleria.hu\/_\/wp-json\/wp\/v2\/pages"}],"about":[{"href":"https:\/\/budapestgaleria.hu\/_\/wp-json\/wp\/v2\/types\/page"}],"author":[{"embeddable":true,"href":"https:\/\/budapestgaleria.hu\/_\/wp-json\/wp\/v2\/users\/1"}],"replies":[{"embeddable":true,"href":"https:\/\/budapestgaleria.hu\/_\/wp-json\/wp\/v2\/comments?post=9067"}],"version-history":[{"count":0,"href":"https:\/\/budapestgaleria.hu\/_\/wp-json\/wp\/v2\/pages\/9067\/revisions"}],"up":[{"embeddable":true,"href":"https:\/\/budapestgaleria.hu\/_\/wp-json\/wp\/v2\/pages\/9038"}],"wp:attachment":[{"href":"https:\/\/budapestgaleria.hu\/_\/wp-json\/wp\/v2\/media?parent=9067"}],"curies":[{"name":"wp","href":"https:\/\/api.w.org\/{rel}","templated":true}]}}