{"id":9077,"date":"2015-01-25T23:23:01","date_gmt":"2015-01-25T23:23:01","guid":{"rendered":"http:\/\/budapestgaleria.hu\/_\/?page_id=9077"},"modified":"2015-01-25T23:24:29","modified_gmt":"2015-01-25T23:24:29","slug":"kezfogas-handedruck-budapest-karlsruhe-magyar-nemet-iparmuveszeti-kiallitas","status":"publish","type":"page","link":"https:\/\/budapestgaleria.hu\/_\/kiallitasok-2011-budapest-galeria\/kezfogas-handedruck-budapest-karlsruhe-magyar-nemet-iparmuveszeti-kiallitas\/","title":{"rendered":"K\u00e9zfog\u00e1s \/ H\u00e4ndedruck \u2013 Budapest \/ Karlsruhe | magyar-n\u00e9met iparm\u0171v\u00e9szeti ki\u00e1ll\u00edt\u00e1s"},"content":{"rendered":"<div class=\"wpb-content-wrapper\"><p>[vc_row row_type=&#8221;row&#8221; use_row_as_full_screen_section=&#8221;no&#8221; type=&#8221;grid&#8221; text_align=&#8221;left&#8221; background_image_as_pattern=&#8221;without_pattern&#8221;][vc_column width=&#8221;1\/1&#8243;][vc_empty_space height=&#8221;40px&#8221;][vc_column_text]<\/p>\n<h2 class=\"cim_1\">K\u00e9zfog\u00e1s \/ H\u00e4ndedruck \u2013 Budapest \/ Karlsruhe | magyar-n\u00e9met iparm\u0171v\u00e9szeti ki\u00e1ll\u00edt\u00e1s<\/h2>\n<p>[\/vc_column_text][vc_empty_space height=&#8221;32px&#8221;][\/vc_column][\/vc_row][vc_row bgparallax=&#8221;parallax&#8221; contentwidth=&#8221;container&#8221; toppadding=&#8221;40&#8243; bottompadding=&#8221;10&#8243; border=&#8221;on&#8221; css=&#8221;.vc_custom_1420648296958{background-color: #ffffff !important;}&#8221; row_type=&#8221;row&#8221; use_row_as_full_screen_section=&#8221;no&#8221; type=&#8221;grid&#8221; text_align=&#8221;left&#8221; background_image_as_pattern=&#8221;without_pattern&#8221;][vc_column width=&#8221;1\/3&#8243; css=&#8221;.vc_custom_1420649554591{padding-right: 25px !important;}&#8221;][vc_column_text]<\/p>\n<p class=\"hely_bpgal\">BTM \u2013 Budapest Ki\u00e1ll\u00edt\u00f3terem<\/p>\n<p class=\"cim_bpgal\">1056 Budapest, Szabad sajt\u00f3 \u00fat 5.<\/p>\n<p class=\"datum_bpgal\">2011. november 4 \u2013 december 4.<\/p>\n<p>[\/vc_column_text][vc_column_text]<\/p>\n<p class=\"kiemeles_bpgal\">Ki\u00e1ll\u00edt\u00f3 m\u0171v\u00e9szek:<\/p>\n<p class=\"verzal_bpgal\">Bartha \u00c1gnes | Bein Kl\u00e1ra | Borza Ter\u00e9z | L\u00e9vai N\u00f3ra | Manninger M\u00e1ria | P\u00e1jer Em\u00edlia | Penkala \u00c9va | Pinviczki Judit | Szemereki Ter\u00e9z | Vit\u00e1nyi Anna | Pacsika Lia | Sz\u00e9les Edina<\/p>\n<p class=\"verzal_bpgal\">Zdenka Brock | Gisella Codara | Susanne Goldbac | Susanne H\u00f6gner | Sabina Hunger | Philine-Johanna Kempf | Sabine Kranz | Dagmar Langer | Annette Lechler | Eva Nirk | Uta Ohndorf Roesiger | Rose Schrade | Sine Semlj\u00e9 | Martina Sigmund-Servetti | Helga Weilacher-Stieler | Heike Utta<\/p>\n<p>[\/vc_column_text][vc_column_text]<\/p>\n<p class=\"kiemeles_bpgal\">Megnyit\u00f3:<\/p>\n<p class=\"kurrens_bpgal\">2011. november 4., (p\u00e9ntek), 17:00<\/p>\n<p class=\"kiemeles_bpgal\">Megnyitotta:<\/p>\n<p class=\"kurrens_bpgal\">JANKOVICS MARCELL, Kossuth- \u00e9s Prima Primissima-d\u00edjas rajzfilmrendez\u0151<\/p>\n<p class=\"kiemeles_bpgal\">K\u00f6zrem\u0171k\u00f6d\u00f6tt:<\/p>\n<p class=\"kurrens_bpgal\">MOMENTO, a Moholy-Nagy M\u0171v\u00e9szeti Egyetem kamarak\u00f3rusa.<\/p>\n<p>[\/vc_column_text][vc_empty_space height=&#8221;32px&#8221;][\/vc_column][vc_column width=&#8221;2\/3&#8243;][vc_column_text]Ki\u00e1ll\u00edt\u00e1sunk a 2010-ben, Karlsruh\u00e9ban, a XX. Eur\u00f3pai Kult\u00farnapok keret\u00e9ben rendezett \u00c1thidalni\/\u00dcberbr\u00fccken c\u00edm\u0171 t\u00e1rlat viszonz\u00e1sak\u00e9ppen mutatja be a mai magyar \u00e9s n\u00e9met iparm\u0171v\u00e9szet jeles alkot\u00f3inak munk\u00e1it.<\/p>\n<p>A ki\u00e1ll\u00edt\u00e1st l\u00e9trej\u00f6tt\u00e9t t\u00e1mogatta: Magyar K\u00e9pz\u0151 \u00e9s Iparm\u0171v\u00e9szek Sz\u00f6vets\u00e9ge[\/vc_column_text][vc_empty_space height=&#8221;20px&#8221;][\/vc_column][\/vc_row]<\/p>\n<\/div>","protected":false},"excerpt":{"rendered":"<p>[vc_row row_type=&#8221;row&#8221; use_row_as_full_screen_section=&#8221;no&#8221; type=&#8221;grid&#8221; text_align=&#8221;left&#8221; background_image_as_pattern=&#8221;without_pattern&#8221;][vc_column width=&#8221;1\/1&#8243;][vc_empty_space height=&#8221;40px&#8221;][vc_column_text] K\u00e9zfog\u00e1s \/ H\u00e4ndedruck \u2013 Budapest \/ Karlsruhe&#8230;<\/p>\n","protected":false},"author":1,"featured_media":0,"parent":9038,"menu_order":14,"comment_status":"open","ping_status":"open","template":"full_width.php","meta":{"inline_featured_image":false,"loftloader_pro_show_once":"","loftloader_pro_page_shortcode":"","footnotes":""},"class_list":["post-9077","page","type-page","status-publish","hentry"],"_links":{"self":[{"href":"https:\/\/budapestgaleria.hu\/_\/wp-json\/wp\/v2\/pages\/9077","targetHints":{"allow":["GET"]}}],"collection":[{"href":"https:\/\/budapestgaleria.hu\/_\/wp-json\/wp\/v2\/pages"}],"about":[{"href":"https:\/\/budapestgaleria.hu\/_\/wp-json\/wp\/v2\/types\/page"}],"author":[{"embeddable":true,"href":"https:\/\/budapestgaleria.hu\/_\/wp-json\/wp\/v2\/users\/1"}],"replies":[{"embeddable":true,"href":"https:\/\/budapestgaleria.hu\/_\/wp-json\/wp\/v2\/comments?post=9077"}],"version-history":[{"count":0,"href":"https:\/\/budapestgaleria.hu\/_\/wp-json\/wp\/v2\/pages\/9077\/revisions"}],"up":[{"embeddable":true,"href":"https:\/\/budapestgaleria.hu\/_\/wp-json\/wp\/v2\/pages\/9038"}],"wp:attachment":[{"href":"https:\/\/budapestgaleria.hu\/_\/wp-json\/wp\/v2\/media?parent=9077"}],"curies":[{"name":"wp","href":"https:\/\/api.w.org\/{rel}","templated":true}]}}