{"id":9081,"date":"2015-01-25T23:30:11","date_gmt":"2015-01-25T23:30:11","guid":{"rendered":"http:\/\/budapestgaleria.hu\/_\/?page_id=9081"},"modified":"2015-01-29T21:31:11","modified_gmt":"2015-01-29T21:31:11","slug":"a-nemzetkozi-kepes-tarsasag-kiallitasa","status":"publish","type":"page","link":"https:\/\/budapestgaleria.hu\/_\/kiallitasok-2011-budapest-galeria\/a-nemzetkozi-kepes-tarsasag-kiallitasa\/","title":{"rendered":"A Nemzetk\u00f6zi Kepes T\u00e1rsas\u00e1g Ki\u00e1ll\u00edt\u00e1sa"},"content":{"rendered":"<div class=\"wpb-content-wrapper\"><p>[vc_row row_type=&#8221;row&#8221; use_row_as_full_screen_section=&#8221;no&#8221; type=&#8221;grid&#8221; text_align=&#8221;left&#8221; background_image_as_pattern=&#8221;without_pattern&#8221;][vc_column width=&#8221;1\/1&#8243;][vc_empty_space height=&#8221;40px&#8221;][vc_column_text]<\/p>\n<h2 class=\"cim_1\">A Nemzetk\u00f6zi Kepes T\u00e1rsas\u00e1g Ki\u00e1ll\u00edt\u00e1sa<\/h2>\n<p>[\/vc_column_text][vc_empty_space height=&#8221;32px&#8221;][\/vc_column][\/vc_row][vc_row bgparallax=&#8221;parallax&#8221; contentwidth=&#8221;container&#8221; toppadding=&#8221;40&#8243; bottompadding=&#8221;10&#8243; border=&#8221;on&#8221; css=&#8221;.vc_custom_1420648296958{background-color: #ffffff !important;}&#8221; row_type=&#8221;row&#8221; use_row_as_full_screen_section=&#8221;no&#8221; type=&#8221;grid&#8221; text_align=&#8221;left&#8221; background_image_as_pattern=&#8221;without_pattern&#8221;][vc_column width=&#8221;1\/3&#8243; css=&#8221;.vc_custom_1420649554591{padding-right: 25px !important;}&#8221;][vc_column_text]<\/p>\n<p class=\"hely_bpgal\">BTM \u2013 Budapest Ki\u00e1ll\u00edt\u00f3terem<\/p>\n<p class=\"cim_bpgal\">1056 Budapest, Szabad sajt\u00f3 \u00fat 5.<\/p>\n<p class=\"datum_bpgal\">2011. december 15 \u2013 2012. janu\u00e1r 15.<\/p>\n<p>[\/vc_column_text][vc_column_text]<\/p>\n<p class=\"kiemeles_bpgal\">Megnyit\u00f3:<\/p>\n<p class=\"kurrens_bpgal\">2011. december 15., (cs\u00fct\u00f6rt\u00f6k), 17:00<\/p>\n<p class=\"kiemeles_bpgal\">Megnyitotta:<\/p>\n<p class=\"kurrens_bpgal\">DR. KRO\u00d3 NORBERT, fizikus, akad\u00e9mikus<\/p>\n<p class=\"kiemeles_bpgal\">K\u00f6sz\u00f6nt\u0151t mondott:<\/p>\n<p class=\"kurrens_bpgal\">CS\u00c1JI ATTILA, k\u00e9pz\u0151m\u0171v\u00e9sz, a Nemzetk\u00f6zi Kepes T\u00e1rsas\u00e1g eln\u00f6ke<\/p>\n<p>[\/vc_column_text][vc_empty_space height=&#8221;32px&#8221;][\/vc_column][vc_column width=&#8221;2\/3&#8243;][vc_column_text]A Nemzetk\u00f6zi Kepes T\u00e1rsas\u00e1g az egyetemes kutat\u00e1si eredm\u00e9nyek bemutat\u00e1s\u00e1t, felhaszn\u00e1l\u00e1s\u00e1t, m\u0171v\u00e9szeti alkot\u00f3 \u00e9s kutat\u00e1si programok t\u00e1mogat\u00e1s\u00e1t k\u00edv\u00e1nja megval\u00f3s\u00edtani. Tagjaink m\u0171v\u00e9szek, tud\u00f3sok, kutat\u00f3m\u00e9rn\u00f6k\u00f6k 85-en, 14 orsz\u00e1gb\u00f3l. K\u00f6zt\u00fck szakm\u00e1juk kiemelked\u0151 k\u00e9pvisel\u0151i, nemzetk\u00f6zi h\u00edr\u0171 m\u0171v\u00e9szek, mint Michael Bleyenberg (K\u00f6ln), Carlo Bernardini (Mil\u00e1no), Bortnyik \u00c9va \u2013 Tub\u00e1k Csaba (B\u00e9cs), Cs\u00e1ji Attila (Budapest), Haraszty Istv\u00e1n (Budapest), Dieter Yung (Berlin), Mischa Kuball (D\u00fcsseldorf), Esa Laurema (Helsinki), Ilona L\u00e9n\u00e1rd (Rotterdam), Antti Maasalo (Lehtimaki), Kas Oosterhuis (Rotterdam), Moln\u00e1r Vera (P\u00e1rizs), Mattis-Teutsch Waldemar (Brass\u00f3) Judith N\u2019mes (P\u00e1rizs), Mengy\u00e1n Andr\u00e1s (Budapest), Ingo Glass (M\u00fcnchen), Vlacheslav Koleischuk (Moszkva), Orosz Istv\u00e1n (Budapest), John Powel (Boston), Waltraut Cooper (B\u00e9cs), Sally Weber (Austin) \u00e9s m\u00e1sok.<\/p>\n<p>El\u0151 k\u00edv\u00e1njuk seg\u00edteni olyan emberi kapcsolatok l\u00e9trej\u00f6tt\u00e9t, elm\u00e9ly\u00edt\u00e9s\u00e9t elt\u00e9r\u0151 szakter\u00fcletek \u00e9s nemzetek k\u00e9pvisel\u0151i k\u00f6z\u00f6tt, amelyek k\u00f6lcs\u00f6n\u00f6sen term\u00e9keny\u00edt\u0151ek lehetnek \u00e9s \u00f6sszek\u00f6t\u0151 h\u00eddjuk minden felel\u0151ss\u00e9gteljes emberi kreativit\u00e1s, de k\u00fcl\u00f6n\u00f6sen a m\u0171v\u00e9szet. Kepes Gy\u00f6rgy szellem\u00e9nek \u00e9s tev\u00e9kenys\u00e9g\u00e9nek megfelel\u0151en t\u00e1rsas\u00e1gunk m\u0171v\u00e9sztagjai nem csup\u00e1n a technikai m\u0171v\u00e9szetekkel foglalkoz\u00f3k k\u00f6z\u00fcl ker\u00fclnek ki. Szerepelnek k\u00f6zt\u00fck grafikusok, fest\u0151k \u00e9s szobr\u00e1szok, \u00e9p\u00edt\u00e9szek, iparm\u0171v\u00e9szek, vizu\u00e1lis pedag\u00f3gi\u00e1val foglalkoz\u00f3k, fot\u00f3sok, els\u0151sorban a k\u00eds\u00e9rleti fotogr\u00e1fia ter\u00fclet\u00e9r\u0151l. K\u00f6z\u00f6s benn\u00fck mai \u00e9let\u00fcnk \u00e9s az \u00faj tudom\u00e1nyos \u00e9s technikai eredm\u00e9nyek ir\u00e1nti fog\u00e9konys\u00e1g. Tev\u00e9kenys\u00e9g\u00fck nem puszt\u00e1n a technikai m\u0171v\u00e9szeteket \u00e9rinti, de magj\u00e1t az a f\u00e9nym\u0171v\u00e9szeti t\u00e1rsas\u00e1g k\u00e9pezi, akik a Cs\u00e1ji Attila \u00e1ltal kezdem\u00e9nyezett, periodikusan visszat\u00e9r\u0151 f\u00e9nyszimp\u00f3ziumokon ismert\u00e9k meg alaposabban egym\u00e1st. Kepes Gy\u00f6rgy a XX. sz\u00e1zad egyik legjelent\u0151sebb fot\u00f3m\u0171v\u00e9sze is volt, ebb\u0151l fakad, hogy a t\u00e1rsas\u00e1g egyik er\u0151ss\u00e9ge a f\u00e9nym\u0171v\u00e9szeten t\u00fal a k\u00eds\u00e9rleti fot\u00f3 (Haris L\u00e1szl\u00f3, Major Lajos, Szel\u00e9nyi K\u00e1roly, Telek Bal\u00e1zs \u00e9s m\u00e1sok). A T\u00e1rsas\u00e1g tev\u00e9kenys\u00e9g\u00e9t, k\u00fcl\u00f6n\u00f6sen a f\u00e9nym\u0171v\u00e9szeti ter\u00fcleten nemzetk\u00f6zi vonatkoz\u00e1sban is kiemelked\u0151nek \u00e9rt\u00e9kelik.<\/p>\n<p>2011 december\u00e9ben Budapesten h\u00e1rom ki\u00e1ll\u00edt\u00e1sunk kapcsol\u00f3dik \u00f6ssze:<\/p>\n<p>1. A Nemzetk\u00f6zi Kepes T\u00e1rsas\u00e1g K\u00f6zponti ki\u00e1ll\u00edt\u00e1sa. Budapest Ki\u00e1ll\u00edt\u00f3terem, V., Szabad sajt\u00f3 \u00fat 5., 2011. december 15 \u2013 2012. janu\u00e1r 15. Mintegy harminc\u00f6t m\u0171v\u00e9sz k\u00f6z\u00f6s ki\u00e1ll\u00edt\u00e1sa: k\u00eds\u00e9rleti fot\u00f3k, lentikul\u00e1ris felv\u00e9telek, anamorf grafik\u00e1k, kinetikus munk\u00e1k, festm\u00e9nyek, kisplasztik\u00e1k.<\/p>\n<p>2. A Nemzetk\u00f6zi Kepes T\u00e1rsas\u00e1g Nemzetk\u00f6zi F\u00e9nym\u0171hely\u00e9nek ki\u00e1ll\u00edt\u00e1sa. noMADE Gal\u00e9ria, VI., Anker k\u00f6z 2-4. Els\u00f6t\u00e9t\u00edthet\u0151 teremben, els\u0151sorban f\u00e9nym\u0171v\u00e9szeti munk\u00e1kkal-f\u00e9nyinstall\u00e1ci\u00f3k, lumineszenci\u00e1ra \u00e9rz\u00e9keny festm\u00e9nyek, hologramok, stb. Megnyit\u00f3: 2011. december 15. cs\u00fct\u00f6rt\u00f6k 19 \u00f3ra.<\/p>\n<p>3. N\u00e9gy n\u00e9met kinetikus \u00e9s f\u00e9nym\u0171v\u00e9sz ki\u00e1ll\u00edt\u00e1sa az A 22 Gal\u00e9ri\u00e1ban, VII., Ak\u00e1cfa utca 22. Kor\u00e1bban megny\u00edlt, nyitva: 2012. janu\u00e1r 5-ig. Ki\u00e1ll\u00edt\u00f3k: Kerstin Ergenzinger, Mischa Kuball, Michael Bleyenberg, Wolfgang Pl\u00f6ger.<\/p>\n<p>A h\u00e1rom ki\u00e1ll\u00edt\u00e1st k\u00f6z\u00f6s szellemi sz\u00e1lak k\u00f6tik \u00f6ssze, \u00e9s term\u00e9szetesen a Nemzetk\u00f6zi Kepes T\u00e1rsas\u00e1g. [\/vc_column_text][\/vc_column][\/vc_row][vc_row][vc_column width=&#8221;1\/1&#8243;][vc_empty_space height=&#8221;72px&#8221;][\/vc_column][\/vc_row]<\/p>\n<\/div>","protected":false},"excerpt":{"rendered":"<p>[vc_row row_type=&#8221;row&#8221; use_row_as_full_screen_section=&#8221;no&#8221; type=&#8221;grid&#8221; text_align=&#8221;left&#8221; background_image_as_pattern=&#8221;without_pattern&#8221;][vc_column width=&#8221;1\/1&#8243;][vc_empty_space height=&#8221;40px&#8221;][vc_column_text] A Nemzetk\u00f6zi Kepes T\u00e1rsas\u00e1g Ki\u00e1ll\u00edt\u00e1sa [\/vc_column_text][vc_empty_space height=&#8221;32px&#8221;][\/vc_column][\/vc_row][vc_row&#8230;<\/p>\n","protected":false},"author":1,"featured_media":0,"parent":9038,"menu_order":15,"comment_status":"open","ping_status":"open","template":"full_width.php","meta":{"inline_featured_image":false,"loftloader_pro_show_once":"","loftloader_pro_page_shortcode":"","footnotes":""},"class_list":["post-9081","page","type-page","status-publish","hentry"],"_links":{"self":[{"href":"https:\/\/budapestgaleria.hu\/_\/wp-json\/wp\/v2\/pages\/9081","targetHints":{"allow":["GET"]}}],"collection":[{"href":"https:\/\/budapestgaleria.hu\/_\/wp-json\/wp\/v2\/pages"}],"about":[{"href":"https:\/\/budapestgaleria.hu\/_\/wp-json\/wp\/v2\/types\/page"}],"author":[{"embeddable":true,"href":"https:\/\/budapestgaleria.hu\/_\/wp-json\/wp\/v2\/users\/1"}],"replies":[{"embeddable":true,"href":"https:\/\/budapestgaleria.hu\/_\/wp-json\/wp\/v2\/comments?post=9081"}],"version-history":[{"count":0,"href":"https:\/\/budapestgaleria.hu\/_\/wp-json\/wp\/v2\/pages\/9081\/revisions"}],"up":[{"embeddable":true,"href":"https:\/\/budapestgaleria.hu\/_\/wp-json\/wp\/v2\/pages\/9038"}],"wp:attachment":[{"href":"https:\/\/budapestgaleria.hu\/_\/wp-json\/wp\/v2\/media?parent=9081"}],"curies":[{"name":"wp","href":"https:\/\/api.w.org\/{rel}","templated":true}]}}