{"id":9092,"date":"2015-01-29T20:41:36","date_gmt":"2015-01-29T20:41:36","guid":{"rendered":"http:\/\/budapestgaleria.hu\/_\/?page_id=9092"},"modified":"2019-01-09T21:37:52","modified_gmt":"2019-01-09T21:37:52","slug":"sorenyi-beatrix-csakany-istvan-sok-sikert","status":"publish","type":"page","link":"https:\/\/budapestgaleria.hu\/_\/sorenyi-beatrix-csakany-istvan-sok-sikert\/","title":{"rendered":"S\u00f6r\u00e9nyi Beatrix, Cs\u00e1k\u00e1ny Istv\u00e1n | Sok sikert!"},"content":{"rendered":"<div class=\"wpb-content-wrapper\"><p>[vc_row row_type=&#8221;row&#8221; use_row_as_full_screen_section=&#8221;no&#8221; type=&#8221;grid&#8221; text_align=&#8221;left&#8221; background_image_as_pattern=&#8221;without_pattern&#8221;][vc_column width=&#8221;1\/1&#8243;][vc_empty_space height=&#8221;40px&#8221;][vc_column_text]<\/p>\n<h2 class=\"cim_1\">SZ\u00d6R\u00c9NYI BEATRIX, CS\u00c1K\u00c1NY ISTV\u00c1N | Sok sikert!<\/h2>\n<p>[\/vc_column_text][vc_empty_space height=&#8221;32px&#8221;][\/vc_column][\/vc_row][vc_row bgparallax=&#8221;parallax&#8221; contentwidth=&#8221;container&#8221; toppadding=&#8221;40&#8243; bottompadding=&#8221;10&#8243; border=&#8221;on&#8221; css=&#8221;.vc_custom_1420648296958{background-color: #ffffff !important;}&#8221; row_type=&#8221;row&#8221; use_row_as_full_screen_section=&#8221;no&#8221; type=&#8221;grid&#8221; text_align=&#8221;left&#8221; background_image_as_pattern=&#8221;without_pattern&#8221;][vc_column width=&#8221;1\/3&#8243; css=&#8221;.vc_custom_1420649554591{padding-right: 25px !important;}&#8221;][vc_column_text]<\/p>\n<p class=\"hely_bpgal\">Budapest Gal\u00e9ria<\/p>\n<p class=\"cim_bpgal\">1036 Budapest, Lajos utca 158.<\/p>\n<p class=\"datum_bpgal\">2010. febru\u00e1r 18 \u2013 m\u00e1rcius 28.<\/p>\n<p>[\/vc_column_text][vc_column_text]<\/p>\n<p class=\"kiemeles_bpgal\">Megnyit\u00f3:<\/p>\n<p class=\"kurrens_bpgal\">2010. febru\u00e1r 18.<\/p>\n<p>[\/vc_column_text][vc_empty_space height=&#8221;32px&#8221;][\/vc_column][vc_column width=&#8221;2\/3&#8243;][vc_column_text]Cs\u00e1k\u00e1ny Istv\u00e1n \u00e9s Sz\u00f6r\u00e9nyi Beatrix k\u00f6z\u00f6s ki\u00e1ll\u00edt\u00e1s\u00e1nak c\u00edme: Sok sikert! A mondat a Budapest Gal\u00e9ria ki\u00e1ll\u00edt\u00f3h\u00e1z\u00e1nak emeleten tal\u00e1lhat\u00f3 \u00e9s P\u00e1tzay P\u00e1l szobr\u00e1szm\u0171v\u00e9sz ki\u00e1ll\u00edt\u00e1si vend\u00e9gk\u00f6nyv\u00e9nek egyik utols\u00f3 bejegyz\u00e9s\u00e9t id\u00e9zi. Egy l\u00e1togat\u00f3 gratul\u00e1l \u00e9s k\u00edv\u00e1n sok sikert az elhunyt m\u0171v\u00e9sznek.<\/p>\n<p>A k\u00f6z\u00f6s ki\u00e1ll\u00edt\u00e1s a k\u00edv\u00e1ns\u00e1g abszurdit\u00e1s\u00e1r\u00f3l, a m\u0171v\u00e9szeti \u00e9rtelemben vett siker k\u00e9rd\u00e9s\u00e9r\u0151l a helyi kontextusban, valamint az ide\u00e1lis \u00e9s a val\u00f3s k\u00f6rnyezet tal\u00e1lkoz\u00e1s\u00e1r\u00f3l sz\u00f3l.[\/vc_column_text][vc_empty_space height=&#8221;20px&#8221;][\/vc_column][\/vc_row]<\/p>\n<\/div>","protected":false},"excerpt":{"rendered":"<p>[vc_row row_type=&#8221;row&#8221; use_row_as_full_screen_section=&#8221;no&#8221; type=&#8221;grid&#8221; text_align=&#8221;left&#8221; background_image_as_pattern=&#8221;without_pattern&#8221;][vc_column width=&#8221;1\/1&#8243;][vc_empty_space height=&#8221;40px&#8221;][vc_column_text] SZ\u00d6R\u00c9NYI BEATRIX, CS\u00c1K\u00c1NY ISTV\u00c1N | Sok sikert!&#8230;<\/p>\n","protected":false},"author":1,"featured_media":0,"parent":0,"menu_order":44,"comment_status":"open","ping_status":"open","template":"full_width.php","meta":{"inline_featured_image":false,"loftloader_pro_show_once":"","loftloader_pro_page_shortcode":"","footnotes":""},"class_list":["post-9092","page","type-page","status-publish","hentry"],"_links":{"self":[{"href":"https:\/\/budapestgaleria.hu\/_\/wp-json\/wp\/v2\/pages\/9092","targetHints":{"allow":["GET"]}}],"collection":[{"href":"https:\/\/budapestgaleria.hu\/_\/wp-json\/wp\/v2\/pages"}],"about":[{"href":"https:\/\/budapestgaleria.hu\/_\/wp-json\/wp\/v2\/types\/page"}],"author":[{"embeddable":true,"href":"https:\/\/budapestgaleria.hu\/_\/wp-json\/wp\/v2\/users\/1"}],"replies":[{"embeddable":true,"href":"https:\/\/budapestgaleria.hu\/_\/wp-json\/wp\/v2\/comments?post=9092"}],"version-history":[{"count":0,"href":"https:\/\/budapestgaleria.hu\/_\/wp-json\/wp\/v2\/pages\/9092\/revisions"}],"wp:attachment":[{"href":"https:\/\/budapestgaleria.hu\/_\/wp-json\/wp\/v2\/media?parent=9092"}],"curies":[{"name":"wp","href":"https:\/\/api.w.org\/{rel}","templated":true}]}}